{"id":562,"date":"2022-07-08T13:11:01","date_gmt":"2022-07-08T12:11:01","guid":{"rendered":"https:\/\/stop-cyberbullying.eu\/dobre-prakse\/"},"modified":"2022-07-08T13:11:03","modified_gmt":"2022-07-08T12:11:03","slug":"dobre-prakse","status":"publish","type":"page","link":"https:\/\/stop-cyberbullying.eu\/sr\/dobre-prakse\/","title":{"rendered":"Dobre prakse"},"content":{"rendered":"<hr class=\"hr-title\">\n<h2 style=\"text-align: center; margin-bottom: 0;\">Kako se pona\u0161ati online?<\/h2>\n<hr class=\"hr-title\">\n<h3 style=\"text-align: center;\"><img class=\"alignnone size-full wp-image-183\" src=\"https:\/\/stop-cyberbullying.eu\/wp-content\/uploads\/2022\/06\/stop-cyberbullying-victim.png\" alt=\"stop-cyberbullying-\u017ertva-slika\" width=\"180\" height=\"180\" srcset=\"https:\/\/stop-cyberbullying.eu\/wp-content\/uploads\/2022\/06\/stop-cyberbullying-victim-66x66.png 66w, https:\/\/stop-cyberbullying.eu\/wp-content\/uploads\/2022\/06\/stop-cyberbullying-victim-150x150.png 150w, https:\/\/stop-cyberbullying.eu\/wp-content\/uploads\/2022\/06\/stop-cyberbullying-victim.png 180w\" sizes=\"(max-width: 180px) 100vw, 180px\" \/><br \/>\nDa li sam ja \u017ertva?<\/h3>\n<p>5 saveta ako ste \u017ertva sajber maltretiranja:<\/p>\n<ul class=\"fusion-checklist fusion-checklist-1\" style=\"font-size:16px;line-height:27.2px;\"><li style=\"background-color:rgba(255,255,255,0);\" class=\"fusion-li-item\"><span style=\"height:27.2px;width:27.2px;margin-right:11.2px;\" class=\"icon-wrapper circle-no\"><i class=\"fusion-li-icon fa-arrow-right fas\" style=\"color:#43a047;\" aria-hidden=\"true\"><\/i><\/span><div class=\"fusion-li-item-content\" style=\"margin-left:38.4px;color:var(--awb-color8);\">Poverite se ljudima kojima verujete (roditelji, prijatelji, nastavnici, itd.)<\/div><\/li><li style=\"background-color:rgba(255,255,255,0);\" class=\"fusion-li-item\"><span style=\"height:27.2px;width:27.2px;margin-right:11.2px;\" class=\"icon-wrapper circle-no\"><i class=\"fusion-li-icon fa-arrow-right fas\" style=\"color:#43a047;\" aria-hidden=\"true\"><\/i><\/span><div class=\"fusion-li-item-content\" style=\"margin-left:38.4px;color:var(--awb-color8);\">Promenite pode\u0161avanja: Va\u017eno je ograni\u010diti pristup svojim dru\u0161tvenim nalozima. Postoje opcije poverljivosti da se ne prikazuje lista va\u0161ih prijatelja, deaktivira lokacija, ne prikazuju va\u0161e fotografije, ograni\u010dava vidljivost va\u0161ih objava na odre\u0111ene osobe, itd. Tako\u0111e je mogu\u0107e blokirati ne\u017eeljene ljude.<\/div><\/li><li style=\"background-color:rgba(255,255,255,0);\" class=\"fusion-li-item\"><span style=\"height:27.2px;width:27.2px;margin-right:11.2px;\" class=\"icon-wrapper circle-no\"><i class=\"fusion-li-icon fa-arrow-right fas\" style=\"color:#43a047;\" aria-hidden=\"true\"><\/i><\/span><div class=\"fusion-li-item-content\" style=\"margin-left:38.4px;color:var(--awb-color8);\">Ne odgovarajte i ne uzvra\u0107ajte: umesto da poku\u0161avate da odgovorite, bolje je blokirati korisnika, prijaviti ga ili prijaviti sadr\u017eaj za brisanje, direktno na platformi.<\/div><\/li><li style=\"background-color:rgba(255,255,255,0);\" class=\"fusion-li-item\"><span style=\"height:27.2px;width:27.2px;margin-right:11.2px;\" class=\"icon-wrapper circle-no\"><i class=\"fusion-li-icon fa-arrow-right fas\" style=\"color:#43a047;\" aria-hidden=\"true\"><\/i><\/span><div class=\"fusion-li-item-content\" style=\"margin-left:38.4px;color:var(--awb-color8);\">\u010cuvajte \u0161to je moguc\u0301e vi\u0161e dokaza o sadr\u017eaju (snimke ekrana, slike&#8230;), koji c\u0301e vam biti od koristi kada podnesete \u017ealbu.<\/div><\/li><li style=\"background-color:rgba(255,255,255,0);\" class=\"fusion-li-item\"><span style=\"height:27.2px;width:27.2px;margin-right:11.2px;\" class=\"icon-wrapper circle-no\"><i class=\"fusion-li-icon fa-arrow-right fas\" style=\"color:#43a047;\" aria-hidden=\"true\"><\/i><\/span><div class=\"fusion-li-item-content\" style=\"margin-left:38.4px;color:var(--awb-color8);\">Kontaktirajte liniju za pomo\u0107 u slu\u010daju sajber maltretiranja na broj telefona 19833 anonimno i besplatno<\/div><\/li>\n<\/ul>\n<h3 style=\"text-align: center;\"><img class=\"alignnone size-full wp-image-190\" src=\"https:\/\/stop-cyberbullying.eu\/wp-content\/uploads\/2022\/06\/stop-cyberbullying-witness.png\" alt=\"stop-cyberbullying-svjedok-slika\" width=\"180\" height=\"223\"><br \/>\nDa li sam ja svedok<\/h3>\n<p>5 saveta ako ste svedok sajber maltretiranja:<br \/>\n<ul class=\"fusion-checklist fusion-checklist-2\" style=\"font-size:16px;line-height:27.2px;\"><li style=\"background-color:rgba(255,255,255,0);\" class=\"fusion-li-item\"><span style=\"height:27.2px;width:27.2px;margin-right:11.2px;\" class=\"icon-wrapper circle-no\"><i class=\"fusion-li-icon fa-arrow-right fas\" style=\"color:#43a047;\" aria-hidden=\"true\"><\/i><\/span><div class=\"fusion-li-item-content\" style=\"margin-left:38.4px;color:var(--awb-color8);\">Ne delite sadr\u017eaj (\u010dak ni da ga osudite), ve\u0107 ga prijavite! Budite oprezni, deljenje i komentarisanje, podrazumeva va\u0161u odgovornost pred zakonom. Nikada nemojte prosle\u0111ivati fotografije, video zapise ili poruke koje izazivaju mr\u017enju, \u010dak ni da biste osudili uznemiravanje.<\/div><\/li><li style=\"background-color:rgba(255,255,255,0);\" class=\"fusion-li-item\"><span style=\"height:27.2px;width:27.2px;margin-right:11.2px;\" class=\"icon-wrapper circle-no\"><i class=\"fusion-li-icon fa-arrow-right fas\" style=\"color:#43a047;\" aria-hidden=\"true\"><\/i><\/span><div class=\"fusion-li-item-content\" style=\"margin-left:38.4px;color:var(--awb-color8);\">Upozorite \u017ertvu.<\/div><\/li><li style=\"background-color:rgba(255,255,255,0);\" class=\"fusion-li-item\"><span style=\"height:27.2px;width:27.2px;margin-right:11.2px;\" class=\"icon-wrapper circle-no\"><i class=\"fusion-li-icon fa-arrow-right fas\" style=\"color:#43a047;\" aria-hidden=\"true\"><\/i><\/span><div class=\"fusion-li-item-content\" style=\"margin-left:38.4px;color:var(--awb-color8);\">Zauzmite stav: ne osu\u0111ujte pona\u0161anje \u017ertve i ne \u010dinite je krivom.<\/div><\/li><li style=\"background-color:rgba(255,255,255,0);\" class=\"fusion-li-item\"><span style=\"height:27.2px;width:27.2px;margin-right:11.2px;\" class=\"icon-wrapper circle-no\"><i class=\"fusion-li-icon fa-arrow-right fas\" style=\"color:#43a047;\" aria-hidden=\"true\"><\/i><\/span><div class=\"fusion-li-item-content\" style=\"margin-left:38.4px;color:var(--awb-color8);\">Podr\u017eite ih: pomozite im u njihovim naporima, na primer tako \u0161to \u0107ete napraviti snimke ekrana (ako ne mogu da pristupe objavama), ali \u010duvajte dokaze samo onoliko koliko je potrebno. Ako \u017ertva ne \u017eeli da preduzme akciju, po\u0161tujte njenu odluku i ne \u010dinite to umesto nje.<\/div><\/li><li style=\"background-color:rgba(255,255,255,0);\" class=\"fusion-li-item\"><span style=\"height:27.2px;width:27.2px;margin-right:11.2px;\" class=\"icon-wrapper circle-no\"><i class=\"fusion-li-icon fa-arrow-right fas\" style=\"color:#43a047;\" aria-hidden=\"true\"><\/i><\/span><div class=\"fusion-li-item-content\" style=\"margin-left:38.4px;color:var(--awb-color8);\">Obavestite ljude kojima verujete (roditelje, nastavnike, itd.) ili policiju.<\/div><\/li>\n<\/ul><\/p>\n<hr class=\"hr-title\" style=\"margin-top: 32px;\">\n<h2 style=\"text-align: center; margin-bottom: 0;\">Kako za\u0161titi sebe na internetu?<\/h2>\n<hr class=\"hr-title\" style=\"margin-bottom: 20px;\">\n<p style=\"text-align: center;\">\u0160est saveta koje bi trebalo primeniti na mre\u017ei:<\/p>\n<div class=\"fusion-fullwidth fullwidth-box fusion-builder-row-1 fusion-flex-container nonhundred-percent-fullwidth non-hundred-percent-height-scrolling\" style=\"background-color: rgba(255,255,255,0);background-position: center center;background-repeat: no-repeat;border-width: 0px 0px 0px 0px;border-color:#e2e2e2;border-style:solid;\" ><div class=\"fusion-builder-row fusion-row fusion-flex-align-items-flex-start fusion-flex-justify-content-center\" style=\"max-width:1248px;margin-left: calc(-4% \/ 2 );margin-right: calc(-4% \/ 2 );\">\n<div class=\"fusion-builder-row fusion-builder-row-inner fusion-row fusion-flex-align-items-flex-start fusion-flex-justify-content-center\" style=\"width:104% !important;max-width:104% !important;margin-left: calc(-4% \/ 2 );margin-right: calc(-4% \/ 2 );\"><\/div><div class=\"fusion-layout-column fusion_builder_column_inner fusion-builder-nested-column-0 fusion_builder_column_inner_1_3 1_3 fusion-flex-column\"><div class=\"fusion-column-wrapper fusion-flex-justify-content-flex-start fusion-content-layout-column\" style=\"background-position:left top;background-repeat:no-repeat;-webkit-background-size:cover;-moz-background-size:cover;-o-background-size:cover;background-size:cover;padding: 0px 0px 0px 0px;\">\n<p style=\"text-align: center;\"><img class=\"alignnone size-full wp-image-204\" src=\"https:\/\/stop-cyberbullying.eu\/wp-content\/uploads\/2022\/06\/stop-cyberbullying-ask.png\" alt=\"\" width=\"180\" height=\"180\" srcset=\"https:\/\/stop-cyberbullying.eu\/wp-content\/uploads\/2022\/06\/stop-cyberbullying-ask-66x66.png 66w, https:\/\/stop-cyberbullying.eu\/wp-content\/uploads\/2022\/06\/stop-cyberbullying-ask-150x150.png 150w, https:\/\/stop-cyberbullying.eu\/wp-content\/uploads\/2022\/06\/stop-cyberbullying-ask.png 180w\" sizes=\"(max-width: 180px) 100vw, 180px\" \/><br \/>\nTra\u017eim saglasnost osobe ili lica pre objavljivanja fotografije ili videa na dru\u0161tvenim mre\u017eama;<\/p>\n<\/div><style type=\"text\/css\">.fusion-body .fusion-builder-nested-column-0{width:33.333333333333% !important;margin-top : 0px;margin-bottom : 20px;}.fusion-builder-nested-column-0 > .fusion-column-wrapper {padding-top : 0px !important;padding-right : 0px !important;margin-right : 5.76%;padding-bottom : 0px !important;padding-left : 0px !important;margin-left : 5.76%;}@media only screen and (max-width:1024px) {.fusion-body .fusion-builder-nested-column-0{width:33.333333333333% !important;order : 0;}.fusion-builder-nested-column-0 > .fusion-column-wrapper {margin-right : 5.76%;margin-left : 5.76%;}}@media only screen and (max-width:640px) {.fusion-body .fusion-builder-nested-column-0{width:100% !important;order : 0;}.fusion-builder-nested-column-0 > .fusion-column-wrapper {margin-right : 1.92%;margin-left : 1.92%;}}<\/style><\/div><div class=\"fusion-layout-column fusion_builder_column_inner fusion-builder-nested-column-1 fusion_builder_column_inner_1_3 1_3 fusion-flex-column\"><div class=\"fusion-column-wrapper fusion-flex-justify-content-flex-start fusion-content-layout-column\" style=\"background-position:left top;background-repeat:no-repeat;-webkit-background-size:cover;-moz-background-size:cover;-o-background-size:cover;background-size:cover;padding: 0px 0px 0px 0px;\">\n<p style=\"text-align: center;\"><img class=\"alignnone size-full wp-image-211\" src=\"https:\/\/stop-cyberbullying.eu\/wp-content\/uploads\/2022\/06\/stop-cyberbullying-think.png\" alt=\"\" width=\"180\" height=\"180\" srcset=\"https:\/\/stop-cyberbullying.eu\/wp-content\/uploads\/2022\/06\/stop-cyberbullying-think-66x66.png 66w, https:\/\/stop-cyberbullying.eu\/wp-content\/uploads\/2022\/06\/stop-cyberbullying-think-150x150.png 150w, https:\/\/stop-cyberbullying.eu\/wp-content\/uploads\/2022\/06\/stop-cyberbullying-think.png 180w\" sizes=\"(max-width: 180px) 100vw, 180px\" \/><br \/>\nRazmi\u0161ljam o posledicama po mene i druge pre nego \u0161to objavim ili lajkujem sadr\u017eaj na internetu.<\/p>\n<\/div><style type=\"text\/css\">.fusion-body .fusion-builder-nested-column-1{width:33.333333333333% !important;margin-top : 0px;margin-bottom : 20px;}.fusion-builder-nested-column-1 > .fusion-column-wrapper {padding-top : 0px !important;padding-right : 0px !important;margin-right : 5.76%;padding-bottom : 0px !important;padding-left : 0px !important;margin-left : 5.76%;}@media only screen and (max-width:1024px) {.fusion-body .fusion-builder-nested-column-1{width:33.333333333333% !important;order : 0;}.fusion-builder-nested-column-1 > .fusion-column-wrapper {margin-right : 5.76%;margin-left : 5.76%;}}@media only screen and (max-width:640px) {.fusion-body .fusion-builder-nested-column-1{width:100% !important;order : 0;}.fusion-builder-nested-column-1 > .fusion-column-wrapper {margin-right : 1.92%;margin-left : 1.92%;}}<\/style><\/div><div class=\"fusion-layout-column fusion_builder_column_inner fusion-builder-nested-column-2 fusion_builder_column_inner_1_3 1_3 fusion-flex-column\"><div class=\"fusion-column-wrapper fusion-flex-justify-content-flex-start fusion-content-layout-column\" style=\"background-position:left top;background-repeat:no-repeat;-webkit-background-size:cover;-moz-background-size:cover;-o-background-size:cover;background-size:cover;padding: 0px 0px 0px 0px;\">\n<p style=\"text-align: center;\"><img class=\"alignnone size-full wp-image-218\" src=\"https:\/\/stop-cyberbullying.eu\/wp-content\/uploads\/2022\/06\/stop-cyberbullying-protect.png\" alt=\"\" width=\"180\" height=\"180\" srcset=\"https:\/\/stop-cyberbullying.eu\/wp-content\/uploads\/2022\/06\/stop-cyberbullying-protect-66x66.png 66w, https:\/\/stop-cyberbullying.eu\/wp-content\/uploads\/2022\/06\/stop-cyberbullying-protect-150x150.png 150w, https:\/\/stop-cyberbullying.eu\/wp-content\/uploads\/2022\/06\/stop-cyberbullying-protect.png 180w\" sizes=\"(max-width: 180px) 100vw, 180px\" \/><br \/>\n\u0160titim svoje li\u010dne podatke (ime, fotografije, imejl adresu,&#8230;), tako \u0161to pazim na svoja pode\u0161avanja privatnosti profila na dru\u0161tvenoj mre\u017ei i poja\u010davam svoje lozinke.<\/p>\n<\/div><style type=\"text\/css\">.fusion-body .fusion-builder-nested-column-2{width:33.333333333333% !important;margin-top : 0px;margin-bottom : 20px;}.fusion-builder-nested-column-2 > .fusion-column-wrapper {padding-top : 0px !important;padding-right : 0px !important;margin-right : 5.76%;padding-bottom : 0px !important;padding-left : 0px !important;margin-left : 5.76%;}@media only screen and (max-width:1024px) {.fusion-body .fusion-builder-nested-column-2{width:33.333333333333% !important;order : 0;}.fusion-builder-nested-column-2 > .fusion-column-wrapper {margin-right : 5.76%;margin-left : 5.76%;}}@media only screen and (max-width:640px) {.fusion-body .fusion-builder-nested-column-2{width:100% !important;order : 0;}.fusion-builder-nested-column-2 > .fusion-column-wrapper {margin-right : 1.92%;margin-left : 1.92%;}}<\/style><\/div><div class=\"fusion-layout-column fusion_builder_column_inner fusion-builder-nested-column-3 fusion_builder_column_inner_1_3 1_3 fusion-flex-column\"><div class=\"fusion-column-wrapper fusion-flex-justify-content-flex-start fusion-content-layout-column\" style=\"background-position:left top;background-repeat:no-repeat;-webkit-background-size:cover;-moz-background-size:cover;-o-background-size:cover;background-size:cover;padding: 0px 0px 0px 0px;\">\n<p style=\"text-align: center;\"><img class=\"alignnone size-full wp-image-225\" src=\"https:\/\/stop-cyberbullying.eu\/wp-content\/uploads\/2022\/06\/stop-cyberbullying-dont-accept.png\" alt=\"\" width=\"180\" height=\"180\" srcset=\"https:\/\/stop-cyberbullying.eu\/wp-content\/uploads\/2022\/06\/stop-cyberbullying-dont-accept-66x66.png 66w, https:\/\/stop-cyberbullying.eu\/wp-content\/uploads\/2022\/06\/stop-cyberbullying-dont-accept-150x150.png 150w, https:\/\/stop-cyberbullying.eu\/wp-content\/uploads\/2022\/06\/stop-cyberbullying-dont-accept.png 180w\" sizes=\"(max-width: 180px) 100vw, 180px\" \/><br \/>\nNe prihvatam strance! Va\u017eno je da ne prihvatate zahteve za prijateljstvo od ljudi koje ne poznajete. Podesite svoje dru\u0161tvene mre\u017ee da prihvataju samo zahteve prijatelja va\u0161ih prijatelja.<\/p>\n<\/div><style type=\"text\/css\">.fusion-body .fusion-builder-nested-column-3{width:33.333333333333% !important;margin-top : 0px;margin-bottom : 20px;}.fusion-builder-nested-column-3 > .fusion-column-wrapper {padding-top : 0px !important;padding-right : 0px !important;margin-right : 5.76%;padding-bottom : 0px !important;padding-left : 0px !important;margin-left : 5.76%;}@media only screen and (max-width:1024px) {.fusion-body .fusion-builder-nested-column-3{width:33.333333333333% !important;order : 0;}.fusion-builder-nested-column-3 > .fusion-column-wrapper {margin-right : 5.76%;margin-left : 5.76%;}}@media only screen and (max-width:640px) {.fusion-body .fusion-builder-nested-column-3{width:100% !important;order : 0;}.fusion-builder-nested-column-3 > .fusion-column-wrapper {margin-right : 1.92%;margin-left : 1.92%;}}<\/style><\/div><div class=\"fusion-layout-column fusion_builder_column_inner fusion-builder-nested-column-4 fusion_builder_column_inner_1_3 1_3 fusion-flex-column\"><div class=\"fusion-column-wrapper fusion-flex-justify-content-flex-start fusion-content-layout-column\" style=\"background-position:left top;background-repeat:no-repeat;-webkit-background-size:cover;-moz-background-size:cover;-o-background-size:cover;background-size:cover;padding: 0px 0px 0px 0px;\">\n<p style=\"text-align: center;\"><img class=\"alignnone size-full wp-image-232\" src=\"https:\/\/stop-cyberbullying.eu\/wp-content\/uploads\/2022\/06\/stop-cyberbullying-refuse.png\" alt=\"\" width=\"180\" height=\"180\" srcset=\"https:\/\/stop-cyberbullying.eu\/wp-content\/uploads\/2022\/06\/stop-cyberbullying-refuse-66x66.png 66w, https:\/\/stop-cyberbullying.eu\/wp-content\/uploads\/2022\/06\/stop-cyberbullying-refuse-150x150.png 150w, https:\/\/stop-cyberbullying.eu\/wp-content\/uploads\/2022\/06\/stop-cyberbullying-refuse.png 180w\" sizes=\"(max-width: 180px) 100vw, 180px\" \/><br \/>\nOdbijam da delim ili povezujem postove koji ismevaju ili poni\u017eavaju druge.<\/p>\n<\/div><style type=\"text\/css\">.fusion-body .fusion-builder-nested-column-4{width:33.333333333333% !important;margin-top : 0px;margin-bottom : 20px;}.fusion-builder-nested-column-4 > .fusion-column-wrapper {padding-top : 0px !important;padding-right : 0px !important;margin-right : 5.76%;padding-bottom : 0px !important;padding-left : 0px !important;margin-left : 5.76%;}@media only screen and (max-width:1024px) {.fusion-body .fusion-builder-nested-column-4{width:33.333333333333% !important;order : 0;}.fusion-builder-nested-column-4 > .fusion-column-wrapper {margin-right : 5.76%;margin-left : 5.76%;}}@media only screen and (max-width:640px) {.fusion-body .fusion-builder-nested-column-4{width:100% !important;order : 0;}.fusion-builder-nested-column-4 > .fusion-column-wrapper {margin-right : 1.92%;margin-left : 1.92%;}}<\/style><\/div><div class=\"fusion-layout-column fusion_builder_column_inner fusion-builder-nested-column-5 fusion_builder_column_inner_1_3 1_3 fusion-flex-column\"><div class=\"fusion-column-wrapper fusion-flex-justify-content-flex-start fusion-content-layout-column\" style=\"background-position:left top;background-repeat:no-repeat;-webkit-background-size:cover;-moz-background-size:cover;-o-background-size:cover;background-size:cover;padding: 0px 0px 0px 0px;\">\n<p style=\"text-align: center;\"><img class=\"alignnone size-full wp-image-239\" src=\"https:\/\/stop-cyberbullying.eu\/wp-content\/uploads\/2022\/06\/stop-cyberbullying-report.png\" alt=\"\" width=\"180\" height=\"180\" srcset=\"https:\/\/stop-cyberbullying.eu\/wp-content\/uploads\/2022\/06\/stop-cyberbullying-report-66x66.png 66w, https:\/\/stop-cyberbullying.eu\/wp-content\/uploads\/2022\/06\/stop-cyberbullying-report-150x150.png 150w, https:\/\/stop-cyberbullying.eu\/wp-content\/uploads\/2022\/06\/stop-cyberbullying-report.png 180w\" sizes=\"(max-width: 180px) 100vw, 180px\" \/><br \/>\nPrijavljujem uvredljiv sadr\u017eaj i sadr\u017eaj mr\u017enje direktno na platformi.<\/p>\n<\/div><style type=\"text\/css\">.fusion-body .fusion-builder-nested-column-5{width:33.333333333333% !important;margin-top : 0px;margin-bottom : 20px;}.fusion-builder-nested-column-5 > .fusion-column-wrapper {padding-top : 0px !important;padding-right : 0px !important;margin-right : 5.76%;padding-bottom : 0px !important;padding-left : 0px !important;margin-left : 5.76%;}@media only screen and (max-width:1024px) {.fusion-body .fusion-builder-nested-column-5{width:33.333333333333% !important;order : 0;}.fusion-builder-nested-column-5 > .fusion-column-wrapper {margin-right : 5.76%;margin-left : 5.76%;}}@media only screen and (max-width:640px) {.fusion-body .fusion-builder-nested-column-5{width:100% !important;order : 0;}.fusion-builder-nested-column-5 > .fusion-column-wrapper {margin-right : 1.92%;margin-left : 1.92%;}}<\/style><\/div><div class=\"fusion-layout-column fusion_builder_column_inner fusion-builder-nested-column-6 fusion_builder_column_inner_1_3 1_3 fusion-flex-column\"><div class=\"fusion-column-wrapper fusion-flex-justify-content-flex-start fusion-content-layout-column\" style=\"background-position:left top;background-repeat:no-repeat;-webkit-background-size:cover;-moz-background-size:cover;-o-background-size:cover;background-size:cover;padding: 0px 0px 0px 0px;\"><\/div><style type=\"text\/css\">.fusion-body .fusion-builder-nested-column-6{width:33.333333333333% !important;margin-top : 0px;margin-bottom : 20px;}.fusion-builder-nested-column-6 > .fusion-column-wrapper {padding-top : 0px !important;padding-right : 0px !important;margin-right : 5.76%;padding-bottom : 0px !important;padding-left : 0px !important;margin-left : 5.76%;}@media only screen and (max-width:1024px) {.fusion-body .fusion-builder-nested-column-6{width:33.333333333333% !important;order : 0;}.fusion-builder-nested-column-6 > .fusion-column-wrapper {margin-right : 5.76%;margin-left : 5.76%;}}@media only screen and (max-width:640px) {.fusion-body .fusion-builder-nested-column-6{width:100% !important;order : 0;}.fusion-builder-nested-column-6 > .fusion-column-wrapper {margin-right : 1.92%;margin-left : 1.92%;}}<\/style><\/div>\n<\/div><style type=\"text\/css\">.fusion-body .fusion-flex-container.fusion-builder-row-1{ padding-top : 0px;margin-top : 0px;padding-right : 0px;padding-bottom : 0px;margin-bottom : 0px;padding-left : 0px;}<\/style><\/div>\n","protected":false},"excerpt":{"rendered":"<p>Kako se pona\u0161ati online? Da li sam ja \u017ertva? 5 [&hellip;]<\/p>\n","protected":false},"author":2,"featured_media":0,"parent":0,"menu_order":0,"comment_status":"closed","ping_status":"closed","template":"","meta":[],"_links":{"self":[{"href":"https:\/\/stop-cyberbullying.eu\/sr\/wp-json\/wp\/v2\/pages\/562"}],"collection":[{"href":"https:\/\/stop-cyberbullying.eu\/sr\/wp-json\/wp\/v2\/pages"}],"about":[{"href":"https:\/\/stop-cyberbullying.eu\/sr\/wp-json\/wp\/v2\/types\/page"}],"author":[{"embeddable":true,"href":"https:\/\/stop-cyberbullying.eu\/sr\/wp-json\/wp\/v2\/users\/2"}],"replies":[{"embeddable":true,"href":"https:\/\/stop-cyberbullying.eu\/sr\/wp-json\/wp\/v2\/comments?post=562"}],"version-history":[{"count":2,"href":"https:\/\/stop-cyberbullying.eu\/sr\/wp-json\/wp\/v2\/pages\/562\/revisions"}],"predecessor-version":[{"id":564,"href":"https:\/\/stop-cyberbullying.eu\/sr\/wp-json\/wp\/v2\/pages\/562\/revisions\/564"}],"wp:attachment":[{"href":"https:\/\/stop-cyberbullying.eu\/sr\/wp-json\/wp\/v2\/media?parent=562"}],"curies":[{"name":"wp","href":"https:\/\/api.w.org\/{rel}","templated":true}]}}