{"id":325,"date":"2022-07-04T17:44:52","date_gmt":"2022-07-04T16:44:52","guid":{"rendered":"https:\/\/stop-cyberbullying.eu\/%d1%81%d0%b0%d1%98%d0%b1%d0%b5%d1%80-%d1%83%d0%b7%d0%bd%d0%b5%d0%bc%d0%b8%d1%80%d0%b0%d0%b2%d0%b0%d1%9a%d0%b5\/"},"modified":"2022-07-08T13:29:22","modified_gmt":"2022-07-08T12:29:22","slug":"%d1%81%d0%b0%d1%98%d0%b1%d0%b5%d1%80-%d1%83%d0%b7%d0%bd%d0%b5%d0%bc%d0%b8%d1%80%d0%b0%d0%b2%d0%b0%d1%9a%d0%b5","status":"publish","type":"page","link":"https:\/\/stop-cyberbullying.eu\/sr\/%d1%81%d0%b0%d1%98%d0%b1%d0%b5%d1%80-%d1%83%d0%b7%d0%bd%d0%b5%d0%bc%d0%b8%d1%80%d0%b0%d0%b2%d0%b0%d1%9a%d0%b5\/","title":{"rendered":"Sajber uznemiravanje?"},"content":{"rendered":"<p>Nasilje na internetu je nasilje uz upotrebu digitalnih tehnologija. Mo\u017ee da se de\u0161ava na dru\u0161tvenim mre\u017eama, platformama za razmenu poruka, platformama za igrice i na mobilnim telefonima. To je pona\u0161anje koje se ponavlja, sa ciljem da povredi, razljuti ili osramoti one koji su \u017ertva (https:\/\/www.unicef.org\/eca\/cyberbullying-what-it-and-how-stop-it ).<\/p>\n<p>Nekoliko primera nasilja na internetu su:<\/p>\n<p>Ka\u010denje sramnih i\/ili obna\u017eenih\/seksualnih fotografija i\/ili video snimaka nekoga na dru\u0161tvene mre\u017ee<br \/>\nKa\u010denje zlobnih komentara ili glasina o nekome<br \/>\nPretnje da \u0107e neko biti povre\u0111en<br \/>\nOhrabrivanje samo-povrede ili suicida<br \/>\nPretvaranje da je u pitanju druga osoba i ka\u010denje la\u017enih privatnih informacija<br \/>\nStvaranje zlobne, \u0161tetne i\/ili la\u017ene stranice o nekome<br \/>\nDoxing (javno otkrivanje prethodno skrivenih privatnih informacija)<\/p>\n","protected":false},"excerpt":{"rendered":"<p>Nasilje na internetu je nasilje uz upotrebu digitalnih tehnologija. Mo\u017ee [&hellip;]<\/p>\n","protected":false},"author":2,"featured_media":0,"parent":0,"menu_order":0,"comment_status":"closed","ping_status":"closed","template":"","meta":[],"_links":{"self":[{"href":"https:\/\/stop-cyberbullying.eu\/sr\/wp-json\/wp\/v2\/pages\/325"}],"collection":[{"href":"https:\/\/stop-cyberbullying.eu\/sr\/wp-json\/wp\/v2\/pages"}],"about":[{"href":"https:\/\/stop-cyberbullying.eu\/sr\/wp-json\/wp\/v2\/types\/page"}],"author":[{"embeddable":true,"href":"https:\/\/stop-cyberbullying.eu\/sr\/wp-json\/wp\/v2\/users\/2"}],"replies":[{"embeddable":true,"href":"https:\/\/stop-cyberbullying.eu\/sr\/wp-json\/wp\/v2\/comments?post=325"}],"version-history":[{"count":2,"href":"https:\/\/stop-cyberbullying.eu\/sr\/wp-json\/wp\/v2\/pages\/325\/revisions"}],"predecessor-version":[{"id":565,"href":"https:\/\/stop-cyberbullying.eu\/sr\/wp-json\/wp\/v2\/pages\/325\/revisions\/565"}],"wp:attachment":[{"href":"https:\/\/stop-cyberbullying.eu\/sr\/wp-json\/wp\/v2\/media?parent=325"}],"curies":[{"name":"wp","href":"https:\/\/api.w.org\/{rel}","templated":true}]}}