{"id":267,"date":"2022-07-01T16:58:22","date_gmt":"2022-07-01T15:58:22","guid":{"rendered":"https:\/\/stop-cyberbullying.eu\/%d0%be-%d0%bd%d0%b0%d0%bc%d0%b0\/"},"modified":"2022-07-08T13:43:28","modified_gmt":"2022-07-08T12:43:28","slug":"%d0%be-%d0%bd%d0%b0%d0%bc%d0%b0","status":"publish","type":"page","link":"https:\/\/stop-cyberbullying.eu\/sr\/%d0%be-%d0%bd%d0%b0%d0%bc%d0%b0\/","title":{"rendered":"\u041e nama"},"content":{"rendered":"<h2 style=\"text-align: center;\">Evropski projekat<\/h2>\n<p style=\"text-align: center;\"><em>Ova stranica je nastala u sklopu evropskog projekta #YouthAgainstCyberbullying 2021.<\/em><\/p>\n<p style=\"text-align: center;\"><em>Ovaj projekat, koji okuplja 6 zemalja (Francusku, Dansku, Srbiju, Italiju, Hrvatsku i Ma\u0111arsku), ima za cilj suzbijanje toksi\u010dnog govora na internetu (govor mr\u017enje, diskriminacija, uvrede, prijetnje, dijeljenje slika\/videa itd.) i ta\u010dnije cyberbullying. Cilj je nau\u010diti mlade Evropljane kako da se bolje pona\u0161aju na internetu.<\/em><\/p>\n<hr>\n<h2 style=\"text-align: center;\">Posve\u0107eni partneri<\/h2>\n<h3 style=\"text-align: center;\"><img class=\"size-medium wp-image-122 aligncenter\" src=\"https:\/\/stop-cyberbullying.eu\/wp-content\/uploads\/2022\/06\/ARCI-Italia-300x152.png\" alt=\"ARCI Italija\" width=\"300\" height=\"152\" srcset=\"https:\/\/stop-cyberbullying.eu\/wp-content\/uploads\/2022\/06\/ARCI-Italia-200x101.png 200w, https:\/\/stop-cyberbullying.eu\/wp-content\/uploads\/2022\/06\/ARCI-Italia-300x152.png 300w, https:\/\/stop-cyberbullying.eu\/wp-content\/uploads\/2022\/06\/ARCI-Italia.png 320w\" sizes=\"(max-width: 300px) 100vw, 300px\" \/><br \/>\nARCI (Italija)<\/h3>\n<p>ARCI Ligurija je regionalni komitet ARCI, nacionalnog udru\u017eenja koje je trenutno najvec\u0301e nezavisno udru\u017eenje za promociju dru\u0161tvenih vrednosti, kulture i gra\u0111anskih prava u Italiji zahvaljujuc\u0301i ogromnom potencijalu koji se nalazi u okviru preko 300 klubova i preko 50.000 \u010dlanova udru\u017eenja. ARCI i ARCI Ligurija predstavljaju mre\u017eu \u010dija dobro utemeljena struktura unapre\u0111uje demokratsko u\u010de\u0161c\u0301e i dru\u0161tvenu integraciju na vi\u0161e nivoa.<br \/>\n<a href=\"https:\/\/www.arci.it\" target=\"_blank\" rel=\"noopener\">Da saznate vi\u0161e o ARCI-ju<\/a><\/p>\n<hr>\n<h3 style=\"text-align: center;\"><img class=\"alignnone size-medium wp-image-129 aligncenter\" src=\"https:\/\/stop-cyberbullying.eu\/wp-content\/uploads\/2022\/06\/CEMEA-France-300x118.jpg\" alt=\"CEMEA Francuska\" width=\"300\" height=\"118\" srcset=\"https:\/\/stop-cyberbullying.eu\/wp-content\/uploads\/2022\/06\/CEMEA-France-200x79.jpg 200w, https:\/\/stop-cyberbullying.eu\/wp-content\/uploads\/2022\/06\/CEMEA-France-300x118.jpg 300w, https:\/\/stop-cyberbullying.eu\/wp-content\/uploads\/2022\/06\/CEMEA-France.jpg 320w\" sizes=\"(max-width: 300px) 100vw, 300px\" \/><br \/>\nCEMEA (Francuska)<\/h3>\n<p>CEMEA (Centar za metode aktivnog obrazovanja) je udru\u017eenje koje se bavi popularnim obrazovanjem vi\u0161e od 80 godina, u svim oblastima obrazovanja i socijalnog rada: gra\u0111ansko obrazoanje, obrazovane aktivnosti za malu decu, \u0161kolovanje, integracija osoba sa invaliditetom, kulturne prakse, dru\u0161tvena i profesionalna integracija, edukacija iz oblasi ekologije, me\u0111unarodni odnosi u obrazovanju. CEMEA integri\u0161e obuku u op\u0161te razvojne strategije. Ona brani filozofiju progresivnog obrazovanja, \u010diji se principi primenjuju na situacije u kojima svako dete, tinejd\u017eer ili odrasla osoba mo\u017ee postati svesniji sveta koji ga okru\u017euje i razviti sopstvene individualne i dru\u0161tvene ve\u0161tine.<br \/>\n<a href=\"https:\/\/cemea.asso.fr\" target=\"_blank\" rel=\"noopener\">Da saznate vi\u0161e o CEMEA<\/a><\/p>\n<hr>\n<h3 style=\"text-align: center;\"><img class=\"size-full wp-image-136 aligncenter\" src=\"https:\/\/stop-cyberbullying.eu\/wp-content\/uploads\/2022\/06\/FIC-Danemark.jpg\" alt=\"FIC Danska\" width=\"160\" height=\"226\"><br \/>\nFIC (Danska)<\/h3>\n<p>Forum za me\u0111unarodnu saradnju je me\u0111unarodna neprofitna organizacija koja djeluje u Danskoj, Evropi i Isto\u010dnoj Africi (Tanzanija i Kenija) od 1995. godine. FIC ima za cilj ostvarivanje globalne jednakosti i solidarnosti povec\u0301anjem i razvojem dru\u0161tvenih, ekonomskih i demokratskih prava ljudi i promovisanje moguc\u0301nosti za bolje uslove \u017eivota, bez obzira na njihovo poreklo i status. Stoga su projekti FIC-a fokusirani na oblast do\u017eivotnog obrazovanja; pobolj\u0161anje uslova rada i radnih prava; zapo\u0161ljavanje mladih i starijih; integracija migranata; uklju\u010divanje \u017eena na tr\u017ei\u0161te rada; interkulturalni dijalog u Danskoj, Evropi i Africi; podizanje svesti o ovim pitanjima na nacionalnom i me\u0111unarodnom nivou. Njegove vrednosti su zasnovane na Konvencijama UN i o ljudskim pravima, Povelji EU o osnovnim pravima i Konvencijama MOR o radnim pravima.<br \/>\n<a href=\"https:\/\/fic.dk\" target=\"_blank\" rel=\"noopener\">Da saznate vi\u0161e o FIC<\/a><\/p>\n<hr>\n<h3 style=\"text-align: center;\"><img class=\"size-medium wp-image-143 aligncenter\" src=\"https:\/\/stop-cyberbullying.eu\/wp-content\/uploads\/2022\/06\/IDC-Serbia-300x119.jpg\" alt=\"IDC Srbija\" width=\"300\" height=\"119\" srcset=\"https:\/\/stop-cyberbullying.eu\/wp-content\/uploads\/2022\/06\/IDC-Serbia-200x79.jpg 200w, https:\/\/stop-cyberbullying.eu\/wp-content\/uploads\/2022\/06\/IDC-Serbia-300x119.jpg 300w, https:\/\/stop-cyberbullying.eu\/wp-content\/uploads\/2022\/06\/IDC-Serbia.jpg 320w\" sizes=\"(max-width: 300px) 100vw, 300px\" \/><br \/>\nIDC (Srbija)<\/h3>\n<p>IDC je grupa entuzijasta vo\u0111enih principima solidarnosti, aktivne inkluzije, jednakih prava, pristojnih poslova i zadovoljnih ljudi. Ovi principi su integrisani u sve na\u0161e programe i aktivnosti koje neprestano inoviramo. IDC sprovodi projekte u 10 razli\u010ditih gradova u Srbiji i radi sa ugro\u017eenim dru\u0161tvenim grupama, uglavnom onima ispod praga siroma\u0161tva i udru\u017eeni sa njima poku\u0161avamo da se izborimo za vec\u0301i stepen socijalne uklju\u010denosti. Po\u010dev\u0161i od osnivanja, kroz na\u0161e programe pro\u0161lo je vi\u0161e hiljada korisnika.<br \/>\n<a href=\"https:\/\/idcserbia.org\" target=\"_blank\" rel=\"noopener\">Da saznate vi\u0161e o IDC<\/a><\/p>\n<hr>\n<h3 style=\"text-align: center;\"><img class=\"size-medium wp-image-150 aligncenter\" src=\"https:\/\/stop-cyberbullying.eu\/wp-content\/uploads\/2022\/06\/Progessive-Hungary-300x140.png\" alt=\"Progresiv Ma\u0111arska\" width=\"300\" height=\"140\" srcset=\"https:\/\/stop-cyberbullying.eu\/wp-content\/uploads\/2022\/06\/Progessive-Hungary-200x93.png 200w, https:\/\/stop-cyberbullying.eu\/wp-content\/uploads\/2022\/06\/Progessive-Hungary-300x140.png 300w, https:\/\/stop-cyberbullying.eu\/wp-content\/uploads\/2022\/06\/Progessive-Hungary.png 320w\" sizes=\"(max-width: 300px) 100vw, 300px\" \/><br \/>\nProgresiv (Ma\u0111arska)<\/h3>\n<p>Vizija Instituta za transformaciju Progresiv je pravedno dru\u0161tvo i odr\u017eiva demokratija. Institut za transformaciju \u2013 ranije poznat kao Fondacija za progresivnu ekonomsku politiku \u2013 je istra\u017eiva\u010dki centar koji ima za cilj da unapredi stvar pravedne, demokratske i odr\u017eive Ma\u0111arske kroz smele vizije, doga\u0111aje, kampanje i pilot projekte Njihova polja delovanja su: radna pitanja, socijalno staranje, obrazovanje, migracije itd.<br \/>\n<a href=\"https:\/\/atalakulasintezet.hu\" target=\"_blank\" rel=\"noopener\">Da saznate vi\u0161e o Progressive<\/a><\/p>\n<hr>\n<h3 style=\"text-align: center;\"><img class=\"size-medium wp-image-157 aligncenter\" src=\"https:\/\/stop-cyberbullying.eu\/wp-content\/uploads\/2022\/06\/SOLIDAR-belgique-300x107.jpg\" alt=\"SOLIDAR Belgija\" width=\"300\" height=\"107\" srcset=\"https:\/\/stop-cyberbullying.eu\/wp-content\/uploads\/2022\/06\/SOLIDAR-belgique-200x71.jpg 200w, https:\/\/stop-cyberbullying.eu\/wp-content\/uploads\/2022\/06\/SOLIDAR-belgique-300x107.jpg 300w, https:\/\/stop-cyberbullying.eu\/wp-content\/uploads\/2022\/06\/SOLIDAR-belgique.jpg 320w\" sizes=\"(max-width: 300px) 100vw, 300px\" \/><br \/>\nSOLIDAR (gostuju\u0107i partner \u2013 Belgija)<\/h3>\n<p>Fondacija SOLIDAR je platforma za saradnju evropske i svetske mre\u017ea nevladinih organizacija SOLIDAR koje rade na unapre\u0111enju socijalne pravde u Evropi i \u0161irom sveta. SOLIDAR okuplja 60 organizacija \u010dlanica sa sedi\u0161tem u 25 dr\u017eava \u010dlanica EU i 6 zemalja kandidata. Radimo zajedno na dru\u0161tvenim pitanjima, me\u0111unarodnoj saradnji i obrazovanju i celo\u017eivotnom u\u010denju.<br \/>\n<a href=\"https:\/\/www.solidar.org\" target=\"_blank\" rel=\"noopener\">Da saznate vi\u0161e o SOLIDAR-u<\/a><\/p>\n<hr>\n<h3 style=\"text-align: center;\"><img class=\"size-medium wp-image-164 aligncenter\" src=\"https:\/\/stop-cyberbullying.eu\/wp-content\/uploads\/2022\/06\/Solidarna-Croatie-300x132.png\" alt=\"SOLIDARNA Hrvatska\" width=\"300\" height=\"132\" srcset=\"https:\/\/stop-cyberbullying.eu\/wp-content\/uploads\/2022\/06\/Solidarna-Croatie-200x88.png 200w, https:\/\/stop-cyberbullying.eu\/wp-content\/uploads\/2022\/06\/Solidarna-Croatie-300x132.png 300w, https:\/\/stop-cyberbullying.eu\/wp-content\/uploads\/2022\/06\/Solidarna-Croatie.png 320w\" sizes=\"(max-width: 300px) 100vw, 300px\" \/><br \/>\nSOLIDARNA (Hrvatska)<\/h3>\n<p>SOLIDARNA, Hrvatska fondacija za ljudska prava i solidarnost, osnovana je 2015. Osniva\u010di su uvereni da promocija i za\u0161tita ljudskih prava \u2013 sloboda izra\u017eavanja, okupljanja i udru\u017eivanja, pravo na rad, pravo na dom, pravo na zdravu \u017eivotnu sredinu i pravo na osnovna javna dobra \u2013 zahteva uporne napore, kreativnost i sna\u017ean otpor svim vrstama pritisaka.<br \/>\n<a href=\"https:\/\/solidarna.hr\" target=\"_blank\" rel=\"noopener\">Da saznate vi\u0161e o SOLIDARNA<\/a><\/p>\n","protected":false},"excerpt":{"rendered":"<p>Evropski projekat Ova stranica je nastala u sklopu evropskog projekta [&hellip;]<\/p>\n","protected":false},"author":2,"featured_media":0,"parent":0,"menu_order":0,"comment_status":"closed","ping_status":"closed","template":"","meta":[],"_links":{"self":[{"href":"https:\/\/stop-cyberbullying.eu\/sr\/wp-json\/wp\/v2\/pages\/267"}],"collection":[{"href":"https:\/\/stop-cyberbullying.eu\/sr\/wp-json\/wp\/v2\/pages"}],"about":[{"href":"https:\/\/stop-cyberbullying.eu\/sr\/wp-json\/wp\/v2\/types\/page"}],"author":[{"embeddable":true,"href":"https:\/\/stop-cyberbullying.eu\/sr\/wp-json\/wp\/v2\/users\/2"}],"replies":[{"embeddable":true,"href":"https:\/\/stop-cyberbullying.eu\/sr\/wp-json\/wp\/v2\/comments?post=267"}],"version-history":[{"count":2,"href":"https:\/\/stop-cyberbullying.eu\/sr\/wp-json\/wp\/v2\/pages\/267\/revisions"}],"predecessor-version":[{"id":567,"href":"https:\/\/stop-cyberbullying.eu\/sr\/wp-json\/wp\/v2\/pages\/267\/revisions\/567"}],"wp:attachment":[{"href":"https:\/\/stop-cyberbullying.eu\/sr\/wp-json\/wp\/v2\/media?parent=267"}],"curies":[{"name":"wp","href":"https:\/\/api.w.org\/{rel}","templated":true}]}}