{"id":327,"date":"2022-07-04T17:51:02","date_gmt":"2022-07-04T16:51:02","guid":{"rendered":"https:\/\/stop-cyberbullying.eu\/cyberbullismo\/"},"modified":"2022-07-04T17:59:04","modified_gmt":"2022-07-04T16:59:04","slug":"cyberbullismo","status":"publish","type":"page","link":"https:\/\/stop-cyberbullying.eu\/it\/cyberbullismo\/","title":{"rendered":"Cyberbullismo?"},"content":{"rendered":"<p>Il cyberbullismo \u00e8 il bullismo con l&#8217;uso delle tecnologie digitali. u\u00f2 aver luogo su social media, piattaforme di messaggistica, piattaforme di gioco e telefoni cellulari. \u00c8 un comportamento ripetuto, volto a spaventare, irritare o umiliare coloro che sono presi di mira (https:\/\/www.unicef.org\/eca\/cyberbullying-what-it-and-how-stop-it).<\/p>\n<p>Alcuni esempi di cyberbullismo sono:<\/p>\n<p>&#8211; Pubblicare foto e\/o video imbarazzanti di nudo di qualcuno sui social media<br \/>\n&#8211; Pubblicare commenti meschini rivolti a qualcuno in particolare<br \/>\n&#8211; Minacciare di fare del male a qualcuno<br \/>\n&#8211; Incoraggiare l&#8217;autolesionismo o il suicidio<br \/>\n&#8211; Fingere di essere qualcun altro e pubblicare informazioni personali false<br \/>\n&#8211; Creare una pagina di cattivo gusto, offensiva e\/o falsa su qualcuno<br \/>\n&#8211; Doxing (rivelare pubblicamente informazioni personali precedentemente private)<\/p>\n","protected":false},"excerpt":{"rendered":"<p>Il cyberbullismo \u00e8 il bullismo con l&#8217;uso delle tecnologie digitali. [&hellip;]<\/p>\n","protected":false},"author":2,"featured_media":0,"parent":0,"menu_order":0,"comment_status":"closed","ping_status":"closed","template":"","meta":[],"_links":{"self":[{"href":"https:\/\/stop-cyberbullying.eu\/it\/wp-json\/wp\/v2\/pages\/327"}],"collection":[{"href":"https:\/\/stop-cyberbullying.eu\/it\/wp-json\/wp\/v2\/pages"}],"about":[{"href":"https:\/\/stop-cyberbullying.eu\/it\/wp-json\/wp\/v2\/types\/page"}],"author":[{"embeddable":true,"href":"https:\/\/stop-cyberbullying.eu\/it\/wp-json\/wp\/v2\/users\/2"}],"replies":[{"embeddable":true,"href":"https:\/\/stop-cyberbullying.eu\/it\/wp-json\/wp\/v2\/comments?post=327"}],"version-history":[{"count":1,"href":"https:\/\/stop-cyberbullying.eu\/it\/wp-json\/wp\/v2\/pages\/327\/revisions"}],"predecessor-version":[{"id":331,"href":"https:\/\/stop-cyberbullying.eu\/it\/wp-json\/wp\/v2\/pages\/327\/revisions\/331"}],"wp:attachment":[{"href":"https:\/\/stop-cyberbullying.eu\/it\/wp-json\/wp\/v2\/media?parent=327"}],"curies":[{"name":"wp","href":"https:\/\/api.w.org\/{rel}","templated":true}]}}