{"id":314,"date":"2022-07-04T17:01:20","date_gmt":"2022-07-04T16:01:20","guid":{"rendered":"https:\/\/stop-cyberbullying.eu\/chi-siamo\/"},"modified":"2022-07-04T17:01:20","modified_gmt":"2022-07-04T16:01:20","slug":"chi-siamo","status":"publish","type":"page","link":"https:\/\/stop-cyberbullying.eu\/it\/chi-siamo\/","title":{"rendered":"Chi siamo"},"content":{"rendered":"<h2 style=\"text-align: center;\">Un progetto europeo<\/h2>\n<p style=\"text-align: center;\"><em>Questo sito web \u00e8 stato creato nell&#8217;ambito del progetto europeo #YouthAgainstCyberbullying nel 2021.<\/em><\/p>\n<p style=\"text-align: center;\"><em>Il progetto, che riunisce 6 Paesi (Francia, Danimarca, Serbia, Italia, Croazia e Ungheria), mira a combattere i discorsi tossici online (discorsi d&#8217;odio, discriminazione, insulti, minacce, condivisione di immagini\/video, ecc. L&#8217;obiettivo \u00e8 sensibilizzare i giovani europei ad adottare un comportamento migliore online.<\/em><\/p>\n<hr>\n<h2 style=\"text-align: center;\">partner<\/h2>\n<h3 style=\"text-align: center;\"><img class=\"size-medium wp-image-122 aligncenter\" src=\"https:\/\/stop-cyberbullying.eu\/wp-content\/uploads\/2022\/06\/ARCI-Italia-300x152.png\" alt=\"ARCI-Italia\" width=\"300\" height=\"152\" srcset=\"https:\/\/stop-cyberbullying.eu\/wp-content\/uploads\/2022\/06\/ARCI-Italia-200x101.png 200w, https:\/\/stop-cyberbullying.eu\/wp-content\/uploads\/2022\/06\/ARCI-Italia-300x152.png 300w, https:\/\/stop-cyberbullying.eu\/wp-content\/uploads\/2022\/06\/ARCI-Italia.png 320w\" sizes=\"(max-width: 300px) 100vw, 300px\" \/><br \/>\nARCI (Italia)<\/h3>\n<p>ARCI Liguria \u00e8 il comitato regionale di ARCI, associazione nazionale che \u00e8, attualmente, la pi\u00f9 grande associazione indipendente per la promozione dei valori sociali, della cultura e dei diritti civili del Paese grazie all&#8217;enorme potenziale che risiede negli oltre 300 club e oltre 50.000 membri affiliati. Pertanto, ARCI e ARCI Liguria rappresentano una rete la cui struttura ben fondata migliora la partecipazione democratica e l&#8217;integrazione sociale a pi\u00f9 livelli.<br \/>\n<a href=\"https:\/\/www.arci.it\" target=\"_blank\" rel=\"noopener\">Per saperne di pi\u00f9 ARCI<\/a><\/p>\n<hr>\n<h3 style=\"text-align: center;\"><img class=\"alignnone size-medium wp-image-129 aligncenter\" src=\"https:\/\/stop-cyberbullying.eu\/wp-content\/uploads\/2022\/06\/CEMEA-France-300x118.jpg\" alt=\"CEMEA-Francia\" width=\"300\" height=\"118\" srcset=\"https:\/\/stop-cyberbullying.eu\/wp-content\/uploads\/2022\/06\/CEMEA-France-200x79.jpg 200w, https:\/\/stop-cyberbullying.eu\/wp-content\/uploads\/2022\/06\/CEMEA-France-300x118.jpg 300w, https:\/\/stop-cyberbullying.eu\/wp-content\/uploads\/2022\/06\/CEMEA-France.jpg 320w\" sizes=\"(max-width: 300px) 100vw, 300px\" \/><br \/>\nCem\u00e9a (Francia)<\/h3>\n<p>CEMEA \u00e8 un&#8217;associazione impegnata nell&#8217;Educazione Popolare da oltre 80 anni, in tutti i campi dell&#8217;Educazione e del lavoro sociale: tempo libero educativo, educazione dei bambini piccoli, scolarizzazione, integrazione dei disabili, pratiche culturali, sociale e inserimento professionale, educazione ambientale, relazioni internazionali in materia di educazione. CEMEA integra la formazione nelle strategie di sviluppo generali. Difende una filosofia di educazione progressiva, i cui principi sono applicati a situazioni in cui ogni bambino, adolescente o adulto pu\u00f2 diventare pi\u00f9 consapevole del mondo circostante e sviluppare le proprie capacit\u00e0 individuali e sociali.<br \/>\n<a href=\"https:\/\/cemea.asso.fr\" target=\"_blank\" rel=\"noopener\">Per saperne di pi\u00f9 CEMEA<\/a><\/p>\n<hr>\n<h3 style=\"text-align: center;\"><img class=\"size-full wp-image-136 aligncenter\" src=\"https:\/\/stop-cyberbullying.eu\/wp-content\/uploads\/2022\/06\/FIC-Danemark.jpg\" alt=\"FIC-Danimarca\" width=\"160\" height=\"226\"><br \/>\nFIC (Danimarca)<\/h3>\n<p>Forum for International Cooperation \u00e8 un&#8217;organizzazione internazionale senza scopo di lucro (ONG) che opera in Danimarca, Europa e Africa orientale (Tanzania e Kenya) dal 1995 FIC mira a realizzare l&#8217;uguaglianza e la solidariet\u00e0 globali aumentando e sviluppando i diritti sociali, economici e democratici delle persone e promuovendo opportunit\u00e0 per condizioni di vita migliori, indipendentemente dalle loro origini. Pertanto, i progetti di FIC sono rivolti all&#8217;area dell&#8217;educazione permanente, al miglioramento delle condizioni di lavoro e dei diritti del lavoro, al lavoro giovanile e senior, all\u2019 integrazione dei migranti, all\u2019inclusione delle donne nel mercato del lavoro, al dialogo interculturale in Danimarca, Europa e Africa. Uno degli obiettivi di FIC \u00e8 sensibilizzare su questi temi a livello nazionale e internazionale. I suoi valori si basano sulle Convenzioni delle Nazioni Unite e sui diritti umani, sulla Carta dei diritti fondamentali dell&#8217;UE e sulle Convenzioni dell&#8217;ILO sui diritti del lavoro.<br \/>\n<a href=\"https:\/\/fic.dk\" target=\"_blank\" rel=\"noopener\">Per saperne di pi\u00f9 FIC<\/a><\/p>\n<hr>\n<h3 style=\"text-align: center;\"><img class=\"size-medium wp-image-143 aligncenter\" src=\"https:\/\/stop-cyberbullying.eu\/wp-content\/uploads\/2022\/06\/IDC-Serbia-300x119.jpg\" alt=\"IDC-Serbia\" width=\"300\" height=\"119\" srcset=\"https:\/\/stop-cyberbullying.eu\/wp-content\/uploads\/2022\/06\/IDC-Serbia-200x79.jpg 200w, https:\/\/stop-cyberbullying.eu\/wp-content\/uploads\/2022\/06\/IDC-Serbia-300x119.jpg 300w, https:\/\/stop-cyberbullying.eu\/wp-content\/uploads\/2022\/06\/IDC-Serbia.jpg 320w\" sizes=\"(max-width: 300px) 100vw, 300px\" \/><br \/>\nIDC (Serbia)<\/h3>\n<p>IDC \u00e8 un gruppo di appassionati guidati dai principi di solidariet\u00e0, inclusione attiva, pari diritti, lavoro dignitoso e persone soddisfatte. Questi principi sono integrati in tutti i nostri programmi e attivit\u00e0 che continuiamo a innovare. IDC conduce progetti in 10 diverse citt\u00e0 della Serbia e lavora con gruppi sociali vulnerabili, principalmente quelli che sono al di sotto della soglia di povert\u00e0 e uniti a loro stiamo cercando di lottare per un pi\u00f9 alto grado di inclusione sociale. A partire dalla costituzione, pi\u00f9 di diverse migliaia di beneficiari sono passati attraverso i nostri programmi, oltre a partecipare ad alcuni dei nostri progetti.<br \/>\n<a href=\"https:\/\/idcserbia.org\" target=\"_blank\" rel=\"noopener\">Per saperne di pi\u00f9 IDC<\/a><\/p>\n<hr>\n<h3 style=\"text-align: center;\"><img class=\"size-medium wp-image-150 aligncenter\" src=\"https:\/\/stop-cyberbullying.eu\/wp-content\/uploads\/2022\/06\/Progessive-Hungary-300x140.png\" alt=\"Progessive-Ungheria\" width=\"300\" height=\"140\" srcset=\"https:\/\/stop-cyberbullying.eu\/wp-content\/uploads\/2022\/06\/Progessive-Hungary-200x93.png 200w, https:\/\/stop-cyberbullying.eu\/wp-content\/uploads\/2022\/06\/Progessive-Hungary-300x140.png 300w, https:\/\/stop-cyberbullying.eu\/wp-content\/uploads\/2022\/06\/Progessive-Hungary.png 320w\" sizes=\"(max-width: 300px) 100vw, 300px\" \/><br \/>\nProgressive (Ungheria)<\/h3>\n<p>La visione dell&#8217;Istituto per la Trasformazione \u00e8 una societ\u00e0 giusta e una democrazia sostenibile. L&#8217;Istituto per la Trasformazione &#8211; precedentemente noto come Progressive Economic Policy Foundation &#8211; \u00e8 un think tank che mira a promuovere la causa di un&#8217;Ungheria giusta, democratica e sostenibile attraverso visioni, eventi, campagne e progetti pilota. I nostri campi d&#8217;azione sono: lavoro, assistenza sociale, istruzione, migrazione, ecc.<br \/>\n<a href=\"https:\/\/atalakulasintezet.hu\" target=\"_blank\" rel=\"noopener\">Per saperne di pi\u00f9 Progressive<\/a><\/p>\n<hr>\n<h3 style=\"text-align: center;\"><img class=\"size-medium wp-image-157 aligncenter\" src=\"https:\/\/stop-cyberbullying.eu\/wp-content\/uploads\/2022\/06\/SOLIDAR-belgique-300x107.jpg\" alt=\"SOLIDAR-Belgio\" width=\"300\" height=\"107\" srcset=\"https:\/\/stop-cyberbullying.eu\/wp-content\/uploads\/2022\/06\/SOLIDAR-belgique-200x71.jpg 200w, https:\/\/stop-cyberbullying.eu\/wp-content\/uploads\/2022\/06\/SOLIDAR-belgique-300x107.jpg 300w, https:\/\/stop-cyberbullying.eu\/wp-content\/uploads\/2022\/06\/SOLIDAR-belgique.jpg 320w\" sizes=\"(max-width: 300px) 100vw, 300px\" \/><br \/>\nSolidar (Belgio)<\/h3>\n<p>La Fondazione SOLIDAR \u00e8 la piattaforma di cooperazione di SOLIDAR; una rete europea e mondiale di ONG che lavora per promuovere la giustizia sociale in Europa e nel mondo. SOLIDAR riunisce 60 organizzazioni membri con sede in 25 Stati membri dell&#8217;UE e in 6 paesi candidati. Lavoriamo insieme nelle politiche sociali, nella cooperazione internazionale, nell&#8217;istruzione e nell&#8217;apprendimento permanente.<br \/>\n<a href=\"https:\/\/www.solidar.org\" target=\"_blank\" rel=\"noopener\">Per saperne di pi\u00f9 SOLIDAR<\/a><\/p>\n<hr>\n<h3 style=\"text-align: center;\"><img class=\"size-medium wp-image-164 aligncenter\" src=\"https:\/\/stop-cyberbullying.eu\/wp-content\/uploads\/2022\/06\/Solidarna-Croatie-300x132.png\" alt=\"Solidarna-Croatia\" width=\"300\" height=\"132\" srcset=\"https:\/\/stop-cyberbullying.eu\/wp-content\/uploads\/2022\/06\/Solidarna-Croatie-200x88.png 200w, https:\/\/stop-cyberbullying.eu\/wp-content\/uploads\/2022\/06\/Solidarna-Croatie-300x132.png 300w, https:\/\/stop-cyberbullying.eu\/wp-content\/uploads\/2022\/06\/Solidarna-Croatie.png 320w\" sizes=\"(max-width: 300px) 100vw, 300px\" \/><br \/>\nSolidarna (Croatia)<\/h3>\n<p>SOLIDARNA, fondazione croata per i diritti umani e la solidariet\u00e0, \u00e8 stata costituita nel 2015. I fondatori sono convinti che la promozione e la tutela dei diritti umani &#8211; libert\u00e0 di espressione, riunione e associazione, diritto al lavoro, diritto alla casa, diritto a un ambiente salutare e al diritto ai beni pubblici di base &#8211; richiede sforzi costanti, creativit\u00e0 e una forte resistenza a tutti i tipi di pressioni.<br \/>\n<a href=\"https:\/\/solidarna.hr\" target=\"_blank\" rel=\"noopener\">Per saperne di pi\u00f9 SOLIDARNA<\/a><\/p>\n","protected":false},"excerpt":{"rendered":"<p>Un progetto europeo Questo sito web \u00e8 stato creato nell&#8217;ambito [&hellip;]<\/p>\n","protected":false},"author":2,"featured_media":0,"parent":0,"menu_order":0,"comment_status":"closed","ping_status":"closed","template":"","meta":[],"_links":{"self":[{"href":"https:\/\/stop-cyberbullying.eu\/it\/wp-json\/wp\/v2\/pages\/314"}],"collection":[{"href":"https:\/\/stop-cyberbullying.eu\/it\/wp-json\/wp\/v2\/pages"}],"about":[{"href":"https:\/\/stop-cyberbullying.eu\/it\/wp-json\/wp\/v2\/types\/page"}],"author":[{"embeddable":true,"href":"https:\/\/stop-cyberbullying.eu\/it\/wp-json\/wp\/v2\/users\/2"}],"replies":[{"embeddable":true,"href":"https:\/\/stop-cyberbullying.eu\/it\/wp-json\/wp\/v2\/comments?post=314"}],"version-history":[{"count":0,"href":"https:\/\/stop-cyberbullying.eu\/it\/wp-json\/wp\/v2\/pages\/314\/revisions"}],"wp:attachment":[{"href":"https:\/\/stop-cyberbullying.eu\/it\/wp-json\/wp\/v2\/media?parent=314"}],"curies":[{"name":"wp","href":"https:\/\/api.w.org\/{rel}","templated":true}]}}