{"id":625,"date":"2022-07-10T17:15:15","date_gmt":"2022-07-10T16:15:15","guid":{"rendered":"https:\/\/stop-cyberbullying.eu\/tapasztalatok\/"},"modified":"2022-07-10T17:15:15","modified_gmt":"2022-07-10T16:15:15","slug":"tapasztalatok","status":"publish","type":"page","link":"https:\/\/stop-cyberbullying.eu\/hu\/tapasztalatok\/","title":{"rendered":"Tapasztalatok"},"content":{"rendered":"<p><em><style type=\"text\/css\">.fusion-portfolio-wrapper#fusion-portfolio-1 .fusion-portfolio-content{  text-align: left; }<\/style><div class=\"fusion-recent-works fusion-portfolio-element fusion-portfolio fusion-portfolio-1 fusion-portfolio-grid fusion-portfolio-paging-pagination fusion-portfolio-three fusion-portfolio-unboxed fusion-portfolio-text fusion-portfolio-rollover\" data-id=\"-rw-1\" data-columns=\"three\"><style type=\"text\/css\">.fusion-portfolio-1 .fusion-portfolio-wrapper .fusion-col-spacing{padding:15px;}<\/style><div class=\"fusion-portfolio-wrapper\" id=\"fusion-portfolio-1\" data-picturesize=\"auto\" data-pages=\"1\" style=\"margin:-15px;\"><article id=\"portfolio-1-post-352\" class=\"fusion-portfolio-post tapasztalatok fusion-col-spacing post-352\"><div class=\"fusion-portfolio-content-wrapper\" style=\"border:none;\"><span class=\"vcard rich-snippet-hidden\"><span class=\"fn\"><a href=\"https:\/\/stop-cyberbullying.eu\/hu\/author\/alice-chisin\/\" title=\"Alice Chisin bejegyz\u00e9se\" rel=\"author\">Alice Chisin<\/a><\/span><\/span><span class=\"updated rich-snippet-hidden\">2022-07-08T12:45:55+01:00<\/span><div  class=\"fusion-image-wrapper\" aria-haspopup=\"true\">\n\t\t\t\t<img width=\"2104\" height=\"708\" src=\"https:\/\/stop-cyberbullying.eu\/wp-content\/uploads\/2022\/07\/Capture-de\u0301cran-2022-07-05-a\u0300-18.03.30.png\" class=\"attachment-full size-full wp-post-image\" alt=\"\" loading=\"lazy\" srcset=\"https:\/\/stop-cyberbullying.eu\/wp-content\/uploads\/2022\/07\/Capture-de\u0301cran-2022-07-05-a\u0300-18.03.30-200x67.png 200w, https:\/\/stop-cyberbullying.eu\/wp-content\/uploads\/2022\/07\/Capture-de\u0301cran-2022-07-05-a\u0300-18.03.30-400x135.png 400w, https:\/\/stop-cyberbullying.eu\/wp-content\/uploads\/2022\/07\/Capture-de\u0301cran-2022-07-05-a\u0300-18.03.30-600x202.png 600w, https:\/\/stop-cyberbullying.eu\/wp-content\/uploads\/2022\/07\/Capture-de\u0301cran-2022-07-05-a\u0300-18.03.30-800x269.png 800w, https:\/\/stop-cyberbullying.eu\/wp-content\/uploads\/2022\/07\/Capture-de\u0301cran-2022-07-05-a\u0300-18.03.30-1200x404.png 1200w, https:\/\/stop-cyberbullying.eu\/wp-content\/uploads\/2022\/07\/Capture-de\u0301cran-2022-07-05-a\u0300-18.03.30.png 2104w\" sizes=\"(min-width: 2200px) 100vw, (min-width: 784px) 380px, (min-width: 712px) 570px, (min-width: 640px) 712px, \" \/><div class=\"fusion-rollover\">\n\t<div class=\"fusion-rollover-content\">\n\n\t\t\t\t\t\t\t\t\t\t\t\t\t\t<a class=\"fusion-rollover-link\" href=\"https:\/\/stop-cyberbullying.eu\/hu\/portfolio-items\/beszeljunk-a-cyberbullyingrol\/?portfolioCats=43%2C43\">Besz\u00e9lj\u00fcnk a cyberbullyingr\u00f3l !<\/a>\n\t\t\t\n\t\t\t\t\t\t\t\t\t\t\t\t\t\t\n\t\t\t\t\t\t\t\t\n\t\t\t\t\t\t\t\t\t\t\t\t\t<div class=\"fusion-rollover-sep\"><\/div>\n\t\t\t\t\n\t\t\t\t\t\t\t\t\t\t\t\t\t\t\t\t\t\t<a class=\"fusion-rollover-gallery\" href=\"https:\/\/stop-cyberbullying.eu\/wp-content\/uploads\/2022\/07\/Capture-de\u0301cran-2022-07-05-a\u0300-18.03.30.png\" data-id=\"352\" data-rel=\"iLightbox[gallery-rw-1]\" data-title=\"Capture d\u2019e\u0301cran 2022-07-05 a\u0300 18.03.30\" data-caption=\"\">\n\t\t\t\t\t\tGallery\t\t\t\t\t<\/a>\n\t\t\t\t\t\t\t\t\t\t\t\t\t\t\n\t\t\n\t\t\t\t\t\t\t\t\t\t\t\t<h4 class=\"fusion-rollover-title\">\n\t\t\t\t\t<a class=\"fusion-rollover-title-link\" href=\"https:\/\/stop-cyberbullying.eu\/hu\/portfolio-items\/beszeljunk-a-cyberbullyingrol\/?portfolioCats=43%2C43\">\n\t\t\t\t\t\tBesz\u00e9lj\u00fcnk a cyberbullyingr\u00f3l !\t\t\t\t\t<\/a>\n\t\t\t\t<\/h4>\n\t\t\t\n\t\t\t\t\t\t\t\t\t\t<div class=\"fusion-rollover-categories\"><a href=\"https:\/\/stop-cyberbullying.eu\/hu\/portfolio_category\/tapasztalatok\/\" rel=\"tag\">Tapasztalatok<\/a><\/div>\t\t\t\t\t\n\t\t\n\t\t\t\t\t\t<a class=\"fusion-link-wrapper\" href=\"https:\/\/stop-cyberbullying.eu\/hu\/portfolio-items\/beszeljunk-a-cyberbullyingrol\/?portfolioCats=43%2C43\" aria-label=\"Besz\u00e9lj\u00fcnk a cyberbullyingr\u00f3l !\"><\/a>\n\t<\/div>\n<\/div>\n<\/div>\n<div class=\"fusion-portfolio-content\"><h2 class=\"entry-title fusion-post-title\"><a href=\"https:\/\/stop-cyberbullying.eu\/hu\/portfolio-items\/beszeljunk-a-cyberbullyingrol\/?portfolioCats=43%2C43\">Besz\u00e9lj\u00fcnk a cyberbullyingr\u00f3l !<\/a><\/h2><div class=\"fusion-post-content\"><p>2022 m\u00e1rcius\u00e1ban D\u00e1ni\u00e1ban, Koppenh\u00e1g\u00e1ban szemin\u00e1riumot tartottak a sz\u00e1m\u00edt\u00f3g\u00e9pes zaklat\u00e1sr\u00f3l. A [...]<\/p><\/div><\/div><\/div><\/article><\/div><\/div><\/em><\/p>\n","protected":false},"excerpt":{"rendered":"","protected":false},"author":2,"featured_media":0,"parent":0,"menu_order":0,"comment_status":"closed","ping_status":"closed","template":"","meta":[],"_links":{"self":[{"href":"https:\/\/stop-cyberbullying.eu\/hu\/wp-json\/wp\/v2\/pages\/625"}],"collection":[{"href":"https:\/\/stop-cyberbullying.eu\/hu\/wp-json\/wp\/v2\/pages"}],"about":[{"href":"https:\/\/stop-cyberbullying.eu\/hu\/wp-json\/wp\/v2\/types\/page"}],"author":[{"embeddable":true,"href":"https:\/\/stop-cyberbullying.eu\/hu\/wp-json\/wp\/v2\/users\/2"}],"replies":[{"embeddable":true,"href":"https:\/\/stop-cyberbullying.eu\/hu\/wp-json\/wp\/v2\/comments?post=625"}],"version-history":[{"count":0,"href":"https:\/\/stop-cyberbullying.eu\/hu\/wp-json\/wp\/v2\/pages\/625\/revisions"}],"wp:attachment":[{"href":"https:\/\/stop-cyberbullying.eu\/hu\/wp-json\/wp\/v2\/media?parent=625"}],"curies":[{"name":"wp","href":"https:\/\/api.w.org\/{rel}","templated":true}]}}