{"id":618,"date":"2022-07-10T17:08:48","date_gmt":"2022-07-10T16:08:48","guid":{"rendered":"https:\/\/stop-cyberbullying.eu\/oktatasi-eszkozok\/"},"modified":"2022-07-10T17:08:48","modified_gmt":"2022-07-10T16:08:48","slug":"oktatasi-eszkozok","status":"publish","type":"page","link":"https:\/\/stop-cyberbullying.eu\/hu\/oktatasi-eszkozok\/","title":{"rendered":"Oktat\u00e1si eszk\u00f6z\u00f6k"},"content":{"rendered":"\n<p>&nbsp;<\/p>\n","protected":false},"excerpt":{"rendered":"<p>&nbsp;<\/p>\n","protected":false},"author":2,"featured_media":0,"parent":0,"menu_order":0,"comment_status":"closed","ping_status":"closed","template":"","meta":[],"_links":{"self":[{"href":"https:\/\/stop-cyberbullying.eu\/hu\/wp-json\/wp\/v2\/pages\/618"}],"collection":[{"href":"https:\/\/stop-cyberbullying.eu\/hu\/wp-json\/wp\/v2\/pages"}],"about":[{"href":"https:\/\/stop-cyberbullying.eu\/hu\/wp-json\/wp\/v2\/types\/page"}],"author":[{"embeddable":true,"href":"https:\/\/stop-cyberbullying.eu\/hu\/wp-json\/wp\/v2\/users\/2"}],"replies":[{"embeddable":true,"href":"https:\/\/stop-cyberbullying.eu\/hu\/wp-json\/wp\/v2\/comments?post=618"}],"version-history":[{"count":0,"href":"https:\/\/stop-cyberbullying.eu\/hu\/wp-json\/wp\/v2\/pages\/618\/revisions"}],"wp:attachment":[{"href":"https:\/\/stop-cyberbullying.eu\/hu\/wp-json\/wp\/v2\/media?parent=618"}],"curies":[{"name":"wp","href":"https:\/\/api.w.org\/{rel}","templated":true}]}}