{"id":525,"date":"2022-07-08T12:43:35","date_gmt":"2022-07-08T11:43:35","guid":{"rendered":"https:\/\/stop-cyberbullying.eu\/bevalt-gyakorlatok\/"},"modified":"2022-07-08T15:20:32","modified_gmt":"2022-07-08T14:20:32","slug":"bevalt-gyakorlatok","status":"publish","type":"page","link":"https:\/\/stop-cyberbullying.eu\/hu\/bevalt-gyakorlatok\/","title":{"rendered":"Bev\u00e1lt gyakorlatok"},"content":{"rendered":"<hr class=\"hr-title\">\n<h2 style=\"text-align: center; margin-bottom: 0;\">Mit\u00e9v\u0151 legy\u00e9l?<\/h2>\n<hr class=\"hr-title\">\n<h3 style=\"text-align: center;\"><img class=\"alignnone size-full wp-image-183\" src=\"https:\/\/stop-cyberbullying.eu\/wp-content\/uploads\/2022\/06\/stop-cyberbullying-victim.png\" alt=\"stop-cyberbullying-victim\" width=\"180\" height=\"180\" srcset=\"https:\/\/stop-cyberbullying.eu\/wp-content\/uploads\/2022\/06\/stop-cyberbullying-victim-66x66.png 66w, https:\/\/stop-cyberbullying.eu\/wp-content\/uploads\/2022\/06\/stop-cyberbullying-victim-150x150.png 150w, https:\/\/stop-cyberbullying.eu\/wp-content\/uploads\/2022\/06\/stop-cyberbullying-victim.png 180w\" sizes=\"(max-width: 180px) 100vw, 180px\" \/><br \/>\nB\u00e1ntalmazott vagyok<\/h3>\n<p>5 tip ha internetes b\u00e1ntalmaz\u00e1s \u00e1ldozata vagy:<\/p>\n<ul class=\"fusion-checklist fusion-checklist-1\" style=\"font-size:16px;line-height:27.2px;\"><li style=\"background-color:rgba(255,255,255,0);\" class=\"fusion-li-item\"><span style=\"height:27.2px;width:27.2px;margin-right:11.2px;\" class=\"icon-wrapper circle-no\"><i class=\"fusion-li-icon fa-arrow-right fas\" style=\"color:#43a047;\" aria-hidden=\"true\"><\/i><\/span><div class=\"fusion-li-item-content\" style=\"margin-left:38.4px;color:var(--awb-color8);\">Fordulj bizalommal azokhoz akikben megb\u00edzol (sz\u00fcl\u0151k, bar\u00e1tok, tan\u00e1rok stb.)<\/div><\/li><li style=\"background-color:rgba(255,255,255,0);\" class=\"fusion-li-item\"><span style=\"height:27.2px;width:27.2px;margin-right:11.2px;\" class=\"icon-wrapper circle-no\"><i class=\"fusion-li-icon fa-arrow-right fas\" style=\"color:#43a047;\" aria-hidden=\"true\"><\/i><\/span><div class=\"fusion-li-item-content\" style=\"margin-left:38.4px;color:var(--awb-color8);\">V\u00e1ltoztasd meg a be\u00e1ll\u00edt\u00e1saidat: Fontos, hogy er\u0151s\u00edtsd meg a k\u00f6z\u00f6ss\u00e9gi profiljaid v\u00e9delm\u00e9t \u00e9s korl\u00e1tozd, hogy ismeretlenek hozz\u00e1f\u00e9rhessenek adataidhoz, k\u00e9peidhez. \u00c1ll\u00edtsd be, hogy idegenek sz\u00e1m\u00e1ra ne legyenek nyilv\u00e1nosak kik a bar\u00e1taid, ismer\u0151seid, kapcsold ki a helymeghat\u00e1roz\u00e1st, ne mutass k\u00e9peket, sz\u0171k\u00edtsd le azok k\u00f6r\u00e9t akik olvashatj\u00e1k a bejegyz\u00e9seidet. Lehet\u0151s\u00e9g van a nem k\u00edv\u00e1nt szem\u00e9lyek kitilt\u00e1s\u00e1ra is.<\/div><\/li><li style=\"background-color:rgba(255,255,255,0);\" class=\"fusion-li-item\"><span style=\"height:27.2px;width:27.2px;margin-right:11.2px;\" class=\"icon-wrapper circle-no\"><i class=\"fusion-li-icon fa-arrow-right fas\" style=\"color:#43a047;\" aria-hidden=\"true\"><\/i><\/span><div class=\"fusion-li-item-content\" style=\"margin-left:38.4px;color:var(--awb-color8);\">Ne v\u00e1laszolj \u00e9s ne v\u00e1gj vissza: ahelyett, hogy megpr\u00f3b\u00e1ln\u00e1l v\u00e1laszolni, jobb ha ink\u00e1bb letiltod aki b\u00e1ntani akar, jelentsd a k\u00f6z\u00f6ss\u00e9gi oldal fel\u00e9 a b\u00e1nt\u00f3 tartalmat.<\/div><\/li><li style=\"background-color:rgba(255,255,255,0);\" class=\"fusion-li-item\"><span style=\"height:27.2px;width:27.2px;margin-right:11.2px;\" class=\"icon-wrapper circle-no\"><i class=\"fusion-li-icon fa-arrow-right fas\" style=\"color:#43a047;\" aria-hidden=\"true\"><\/i><\/span><div class=\"fusion-li-item-content\" style=\"margin-left:38.4px;color:var(--awb-color8);\">Tarts meg annyi bizony\u00edt\u00e9kot amennyi lehets\u00e9ges (k\u00e9perny\u0151fot\u00f3, felv\u00e9telek\u2026) amelyek j\u00f3l j\u00f6nnek majd panasz beny\u00fajt\u00e1sakor.<\/div><\/li><li style=\"background-color:rgba(255,255,255,0);\" class=\"fusion-li-item\"><span style=\"height:27.2px;width:27.2px;margin-right:11.2px;\" class=\"icon-wrapper circle-no\"><i class=\"fusion-li-icon fa-arrow-right fas\" style=\"color:#43a047;\" aria-hidden=\"true\"><\/i><\/span><div class=\"fusion-li-item-content\" style=\"margin-left:38.4px;color:var(--awb-color8);\">Vedd fel a kapcsolatot a telefonos seg\u00edts\u00e9get ny\u00fajt\u00f3 szolg\u00e1latokkal<\/div><\/li>\n<\/ul>\n<h3 style=\"text-align: center;\"><img class=\"alignnone size-full wp-image-190\" src=\"https:\/\/stop-cyberbullying.eu\/wp-content\/uploads\/2022\/06\/stop-cyberbullying-witness.png\" alt=\"stop-cyberbullying-witness\" width=\"180\" height=\"223\"><br \/>\nTan\u00fa vagyok<\/h3>\n<p>5 tip ha internetes b\u00e1ntalmaz\u00e1s tan\u00faja vagy:<br \/>\n<ul class=\"fusion-checklist fusion-checklist-2\" style=\"font-size:16px;line-height:27.2px;\"><li style=\"background-color:rgba(255,255,255,0);\" class=\"fusion-li-item\"><span style=\"height:27.2px;width:27.2px;margin-right:11.2px;\" class=\"icon-wrapper circle-no\"><i class=\"fusion-li-icon fa-arrow-right fas\" style=\"color:#43a047;\" aria-hidden=\"true\"><\/i><\/span><div class=\"fusion-li-item-content\" style=\"margin-left:38.4px;color:var(--awb-color8);\">Ne ossz meg b\u00e1nt\u00f3 jelleg\u0171 tartalmat , hanem jelentsd be! L\u00e9gy k\u00f6r\u00fcltekint\u0151 amikor megosztasz, komment\u00e1lsz, mert a t\u00f6rv\u00e9ny el\u0151tt mindenki felel\u0151ss\u00e9get visel tettei\u00e9rt. Soha ne tov\u00e1bb\u00edts gy\u0171l\u00f6letkelt\u0151 k\u00e9peket, vide\u00f3kat vagy \u00fczeneteket hanem jelentsd be a b\u00e1ntalmaz\u00e1st.<\/div><\/li><li style=\"background-color:rgba(255,255,255,0);\" class=\"fusion-li-item\"><span style=\"height:27.2px;width:27.2px;margin-right:11.2px;\" class=\"icon-wrapper circle-no\"><i class=\"fusion-li-icon fa-arrow-right fas\" style=\"color:#43a047;\" aria-hidden=\"true\"><\/i><\/span><div class=\"fusion-li-item-content\" style=\"margin-left:38.4px;color:var(--awb-color8);\">Figyelmeztesd az \u00e1ldozatot<\/div><\/li><li style=\"background-color:rgba(255,255,255,0);\" class=\"fusion-li-item\"><span style=\"height:27.2px;width:27.2px;margin-right:11.2px;\" class=\"icon-wrapper circle-no\"><i class=\"fusion-li-icon fa-arrow-right fas\" style=\"color:#43a047;\" aria-hidden=\"true\"><\/i><\/span><div class=\"fusion-li-item-content\" style=\"margin-left:38.4px;color:var(--awb-color8);\">\u00d3vatos megk\u00f6zel\u00edt\u00e9st alkalmazz: ne \u00edt\u00e9ld meg az \u00e1ldozat viselked\u00e9s\u00e9t \u00e9s ne kelts benne b\u0171ntudatot akaratlanul se.<\/div><\/li><li style=\"background-color:rgba(255,255,255,0);\" class=\"fusion-li-item\"><span style=\"height:27.2px;width:27.2px;margin-right:11.2px;\" class=\"icon-wrapper circle-no\"><i class=\"fusion-li-icon fa-arrow-right fas\" style=\"color:#43a047;\" aria-hidden=\"true\"><\/i><\/span><div class=\"fusion-li-item-content\" style=\"margin-left:38.4px;color:var(--awb-color8);\">Ny\u00fajts seg\u00edts\u00e9get: seg\u00edtsd az er\u0151fesz\u00edt\u00e9seiben, p\u00e9ld\u00e1ul k\u00e9perny\u0151fot\u00f3 k\u00e9sz\u00edt\u00e9s\u00e9ben (ha nem tud hozz\u00e1f\u00e9rni m\u00e1r a s\u00e9rt\u0151 tartalmakhoz), de csak addig tartsd meg a bizony\u00edt\u00e9kokat ameddig sz\u00fcks\u00e9gesek. Ha az \u00e1ldozat nem akar semmit l\u00e9pni, akkori tartsd tiszteletben a d\u00f6nt\u00e9s\u00e9t \u00e9s te se tegy\u00e9l semmit ha \u0151 nem akarja.<\/div><\/li><li style=\"background-color:rgba(255,255,255,0);\" class=\"fusion-li-item\"><span style=\"height:27.2px;width:27.2px;margin-right:11.2px;\" class=\"icon-wrapper circle-no\"><i class=\"fusion-li-icon fa-arrow-right fas\" style=\"color:#43a047;\" aria-hidden=\"true\"><\/i><\/span><div class=\"fusion-li-item-content\" style=\"margin-left:38.4px;color:var(--awb-color8);\">T\u00e1j\u00e9koztasd azokat akikben megb\u00edzol (sz\u00fcl\u0151k, tan\u00e1rok stb.) vagy v\u00e9gs\u0151 esetben a rend\u0151rs\u00e9get.<\/div><\/li>\n<\/ul><\/p>\n<hr class=\"hr-title\" style=\"margin-top: 32px;\">\n<h2 style=\"text-align: center; margin-bottom: 0;\">Hogyan v\u00e9dd meg magad az internete<\/h2>\n<hr class=\"hr-title\" style=\"margin-bottom: 20px;\">\n<p style=\"text-align: center;\">Hat reflexszer\u0171 viselked\u00e9si form\u00e1t alkalmazz az online t\u00e9rben:<\/p>\n<div class=\"fusion-fullwidth fullwidth-box fusion-builder-row-1 fusion-flex-container nonhundred-percent-fullwidth non-hundred-percent-height-scrolling\" style=\"background-color: rgba(255,255,255,0);background-position: center center;background-repeat: no-repeat;border-width: 0px 0px 0px 0px;border-color:#e2e2e2;border-style:solid;\" ><div class=\"fusion-builder-row fusion-row fusion-flex-align-items-flex-start fusion-flex-justify-content-center\" style=\"max-width:1248px;margin-left: calc(-4% \/ 2 );margin-right: calc(-4% \/ 2 );\">\n<div class=\"fusion-builder-row fusion-builder-row-inner fusion-row fusion-flex-align-items-flex-start fusion-flex-justify-content-center\" style=\"width:104% !important;max-width:104% !important;margin-left: calc(-4% \/ 2 );margin-right: calc(-4% \/ 2 );\"><\/div><div class=\"fusion-layout-column fusion_builder_column_inner fusion-builder-nested-column-0 fusion_builder_column_inner_1_3 1_3 fusion-flex-column\"><div class=\"fusion-column-wrapper fusion-flex-justify-content-flex-start fusion-content-layout-column\" style=\"background-position:left top;background-repeat:no-repeat;-webkit-background-size:cover;-moz-background-size:cover;-o-background-size:cover;background-size:cover;padding: 0px 0px 0px 0px;\">\n<p style=\"text-align: center;\"><img class=\"alignnone size-full wp-image-204\" src=\"https:\/\/stop-cyberbullying.eu\/wp-content\/uploads\/2022\/06\/stop-cyberbullying-ask.png\" alt=\"\" width=\"180\" height=\"180\" srcset=\"https:\/\/stop-cyberbullying.eu\/wp-content\/uploads\/2022\/06\/stop-cyberbullying-ask-66x66.png 66w, https:\/\/stop-cyberbullying.eu\/wp-content\/uploads\/2022\/06\/stop-cyberbullying-ask-150x150.png 150w, https:\/\/stop-cyberbullying.eu\/wp-content\/uploads\/2022\/06\/stop-cyberbullying-ask.png 180w\" sizes=\"(max-width: 180px) 100vw, 180px\" \/><br \/>\nK\u00e9rem az \u00e9rintettek hozz\u00e1j\u00e1rul\u00e1s\u00e1t miel\u0151tt k\u00f6zz\u00e9teszek egy k\u00e9pet vagy vide\u00f3t a k\u00f6z\u00f6ss\u00e9gi oldalakon,<\/p>\n<\/div><style type=\"text\/css\">.fusion-body .fusion-builder-nested-column-0{width:33.333333333333% !important;margin-top : 0px;margin-bottom : 20px;}.fusion-builder-nested-column-0 > .fusion-column-wrapper {padding-top : 0px !important;padding-right : 0px !important;margin-right : 5.76%;padding-bottom : 0px !important;padding-left : 0px !important;margin-left : 5.76%;}@media only screen and (max-width:1024px) {.fusion-body .fusion-builder-nested-column-0{width:33.333333333333% !important;order : 0;}.fusion-builder-nested-column-0 > .fusion-column-wrapper {margin-right : 5.76%;margin-left : 5.76%;}}@media only screen and (max-width:640px) {.fusion-body .fusion-builder-nested-column-0{width:100% !important;order : 0;}.fusion-builder-nested-column-0 > .fusion-column-wrapper {margin-right : 1.92%;margin-left : 1.92%;}}<\/style><\/div><div class=\"fusion-layout-column fusion_builder_column_inner fusion-builder-nested-column-1 fusion_builder_column_inner_1_3 1_3 fusion-flex-column\"><div class=\"fusion-column-wrapper fusion-flex-justify-content-flex-start fusion-content-layout-column\" style=\"background-position:left top;background-repeat:no-repeat;-webkit-background-size:cover;-moz-background-size:cover;-o-background-size:cover;background-size:cover;padding: 0px 0px 0px 0px;\">\n<p style=\"text-align: center;\"><img class=\"alignnone size-full wp-image-211\" src=\"https:\/\/stop-cyberbullying.eu\/wp-content\/uploads\/2022\/06\/stop-cyberbullying-think.png\" alt=\"\" width=\"180\" height=\"180\" srcset=\"https:\/\/stop-cyberbullying.eu\/wp-content\/uploads\/2022\/06\/stop-cyberbullying-think-66x66.png 66w, https:\/\/stop-cyberbullying.eu\/wp-content\/uploads\/2022\/06\/stop-cyberbullying-think-150x150.png 150w, https:\/\/stop-cyberbullying.eu\/wp-content\/uploads\/2022\/06\/stop-cyberbullying-think.png 180w\" sizes=\"(max-width: 180px) 100vw, 180px\" \/><br \/>\n\u00c1tgondolom a r\u00e1m \u00e9s m\u00e1sokra vonatkoz\u00f3 k\u00f6vetkezm\u00e9nyeket miel\u0151tt k\u00f6zz\u00e9teszek egy k\u00e9pet vagy vide\u00f3t a k\u00f6z\u00f6ss\u00e9gi oldalakon,<\/p>\n<\/div><style type=\"text\/css\">.fusion-body .fusion-builder-nested-column-1{width:33.333333333333% !important;margin-top : 0px;margin-bottom : 20px;}.fusion-builder-nested-column-1 > .fusion-column-wrapper {padding-top : 0px !important;padding-right : 0px !important;margin-right : 5.76%;padding-bottom : 0px !important;padding-left : 0px !important;margin-left : 5.76%;}@media only screen and (max-width:1024px) {.fusion-body .fusion-builder-nested-column-1{width:33.333333333333% !important;order : 0;}.fusion-builder-nested-column-1 > .fusion-column-wrapper {margin-right : 5.76%;margin-left : 5.76%;}}@media only screen and (max-width:640px) {.fusion-body .fusion-builder-nested-column-1{width:100% !important;order : 0;}.fusion-builder-nested-column-1 > .fusion-column-wrapper {margin-right : 1.92%;margin-left : 1.92%;}}<\/style><\/div><div class=\"fusion-layout-column fusion_builder_column_inner fusion-builder-nested-column-2 fusion_builder_column_inner_1_3 1_3 fusion-flex-column\"><div class=\"fusion-column-wrapper fusion-flex-justify-content-flex-start fusion-content-layout-column\" style=\"background-position:left top;background-repeat:no-repeat;-webkit-background-size:cover;-moz-background-size:cover;-o-background-size:cover;background-size:cover;padding: 0px 0px 0px 0px;\">\n<p style=\"text-align: center;\"><img class=\"alignnone size-full wp-image-218\" src=\"https:\/\/stop-cyberbullying.eu\/wp-content\/uploads\/2022\/06\/stop-cyberbullying-protect.png\" alt=\"\" width=\"180\" height=\"180\" srcset=\"https:\/\/stop-cyberbullying.eu\/wp-content\/uploads\/2022\/06\/stop-cyberbullying-protect-66x66.png 66w, https:\/\/stop-cyberbullying.eu\/wp-content\/uploads\/2022\/06\/stop-cyberbullying-protect-150x150.png 150w, https:\/\/stop-cyberbullying.eu\/wp-content\/uploads\/2022\/06\/stop-cyberbullying-protect.png 180w\" sizes=\"(max-width: 180px) 100vw, 180px\" \/><br \/>\nMegv\u00e9dem a szem\u00e9lyes adataimat (n\u00e9v, k\u00e9p, email c\u00edm) , szigor\u00edtok a k\u00f6z\u00f6ss\u00e9gi pofilom biztons\u00e1gi be\u00e1ll\u00edt\u00e1sain \u00e9s meger\u0151s\u00edtem a jelszavaim er\u0151ss\u00e9g\u00e9t.<\/p>\n<\/div><style type=\"text\/css\">.fusion-body .fusion-builder-nested-column-2{width:33.333333333333% !important;margin-top : 0px;margin-bottom : 20px;}.fusion-builder-nested-column-2 > .fusion-column-wrapper {padding-top : 0px !important;padding-right : 0px !important;margin-right : 5.76%;padding-bottom : 0px !important;padding-left : 0px !important;margin-left : 5.76%;}@media only screen and (max-width:1024px) {.fusion-body .fusion-builder-nested-column-2{width:33.333333333333% !important;order : 0;}.fusion-builder-nested-column-2 > .fusion-column-wrapper {margin-right : 5.76%;margin-left : 5.76%;}}@media only screen and (max-width:640px) {.fusion-body .fusion-builder-nested-column-2{width:100% !important;order : 0;}.fusion-builder-nested-column-2 > .fusion-column-wrapper {margin-right : 1.92%;margin-left : 1.92%;}}<\/style><\/div><div class=\"fusion-layout-column fusion_builder_column_inner fusion-builder-nested-column-3 fusion_builder_column_inner_1_3 1_3 fusion-flex-column\"><div class=\"fusion-column-wrapper fusion-flex-justify-content-flex-start fusion-content-layout-column\" style=\"background-position:left top;background-repeat:no-repeat;-webkit-background-size:cover;-moz-background-size:cover;-o-background-size:cover;background-size:cover;padding: 0px 0px 0px 0px;\">\n<p style=\"text-align: center;\"><img class=\"alignnone size-full wp-image-225\" src=\"https:\/\/stop-cyberbullying.eu\/wp-content\/uploads\/2022\/06\/stop-cyberbullying-dont-accept.png\" alt=\"\" width=\"180\" height=\"180\" srcset=\"https:\/\/stop-cyberbullying.eu\/wp-content\/uploads\/2022\/06\/stop-cyberbullying-dont-accept-66x66.png 66w, https:\/\/stop-cyberbullying.eu\/wp-content\/uploads\/2022\/06\/stop-cyberbullying-dont-accept-150x150.png 150w, https:\/\/stop-cyberbullying.eu\/wp-content\/uploads\/2022\/06\/stop-cyberbullying-dont-accept.png 180w\" sizes=\"(max-width: 180px) 100vw, 180px\" \/><br \/>\nNem jel\u00f6l\u00f6k vissza ismeretlent! Fontos, hogy akit nem ismerek azt nem jel\u00f6l\u00f6m vissza m\u00e9gha \u0151 ismer\u0151sk\u00e9nt is akar jel\u00f6lni. Csak azokat igazold vissza akiket t\u00e9nyleg ismersz.<\/p>\n<\/div><style type=\"text\/css\">.fusion-body .fusion-builder-nested-column-3{width:33.333333333333% !important;margin-top : 0px;margin-bottom : 20px;}.fusion-builder-nested-column-3 > .fusion-column-wrapper {padding-top : 0px !important;padding-right : 0px !important;margin-right : 5.76%;padding-bottom : 0px !important;padding-left : 0px !important;margin-left : 5.76%;}@media only screen and (max-width:1024px) {.fusion-body .fusion-builder-nested-column-3{width:33.333333333333% !important;order : 0;}.fusion-builder-nested-column-3 > .fusion-column-wrapper {margin-right : 5.76%;margin-left : 5.76%;}}@media only screen and (max-width:640px) {.fusion-body .fusion-builder-nested-column-3{width:100% !important;order : 0;}.fusion-builder-nested-column-3 > .fusion-column-wrapper {margin-right : 1.92%;margin-left : 1.92%;}}<\/style><\/div><div class=\"fusion-layout-column fusion_builder_column_inner fusion-builder-nested-column-4 fusion_builder_column_inner_1_3 1_3 fusion-flex-column\"><div class=\"fusion-column-wrapper fusion-flex-justify-content-flex-start fusion-content-layout-column\" style=\"background-position:left top;background-repeat:no-repeat;-webkit-background-size:cover;-moz-background-size:cover;-o-background-size:cover;background-size:cover;padding: 0px 0px 0px 0px;\">\n<p style=\"text-align: center;\"><img class=\"alignnone size-full wp-image-232\" src=\"https:\/\/stop-cyberbullying.eu\/wp-content\/uploads\/2022\/06\/stop-cyberbullying-refuse.png\" alt=\"\" width=\"180\" height=\"180\" srcset=\"https:\/\/stop-cyberbullying.eu\/wp-content\/uploads\/2022\/06\/stop-cyberbullying-refuse-66x66.png 66w, https:\/\/stop-cyberbullying.eu\/wp-content\/uploads\/2022\/06\/stop-cyberbullying-refuse-150x150.png 150w, https:\/\/stop-cyberbullying.eu\/wp-content\/uploads\/2022\/06\/stop-cyberbullying-refuse.png 180w\" sizes=\"(max-width: 180px) 100vw, 180px\" \/><br \/>\nElutas\u00edtom az olyan tartalmak megoszt\u00e1s\u00e1t vagy posztok belinkel\u00e9s\u00e9t amelyben m\u00e1sokat megb\u00e1ntanak, megal\u00e1znak.<\/p>\n<\/div><style type=\"text\/css\">.fusion-body .fusion-builder-nested-column-4{width:33.333333333333% !important;margin-top : 0px;margin-bottom : 20px;}.fusion-builder-nested-column-4 > .fusion-column-wrapper {padding-top : 0px !important;padding-right : 0px !important;margin-right : 5.76%;padding-bottom : 0px !important;padding-left : 0px !important;margin-left : 5.76%;}@media only screen and (max-width:1024px) {.fusion-body .fusion-builder-nested-column-4{width:33.333333333333% !important;order : 0;}.fusion-builder-nested-column-4 > .fusion-column-wrapper {margin-right : 5.76%;margin-left : 5.76%;}}@media only screen and (max-width:640px) {.fusion-body .fusion-builder-nested-column-4{width:100% !important;order : 0;}.fusion-builder-nested-column-4 > .fusion-column-wrapper {margin-right : 1.92%;margin-left : 1.92%;}}<\/style><\/div><div class=\"fusion-layout-column fusion_builder_column_inner fusion-builder-nested-column-5 fusion_builder_column_inner_1_3 1_3 fusion-flex-column\"><div class=\"fusion-column-wrapper fusion-flex-justify-content-flex-start fusion-content-layout-column\" style=\"background-position:left top;background-repeat:no-repeat;-webkit-background-size:cover;-moz-background-size:cover;-o-background-size:cover;background-size:cover;padding: 0px 0px 0px 0px;\">\n<p style=\"text-align: center;\"><img class=\"alignnone size-full wp-image-239\" src=\"https:\/\/stop-cyberbullying.eu\/wp-content\/uploads\/2022\/06\/stop-cyberbullying-report.png\" alt=\"\" width=\"180\" height=\"180\" srcset=\"https:\/\/stop-cyberbullying.eu\/wp-content\/uploads\/2022\/06\/stop-cyberbullying-report-66x66.png 66w, https:\/\/stop-cyberbullying.eu\/wp-content\/uploads\/2022\/06\/stop-cyberbullying-report-150x150.png 150w, https:\/\/stop-cyberbullying.eu\/wp-content\/uploads\/2022\/06\/stop-cyberbullying-report.png 180w\" sizes=\"(max-width: 180px) 100vw, 180px\" \/><br \/>\nJelentem a k\u00f6z\u00f6ss\u00e9gi oldal kezel\u0151je fel\u00e9 a t\u00e1mad\u00f3, gy\u0171l\u00f6letkelt\u0151 tartalmakat.<\/p>\n<\/div><style type=\"text\/css\">.fusion-body .fusion-builder-nested-column-5{width:33.333333333333% !important;margin-top : 0px;margin-bottom : 20px;}.fusion-builder-nested-column-5 > .fusion-column-wrapper {padding-top : 0px !important;padding-right : 0px !important;margin-right : 5.76%;padding-bottom : 0px !important;padding-left : 0px !important;margin-left : 5.76%;}@media only screen and (max-width:1024px) {.fusion-body .fusion-builder-nested-column-5{width:33.333333333333% !important;order : 0;}.fusion-builder-nested-column-5 > .fusion-column-wrapper {margin-right : 5.76%;margin-left : 5.76%;}}@media only screen and (max-width:640px) {.fusion-body .fusion-builder-nested-column-5{width:100% !important;order : 0;}.fusion-builder-nested-column-5 > .fusion-column-wrapper {margin-right : 1.92%;margin-left : 1.92%;}}<\/style><\/div><div class=\"fusion-layout-column fusion_builder_column_inner fusion-builder-nested-column-6 fusion_builder_column_inner_1_3 1_3 fusion-flex-column\"><div class=\"fusion-column-wrapper fusion-flex-justify-content-flex-start fusion-content-layout-column\" style=\"background-position:left top;background-repeat:no-repeat;-webkit-background-size:cover;-moz-background-size:cover;-o-background-size:cover;background-size:cover;padding: 0px 0px 0px 0px;\"><\/div><style type=\"text\/css\">.fusion-body .fusion-builder-nested-column-6{width:33.333333333333% !important;margin-top : 0px;margin-bottom : 20px;}.fusion-builder-nested-column-6 > .fusion-column-wrapper {padding-top : 0px !important;padding-right : 0px !important;margin-right : 5.76%;padding-bottom : 0px !important;padding-left : 0px !important;margin-left : 5.76%;}@media only screen and (max-width:1024px) {.fusion-body .fusion-builder-nested-column-6{width:33.333333333333% !important;order : 0;}.fusion-builder-nested-column-6 > .fusion-column-wrapper {margin-right : 5.76%;margin-left : 5.76%;}}@media only screen and (max-width:640px) {.fusion-body .fusion-builder-nested-column-6{width:100% !important;order : 0;}.fusion-builder-nested-column-6 > .fusion-column-wrapper {margin-right : 1.92%;margin-left : 1.92%;}}<\/style><\/div>\n<\/div><style type=\"text\/css\">.fusion-body .fusion-flex-container.fusion-builder-row-1{ padding-top : 0px;margin-top : 0px;padding-right : 0px;padding-bottom : 0px;margin-bottom : 0px;padding-left : 0px;}<\/style><\/div>\n","protected":false},"excerpt":{"rendered":"<p>Mit\u00e9v\u0151 legy\u00e9l? B\u00e1ntalmazott vagyok 5 tip ha internetes b\u00e1ntalmaz\u00e1s \u00e1ldozata [&hellip;]<\/p>\n","protected":false},"author":2,"featured_media":0,"parent":0,"menu_order":0,"comment_status":"closed","ping_status":"closed","template":"","meta":[],"_links":{"self":[{"href":"https:\/\/stop-cyberbullying.eu\/hu\/wp-json\/wp\/v2\/pages\/525"}],"collection":[{"href":"https:\/\/stop-cyberbullying.eu\/hu\/wp-json\/wp\/v2\/pages"}],"about":[{"href":"https:\/\/stop-cyberbullying.eu\/hu\/wp-json\/wp\/v2\/types\/page"}],"author":[{"embeddable":true,"href":"https:\/\/stop-cyberbullying.eu\/hu\/wp-json\/wp\/v2\/users\/2"}],"replies":[{"embeddable":true,"href":"https:\/\/stop-cyberbullying.eu\/hu\/wp-json\/wp\/v2\/comments?post=525"}],"version-history":[{"count":8,"href":"https:\/\/stop-cyberbullying.eu\/hu\/wp-json\/wp\/v2\/pages\/525\/revisions"}],"predecessor-version":[{"id":585,"href":"https:\/\/stop-cyberbullying.eu\/hu\/wp-json\/wp\/v2\/pages\/525\/revisions\/585"}],"wp:attachment":[{"href":"https:\/\/stop-cyberbullying.eu\/hu\/wp-json\/wp\/v2\/media?parent=525"}],"curies":[{"name":"wp","href":"https:\/\/api.w.org\/{rel}","templated":true}]}}