{"id":330,"date":"2022-07-04T17:58:48","date_gmt":"2022-07-04T16:58:48","guid":{"rendered":"https:\/\/stop-cyberbullying.eu\/kiberbantalmazas\/"},"modified":"2022-07-04T17:58:48","modified_gmt":"2022-07-04T16:58:48","slug":"kiberbantalmazas","status":"publish","type":"page","link":"https:\/\/stop-cyberbullying.eu\/hu\/kiberbantalmazas\/","title":{"rendered":"Kiberb\u00e1ntalmaz\u00e1s?"},"content":{"rendered":"<p>Az internetes zaklat\u00e1s a digit\u00e1lis technol\u00f3gi\u00e1k haszn\u00e1lat\u00e1val t\u00f6rt\u00e9n\u0151 zaklat\u00e1s. Erre sor ker\u00fclhet a k\u00f6z\u00f6ss\u00e9gi m\u00e9di\u00e1ban, \u00fczenetk\u00fcld\u0151 platformokon, j\u00e1t\u00e9kplatformokon \u00e9s mobiltelefonon. Ez egy olyan ism\u00e9tl\u0151d\u0151 viselked\u00e9si m\u00f3d, amelynek c\u00e9lja azok megf\u00e9leml\u00edt\u00e9se, feld\u00fch\u00edt\u00e9se vagy megsz\u00e9gyen\u00edt\u00e9se, akik ellen ir\u00e1nyul. (https:\/\/www.unicef.org\/eca\/cyberbullying-what-it-and-how-stop-it).<\/p>\n<p>N\u00e9h\u00e1ny p\u00e9lda az internetes zaklat\u00e1sra:<\/p>\n<p>&#8211; K\u00ednos \u00e9s\/vagy meztelen\/szexu\u00e1lis fot\u00f3k \u00e9s\/vagy vide\u00f3k k\u00f6zz\u00e9t\u00e9tele valakir\u0151l a k\u00f6z\u00f6ss\u00e9gi m\u00e9di\u00e1ban<br \/>\n&#8211; Valakivel kapcsolatos pletyk\u00e1k aljas kommentekben val\u00f3 k\u00f6zz\u00e9t\u00e9tele<br \/>\n&#8211; M\u00e1sok b\u00e1ntalmaz\u00e1ssal val\u00f3 fenyeget\u00e9se<br \/>\n&#8211; \u00d6nk\u00e1ros\u00edt\u00e1sra vagy \u00f6ngyilkoss\u00e1gra val\u00f3 b\u00e1tor\u00edt\u00e1s<br \/>\n&#8211; Valaki m\u00e1snak adja ki mag\u00e1t \u00e9s hamis szem\u00e9lyes inform\u00e1ci\u00f3kat tesz k\u00f6zz\u00e9<br \/>\n&#8211; Aljas, b\u00e1nt\u00f3 \u00e9s\/vagy hamis oldal l\u00e9trehoz\u00e1sa valakir\u0151l<br \/>\n&#8211; Doxol\u00e1s (priv\u00e1t szem\u00e9lyes adatok nyilv\u00e1nos k\u00f6zz\u00e9t\u00e9tele)<\/p>\n","protected":false},"excerpt":{"rendered":"<p>Az internetes zaklat\u00e1s a digit\u00e1lis technol\u00f3gi\u00e1k haszn\u00e1lat\u00e1val t\u00f6rt\u00e9n\u0151 zaklat\u00e1s. Erre [&hellip;]<\/p>\n","protected":false},"author":2,"featured_media":0,"parent":0,"menu_order":0,"comment_status":"closed","ping_status":"closed","template":"","meta":[],"_links":{"self":[{"href":"https:\/\/stop-cyberbullying.eu\/hu\/wp-json\/wp\/v2\/pages\/330"}],"collection":[{"href":"https:\/\/stop-cyberbullying.eu\/hu\/wp-json\/wp\/v2\/pages"}],"about":[{"href":"https:\/\/stop-cyberbullying.eu\/hu\/wp-json\/wp\/v2\/types\/page"}],"author":[{"embeddable":true,"href":"https:\/\/stop-cyberbullying.eu\/hu\/wp-json\/wp\/v2\/users\/2"}],"replies":[{"embeddable":true,"href":"https:\/\/stop-cyberbullying.eu\/hu\/wp-json\/wp\/v2\/comments?post=330"}],"version-history":[{"count":0,"href":"https:\/\/stop-cyberbullying.eu\/hu\/wp-json\/wp\/v2\/pages\/330\/revisions"}],"wp:attachment":[{"href":"https:\/\/stop-cyberbullying.eu\/hu\/wp-json\/wp\/v2\/media?parent=330"}],"curies":[{"name":"wp","href":"https:\/\/api.w.org\/{rel}","templated":true}]}}