{"id":322,"date":"2022-07-04T17:33:31","date_gmt":"2022-07-04T16:33:31","guid":{"rendered":"https:\/\/stop-cyberbullying.eu\/a-honlaprol\/"},"modified":"2022-07-05T17:00:23","modified_gmt":"2022-07-05T16:00:23","slug":"a-honlaprol","status":"publish","type":"page","link":"https:\/\/stop-cyberbullying.eu\/hu\/a-honlaprol\/","title":{"rendered":"A honlapr\u00f3l"},"content":{"rendered":"<h2 style=\"text-align: center;\">Egy eur\u00f3pai projekt<\/h2>\n<p style=\"text-align: center;\"><em>Ez a weboldal a #YouthAgainstCyberbullying eur\u00f3pai projekt keret\u00e9ben j\u00f6tt l\u00e9tre 2021-ben.<\/em><\/p>\n<p style=\"text-align: center;\"><em>A hat orsz\u00e1got (Franciaorsz\u00e1g, D\u00e1nia, Szerbia, Olaszorsz\u00e1g, Horv\u00e1torsz\u00e1g \u00e9s Magyarorsz\u00e1g) \u00f6sszefog\u00f3 projekt c\u00e9lja az online m\u00e9rgez\u0151 besz\u00e9d (gy\u0171l\u00f6letbesz\u00e9d, diszkrimin\u00e1ci\u00f3, s\u00e9rteget\u00e9s, fenyeget\u00e9s, k\u00e9p- \u00e9s vide\u00f3megoszt\u00e1s stb.) \u00e9s k\u00fcl\u00f6n\u00f6sen a cyberbullying elleni k\u00fczdelem. A c\u00e9l az eur\u00f3pai fiatalok figyelm\u00e9nek felkelt\u00e9se a jobb online magatart\u00e1s kialak\u00edt\u00e1s\u00e1ra.<\/em><\/p>\n<hr>\n<h2 style=\"text-align: center;\">Partnerek<\/h2>\n<h3 style=\"text-align: center;\"><img class=\"size-medium wp-image-122 aligncenter\" src=\"https:\/\/stop-cyberbullying.eu\/wp-content\/uploads\/2022\/06\/ARCI-Italia-300x152.png\" alt=\"ARCI-Olaszorsz\u00e1g\" width=\"300\" height=\"152\" srcset=\"https:\/\/stop-cyberbullying.eu\/wp-content\/uploads\/2022\/06\/ARCI-Italia-200x101.png 200w, https:\/\/stop-cyberbullying.eu\/wp-content\/uploads\/2022\/06\/ARCI-Italia-300x152.png 300w, https:\/\/stop-cyberbullying.eu\/wp-content\/uploads\/2022\/06\/ARCI-Italia.png 320w\" sizes=\"(max-width: 300px) 100vw, 300px\" \/><br \/>\nARCI (Olaszorsz\u00e1g)<\/h3>\n<p>Az ARCI Liguria az ARCI region\u00e1lis bizotts\u00e1ga, egy olyan orsz\u00e1gos sz\u00f6vets\u00e9g\u00e9, amely jelenleg a legnagyobb f\u00fcggetlen sz\u00f6vets\u00e9g a t\u00e1rsadalmi \u00e9rt\u00e9kek, a kult\u00fara \u00e9s a polg\u00e1ri jogok el\u0151mozd\u00edt\u00e1s\u00e1ra az orsz\u00e1gban, k\u00f6sz\u00f6nhet\u0151en a t\u00f6bb mint 300 klubban \u00e9s 50 000 csatlakozott tagban rejl\u0151 hatalmas potenci\u00e1lnak. Az ARCI \u00e9s az ARCI Liguria teh\u00e1t egy olyan h\u00e1l\u00f3zatot k\u00e9pvisel, amely j\u00f3l megalapozott strukt\u00far\u00e1val rendelkezik, \u00e9s t\u00f6bb szinten t\u00e1mogatja a demokratikus r\u00e9szv\u00e9telt \u00e9s a t\u00e1rsadalmi integr\u00e1ci\u00f3t.<br \/>\n<a href=\"https:\/\/www.arci.it\" target=\"_blank\" rel=\"noopener\">B\u0151vebben ARCI \u00bb<\/a><\/p>\n<hr>\n<h3 style=\"text-align: center;\"><img class=\"alignnone size-medium wp-image-129 aligncenter\" src=\"https:\/\/stop-cyberbullying.eu\/wp-content\/uploads\/2022\/06\/CEMEA-France-300x118.jpg\" alt=\"CEMEA-Franciaorsz\u00e1g\" width=\"300\" height=\"118\" srcset=\"https:\/\/stop-cyberbullying.eu\/wp-content\/uploads\/2022\/06\/CEMEA-France-200x79.jpg 200w, https:\/\/stop-cyberbullying.eu\/wp-content\/uploads\/2022\/06\/CEMEA-France-300x118.jpg 300w, https:\/\/stop-cyberbullying.eu\/wp-content\/uploads\/2022\/06\/CEMEA-France.jpg 320w\" sizes=\"(max-width: 300px) 100vw, 300px\" \/><br \/>\nCem\u00e9a (Franciaorsz\u00e1g)<\/h3>\n<p>A CEMEA (Centers for Active Education Training Methods) egy olyan egyes\u00fclet, amely t\u00f6bb mint 80 \u00e9ve foglalkozik a n\u00e9pszer\u0171 nevel\u00e9ssel, az oktat\u00e1s \u00e9s a szoci\u00e1lis munka minden ter\u00fclet\u00e9n: szabadid\u0151s nevel\u00e9s, kisgyermekkori nevel\u00e9s, iskol\u00e1ztat\u00e1s, fogyat\u00e9kkal \u00e9l\u0151k integr\u00e1ci\u00f3ja, kultur\u00e1lis gyakorlatok, t\u00e1rsadalmi \u00e9s szakmai beilleszked\u00e9s, k\u00f6rnyezeti nevel\u00e9s, nemzetk\u00f6zi kapcsolatok az oktat\u00e1sban. A CEMEA integr\u00e1lja a k\u00e9pz\u00e9st az \u00e1ltal\u00e1nos fejleszt\u00e9si strat\u00e9gi\u00e1kba. A progressz\u00edv nevel\u00e9s filoz\u00f3fi\u00e1j\u00e1t v\u00e9di, amelynek elveit olyan helyzetekben alkalmazz\u00e1k, ahol minden gyermek, tin\u00e9dzser vagy feln\u0151tt tudatosabb\u00e1 v\u00e1lhat a k\u00f6rnyez\u0151 vil\u00e1ggal szemben, \u00e9s fejlesztheti saj\u00e1t egy\u00e9ni \u00e9s szoci\u00e1lis k\u00e9szs\u00e9geit.<br \/>\n<a href=\"https:\/\/cemea.asso.fr\" target=\"_blank\" rel=\"noopener\">B\u0151vebben CEMEA<\/a><\/p>\n<hr>\n<h3 style=\"text-align: center;\"><img class=\"size-full wp-image-136 aligncenter\" src=\"https:\/\/stop-cyberbullying.eu\/wp-content\/uploads\/2022\/06\/FIC-Danemark.jpg\" alt=\"FIC-Dania\" width=\"160\" height=\"226\"><br \/>\nFIC (Dania)<\/h3>\n<p>A Nemzetk\u00f6zi Egy\u00fcttm\u0171k\u00f6d\u00e9si F\u00f3rum egy nemzetk\u00f6zi nonprofit szervezet (NGO), amely 1995 \u00f3ta m\u0171k\u00f6dik D\u00e1ni\u00e1ban, Eur\u00f3p\u00e1ban \u00e9s Kelet-Afrik\u00e1ban (Tanz\u00e1ni\u00e1ban \u00e9s Keny\u00e1ban). A FIC projektjei az oktat\u00e1sra, a munkak\u00f6r\u00fclm\u00e9nyek \u00e9s a mindenki sz\u00e1m\u00e1ra biztos\u00edtott jogok jav\u00edt\u00e1s\u00e1ra, a fiatalok \u00e9s az id\u0151sek foglalkoztat\u00e1s\u00e1ra, a migr\u00e1nsok integr\u00e1ci\u00f3j\u00e1ra, a nemek k\u00f6z\u00f6tti egyenl\u0151s\u00e9gre stb. \u00f6sszpontos\u00edtanak. \u00c9rt\u00e9kei az ENSZ \u00e9s az emberi jogi egyezm\u00e9nyeken, az EU Alapjogi Chart\u00e1j\u00e1n \u00e9s a munkajogokon alapulnak.<br \/>\n<a href=\"https:\/\/fic.dk\" target=\"_blank\" rel=\"noopener\">B\u0151vebben FIC<\/a><\/p>\n<hr>\n<h3 style=\"text-align: center;\"><img class=\"size-medium wp-image-143 aligncenter\" src=\"https:\/\/stop-cyberbullying.eu\/wp-content\/uploads\/2022\/06\/IDC-Serbia-300x119.jpg\" alt=\"IDC-Szerbia\" width=\"300\" height=\"119\" srcset=\"https:\/\/stop-cyberbullying.eu\/wp-content\/uploads\/2022\/06\/IDC-Serbia-200x79.jpg 200w, https:\/\/stop-cyberbullying.eu\/wp-content\/uploads\/2022\/06\/IDC-Serbia-300x119.jpg 300w, https:\/\/stop-cyberbullying.eu\/wp-content\/uploads\/2022\/06\/IDC-Serbia.jpg 320w\" sizes=\"(max-width: 300px) 100vw, 300px\" \/><br \/>\nIDC (Szerbia)<\/h3>\n<p>Az IDC egy lelkes csoport, amelyet a szolidarit\u00e1s, az akt\u00edv befogad\u00e1s, az egyenl\u0151 jogok, a tisztess\u00e9ges munkahelyek \u00e9s az el\u00e9gedett emberek elvei vezetnek. Ezek az elvek be\u00e9p\u00fclnek minden programunkba \u00e9s tev\u00e9kenys\u00e9g\u00fcnkbe, amelyeket folyamatosan meg\u00faj\u00edtunk. Az IDC 10 k\u00fcl\u00f6nb\u00f6z\u0151 szerbiai v\u00e1rosban folytat projekteket, \u00e9s kiszolg\u00e1ltatott t\u00e1rsadalmi csoportokkal dolgozik, f\u0151k\u00e9nt azokkal, akik a szeg\u00e9nys\u00e9gi k\u00fcsz\u00f6b alatt vannak, \u00e9s vel\u00fck egy\u00fctt pr\u00f3b\u00e1lunk k\u00fczdeni a t\u00e1rsadalmi befogad\u00e1s magasabb fok\u00e1\u00e9rt. A megalap\u00edt\u00e1st\u00f3l kezdve t\u00f6bb mint t\u00f6bb ezer kedvezm\u00e9nyezett ment kereszt\u00fcl programjainkon, olyan kedvezm\u00e9nyezettek, akik r\u00e9szt vettek egyes projektjeinkben.<br \/>\n<a href=\"https:\/\/idcserbia.org\" target=\"_blank\" rel=\"noopener\">B\u0151vebben IDC<\/a><\/p>\n<hr>\n<h3 style=\"text-align: center;\"><img class=\"size-medium wp-image-150 aligncenter\" src=\"https:\/\/stop-cyberbullying.eu\/wp-content\/uploads\/2022\/06\/Progessive-Hungary-300x140.png\" alt=\"Progessive-Magyarorsz\u00e1g\" width=\"300\" height=\"140\" srcset=\"https:\/\/stop-cyberbullying.eu\/wp-content\/uploads\/2022\/06\/Progessive-Hungary-200x93.png 200w, https:\/\/stop-cyberbullying.eu\/wp-content\/uploads\/2022\/06\/Progessive-Hungary-300x140.png 300w, https:\/\/stop-cyberbullying.eu\/wp-content\/uploads\/2022\/06\/Progessive-Hungary.png 320w\" sizes=\"(max-width: 300px) 100vw, 300px\" \/><br \/>\nProgressive (Magyarorsz\u00e1g)<\/h3>\n<p>Az Institute for Transformation v\u00edzi\u00f3ja az igazs\u00e1gos t\u00e1rsadalom \u00e9s a fenntarthat\u00f3 demokr\u00e1cia. Az Institute for Transformation &#8211; kor\u00e1bbi nev\u00e9n Progressz\u00edv Gazdas\u00e1gpolitikai Alap\u00edtv\u00e1ny &#8211; egy olyan agytr\u00f6szt, amely mer\u00e9sz elk\u00e9pzel\u00e9sek, rendezv\u00e9nyek, kamp\u00e1nyok \u00e9s k\u00eds\u00e9rleti projektek r\u00e9v\u00e9n igyekszik el\u0151mozd\u00edtani egy igazs\u00e1gos, demokratikus \u00e9s fenntarthat\u00f3 Magyarorsz\u00e1g \u00fcgy\u00e9t. Tev\u00e9kenys\u00e9gi ter\u00fcleteik a k\u00f6vetkez\u0151k: munka\u00fcgyek, szoci\u00e1lis j\u00f3l\u00e9t, oktat\u00e1s, migr\u00e1ci\u00f3 stb.<br \/>\n<a href=\"https:\/\/atalakulasintezet.hu\" target=\"_blank\" rel=\"noopener\">B\u0151vebben Progressive<\/a><\/p>\n<hr>\n<h3 style=\"text-align: center;\"><img class=\"size-medium wp-image-157 aligncenter\" src=\"https:\/\/stop-cyberbullying.eu\/wp-content\/uploads\/2022\/06\/SOLIDAR-belgique-300x107.jpg\" alt=\"SOLIDAR-Belgium\" width=\"300\" height=\"107\" srcset=\"https:\/\/stop-cyberbullying.eu\/wp-content\/uploads\/2022\/06\/SOLIDAR-belgique-200x71.jpg 200w, https:\/\/stop-cyberbullying.eu\/wp-content\/uploads\/2022\/06\/SOLIDAR-belgique-300x107.jpg 300w, https:\/\/stop-cyberbullying.eu\/wp-content\/uploads\/2022\/06\/SOLIDAR-belgique.jpg 320w\" sizes=\"(max-width: 300px) 100vw, 300px\" \/><br \/>\nSolidar (Belgium)<\/h3>\n<p>A SOLIDAR Alap\u00edtv\u00e1ny a SOLIDAR egy\u00fcttm\u0171k\u00f6d\u00e9si platformja, amely a t\u00e1rsadalmi igazs\u00e1goss\u00e1g eur\u00f3pai \u00e9s vil\u00e1gszint\u0171 el\u0151mozd\u00edt\u00e1s\u00e1n dolgoz\u00f3 nem korm\u00e1nyzati szervezetek eur\u00f3pai \u00e9s glob\u00e1lis h\u00e1l\u00f3zata. A SOLIDAR 60 tagszervezetet t\u00f6m\u00f6r\u00edt, amelyek sz\u00e9khelye 25 uni\u00f3s tag\u00e1llamban \u00e9s 6 tagjel\u00f6lt orsz\u00e1gban tal\u00e1lhat\u00f3. Egy\u00fctt dolgozunk a szoci\u00e1lis \u00fcgyek, a nemzetk\u00f6zi egy\u00fcttm\u0171k\u00f6d\u00e9s \u00e9s az eg\u00e9sz \u00e9leten \u00e1t tart\u00f3 tanul\u00e1s ter\u00fclet\u00e9n.<br \/>\n<a href=\"https:\/\/www.solidar.org\" target=\"_blank\" rel=\"noopener\">B\u0151vebben SOLIDAR<\/a><\/p>\n<hr>\n<h3 style=\"text-align: center;\"><img class=\"size-medium wp-image-164 aligncenter\" src=\"https:\/\/stop-cyberbullying.eu\/wp-content\/uploads\/2022\/06\/Solidarna-Croatie-300x132.png\" alt=\"Solidarna-Horv\u00e1torsz\u00e1g\" width=\"300\" height=\"132\" srcset=\"https:\/\/stop-cyberbullying.eu\/wp-content\/uploads\/2022\/06\/Solidarna-Croatie-200x88.png 200w, https:\/\/stop-cyberbullying.eu\/wp-content\/uploads\/2022\/06\/Solidarna-Croatie-300x132.png 300w, https:\/\/stop-cyberbullying.eu\/wp-content\/uploads\/2022\/06\/Solidarna-Croatie.png 320w\" sizes=\"(max-width: 300px) 100vw, 300px\" \/><br \/>\nSolidarna (Horv\u00e1torsz\u00e1g)<\/h3>\n<p>A SOLIDARNA horv\u00e1t alap\u00edtv\u00e1nyt az emberi jogok\u00e9rt \u00e9s a szolidarit\u00e1s\u00e9rt 2015-ben hozt\u00e1k l\u00e9tre. Az alap\u00edt\u00f3k meggy\u0151z\u0151d\u00e9se, hogy az emberi jogok &#8211; a v\u00e9lem\u00e9nynyilv\u00e1n\u00edt\u00e1s, a gy\u00fclekez\u00e9s \u00e9s az egyes\u00fcl\u00e9s szabads\u00e1ga, a munk\u00e1hoz, az eg\u00e9szs\u00e9ges k\u00f6rnyezethez \u00e9s az alapvet\u0151 k\u00f6zjavakhoz val\u00f3 jog &#8211; el\u0151mozd\u00edt\u00e1sa \u00e9s v\u00e9delme folyamatos er\u0151fesz\u00edt\u00e9seket, kreativit\u00e1st \u00e9s er\u0151s ellen\u00e1ll\u00e1st ig\u00e9nyel mindenf\u00e9le nyom\u00e1ssal szemben.<br \/>\n<a href=\"https:\/\/solidarna.hr\" target=\"_blank\" rel=\"noopener\">B\u0151vebben SOLIDARNA<\/a><\/p>\n","protected":false},"excerpt":{"rendered":"<p>Egy eur\u00f3pai projekt Ez a weboldal a #YouthAgainstCyberbullying eur\u00f3pai projekt [&hellip;]<\/p>\n","protected":false},"author":2,"featured_media":0,"parent":0,"menu_order":0,"comment_status":"closed","ping_status":"closed","template":"","meta":[],"_links":{"self":[{"href":"https:\/\/stop-cyberbullying.eu\/hu\/wp-json\/wp\/v2\/pages\/322"}],"collection":[{"href":"https:\/\/stop-cyberbullying.eu\/hu\/wp-json\/wp\/v2\/pages"}],"about":[{"href":"https:\/\/stop-cyberbullying.eu\/hu\/wp-json\/wp\/v2\/types\/page"}],"author":[{"embeddable":true,"href":"https:\/\/stop-cyberbullying.eu\/hu\/wp-json\/wp\/v2\/users\/2"}],"replies":[{"embeddable":true,"href":"https:\/\/stop-cyberbullying.eu\/hu\/wp-json\/wp\/v2\/comments?post=322"}],"version-history":[{"count":1,"href":"https:\/\/stop-cyberbullying.eu\/hu\/wp-json\/wp\/v2\/pages\/322\/revisions"}],"predecessor-version":[{"id":333,"href":"https:\/\/stop-cyberbullying.eu\/hu\/wp-json\/wp\/v2\/pages\/322\/revisions\/333"}],"wp:attachment":[{"href":"https:\/\/stop-cyberbullying.eu\/hu\/wp-json\/wp\/v2\/media?parent=322"}],"curies":[{"name":"wp","href":"https:\/\/api.w.org\/{rel}","templated":true}]}}