{"id":253,"date":"2022-07-01T10:29:05","date_gmt":"2022-07-01T09:29:05","guid":{"rendered":"https:\/\/stop-cyberbullying.eu\/home\/"},"modified":"2022-12-01T12:32:57","modified_gmt":"2022-12-01T11:32:57","slug":"home","status":"publish","type":"page","link":"https:\/\/stop-cyberbullying.eu\/hu\/","title":{"rendered":"Home"},"content":{"rendered":"<p style=\"text-align: center;\">Ez a weboldal a #YouthAgainstCyberbullying eur\u00f3pai projekt keret\u00e9ben j\u00f6tt l\u00e9tre 2021-ben. A hat orsz\u00e1got (Franciaorsz\u00e1g, D\u00e1nia, Szerbia, Olaszorsz\u00e1g, Horv\u00e1torsz\u00e1g \u00e9s Magyarorsz\u00e1g) \u00f6sszefog\u00f3 projekt c\u00e9lja az online m\u00e9rgez\u0151 besz\u00e9d (gy\u0171l\u00f6letbesz\u00e9d, diszkrimin\u00e1ci\u00f3, s\u00e9rteget\u00e9s, fenyeget\u00e9s, k\u00e9p- \u00e9s vide\u00f3megoszt\u00e1s stb.) \u00e9s k\u00fcl\u00f6n\u00f6sen a cyberbullying elleni k\u00fczdelem. A c\u00e9l az eur\u00f3pai fiatalok figyelm\u00e9nek felkelt\u00e9se a jobb online magatart\u00e1s kialak\u00edt\u00e1s\u00e1ra.<br \/>\n<a href=\"https:\/\/stop-cyberbullying.eu\/hu\/a-honlaprol\/\">More about us \u00bb<\/a><\/p>\n<hr \/>\n<div class=\"fusion-fullwidth fullwidth-box fusion-builder-row-1 fusion-flex-container nonhundred-percent-fullwidth non-hundred-percent-height-scrolling\" style=\"background-color: rgba(255,255,255,0);background-position: center center;background-repeat: no-repeat;border-width: 0px 0px 0px 0px;border-color:#e2e2e2;border-style:solid;\" ><\/p>\n<div class=\"fusion-builder-row fusion-row fusion-flex-align-items-flex-start\" style=\"max-width:1248px;margin-left: calc(-4% \/ 2 );margin-right: calc(-4% \/ 2 );\">\n<div class=\"fusion-layout-column fusion_builder_column fusion-builder-column-0 fusion_builder_column_1_3 1_3 fusion-flex-column\"><div class=\"fusion-column-wrapper fusion-flex-justify-content-flex-start fusion-content-layout-column\" style=\"background-position:left top;background-repeat:no-repeat;-webkit-background-size:cover;-moz-background-size:cover;-o-background-size:cover;background-size:cover;padding: 0px 0px 0px 0px;\">\n<h2>Tapasztalatok<\/h2>\n<style type=\"text\/css\">.fusion-portfolio-wrapper#fusion-portfolio-1 .fusion-portfolio-content{  text-align: left; }<\/style><div class=\"fusion-recent-works fusion-portfolio-element fusion-portfolio fusion-portfolio-1 fusion-portfolio-grid fusion-portfolio-paging-pagination fusion-portfolio-one fusion-portfolio-unboxed fusion-portfolio-text fusion-portfolio-rollover\" data-id=\"-rw-1\" data-columns=\"one\"><style type=\"text\/css\">.fusion-portfolio-1 .fusion-portfolio-wrapper .fusion-col-spacing{padding:15px;}<\/style><div class=\"fusion-portfolio-wrapper\" id=\"fusion-portfolio-1\" data-picturesize=\"auto\" data-pages=\"1\" style=\"margin:-15px;\"><article id=\"portfolio-1-post-352\" class=\"fusion-portfolio-post tapasztalatok fusion-col-spacing post-352\"><div class=\"fusion-portfolio-content-wrapper\" style=\"border:none;\"><span class=\"vcard rich-snippet-hidden\"><span class=\"fn\"><a href=\"https:\/\/stop-cyberbullying.eu\/hu\/author\/alice-chisin\/\" title=\"Alice Chisin bejegyz\u00e9se\" rel=\"author\">Alice Chisin<\/a><\/span><\/span><span class=\"updated rich-snippet-hidden\">2022-07-08T12:45:55+01:00<\/span><div  class=\"fusion-image-wrapper\" aria-haspopup=\"true\">\n\t\t\t\t<img width=\"2104\" height=\"708\" src=\"https:\/\/stop-cyberbullying.eu\/wp-content\/uploads\/2022\/07\/Capture-de\u0301cran-2022-07-05-a\u0300-18.03.30.png\" class=\"attachment-full size-full wp-post-image\" alt=\"\" loading=\"lazy\" srcset=\"https:\/\/stop-cyberbullying.eu\/wp-content\/uploads\/2022\/07\/Capture-de\u0301cran-2022-07-05-a\u0300-18.03.30-200x67.png 200w, https:\/\/stop-cyberbullying.eu\/wp-content\/uploads\/2022\/07\/Capture-de\u0301cran-2022-07-05-a\u0300-18.03.30-400x135.png 400w, https:\/\/stop-cyberbullying.eu\/wp-content\/uploads\/2022\/07\/Capture-de\u0301cran-2022-07-05-a\u0300-18.03.30-600x202.png 600w, https:\/\/stop-cyberbullying.eu\/wp-content\/uploads\/2022\/07\/Capture-de\u0301cran-2022-07-05-a\u0300-18.03.30-800x269.png 800w, https:\/\/stop-cyberbullying.eu\/wp-content\/uploads\/2022\/07\/Capture-de\u0301cran-2022-07-05-a\u0300-18.03.30-1200x404.png 1200w, https:\/\/stop-cyberbullying.eu\/wp-content\/uploads\/2022\/07\/Capture-de\u0301cran-2022-07-05-a\u0300-18.03.30.png 2104w\" sizes=\"(min-width: 2200px) 100vw, (min-width: 640px) 1200px, \" \/><div class=\"fusion-rollover\">\n\t<div class=\"fusion-rollover-content\">\n\n\t\t\t\t\t\t\t\t\t\t\t\t\t\t<a class=\"fusion-rollover-link\" href=\"https:\/\/stop-cyberbullying.eu\/hu\/portfolio-items\/beszeljunk-a-cyberbullyingrol\/?portfolioCats=43%2C43\">Besz\u00e9lj\u00fcnk a cyberbullyingr\u00f3l !<\/a>\n\t\t\t\n\t\t\t\t\t\t\t\t\t\t\t\t\t\t\n\t\t\t\t\t\t\t\t\n\t\t\t\t\t\t\t\t\t\t\t\t\t<div class=\"fusion-rollover-sep\"><\/div>\n\t\t\t\t\n\t\t\t\t\t\t\t\t\t\t\t\t\t\t\t\t\t\t<a class=\"fusion-rollover-gallery\" href=\"https:\/\/stop-cyberbullying.eu\/wp-content\/uploads\/2022\/07\/Capture-de\u0301cran-2022-07-05-a\u0300-18.03.30.png\" data-id=\"352\" data-rel=\"iLightbox[gallery-rw-1]\" data-title=\"Capture d\u2019e\u0301cran 2022-07-05 a\u0300 18.03.30\" data-caption=\"\">\n\t\t\t\t\t\tGallery\t\t\t\t\t<\/a>\n\t\t\t\t\t\t\t\t\t\t\t\t\t\t\n\t\t\n\t\t\t\t\t\t\t\t\t\t\t\t<h4 class=\"fusion-rollover-title\">\n\t\t\t\t\t<a class=\"fusion-rollover-title-link\" href=\"https:\/\/stop-cyberbullying.eu\/hu\/portfolio-items\/beszeljunk-a-cyberbullyingrol\/?portfolioCats=43%2C43\">\n\t\t\t\t\t\tBesz\u00e9lj\u00fcnk a cyberbullyingr\u00f3l !\t\t\t\t\t<\/a>\n\t\t\t\t<\/h4>\n\t\t\t\n\t\t\t\t\t\t\t\t\t\t<div class=\"fusion-rollover-categories\"><a href=\"https:\/\/stop-cyberbullying.eu\/hu\/portfolio_category\/tapasztalatok\/\" rel=\"tag\">Tapasztalatok<\/a><\/div>\t\t\t\t\t\n\t\t\n\t\t\t\t\t\t<a class=\"fusion-link-wrapper\" href=\"https:\/\/stop-cyberbullying.eu\/hu\/portfolio-items\/beszeljunk-a-cyberbullyingrol\/?portfolioCats=43%2C43\" aria-label=\"Besz\u00e9lj\u00fcnk a cyberbullyingr\u00f3l !\"><\/a>\n\t<\/div>\n<\/div>\n<\/div>\n<div class=\"fusion-portfolio-content\"><h2 class=\"entry-title fusion-post-title\"><a href=\"https:\/\/stop-cyberbullying.eu\/hu\/portfolio-items\/beszeljunk-a-cyberbullyingrol\/?portfolioCats=43%2C43\">Besz\u00e9lj\u00fcnk a cyberbullyingr\u00f3l !<\/a><\/h2><div class=\"fusion-post-content\"><p>2022 m\u00e1rcius\u00e1ban D\u00e1ni\u00e1ban, Koppenh\u00e1g\u00e1ban szemin\u00e1riumot tartottak a sz\u00e1m\u00edt\u00f3g\u00e9pes zaklat\u00e1sr\u00f3l. A [...]<\/p><div class=\"fusion-portfolio-buttons\"><a href=\"https:\/\/stop-cyberbullying.eu\/hu\/portfolio-items\/beszeljunk-a-cyberbullyingrol\/?portfolioCats=43%2C43\" class=\"fusion-button fusion-button-small fusion-button-default fusion-button-flat\">Learn More<\/a><\/div><\/div><\/div><\/div><div class=\"fusion-clearfix\"><\/div><div class=\"fusion-separator sep-double\"><\/div><\/article><\/div><\/div>\n<\/div><style type=\"text\/css\">.fusion-body .fusion-builder-column-0{width:33.333333333333% !important;margin-top : 0px;margin-bottom : 20px;}.fusion-builder-column-0 > .fusion-column-wrapper {padding-top : 0px !important;padding-right : 0px !important;margin-right : 5.76%;padding-bottom : 0px !important;padding-left : 0px !important;margin-left : 5.76%;}@media only screen and (max-width:1024px) {.fusion-body .fusion-builder-column-0{width:33.333333333333% !important;order : 0;}.fusion-builder-column-0 > .fusion-column-wrapper {margin-right : 5.76%;margin-left : 5.76%;}}@media only screen and (max-width:640px) {.fusion-body .fusion-builder-column-0{width:100% !important;order : 0;}.fusion-builder-column-0 > .fusion-column-wrapper {margin-right : 1.92%;margin-left : 1.92%;}}<\/style><\/div>\n<div class=\"fusion-layout-column fusion_builder_column fusion-builder-column-1 fusion_builder_column_1_3 1_3 fusion-flex-column\"><div class=\"fusion-column-wrapper fusion-flex-justify-content-flex-start fusion-content-layout-column\" style=\"background-position:left top;background-repeat:no-repeat;-webkit-background-size:cover;-moz-background-size:cover;-o-background-size:cover;background-size:cover;padding: 0px 0px 0px 0px;\">\n<h2>Oktat\u00e1si eszk\u00f6z\u00f6k<\/h2>\n\n<\/div><style type=\"text\/css\">.fusion-body .fusion-builder-column-1{width:33.333333333333% !important;margin-top : 0px;margin-bottom : 20px;}.fusion-builder-column-1 > .fusion-column-wrapper {padding-top : 0px !important;padding-right : 0px !important;margin-right : 5.76%;padding-bottom : 0px !important;padding-left : 0px !important;margin-left : 5.76%;}@media only screen and (max-width:1024px) {.fusion-body .fusion-builder-column-1{width:33.333333333333% !important;order : 0;}.fusion-builder-column-1 > .fusion-column-wrapper {margin-right : 5.76%;margin-left : 5.76%;}}@media only screen and (max-width:640px) {.fusion-body .fusion-builder-column-1{width:100% !important;order : 0;}.fusion-builder-column-1 > .fusion-column-wrapper {margin-right : 1.92%;margin-left : 1.92%;}}<\/style><\/div>\n<div class=\"fusion-layout-column fusion_builder_column fusion-builder-column-2 fusion_builder_column_1_3 1_3 fusion-flex-column\"><div class=\"fusion-column-wrapper fusion-flex-justify-content-flex-start fusion-content-layout-column\" style=\"background-position:left top;background-repeat:no-repeat;-webkit-background-size:cover;-moz-background-size:cover;-o-background-size:cover;background-size:cover;padding: 0px 0px 0px 0px;\">\n<p><em>\/\/ here App download links<br \/>\n<\/em><\/p>\n<\/div><style type=\"text\/css\">.fusion-body .fusion-builder-column-2{width:33.333333333333% !important;margin-top : 0px;margin-bottom : 20px;}.fusion-builder-column-2 > .fusion-column-wrapper {padding-top : 0px !important;padding-right : 0px !important;margin-right : 5.76%;padding-bottom : 0px !important;padding-left : 0px !important;margin-left : 5.76%;}@media only screen and (max-width:1024px) {.fusion-body .fusion-builder-column-2{width:33.333333333333% !important;order : 0;}.fusion-builder-column-2 > .fusion-column-wrapper {margin-right : 5.76%;margin-left : 5.76%;}}@media only screen and (max-width:640px) {.fusion-body .fusion-builder-column-2{width:100% !important;order : 0;}.fusion-builder-column-2 > .fusion-column-wrapper {margin-right : 1.92%;margin-left : 1.92%;}}<\/style><\/div>\n<\/div><style type=\"text\/css\">.fusion-body .fusion-flex-container.fusion-builder-row-1{ padding-top : 0px;margin-top : 0px;padding-right : 0px;padding-bottom : 0px;margin-bottom : 0px;padding-left : 0px;}<\/style><\/div>\n","protected":false},"excerpt":{"rendered":"<p>Ez a weboldal a #YouthAgainstCyberbullying eur\u00f3pai projekt keret\u00e9ben j\u00f6tt l\u00e9tre [&hellip;]<\/p>\n","protected":false},"author":2,"featured_media":0,"parent":0,"menu_order":0,"comment_status":"closed","ping_status":"closed","template":"","meta":[],"_links":{"self":[{"href":"https:\/\/stop-cyberbullying.eu\/hu\/wp-json\/wp\/v2\/pages\/253"}],"collection":[{"href":"https:\/\/stop-cyberbullying.eu\/hu\/wp-json\/wp\/v2\/pages"}],"about":[{"href":"https:\/\/stop-cyberbullying.eu\/hu\/wp-json\/wp\/v2\/types\/page"}],"author":[{"embeddable":true,"href":"https:\/\/stop-cyberbullying.eu\/hu\/wp-json\/wp\/v2\/users\/2"}],"replies":[{"embeddable":true,"href":"https:\/\/stop-cyberbullying.eu\/hu\/wp-json\/wp\/v2\/comments?post=253"}],"version-history":[{"count":14,"href":"https:\/\/stop-cyberbullying.eu\/hu\/wp-json\/wp\/v2\/pages\/253\/revisions"}],"predecessor-version":[{"id":641,"href":"https:\/\/stop-cyberbullying.eu\/hu\/wp-json\/wp\/v2\/pages\/253\/revisions\/641"}],"wp:attachment":[{"href":"https:\/\/stop-cyberbullying.eu\/hu\/wp-json\/wp\/v2\/media?parent=253"}],"curies":[{"name":"wp","href":"https:\/\/api.w.org\/{rel}","templated":true}]}}