{"id":512,"date":"2022-07-08T12:40:50","date_gmt":"2022-07-08T11:40:50","guid":{"rendered":"https:\/\/stop-cyberbullying.eu\/good-practices\/"},"modified":"2022-07-08T14:41:04","modified_gmt":"2022-07-08T13:41:04","slug":"good-practices","status":"publish","type":"page","link":"https:\/\/stop-cyberbullying.eu\/hr\/good-practices\/","title":{"rendered":"Dobre prakse"},"content":{"rendered":"<hr class=\"hr-title\">\n<h2 style=\"text-align: center; margin-bottom: 0;\">Kako djelovati?<\/h2>\n<hr class=\"hr-title\">\n<h3 style=\"text-align: center;\"><img class=\"alignnone size-full wp-image-183\" src=\"https:\/\/stop-cyberbullying.eu\/wp-content\/uploads\/2022\/06\/stop-cyberbullying-victim.png\" alt=\"stop-cyberbullying-victim\" width=\"180\" height=\"180\" srcset=\"https:\/\/stop-cyberbullying.eu\/wp-content\/uploads\/2022\/06\/stop-cyberbullying-victim-66x66.png 66w, https:\/\/stop-cyberbullying.eu\/wp-content\/uploads\/2022\/06\/stop-cyberbullying-victim-150x150.png 150w, https:\/\/stop-cyberbullying.eu\/wp-content\/uploads\/2022\/06\/stop-cyberbullying-victim.png 180w\" sizes=\"(max-width: 180px) 100vw, 180px\" \/><br \/>\nJa sam osoba izlo\u017eena cyberbullyingu<\/h3>\n<p>5 savjeta ako si osoba izlo\u017eena cyberbullyingu:<\/p>\n<ul class=\"fusion-checklist fusion-checklist-1\" style=\"font-size:16px;line-height:27.2px;\"><li style=\"background-color:rgba(255,255,255,0);\" class=\"fusion-li-item\"><span style=\"height:27.2px;width:27.2px;margin-right:11.2px;\" class=\"icon-wrapper circle-no\"><i class=\"fusion-li-icon fa-arrow-right fas\" style=\"color:#43a047;\" aria-hidden=\"true\"><\/i><\/span><div class=\"fusion-li-item-content\" style=\"margin-left:38.4px;color:var(--awb-color8);\">Povjeri se osobama kojima vjeruje\u0161 (roditeljima, prijateljima, u\u010diteljima, itd.)<\/div><\/li><li style=\"background-color:rgba(255,255,255,0);\" class=\"fusion-li-item\"><span style=\"height:27.2px;width:27.2px;margin-right:11.2px;\" class=\"icon-wrapper circle-no\"><i class=\"fusion-li-icon fa-arrow-right fas\" style=\"color:#43a047;\" aria-hidden=\"true\"><\/i><\/span><div class=\"fusion-li-item-content\" style=\"margin-left:38.4px;color:var(--awb-color8);\">Izmijeni postavke na dru\u0161tvenim mre\u017eama: Va\u017eno je ograni\u010diti pristup svojim profilima na dru\u0161tvenim mre\u017eama. Postoje opcije povjerljivosti \u010dijim se postavljanjem ne prikazuje popis tvojih prijatelja, deaktivira se geolokacija, ne prikazuju se tvoje fotografije, ograni\u010dava se pristup tvojim objavama odre\u0111enim osobama, itd. Tako\u0111er je mogu\u0107e blokirati osobe i zabraniti im pristup tvojem profilu.<\/div><\/li><li style=\"background-color:rgba(255,255,255,0);\" class=\"fusion-li-item\"><span style=\"height:27.2px;width:27.2px;margin-right:11.2px;\" class=\"icon-wrapper circle-no\"><i class=\"fusion-li-icon fa-arrow-right fas\" style=\"color:#43a047;\" aria-hidden=\"true\"><\/i><\/span><div class=\"fusion-li-item-content\" style=\"margin-left:38.4px;color:var(--awb-color8);\">Nemoj odgovarati i uzvra\u0107ati natrag: Umjesto da poku\u0161ava\u0161 odgovoriti, bolje je blokirati korisnika\/icu, prijaviti ga\/ju ili izravno doti\u010dnoj platformi prijaviti sadr\u017eaj koji \u017eeli\u0161 da bude obrisan.<\/div><\/li><li style=\"background-color:rgba(255,255,255,0);\" class=\"fusion-li-item\"><span style=\"height:27.2px;width:27.2px;margin-right:11.2px;\" class=\"icon-wrapper circle-no\"><i class=\"fusion-li-icon fa-arrow-right fas\" style=\"color:#43a047;\" aria-hidden=\"true\"><\/i><\/span><div class=\"fusion-li-item-content\" style=\"margin-left:38.4px;color:var(--awb-color8);\">\u010cuvaj \u0161to vi\u0161e dokaza o sadr\u017eaju (snimke zaslona, video i audio snimke,&#8230;), \u0161to \u0107e biti korisno u trenutku podno\u0161enja pritu\u017ebe.<\/div><\/li><li style=\"background-color:rgba(255,255,255,0);\" class=\"fusion-li-item\"><span style=\"height:27.2px;width:27.2px;margin-right:11.2px;\" class=\"icon-wrapper circle-no\"><i class=\"fusion-li-icon fa-arrow-right fas\" style=\"color:#43a047;\" aria-hidden=\"true\"><\/i><\/span><div class=\"fusion-li-item-content\" style=\"margin-left:38.4px;color:var(--awb-color8);\">Kontaktiraj cyberbullying SOS liniju<\/div><\/li>\n<\/ul>\n<h3 style=\"text-align: center;\"><img class=\"alignnone size-full wp-image-190\" src=\"https:\/\/stop-cyberbullying.eu\/wp-content\/uploads\/2022\/06\/stop-cyberbullying-witness.png\" alt=\"stop-cyberbullying-witness\" width=\"180\" height=\"223\"><br \/>\nJa sam svjedok cyberbullyinga<\/h3>\n<p>5 savjeta ako svjedo\u010di\u0161 cyberbullyingu :<br \/>\n<ul class=\"fusion-checklist fusion-checklist-2\" style=\"font-size:16px;line-height:27.2px;\"><li style=\"background-color:rgba(255,255,255,0);\" class=\"fusion-li-item\"><span style=\"height:27.2px;width:27.2px;margin-right:11.2px;\" class=\"icon-wrapper circle-no\"><i class=\"fusion-li-icon fa-arrow-right fas\" style=\"color:#43a047;\" aria-hidden=\"true\"><\/i><\/span><div class=\"fusion-li-item-content\" style=\"margin-left:38.4px;color:var(--awb-color8);\">Nemoj dijeliti sadr\u017eaj (\u010dak ni da bi ga osudio\/la), ve\u0107 ga prijavite! Budi oprezan\/na jer dijeljenje, komentiranje, podrazumijeva tvoju odgovornost pred zakonom. Nikada ne proslije\u0111uj fotografije, videozapise ili poruke mr\u017enje, \u010dak ni u svrhu prijave uznemiravanja.<\/div><\/li><li style=\"background-color:rgba(255,255,255,0);\" class=\"fusion-li-item\"><span style=\"height:27.2px;width:27.2px;margin-right:11.2px;\" class=\"icon-wrapper circle-no\"><i class=\"fusion-li-icon fa-arrow-right fas\" style=\"color:#43a047;\" aria-hidden=\"true\"><\/i><\/span><div class=\"fusion-li-item-content\" style=\"margin-left:38.4px;color:var(--awb-color8);\">Upozori osobu izlo\u017eenu cyberbullyingu.<\/div><\/li><li style=\"background-color:rgba(255,255,255,0);\" class=\"fusion-li-item\"><span style=\"height:27.2px;width:27.2px;margin-right:11.2px;\" class=\"icon-wrapper circle-no\"><i class=\"fusion-li-icon fa-arrow-right fas\" style=\"color:#43a047;\" aria-hidden=\"true\"><\/i><\/span><div class=\"fusion-li-item-content\" style=\"margin-left:38.4px;color:var(--awb-color8);\">Razvij bri\u017ean stav: ne sudi pona\u0161anje osoba izlo\u017eenih cyberbullyingu i ne \u010dini da se osje\u0107aju krivim.<\/div><\/li><li style=\"background-color:rgba(255,255,255,0);\" class=\"fusion-li-item\"><span style=\"height:27.2px;width:27.2px;margin-right:11.2px;\" class=\"icon-wrapper circle-no\"><i class=\"fusion-li-icon fa-arrow-right fas\" style=\"color:#43a047;\" aria-hidden=\"true\"><\/i><\/span><div class=\"fusion-li-item-content\" style=\"margin-left:38.4px;color:var(--awb-color8);\">Podr\u017ei ih: pomozi im u njihovim naporima, na primjer snimanjem snimaka zaslona (ako ne mogu pristupiti objavama), ali dokaze \u010duvaj samo onoliko dugo koliko je potrebno. Ako osoba izlo\u017eena cyberbullyingu ne \u017eeli poduzeti mjere, po\u0161tuj njezinu odluku i nemoj to \u010diniti za nju.<\/div><\/li><li style=\"background-color:rgba(255,255,255,0);\" class=\"fusion-li-item\"><span style=\"height:27.2px;width:27.2px;margin-right:11.2px;\" class=\"icon-wrapper circle-no\"><i class=\"fusion-li-icon fa-arrow-right fas\" style=\"color:#43a047;\" aria-hidden=\"true\"><\/i><\/span><div class=\"fusion-li-item-content\" style=\"margin-left:38.4px;color:var(--awb-color8);\">Informiraj osobe kojima vjeruje\u0161 (roditelje, u\u010ditelje, itd.) ili policiju.<\/div><\/li>\n<\/ul><\/p>\n<hr class=\"hr-title\" style=\"margin-top: 32px;\">\n<h2 style=\"text-align: center; margin-bottom: 0;\">Kako se za\u0161tititi na internetu<\/h2>\n<hr class=\"hr-title\" style=\"margin-bottom: 20px;\">\n<p style=\"text-align: center;\">\u0160est refleksa za usvajanje online<\/p>\n<div class=\"fusion-fullwidth fullwidth-box fusion-builder-row-1 fusion-flex-container nonhundred-percent-fullwidth non-hundred-percent-height-scrolling\" style=\"background-color: rgba(255,255,255,0);background-position: center center;background-repeat: no-repeat;border-width: 0px 0px 0px 0px;border-color:#e2e2e2;border-style:solid;\" ><div class=\"fusion-builder-row fusion-row fusion-flex-align-items-flex-start fusion-flex-justify-content-center\" style=\"max-width:1248px;margin-left: calc(-4% \/ 2 );margin-right: calc(-4% \/ 2 );\">\n<div class=\"fusion-builder-row fusion-builder-row-inner fusion-row fusion-flex-align-items-flex-start fusion-flex-justify-content-center\" style=\"width:104% !important;max-width:104% !important;margin-left: calc(-4% \/ 2 );margin-right: calc(-4% \/ 2 );\"><\/div><div class=\"fusion-layout-column fusion_builder_column_inner fusion-builder-nested-column-0 fusion_builder_column_inner_1_3 1_3 fusion-flex-column\"><div class=\"fusion-column-wrapper fusion-flex-justify-content-flex-start fusion-content-layout-column\" style=\"background-position:left top;background-repeat:no-repeat;-webkit-background-size:cover;-moz-background-size:cover;-o-background-size:cover;background-size:cover;padding: 0px 0px 0px 0px;\">\n<p style=\"text-align: center;\"><img class=\"alignnone size-full wp-image-204\" src=\"https:\/\/stop-cyberbullying.eu\/wp-content\/uploads\/2022\/06\/stop-cyberbullying-ask.png\" alt=\"\" width=\"180\" height=\"180\" srcset=\"https:\/\/stop-cyberbullying.eu\/wp-content\/uploads\/2022\/06\/stop-cyberbullying-ask-66x66.png 66w, https:\/\/stop-cyberbullying.eu\/wp-content\/uploads\/2022\/06\/stop-cyberbullying-ask-150x150.png 150w, https:\/\/stop-cyberbullying.eu\/wp-content\/uploads\/2022\/06\/stop-cyberbullying-ask.png 180w\" sizes=\"(max-width: 180px) 100vw, 180px\" \/><br \/>\nPrije objave fotografije ili videa na dru\u0161tvenim mre\u017eama tra\u017eim suglasnost osobe ili osoba.<\/p>\n<\/div><style type=\"text\/css\">.fusion-body .fusion-builder-nested-column-0{width:33.333333333333% !important;margin-top : 0px;margin-bottom : 20px;}.fusion-builder-nested-column-0 > .fusion-column-wrapper {padding-top : 0px !important;padding-right : 0px !important;margin-right : 5.76%;padding-bottom : 0px !important;padding-left : 0px !important;margin-left : 5.76%;}@media only screen and (max-width:1024px) {.fusion-body .fusion-builder-nested-column-0{width:33.333333333333% !important;order : 0;}.fusion-builder-nested-column-0 > .fusion-column-wrapper {margin-right : 5.76%;margin-left : 5.76%;}}@media only screen and (max-width:640px) {.fusion-body .fusion-builder-nested-column-0{width:100% !important;order : 0;}.fusion-builder-nested-column-0 > .fusion-column-wrapper {margin-right : 1.92%;margin-left : 1.92%;}}<\/style><\/div><div class=\"fusion-layout-column fusion_builder_column_inner fusion-builder-nested-column-1 fusion_builder_column_inner_1_3 1_3 fusion-flex-column\"><div class=\"fusion-column-wrapper fusion-flex-justify-content-flex-start fusion-content-layout-column\" style=\"background-position:left top;background-repeat:no-repeat;-webkit-background-size:cover;-moz-background-size:cover;-o-background-size:cover;background-size:cover;padding: 0px 0px 0px 0px;\">\n<p style=\"text-align: center;\"><img class=\"alignnone size-full wp-image-211\" src=\"https:\/\/stop-cyberbullying.eu\/wp-content\/uploads\/2022\/06\/stop-cyberbullying-think.png\" alt=\"\" width=\"180\" height=\"180\" srcset=\"https:\/\/stop-cyberbullying.eu\/wp-content\/uploads\/2022\/06\/stop-cyberbullying-think-66x66.png 66w, https:\/\/stop-cyberbullying.eu\/wp-content\/uploads\/2022\/06\/stop-cyberbullying-think-150x150.png 150w, https:\/\/stop-cyberbullying.eu\/wp-content\/uploads\/2022\/06\/stop-cyberbullying-think.png 180w\" sizes=\"(max-width: 180px) 100vw, 180px\" \/><br \/>\nRazmi\u0161ljam o posljedicama za sebe i druge prije objave ili lajkanja sadr\u017eaja na internetu.<\/p>\n<\/div><style type=\"text\/css\">.fusion-body .fusion-builder-nested-column-1{width:33.333333333333% !important;margin-top : 0px;margin-bottom : 20px;}.fusion-builder-nested-column-1 > .fusion-column-wrapper {padding-top : 0px !important;padding-right : 0px !important;margin-right : 5.76%;padding-bottom : 0px !important;padding-left : 0px !important;margin-left : 5.76%;}@media only screen and (max-width:1024px) {.fusion-body .fusion-builder-nested-column-1{width:33.333333333333% !important;order : 0;}.fusion-builder-nested-column-1 > .fusion-column-wrapper {margin-right : 5.76%;margin-left : 5.76%;}}@media only screen and (max-width:640px) {.fusion-body .fusion-builder-nested-column-1{width:100% !important;order : 0;}.fusion-builder-nested-column-1 > .fusion-column-wrapper {margin-right : 1.92%;margin-left : 1.92%;}}<\/style><\/div><div class=\"fusion-layout-column fusion_builder_column_inner fusion-builder-nested-column-2 fusion_builder_column_inner_1_3 1_3 fusion-flex-column\"><div class=\"fusion-column-wrapper fusion-flex-justify-content-flex-start fusion-content-layout-column\" style=\"background-position:left top;background-repeat:no-repeat;-webkit-background-size:cover;-moz-background-size:cover;-o-background-size:cover;background-size:cover;padding: 0px 0px 0px 0px;\">\n<p style=\"text-align: center;\"><img class=\"alignnone size-full wp-image-218\" src=\"https:\/\/stop-cyberbullying.eu\/wp-content\/uploads\/2022\/06\/stop-cyberbullying-protect.png\" alt=\"\" width=\"180\" height=\"180\" srcset=\"https:\/\/stop-cyberbullying.eu\/wp-content\/uploads\/2022\/06\/stop-cyberbullying-protect-66x66.png 66w, https:\/\/stop-cyberbullying.eu\/wp-content\/uploads\/2022\/06\/stop-cyberbullying-protect-150x150.png 150w, https:\/\/stop-cyberbullying.eu\/wp-content\/uploads\/2022\/06\/stop-cyberbullying-protect.png 180w\" sizes=\"(max-width: 180px) 100vw, 180px\" \/><br \/>\nSvoje osobne podatke (ime, fotografije, e-mail adresu,&#8230;) \u0161titim tako \u0161to konfiguriram postavke privatnosti svog profila na dru\u0161tvenoj mre\u017ei i poja\u010davam svoje lozinke.<\/p>\n<\/div><style type=\"text\/css\">.fusion-body .fusion-builder-nested-column-2{width:33.333333333333% !important;margin-top : 0px;margin-bottom : 20px;}.fusion-builder-nested-column-2 > .fusion-column-wrapper {padding-top : 0px !important;padding-right : 0px !important;margin-right : 5.76%;padding-bottom : 0px !important;padding-left : 0px !important;margin-left : 5.76%;}@media only screen and (max-width:1024px) {.fusion-body .fusion-builder-nested-column-2{width:33.333333333333% !important;order : 0;}.fusion-builder-nested-column-2 > .fusion-column-wrapper {margin-right : 5.76%;margin-left : 5.76%;}}@media only screen and (max-width:640px) {.fusion-body .fusion-builder-nested-column-2{width:100% !important;order : 0;}.fusion-builder-nested-column-2 > .fusion-column-wrapper {margin-right : 1.92%;margin-left : 1.92%;}}<\/style><\/div><div class=\"fusion-layout-column fusion_builder_column_inner fusion-builder-nested-column-3 fusion_builder_column_inner_1_3 1_3 fusion-flex-column\"><div class=\"fusion-column-wrapper fusion-flex-justify-content-flex-start fusion-content-layout-column\" style=\"background-position:left top;background-repeat:no-repeat;-webkit-background-size:cover;-moz-background-size:cover;-o-background-size:cover;background-size:cover;padding: 0px 0px 0px 0px;\">\n<p style=\"text-align: center;\"><img class=\"alignnone size-full wp-image-225\" src=\"https:\/\/stop-cyberbullying.eu\/wp-content\/uploads\/2022\/06\/stop-cyberbullying-dont-accept.png\" alt=\"\" width=\"180\" height=\"180\" srcset=\"https:\/\/stop-cyberbullying.eu\/wp-content\/uploads\/2022\/06\/stop-cyberbullying-dont-accept-66x66.png 66w, https:\/\/stop-cyberbullying.eu\/wp-content\/uploads\/2022\/06\/stop-cyberbullying-dont-accept-150x150.png 150w, https:\/\/stop-cyberbullying.eu\/wp-content\/uploads\/2022\/06\/stop-cyberbullying-dont-accept.png 180w\" sizes=\"(max-width: 180px) 100vw, 180px\" \/><br \/>\nNe primam strance! Va\u017eno je ne prihva\u0107ati zahtjeve za prijateljstvo od ljudi koje ne poznajete. Postavite svoje dru\u0161tvene mre\u017ee da prihva\u0107aju zahtjeve samo od va\u0161ih prijatelja.<\/p>\n<\/div><style type=\"text\/css\">.fusion-body .fusion-builder-nested-column-3{width:33.333333333333% !important;margin-top : 0px;margin-bottom : 20px;}.fusion-builder-nested-column-3 > .fusion-column-wrapper {padding-top : 0px !important;padding-right : 0px !important;margin-right : 5.76%;padding-bottom : 0px !important;padding-left : 0px !important;margin-left : 5.76%;}@media only screen and (max-width:1024px) {.fusion-body .fusion-builder-nested-column-3{width:33.333333333333% !important;order : 0;}.fusion-builder-nested-column-3 > .fusion-column-wrapper {margin-right : 5.76%;margin-left : 5.76%;}}@media only screen and (max-width:640px) {.fusion-body .fusion-builder-nested-column-3{width:100% !important;order : 0;}.fusion-builder-nested-column-3 > .fusion-column-wrapper {margin-right : 1.92%;margin-left : 1.92%;}}<\/style><\/div><div class=\"fusion-layout-column fusion_builder_column_inner fusion-builder-nested-column-4 fusion_builder_column_inner_1_3 1_3 fusion-flex-column\"><div class=\"fusion-column-wrapper fusion-flex-justify-content-flex-start fusion-content-layout-column\" style=\"background-position:left top;background-repeat:no-repeat;-webkit-background-size:cover;-moz-background-size:cover;-o-background-size:cover;background-size:cover;padding: 0px 0px 0px 0px;\">\n<p style=\"text-align: center;\"><img class=\"alignnone size-full wp-image-232\" src=\"https:\/\/stop-cyberbullying.eu\/wp-content\/uploads\/2022\/06\/stop-cyberbullying-refuse.png\" alt=\"\" width=\"180\" height=\"180\" srcset=\"https:\/\/stop-cyberbullying.eu\/wp-content\/uploads\/2022\/06\/stop-cyberbullying-refuse-66x66.png 66w, https:\/\/stop-cyberbullying.eu\/wp-content\/uploads\/2022\/06\/stop-cyberbullying-refuse-150x150.png 150w, https:\/\/stop-cyberbullying.eu\/wp-content\/uploads\/2022\/06\/stop-cyberbullying-refuse.png 180w\" sizes=\"(max-width: 180px) 100vw, 180px\" \/><br \/>\nOdbijam dijeliti ili povezivati postove koji ismijavaju ili poni\u017eavaju druge.<\/p>\n<\/div><style type=\"text\/css\">.fusion-body .fusion-builder-nested-column-4{width:33.333333333333% !important;margin-top : 0px;margin-bottom : 20px;}.fusion-builder-nested-column-4 > .fusion-column-wrapper {padding-top : 0px !important;padding-right : 0px !important;margin-right : 5.76%;padding-bottom : 0px !important;padding-left : 0px !important;margin-left : 5.76%;}@media only screen and (max-width:1024px) {.fusion-body .fusion-builder-nested-column-4{width:33.333333333333% !important;order : 0;}.fusion-builder-nested-column-4 > .fusion-column-wrapper {margin-right : 5.76%;margin-left : 5.76%;}}@media only screen and (max-width:640px) {.fusion-body .fusion-builder-nested-column-4{width:100% !important;order : 0;}.fusion-builder-nested-column-4 > .fusion-column-wrapper {margin-right : 1.92%;margin-left : 1.92%;}}<\/style><\/div><div class=\"fusion-layout-column fusion_builder_column_inner fusion-builder-nested-column-5 fusion_builder_column_inner_1_3 1_3 fusion-flex-column\"><div class=\"fusion-column-wrapper fusion-flex-justify-content-flex-start fusion-content-layout-column\" style=\"background-position:left top;background-repeat:no-repeat;-webkit-background-size:cover;-moz-background-size:cover;-o-background-size:cover;background-size:cover;padding: 0px 0px 0px 0px;\">\n<p style=\"text-align: center;\"><img class=\"alignnone size-full wp-image-239\" src=\"https:\/\/stop-cyberbullying.eu\/wp-content\/uploads\/2022\/06\/stop-cyberbullying-report.png\" alt=\"\" width=\"180\" height=\"180\" srcset=\"https:\/\/stop-cyberbullying.eu\/wp-content\/uploads\/2022\/06\/stop-cyberbullying-report-66x66.png 66w, https:\/\/stop-cyberbullying.eu\/wp-content\/uploads\/2022\/06\/stop-cyberbullying-report-150x150.png 150w, https:\/\/stop-cyberbullying.eu\/wp-content\/uploads\/2022\/06\/stop-cyberbullying-report.png 180w\" sizes=\"(max-width: 180px) 100vw, 180px\" \/><br \/>\nPrijavljujem uvredljiv sadr\u017eaj i sadr\u017eaj pun mr\u017enje izravno na platformi.<\/p>\n<\/div><style type=\"text\/css\">.fusion-body .fusion-builder-nested-column-5{width:33.333333333333% !important;margin-top : 0px;margin-bottom : 20px;}.fusion-builder-nested-column-5 > .fusion-column-wrapper {padding-top : 0px !important;padding-right : 0px !important;margin-right : 5.76%;padding-bottom : 0px !important;padding-left : 0px !important;margin-left : 5.76%;}@media only screen and (max-width:1024px) {.fusion-body .fusion-builder-nested-column-5{width:33.333333333333% !important;order : 0;}.fusion-builder-nested-column-5 > .fusion-column-wrapper {margin-right : 5.76%;margin-left : 5.76%;}}@media only screen and (max-width:640px) {.fusion-body .fusion-builder-nested-column-5{width:100% !important;order : 0;}.fusion-builder-nested-column-5 > .fusion-column-wrapper {margin-right : 1.92%;margin-left : 1.92%;}}<\/style><\/div><div class=\"fusion-layout-column fusion_builder_column_inner fusion-builder-nested-column-6 fusion_builder_column_inner_1_3 1_3 fusion-flex-column\"><div class=\"fusion-column-wrapper fusion-flex-justify-content-flex-start fusion-content-layout-column\" style=\"background-position:left top;background-repeat:no-repeat;-webkit-background-size:cover;-moz-background-size:cover;-o-background-size:cover;background-size:cover;padding: 0px 0px 0px 0px;\"><\/div><style type=\"text\/css\">.fusion-body .fusion-builder-nested-column-6{width:33.333333333333% !important;margin-top : 0px;margin-bottom : 20px;}.fusion-builder-nested-column-6 > .fusion-column-wrapper {padding-top : 0px !important;padding-right : 0px !important;margin-right : 5.76%;padding-bottom : 0px !important;padding-left : 0px !important;margin-left : 5.76%;}@media only screen and (max-width:1024px) {.fusion-body .fusion-builder-nested-column-6{width:33.333333333333% !important;order : 0;}.fusion-builder-nested-column-6 > .fusion-column-wrapper {margin-right : 5.76%;margin-left : 5.76%;}}@media only screen and (max-width:640px) {.fusion-body .fusion-builder-nested-column-6{width:100% !important;order : 0;}.fusion-builder-nested-column-6 > .fusion-column-wrapper {margin-right : 1.92%;margin-left : 1.92%;}}<\/style><\/div>\n<\/div><style type=\"text\/css\">.fusion-body .fusion-flex-container.fusion-builder-row-1{ padding-top : 0px;margin-top : 0px;padding-right : 0px;padding-bottom : 0px;margin-bottom : 0px;padding-left : 0px;}<\/style><\/div>\n","protected":false},"excerpt":{"rendered":"<p>Kako djelovati? Ja sam osoba izlo\u017eena cyberbullyingu 5 savjeta ako [&hellip;]<\/p>\n","protected":false},"author":2,"featured_media":0,"parent":0,"menu_order":0,"comment_status":"closed","ping_status":"closed","template":"","meta":[],"_links":{"self":[{"href":"https:\/\/stop-cyberbullying.eu\/hr\/wp-json\/wp\/v2\/pages\/512"}],"collection":[{"href":"https:\/\/stop-cyberbullying.eu\/hr\/wp-json\/wp\/v2\/pages"}],"about":[{"href":"https:\/\/stop-cyberbullying.eu\/hr\/wp-json\/wp\/v2\/types\/page"}],"author":[{"embeddable":true,"href":"https:\/\/stop-cyberbullying.eu\/hr\/wp-json\/wp\/v2\/users\/2"}],"replies":[{"embeddable":true,"href":"https:\/\/stop-cyberbullying.eu\/hr\/wp-json\/wp\/v2\/comments?post=512"}],"version-history":[{"count":8,"href":"https:\/\/stop-cyberbullying.eu\/hr\/wp-json\/wp\/v2\/pages\/512\/revisions"}],"predecessor-version":[{"id":576,"href":"https:\/\/stop-cyberbullying.eu\/hr\/wp-json\/wp\/v2\/pages\/512\/revisions\/576"}],"wp:attachment":[{"href":"https:\/\/stop-cyberbullying.eu\/hr\/wp-json\/wp\/v2\/media?parent=512"}],"curies":[{"name":"wp","href":"https:\/\/api.w.org\/{rel}","templated":true}]}}