{"id":328,"date":"2022-07-04T17:54:02","date_gmt":"2022-07-04T16:54:02","guid":{"rendered":"https:\/\/stop-cyberbullying.eu\/cyberbulling\/"},"modified":"2022-07-04T17:54:02","modified_gmt":"2022-07-04T16:54:02","slug":"cyberbulling","status":"publish","type":"page","link":"https:\/\/stop-cyberbullying.eu\/hr\/cyberbulling\/","title":{"rendered":"Cyberbulling"},"content":{"rendered":"<p>Cyberbulling je nasilje koje se provodi putem digitalnih kanala. Mo\u017ee se doga\u0111ati na dru\u0161tvenim mre\u017eama, platformama za razmjenu poruka, platformama za igrice i na mobilnim telefonima. To je pona\u0161anje koje se ponavlja, sa ciljem da povrijedi, razljuti ili osramoti one na koje je nasilje usmjereno. (https:\/\/www.unicef.org\/eca\/cyberbullying-what-it-and-how-stop-it ).<\/p>\n<p>Primjeri cyberbullyinga:<\/p>\n<p>&#8211; Objavljivanje sramotnih i\/ili golih i\/ili seksualnih fotografija i\/ili video snimki nekoga na dru\u0161tvenim mre\u017eama<br \/>\n&#8211; Pisanje zlobnih komentara ili objavljivanje tra\u010deva o nekome<br \/>\n&#8211; Prijetnje putem dru\u0161tvenih mre\u017ea i\/ili drugih digitalnih kanala<br \/>\n&#8211; Poticanje nekoga na samoozlije\u0111ivanje i\/ili samoubojstvo<br \/>\n&#8211; Pretvaranje osobe da je netko drugi na dru\u0161tvenim mre\u017eama i objavljivanje neistinitih privatnih informacija<br \/>\n&#8211; Kreiranje zlobne, \u0161tetne i\/ili la\u017ene stranice o nekome<br \/>\n&#8211; Doxing (javno otkrivanje prethodno skrivenih privatnih informacija)<\/p>\n","protected":false},"excerpt":{"rendered":"<p>Cyberbulling je nasilje koje se provodi putem digitalnih kanala. Mo\u017ee [&hellip;]<\/p>\n","protected":false},"author":2,"featured_media":0,"parent":0,"menu_order":0,"comment_status":"closed","ping_status":"closed","template":"","meta":[],"_links":{"self":[{"href":"https:\/\/stop-cyberbullying.eu\/hr\/wp-json\/wp\/v2\/pages\/328"}],"collection":[{"href":"https:\/\/stop-cyberbullying.eu\/hr\/wp-json\/wp\/v2\/pages"}],"about":[{"href":"https:\/\/stop-cyberbullying.eu\/hr\/wp-json\/wp\/v2\/types\/page"}],"author":[{"embeddable":true,"href":"https:\/\/stop-cyberbullying.eu\/hr\/wp-json\/wp\/v2\/users\/2"}],"replies":[{"embeddable":true,"href":"https:\/\/stop-cyberbullying.eu\/hr\/wp-json\/wp\/v2\/comments?post=328"}],"version-history":[{"count":0,"href":"https:\/\/stop-cyberbullying.eu\/hr\/wp-json\/wp\/v2\/pages\/328\/revisions"}],"wp:attachment":[{"href":"https:\/\/stop-cyberbullying.eu\/hr\/wp-json\/wp\/v2\/media?parent=328"}],"curies":[{"name":"wp","href":"https:\/\/api.w.org\/{rel}","templated":true}]}}