{"id":265,"date":"2022-07-01T16:36:15","date_gmt":"2022-07-01T15:36:15","guid":{"rendered":"https:\/\/stop-cyberbullying.eu\/o-nama\/"},"modified":"2022-07-01T16:36:15","modified_gmt":"2022-07-01T15:36:15","slug":"o-nama","status":"publish","type":"page","link":"https:\/\/stop-cyberbullying.eu\/hr\/o-nama\/","title":{"rendered":"O nama"},"content":{"rendered":"<h2 style=\"text-align: center;\">Europski projekt<\/h2>\n<p style=\"text-align: center;\"><em>Ova stranica nastala je u sklopu europskog projekta #YouthAgainstCyberbullying 2021.<\/em><\/p>\n<p style=\"text-align: center;\"><em>Ova stranica nastala je u sklopu europskog projekta #YouthAgainstCyberbullying 2021. Ovaj projekt, koji okuplja 6 zemalja (Francusku, Dansku, Srbiju, Italiju, Hrvatsku i Ma\u0111arsku), ima za cilj borbu protiv toksi\u010dnog govora na internetu (govor mr\u017enje, diskriminacija, uvrede, prijetnje, dijeljenje slika\/videozapisa itd.) i jo\u0161 mnogo toga posebno cyberbullying. Cilj je osvijestiti mlade Europljane kako se bolje pona\u0161ati na internetu.<\/em><\/p>\n<hr>\n<h2 style=\"text-align: center;\">Predani partneri<\/h2>\n<h3 style=\"text-align: center;\"><img class=\"size-medium wp-image-122 aligncenter\" src=\"https:\/\/stop-cyberbullying.eu\/wp-content\/uploads\/2022\/06\/ARCI-Italia-300x152.png\" alt=\"ARCI (Italija)\" width=\"300\" height=\"152\" srcset=\"https:\/\/stop-cyberbullying.eu\/wp-content\/uploads\/2022\/06\/ARCI-Italia-200x101.png 200w, https:\/\/stop-cyberbullying.eu\/wp-content\/uploads\/2022\/06\/ARCI-Italia-300x152.png 300w, https:\/\/stop-cyberbullying.eu\/wp-content\/uploads\/2022\/06\/ARCI-Italia.png 320w\" sizes=\"(max-width: 300px) 100vw, 300px\" \/><br \/>\nARCI (Italija):<\/h3>\n<p>ARCI Liguria je regionalni odbor ARCI-ja, nacionalne udruge koja je trenutno najve\u0107a neovisna udruga za promicanje dru\u0161tvenih vrijednosti, kulture i gra\u0111anskih prava u zemlji zahvaljuju\u0107i ogromnom potencijalu koji se nalazi u vi\u0161e od 300 klubova i 50.000 klubova. pridru\u017eeni \u010dlanovi. ARCI i ARCI Liguria stoga predstavljaju mre\u017eu \u010dija dobro uspostavljena struktura promi\u010de demokratsko sudjelovanje i dru\u0161tvenu integraciju na vi\u0161e razina.<br \/>\n<a href=\"https:\/\/www.arci.it\" target=\"_blank\" rel=\"noopener\">Vi\u0161e o Arci<\/a><\/p>\n<hr>\n<h3 style=\"text-align: center;\"><img class=\"alignnone size-medium wp-image-129 aligncenter\" src=\"https:\/\/stop-cyberbullying.eu\/wp-content\/uploads\/2022\/06\/CEMEA-France-300x118.jpg\" alt=\"CEMEA (Francuska):\" width=\"300\" height=\"118\" srcset=\"https:\/\/stop-cyberbullying.eu\/wp-content\/uploads\/2022\/06\/CEMEA-France-200x79.jpg 200w, https:\/\/stop-cyberbullying.eu\/wp-content\/uploads\/2022\/06\/CEMEA-France-300x118.jpg 300w, https:\/\/stop-cyberbullying.eu\/wp-content\/uploads\/2022\/06\/CEMEA-France.jpg 320w\" sizes=\"(max-width: 300px) 100vw, 300px\" \/><br \/>\nCEMEA (Francuska):<\/h3>\n<p>CEMEA (Centri za aktivno obrazovanje i metodi\u010dko osposobljavanje) su udruga koja se vi\u0161e od 80 godina bavi pu\u010dkim obrazovanjem, u svim podru\u010djima obrazovanja i socijalnog rada: obrazovno slobodno vrijeme, obrazovanje male djece, \u0161kolovanje, integracija osoba s invaliditetom, kulturni prakse, dru\u0161tvena i profesionalna integracija, obrazovanje o okoli\u0161u, me\u0111unarodni odnosi u obrazovanju. CEMEA-i integriraju obuku u op\u0107e razvojne strategije. Oni brane filozofiju progresivnog obrazovanja, \u010dija se na\u010dela primjenjuju na situacije u kojima svako dijete, adolescent ili odrasla osoba mo\u017ee osvijestiti svijet oko sebe i razviti vlastite individualne i dru\u0161tvene vje\u0161tine.<br \/>\n<a href=\"https:\/\/cemea.asso.fr\" target=\"_blank\" rel=\"noopener\">Vi\u0161e o CEMEA<\/a><\/p>\n<hr>\n<h3 style=\"text-align: center;\"><img class=\"size-full wp-image-136 aligncenter\" src=\"https:\/\/stop-cyberbullying.eu\/wp-content\/uploads\/2022\/06\/FIC-Danemark.jpg\" alt=\"FIC (Danska)\" width=\"160\" height=\"226\"><br \/>\nFIC (Danska)<\/h3>\n<p>Forum za me\u0111unarodnu suradnju je me\u0111unarodna neprofitna organizacija (NVO) koja djeluje u Danskoj, Europi i isto\u010dnoj Africi (Tanzanija i Kenija) od 1995. Projekti koje provodi FIC, usmjereni su na edukaciju na terenu, pobolj\u0161an rad uvjeti i prava za sve; zapo\u0161ljavanje mladih i starijih osoba, integracija iseljenika; ravnopravnost mu\u0161karaca i \u017eena itd. Njegove vrijednosti temelje se na konvencijama UN-a i ljudskih prava, Povelji EU o temeljnim pravima i radnim pravima.<br \/>\n<a href=\"https:\/\/fic.dk\" target=\"_blank\" rel=\"noopener\">Vi\u0161e o FIC<\/a><\/p>\n<hr>\n<h3 style=\"text-align: center;\"><img class=\"size-medium wp-image-143 aligncenter\" src=\"https:\/\/stop-cyberbullying.eu\/wp-content\/uploads\/2022\/06\/IDC-Serbia-300x119.jpg\" alt=\"IDC (Srbija)\" width=\"300\" height=\"119\" srcset=\"https:\/\/stop-cyberbullying.eu\/wp-content\/uploads\/2022\/06\/IDC-Serbia-200x79.jpg 200w, https:\/\/stop-cyberbullying.eu\/wp-content\/uploads\/2022\/06\/IDC-Serbia-300x119.jpg 300w, https:\/\/stop-cyberbullying.eu\/wp-content\/uploads\/2022\/06\/IDC-Serbia.jpg 320w\" sizes=\"(max-width: 300px) 100vw, 300px\" \/><br \/>\nIDC (Srbija):<\/h3>\n<p>DC je skupina entuzijasta vo\u0111ena na\u010delima solidarnosti, aktivne uklju\u010denosti, jednakih prava, pristojnog posla i zadovoljnih ljudi. Ova su na\u010dela integrirana u sve na\u0161e programe i aktivnosti koje neprestano inoviramo. IDC provodi projekte u 10 razli\u010ditih gradova u Srbiji i radi s ranjivim dru\u0161tvenim skupinama, uglavnom onima ispod praga siroma\u0161tva i udru\u017eeni s njima nastojimo se boriti za vi\u0161i stupanj socijalne uklju\u010denosti. kroz na\u0161e programe pro\u0161lo je vi\u0161e od nekoliko tisu\u0107a korisnika, korisnika koji su sudjelovali u nekim od na\u0161ih projekata.<br \/>\n<a href=\"https:\/\/idcserbia.org\" target=\"_blank\" rel=\"noopener\">Vi\u0161e o IDC<\/a><\/p>\n<hr>\n<h3 style=\"text-align: center;\"><img class=\"size-medium wp-image-150 aligncenter\" src=\"https:\/\/stop-cyberbullying.eu\/wp-content\/uploads\/2022\/06\/Progessive-Hungary-300x140.png\" alt=\"Progresivni (Ma\u0111arska)\" width=\"300\" height=\"140\" srcset=\"https:\/\/stop-cyberbullying.eu\/wp-content\/uploads\/2022\/06\/Progessive-Hungary-200x93.png 200w, https:\/\/stop-cyberbullying.eu\/wp-content\/uploads\/2022\/06\/Progessive-Hungary-300x140.png 300w, https:\/\/stop-cyberbullying.eu\/wp-content\/uploads\/2022\/06\/Progessive-Hungary.png 320w\" sizes=\"(max-width: 300px) 100vw, 300px\" \/><br \/>\nProgresivni (Ma\u0111arska):<\/h3>\n<p>Vizija Instituta za transformaciju je pravedno dru\u0161tvo i odr\u017eiva demokracija. Institut za transformaciju \u2013 prije poznat kao Zaklada za progresivnu ekonomsku politiku \u2013 je think tank koji ima za cilj promicati stvar pravedne, demokratske i odr\u017eive Ma\u0111arske kroz hrabre vizije, doga\u0111aje, kampanje i pilot projekte. Njihova polja djelovanja su: radna pitanja, socijalna skrb, obrazovanje, migracije itd.<br \/>\n<a href=\"https:\/\/atalakulasintezet.hu\" target=\"_blank\" rel=\"noopener\">Vi\u0161e o Progressive<\/a><\/p>\n<hr>\n<h3 style=\"text-align: center;\"><img class=\"size-medium wp-image-157 aligncenter\" src=\"https:\/\/stop-cyberbullying.eu\/wp-content\/uploads\/2022\/06\/SOLIDAR-belgique-300x107.jpg\" alt=\"SOLIDAR (Gost Partner - Belgija)\" width=\"300\" height=\"107\" srcset=\"https:\/\/stop-cyberbullying.eu\/wp-content\/uploads\/2022\/06\/SOLIDAR-belgique-200x71.jpg 200w, https:\/\/stop-cyberbullying.eu\/wp-content\/uploads\/2022\/06\/SOLIDAR-belgique-300x107.jpg 300w, https:\/\/stop-cyberbullying.eu\/wp-content\/uploads\/2022\/06\/SOLIDAR-belgique.jpg 320w\" sizes=\"(max-width: 300px) 100vw, 300px\" \/><br \/>\nSOLIDAR (Gost Partner &#8211; Belgija) :<\/h3>\n<p>Zaklada SOLIDAR je platforma za suradnju SOLIDAR-a, europske i globalne mre\u017ee nevladinih organizacija koje rade na promicanju socijalne pravde u Europi i diljem svijeta. SOLIDAR okuplja 60 organizacija \u010dlanica sa sjedi\u0161tem u 25 dr\u017eava \u010dlanica EU i 6 zemalja kandidata. Zajedno radimo na podru\u010djima dru\u0161tvenih poslova, me\u0111unarodne suradnje i cjelo\u017eivotnog u\u010denja.<br \/>\n<a href=\"https:\/\/www.solidar.org\" target=\"_blank\" rel=\"noopener\">Vi\u0161e o SOLIDAR<\/a><\/p>\n<hr>\n<h3 style=\"text-align: center;\"><img class=\"size-medium wp-image-164 aligncenter\" src=\"https:\/\/stop-cyberbullying.eu\/wp-content\/uploads\/2022\/06\/Solidarna-Croatie-300x132.png\" alt=\"SOLIDARNA (Hrvatska)\" width=\"300\" height=\"132\" srcset=\"https:\/\/stop-cyberbullying.eu\/wp-content\/uploads\/2022\/06\/Solidarna-Croatie-200x88.png 200w, https:\/\/stop-cyberbullying.eu\/wp-content\/uploads\/2022\/06\/Solidarna-Croatie-300x132.png 300w, https:\/\/stop-cyberbullying.eu\/wp-content\/uploads\/2022\/06\/Solidarna-Croatie.png 320w\" sizes=\"(max-width: 300px) 100vw, 300px\" \/><br \/>\nSOLIDARNA (Hrvatska) :<\/h3>\n<p>SOLIDARNA, Hrvatska zaklada za ljudska prava i solidarnost, osnovana je 2015. Osniva\u010di su uvjereni da promicanje i za\u0161tita ljudskih prava \u2013 sloboda izra\u017eavanja, okupljanja i udru\u017eivanja, prava na rad, dom, zdrav okoli\u0161 i osnovna javna dobra &#8211; zahtijeva kontinuirani trud, kreativnost i sna\u017ean otpor svim vrstama pritisaka.<br \/>\n<a href=\"https:\/\/solidarna.hr\" target=\"_blank\" rel=\"noopener\">Vi\u0161e o SOLIDARNA<\/a><\/p>\n","protected":false},"excerpt":{"rendered":"<p>Europski projekt Ova stranica nastala je u sklopu europskog projekta [&hellip;]<\/p>\n","protected":false},"author":2,"featured_media":0,"parent":0,"menu_order":0,"comment_status":"closed","ping_status":"closed","template":"","meta":[],"_links":{"self":[{"href":"https:\/\/stop-cyberbullying.eu\/hr\/wp-json\/wp\/v2\/pages\/265"}],"collection":[{"href":"https:\/\/stop-cyberbullying.eu\/hr\/wp-json\/wp\/v2\/pages"}],"about":[{"href":"https:\/\/stop-cyberbullying.eu\/hr\/wp-json\/wp\/v2\/types\/page"}],"author":[{"embeddable":true,"href":"https:\/\/stop-cyberbullying.eu\/hr\/wp-json\/wp\/v2\/users\/2"}],"replies":[{"embeddable":true,"href":"https:\/\/stop-cyberbullying.eu\/hr\/wp-json\/wp\/v2\/comments?post=265"}],"version-history":[{"count":0,"href":"https:\/\/stop-cyberbullying.eu\/hr\/wp-json\/wp\/v2\/pages\/265\/revisions"}],"wp:attachment":[{"href":"https:\/\/stop-cyberbullying.eu\/hr\/wp-json\/wp\/v2\/media?parent=265"}],"curies":[{"name":"wp","href":"https:\/\/api.w.org\/{rel}","templated":true}]}}