{"id":247,"date":"2022-07-01T10:23:52","date_gmt":"2022-07-01T09:23:52","guid":{"rendered":"https:\/\/stop-cyberbullying.eu\/home\/"},"modified":"2022-12-01T12:30:39","modified_gmt":"2022-12-01T11:30:39","slug":"home","status":"publish","type":"page","link":"https:\/\/stop-cyberbullying.eu\/hr\/","title":{"rendered":"Home"},"content":{"rendered":"<p style=\"text-align: center;\">Ova stranica nastala je u sklopu europskog projekta #YouthAgainstCyberbullying 2021. Ova stranica nastala je u sklopu europskog projekta #YouthAgainstCyberbullying 2021. Ovaj projekt, koji okuplja 6 zemalja (Francusku, Dansku, Srbiju, Italiju, Hrvatsku i Ma\u0111arsku), ima za cilj borbu protiv toksi\u010dnog govora na internetu (govor mr\u017enje, diskriminacija, uvrede, prijetnje, dijeljenje slika\/videozapisa itd.) i jo\u0161 mnogo toga posebno cyberbullying. Cilj je osvijestiti mlade Europljane kako se bolje pona\u0161ati na internetu.<br \/>\n<a href=\"https:\/\/stop-cyberbullying.eu\/hr\/o-nama\/\">More about us \u00bb<\/a><\/p>\n<hr \/>\n<div class=\"fusion-fullwidth fullwidth-box fusion-builder-row-1 fusion-flex-container nonhundred-percent-fullwidth non-hundred-percent-height-scrolling\" style=\"background-color: rgba(255,255,255,0);background-position: center center;background-repeat: no-repeat;border-width: 0px 0px 0px 0px;border-color:#e2e2e2;border-style:solid;\" ><\/p>\n<div class=\"fusion-builder-row fusion-row fusion-flex-align-items-flex-start\" style=\"max-width:1248px;margin-left: calc(-4% \/ 2 );margin-right: calc(-4% \/ 2 );\">\n<div class=\"fusion-layout-column fusion_builder_column fusion-builder-column-0 fusion_builder_column_1_3 1_3 fusion-flex-column\"><div class=\"fusion-column-wrapper fusion-flex-justify-content-flex-start fusion-content-layout-column\" style=\"background-position:left top;background-repeat:no-repeat;-webkit-background-size:cover;-moz-background-size:cover;-o-background-size:cover;background-size:cover;padding: 0px 0px 0px 0px;\">\n<h2>Iskustva<\/h2>\n<style type=\"text\/css\">.fusion-portfolio-wrapper#fusion-portfolio-1 .fusion-portfolio-content{  text-align: left; }<\/style><div class=\"fusion-recent-works fusion-portfolio-element fusion-portfolio fusion-portfolio-1 fusion-portfolio-grid fusion-portfolio-paging-pagination fusion-portfolio-one fusion-portfolio-unboxed fusion-portfolio-text fusion-portfolio-rollover\" data-id=\"-rw-1\" data-columns=\"one\"><style type=\"text\/css\">.fusion-portfolio-1 .fusion-portfolio-wrapper .fusion-col-spacing{padding:15px;}<\/style><div class=\"fusion-portfolio-wrapper\" id=\"fusion-portfolio-1\" data-picturesize=\"auto\" data-pages=\"1\" style=\"margin:-15px;\"><article id=\"portfolio-1-post-365\" class=\"fusion-portfolio-post iskustva fusion-col-spacing post-365\"><div class=\"fusion-portfolio-content-wrapper\" style=\"border:none;\"><span class=\"vcard rich-snippet-hidden\"><span class=\"fn\"><a href=\"https:\/\/stop-cyberbullying.eu\/hr\/author\/alice-chisin\/\" title=\"Objave od: Alice Chisin\" rel=\"author\">Alice Chisin<\/a><\/span><\/span><span class=\"updated rich-snippet-hidden\">2022-07-05T17:31:44+01:00<\/span><div  class=\"fusion-image-wrapper\" aria-haspopup=\"true\">\n\t\t\t\t<img width=\"768\" height=\"441\" src=\"https:\/\/stop-cyberbullying.eu\/wp-content\/uploads\/2022\/07\/Youth-against-Cyber-bulling-logo-768x441-1.jpg\" class=\"attachment-full size-full wp-post-image\" alt=\"\" loading=\"lazy\" srcset=\"https:\/\/stop-cyberbullying.eu\/wp-content\/uploads\/2022\/07\/Youth-against-Cyber-bulling-logo-768x441-1-200x115.jpg 200w, https:\/\/stop-cyberbullying.eu\/wp-content\/uploads\/2022\/07\/Youth-against-Cyber-bulling-logo-768x441-1-400x230.jpg 400w, https:\/\/stop-cyberbullying.eu\/wp-content\/uploads\/2022\/07\/Youth-against-Cyber-bulling-logo-768x441-1-600x345.jpg 600w, https:\/\/stop-cyberbullying.eu\/wp-content\/uploads\/2022\/07\/Youth-against-Cyber-bulling-logo-768x441-1.jpg 768w\" sizes=\"(min-width: 2200px) 100vw, (min-width: 640px) 1200px, \" \/><div class=\"fusion-rollover\">\n\t<div class=\"fusion-rollover-content\">\n\n\t\t\t\t\t\t\t\t\t\t\t\t\t\t<a class=\"fusion-rollover-link\" href=\"https:\/\/stop-cyberbullying.eu\/hr\/portfolio-items\/youthagainstcyberbullying-catherine-italija\/?portfolioCats=46%2C46\">#YouthAgainstCyberbullying &#8211; Catherine (Italija)<\/a>\n\t\t\t\n\t\t\t\t\t\t\t\t\t\t\t\t\t\t\n\t\t\t\t\t\t\t\t\n\t\t\t\t\t\t\t\t\t\t\t\t\t<div class=\"fusion-rollover-sep\"><\/div>\n\t\t\t\t\n\t\t\t\t\t\t\t\t\t\t\t\t\t\t\t\t\t\t<a class=\"fusion-rollover-gallery\" href=\"https:\/\/stop-cyberbullying.eu\/wp-content\/uploads\/2022\/07\/Youth-against-Cyber-bulling-logo-768x441-1.jpg\" data-id=\"365\" data-rel=\"iLightbox[gallery-rw-1]\" data-title=\"Youth-against-Cyber-bulling-logo-768x441\" data-caption=\"\">\n\t\t\t\t\t\tGallery\t\t\t\t\t<\/a>\n\t\t\t\t\t\t\t\t\t\t\t\t\t\t\n\t\t\n\t\t\t\t\t\t\t\t\t\t\t\t<h4 class=\"fusion-rollover-title\">\n\t\t\t\t\t<a class=\"fusion-rollover-title-link\" href=\"https:\/\/stop-cyberbullying.eu\/hr\/portfolio-items\/youthagainstcyberbullying-catherine-italija\/?portfolioCats=46%2C46\">\n\t\t\t\t\t\t#YouthAgainstCyberbullying &#8211; Catherine (Italija)\t\t\t\t\t<\/a>\n\t\t\t\t<\/h4>\n\t\t\t\n\t\t\t\t\t\t\t\t\t\t<div class=\"fusion-rollover-categories\"><a href=\"https:\/\/stop-cyberbullying.eu\/hr\/portfolio_category\/iskustva\/\" rel=\"tag\">Iskustva<\/a><\/div>\t\t\t\t\t\n\t\t\n\t\t\t\t\t\t<a class=\"fusion-link-wrapper\" href=\"https:\/\/stop-cyberbullying.eu\/hr\/portfolio-items\/youthagainstcyberbullying-catherine-italija\/?portfolioCats=46%2C46\" aria-label=\"#YouthAgainstCyberbullying &#8211; Catherine (Italija)\"><\/a>\n\t<\/div>\n<\/div>\n<\/div>\n<div class=\"fusion-portfolio-content\"><h2 class=\"entry-title fusion-post-title\"><a href=\"https:\/\/stop-cyberbullying.eu\/hr\/portfolio-items\/youthagainstcyberbullying-catherine-italija\/?portfolioCats=46%2C46\">#YouthAgainstCyberbullying &#8211; Catherine (Italija)<\/a><\/h2><div class=\"fusion-post-content\"><p>Od 21. do 26. o\u017eujka sudjelovao sam, zajedno s ostalim [...]<\/p><div class=\"fusion-portfolio-buttons\"><a href=\"https:\/\/stop-cyberbullying.eu\/hr\/portfolio-items\/youthagainstcyberbullying-catherine-italija\/?portfolioCats=46%2C46\" class=\"fusion-button fusion-button-small fusion-button-default fusion-button-flat\">Learn More<\/a><\/div><\/div><\/div><\/div><div class=\"fusion-clearfix\"><\/div><div class=\"fusion-separator sep-double\"><\/div><\/article><article id=\"portfolio-1-post-351\" class=\"fusion-portfolio-post iskustva fusion-col-spacing post-351\"><div class=\"fusion-portfolio-content-wrapper\" style=\"border:none;\"><span class=\"vcard rich-snippet-hidden\"><span class=\"fn\"><a href=\"https:\/\/stop-cyberbullying.eu\/hr\/author\/alice-chisin\/\" title=\"Objave od: Alice Chisin\" rel=\"author\">Alice Chisin<\/a><\/span><\/span><span class=\"updated rich-snippet-hidden\">2022-07-08T12:25:47+01:00<\/span><div  class=\"fusion-image-wrapper\" aria-haspopup=\"true\">\n\t\t\t\t<img width=\"2104\" height=\"708\" src=\"https:\/\/stop-cyberbullying.eu\/wp-content\/uploads\/2022\/07\/Capture-de\u0301cran-2022-07-05-a\u0300-18.03.30.png\" class=\"attachment-full size-full wp-post-image\" alt=\"\" loading=\"lazy\" srcset=\"https:\/\/stop-cyberbullying.eu\/wp-content\/uploads\/2022\/07\/Capture-de\u0301cran-2022-07-05-a\u0300-18.03.30-200x67.png 200w, https:\/\/stop-cyberbullying.eu\/wp-content\/uploads\/2022\/07\/Capture-de\u0301cran-2022-07-05-a\u0300-18.03.30-400x135.png 400w, https:\/\/stop-cyberbullying.eu\/wp-content\/uploads\/2022\/07\/Capture-de\u0301cran-2022-07-05-a\u0300-18.03.30-600x202.png 600w, https:\/\/stop-cyberbullying.eu\/wp-content\/uploads\/2022\/07\/Capture-de\u0301cran-2022-07-05-a\u0300-18.03.30-800x269.png 800w, https:\/\/stop-cyberbullying.eu\/wp-content\/uploads\/2022\/07\/Capture-de\u0301cran-2022-07-05-a\u0300-18.03.30-1200x404.png 1200w, https:\/\/stop-cyberbullying.eu\/wp-content\/uploads\/2022\/07\/Capture-de\u0301cran-2022-07-05-a\u0300-18.03.30.png 2104w\" sizes=\"(min-width: 2200px) 100vw, (min-width: 640px) 1200px, \" \/><div class=\"fusion-rollover\">\n\t<div class=\"fusion-rollover-content\">\n\n\t\t\t\t\t\t\t\t\t\t\t\t\t\t<a class=\"fusion-rollover-link\" href=\"https:\/\/stop-cyberbullying.eu\/hr\/portfolio-items\/razgovarajmo-o-internetskom-zlostavljanju\/?portfolioCats=46%2C46\">Razgovarajmo o internetskom zlostavljanju!<\/a>\n\t\t\t\n\t\t\t\t\t\t\t\t\t\t\t\t\t\t\n\t\t\t\t\t\t\t\t\n\t\t\t\t\t\t\t\t\t\t\t\t\t<div class=\"fusion-rollover-sep\"><\/div>\n\t\t\t\t\n\t\t\t\t\t\t\t\t\t\t\t\t\t\t\t\t\t\t<a class=\"fusion-rollover-gallery\" href=\"https:\/\/stop-cyberbullying.eu\/wp-content\/uploads\/2022\/07\/Capture-de\u0301cran-2022-07-05-a\u0300-18.03.30.png\" data-id=\"351\" data-rel=\"iLightbox[gallery-rw-1]\" data-title=\"Capture d\u2019e\u0301cran 2022-07-05 a\u0300 18.03.30\" data-caption=\"\">\n\t\t\t\t\t\tGallery\t\t\t\t\t<\/a>\n\t\t\t\t\t\t\t\t\t\t\t\t\t\t\n\t\t\n\t\t\t\t\t\t\t\t\t\t\t\t<h4 class=\"fusion-rollover-title\">\n\t\t\t\t\t<a class=\"fusion-rollover-title-link\" href=\"https:\/\/stop-cyberbullying.eu\/hr\/portfolio-items\/razgovarajmo-o-internetskom-zlostavljanju\/?portfolioCats=46%2C46\">\n\t\t\t\t\t\tRazgovarajmo o internetskom zlostavljanju!\t\t\t\t\t<\/a>\n\t\t\t\t<\/h4>\n\t\t\t\n\t\t\t\t\t\t\t\t\t\t<div class=\"fusion-rollover-categories\"><a href=\"https:\/\/stop-cyberbullying.eu\/hr\/portfolio_category\/iskustva\/\" rel=\"tag\">Iskustva<\/a><\/div>\t\t\t\t\t\n\t\t\n\t\t\t\t\t\t<a class=\"fusion-link-wrapper\" href=\"https:\/\/stop-cyberbullying.eu\/hr\/portfolio-items\/razgovarajmo-o-internetskom-zlostavljanju\/?portfolioCats=46%2C46\" aria-label=\"Razgovarajmo o internetskom zlostavljanju!\"><\/a>\n\t<\/div>\n<\/div>\n<\/div>\n<div class=\"fusion-portfolio-content\"><h2 class=\"entry-title fusion-post-title\"><a href=\"https:\/\/stop-cyberbullying.eu\/hr\/portfolio-items\/razgovarajmo-o-internetskom-zlostavljanju\/?portfolioCats=46%2C46\">Razgovarajmo o internetskom zlostavljanju!<\/a><\/h2><div class=\"fusion-post-content\"><p>U o\u017eujku 2022. odr\u017ean je seminar o internetskom zlostavljanju u [...]<\/p><div class=\"fusion-portfolio-buttons\"><a href=\"https:\/\/stop-cyberbullying.eu\/hr\/portfolio-items\/razgovarajmo-o-internetskom-zlostavljanju\/?portfolioCats=46%2C46\" class=\"fusion-button fusion-button-small fusion-button-default fusion-button-flat\">Learn More<\/a><\/div><\/div><\/div><\/div><div class=\"fusion-clearfix\"><\/div><div class=\"fusion-separator sep-double\"><\/div><\/article><\/div><\/div>\n<\/div><style type=\"text\/css\">.fusion-body .fusion-builder-column-0{width:33.333333333333% !important;margin-top : 0px;margin-bottom : 20px;}.fusion-builder-column-0 > .fusion-column-wrapper {padding-top : 0px !important;padding-right : 0px !important;margin-right : 5.76%;padding-bottom : 0px !important;padding-left : 0px !important;margin-left : 5.76%;}@media only screen and (max-width:1024px) {.fusion-body .fusion-builder-column-0{width:33.333333333333% !important;order : 0;}.fusion-builder-column-0 > .fusion-column-wrapper {margin-right : 5.76%;margin-left : 5.76%;}}@media only screen and (max-width:640px) {.fusion-body .fusion-builder-column-0{width:100% !important;order : 0;}.fusion-builder-column-0 > .fusion-column-wrapper {margin-right : 1.92%;margin-left : 1.92%;}}<\/style><\/div>\n<div class=\"fusion-layout-column fusion_builder_column fusion-builder-column-1 fusion_builder_column_1_3 1_3 fusion-flex-column\"><div class=\"fusion-column-wrapper fusion-flex-justify-content-flex-start fusion-content-layout-column\" style=\"background-position:left top;background-repeat:no-repeat;-webkit-background-size:cover;-moz-background-size:cover;-o-background-size:cover;background-size:cover;padding: 0px 0px 0px 0px;\">\n<h2>Obrazovni alati<\/h2>\n<style type=\"text\/css\">.fusion-portfolio-wrapper#fusion-portfolio-2 .fusion-portfolio-content{  text-align: left; }<\/style><div class=\"fusion-recent-works fusion-portfolio-element fusion-portfolio fusion-portfolio-2 fusion-portfolio-grid fusion-portfolio-paging-pagination fusion-portfolio-one fusion-portfolio-unboxed fusion-portfolio-text fusion-portfolio-rollover\" data-id=\"-rw-2\" data-columns=\"one\"><style type=\"text\/css\">.fusion-portfolio-2 .fusion-portfolio-wrapper .fusion-col-spacing{padding:15px;}<\/style><div class=\"fusion-portfolio-wrapper\" id=\"fusion-portfolio-2\" data-picturesize=\"auto\" data-pages=\"1\" style=\"margin:-15px;\"><article id=\"portfolio-2-post-483\" class=\"fusion-portfolio-post obrazovni-alati fusion-col-spacing post-483\"><div class=\"fusion-portfolio-content-wrapper\" style=\"border:none;\"><span class=\"vcard rich-snippet-hidden\"><span class=\"fn\"><a href=\"https:\/\/stop-cyberbullying.eu\/hr\/author\/alice-chisin\/\" title=\"Objave od: Alice Chisin\" rel=\"author\">Alice Chisin<\/a><\/span><\/span><span class=\"updated rich-snippet-hidden\">2022-07-06T17:08:42+01:00<\/span><div  class=\"fusion-image-wrapper\" aria-haspopup=\"true\">\n\t\t\t\t<img width=\"1188\" height=\"680\" src=\"https:\/\/stop-cyberbullying.eu\/wp-content\/uploads\/2022\/07\/Capture-de\u0301cran-2022-07-06-a\u0300-18.01.16.png\" class=\"attachment-full size-full wp-post-image\" alt=\"\" loading=\"lazy\" srcset=\"https:\/\/stop-cyberbullying.eu\/wp-content\/uploads\/2022\/07\/Capture-de\u0301cran-2022-07-06-a\u0300-18.01.16-200x114.png 200w, https:\/\/stop-cyberbullying.eu\/wp-content\/uploads\/2022\/07\/Capture-de\u0301cran-2022-07-06-a\u0300-18.01.16-400x229.png 400w, https:\/\/stop-cyberbullying.eu\/wp-content\/uploads\/2022\/07\/Capture-de\u0301cran-2022-07-06-a\u0300-18.01.16-600x343.png 600w, https:\/\/stop-cyberbullying.eu\/wp-content\/uploads\/2022\/07\/Capture-de\u0301cran-2022-07-06-a\u0300-18.01.16-800x458.png 800w, https:\/\/stop-cyberbullying.eu\/wp-content\/uploads\/2022\/07\/Capture-de\u0301cran-2022-07-06-a\u0300-18.01.16.png 1188w\" sizes=\"(min-width: 2200px) 100vw, (min-width: 640px) 1200px, \" \/><div class=\"fusion-rollover\">\n\t<div class=\"fusion-rollover-content\">\n\n\t\t\t\t\t\t\t\t\t\t\t\t\t\t<a class=\"fusion-rollover-link\" href=\"https:\/\/stop-cyberbullying.eu\/hr\/portfolio-items\/kako-sprijeciti-elektronicko-nasilje-savjeti-za-nastavnike\/?portfolioCats=45%2C45\">KAKO SPRIJE\u010cITI ELEKTRONI\u010cKO NASILJE: SAVJETI ZA NASTAVNIKE<\/a>\n\t\t\t\n\t\t\t\t\t\t\t\t\t\t\t\t\t\t\n\t\t\t\t\t\t\t\t\n\t\t\t\t\t\t\t\t\t\t\t\t\t<div class=\"fusion-rollover-sep\"><\/div>\n\t\t\t\t\n\t\t\t\t\t\t\t\t\t\t\t\t\t\t\t\t\t\t<a class=\"fusion-rollover-gallery\" href=\"https:\/\/stop-cyberbullying.eu\/wp-content\/uploads\/2022\/07\/Capture-de\u0301cran-2022-07-06-a\u0300-18.01.16.png\" data-id=\"483\" data-rel=\"iLightbox[gallery-rw-2]\" data-title=\"Capture d\u2019e\u0301cran 2022-07-06 a\u0300 18.01.16\" data-caption=\"\">\n\t\t\t\t\t\tGallery\t\t\t\t\t<\/a>\n\t\t\t\t\t\t\t\t\t\t\t\t\t\t\n\t\t\n\t\t\t\t\t\t\t\t\t\t\t\t<h4 class=\"fusion-rollover-title\">\n\t\t\t\t\t<a class=\"fusion-rollover-title-link\" href=\"https:\/\/stop-cyberbullying.eu\/hr\/portfolio-items\/kako-sprijeciti-elektronicko-nasilje-savjeti-za-nastavnike\/?portfolioCats=45%2C45\">\n\t\t\t\t\t\tKAKO SPRIJE\u010cITI ELEKTRONI\u010cKO NASILJE: SAVJETI ZA NASTAVNIKE\t\t\t\t\t<\/a>\n\t\t\t\t<\/h4>\n\t\t\t\n\t\t\t\t\t\t\t\t\t\t<div class=\"fusion-rollover-categories\"><a href=\"https:\/\/stop-cyberbullying.eu\/hr\/portfolio_category\/obrazovni-alati\/\" rel=\"tag\">Obrazovni alati<\/a><\/div>\t\t\t\t\t\n\t\t\n\t\t\t\t\t\t<a class=\"fusion-link-wrapper\" href=\"https:\/\/stop-cyberbullying.eu\/hr\/portfolio-items\/kako-sprijeciti-elektronicko-nasilje-savjeti-za-nastavnike\/?portfolioCats=45%2C45\" aria-label=\"KAKO SPRIJE\u010cITI ELEKTRONI\u010cKO NASILJE: SAVJETI ZA NASTAVNIKE\"><\/a>\n\t<\/div>\n<\/div>\n<\/div>\n<div class=\"fusion-portfolio-content\"><h2 class=\"entry-title fusion-post-title\"><a href=\"https:\/\/stop-cyberbullying.eu\/hr\/portfolio-items\/kako-sprijeciti-elektronicko-nasilje-savjeti-za-nastavnike\/?portfolioCats=45%2C45\">KAKO SPRIJE\u010cITI ELEKTRONI\u010cKO NASILJE: SAVJETI ZA NASTAVNIKE<\/a><\/h2><div class=\"fusion-post-content\"><p>Elektroni\u010dko ili virtualno nasilje je pojam s kojim se danas [...]<\/p><div class=\"fusion-portfolio-buttons\"><a href=\"https:\/\/stop-cyberbullying.eu\/hr\/portfolio-items\/kako-sprijeciti-elektronicko-nasilje-savjeti-za-nastavnike\/?portfolioCats=45%2C45\" class=\"fusion-button fusion-button-small fusion-button-default fusion-button-flat\">Learn More<\/a><\/div><\/div><\/div><\/div><div class=\"fusion-clearfix\"><\/div><div class=\"fusion-separator sep-double\"><\/div><\/article><\/div><\/div>\n<\/div><style type=\"text\/css\">.fusion-body .fusion-builder-column-1{width:33.333333333333% !important;margin-top : 0px;margin-bottom : 20px;}.fusion-builder-column-1 > .fusion-column-wrapper {padding-top : 0px !important;padding-right : 0px !important;margin-right : 5.76%;padding-bottom : 0px !important;padding-left : 0px !important;margin-left : 5.76%;}@media only screen and (max-width:1024px) {.fusion-body .fusion-builder-column-1{width:33.333333333333% !important;order : 0;}.fusion-builder-column-1 > .fusion-column-wrapper {margin-right : 5.76%;margin-left : 5.76%;}}@media only screen and (max-width:640px) {.fusion-body .fusion-builder-column-1{width:100% !important;order : 0;}.fusion-builder-column-1 > .fusion-column-wrapper {margin-right : 1.92%;margin-left : 1.92%;}}<\/style><\/div>\n<div class=\"fusion-layout-column fusion_builder_column fusion-builder-column-2 fusion_builder_column_1_3 1_3 fusion-flex-column\"><div class=\"fusion-column-wrapper fusion-flex-justify-content-flex-start fusion-content-layout-column\" style=\"background-position:left top;background-repeat:no-repeat;-webkit-background-size:cover;-moz-background-size:cover;-o-background-size:cover;background-size:cover;padding: 0px 0px 0px 0px;\">\n<p><em>\/\/ here App download links<br \/>\n<\/em><\/p>\n<\/div><style type=\"text\/css\">.fusion-body .fusion-builder-column-2{width:33.333333333333% !important;margin-top : 0px;margin-bottom : 20px;}.fusion-builder-column-2 > .fusion-column-wrapper {padding-top : 0px !important;padding-right : 0px !important;margin-right : 5.76%;padding-bottom : 0px !important;padding-left : 0px !important;margin-left : 5.76%;}@media only screen and (max-width:1024px) {.fusion-body .fusion-builder-column-2{width:33.333333333333% !important;order : 0;}.fusion-builder-column-2 > .fusion-column-wrapper {margin-right : 5.76%;margin-left : 5.76%;}}@media only screen and (max-width:640px) {.fusion-body .fusion-builder-column-2{width:100% !important;order : 0;}.fusion-builder-column-2 > .fusion-column-wrapper {margin-right : 1.92%;margin-left : 1.92%;}}<\/style><\/div>\n<\/div><style type=\"text\/css\">.fusion-body .fusion-flex-container.fusion-builder-row-1{ padding-top : 0px;margin-top : 0px;padding-right : 0px;padding-bottom : 0px;margin-bottom : 0px;padding-left : 0px;}<\/style><\/div>\n","protected":false},"excerpt":{"rendered":"<p>Ova stranica nastala je u sklopu europskog projekta #YouthAgainstCyberbullying 2021. [&hellip;]<\/p>\n","protected":false},"author":2,"featured_media":0,"parent":0,"menu_order":0,"comment_status":"closed","ping_status":"closed","template":"","meta":[],"_links":{"self":[{"href":"https:\/\/stop-cyberbullying.eu\/hr\/wp-json\/wp\/v2\/pages\/247"}],"collection":[{"href":"https:\/\/stop-cyberbullying.eu\/hr\/wp-json\/wp\/v2\/pages"}],"about":[{"href":"https:\/\/stop-cyberbullying.eu\/hr\/wp-json\/wp\/v2\/types\/page"}],"author":[{"embeddable":true,"href":"https:\/\/stop-cyberbullying.eu\/hr\/wp-json\/wp\/v2\/users\/2"}],"replies":[{"embeddable":true,"href":"https:\/\/stop-cyberbullying.eu\/hr\/wp-json\/wp\/v2\/comments?post=247"}],"version-history":[{"count":10,"href":"https:\/\/stop-cyberbullying.eu\/hr\/wp-json\/wp\/v2\/pages\/247\/revisions"}],"predecessor-version":[{"id":638,"href":"https:\/\/stop-cyberbullying.eu\/hr\/wp-json\/wp\/v2\/pages\/247\/revisions\/638"}],"wp:attachment":[{"href":"https:\/\/stop-cyberbullying.eu\/hr\/wp-json\/wp\/v2\/media?parent=247"}],"curies":[{"name":"wp","href":"https:\/\/api.w.org\/{rel}","templated":true}]}}