{"id":624,"date":"2022-07-10T17:15:15","date_gmt":"2022-07-10T16:15:15","guid":{"rendered":"https:\/\/stop-cyberbullying.eu\/experiences\/"},"modified":"2022-07-10T17:15:15","modified_gmt":"2022-07-10T16:15:15","slug":"experiences","status":"publish","type":"page","link":"https:\/\/stop-cyberbullying.eu\/fr\/experiences\/","title":{"rendered":"Exp\u00e9riences"},"content":{"rendered":"<p><em><style type=\"text\/css\">.fusion-portfolio-wrapper#fusion-portfolio-1 .fusion-portfolio-content{  text-align: left; }<\/style><div class=\"fusion-recent-works fusion-portfolio-element fusion-portfolio fusion-portfolio-1 fusion-portfolio-grid fusion-portfolio-paging-pagination fusion-portfolio-three fusion-portfolio-unboxed fusion-portfolio-text fusion-portfolio-rollover\" data-id=\"-rw-1\" data-columns=\"three\"><style type=\"text\/css\">.fusion-portfolio-1 .fusion-portfolio-wrapper .fusion-col-spacing{padding:15px;}<\/style><div class=\"fusion-portfolio-wrapper\" id=\"fusion-portfolio-1\" data-picturesize=\"auto\" data-pages=\"1\" style=\"margin:-15px;\"><article id=\"portfolio-1-post-399\" class=\"fusion-portfolio-post experiences fusion-col-spacing post-399\"><div class=\"fusion-portfolio-content-wrapper\" style=\"border:none;\"><span class=\"vcard rich-snippet-hidden\"><span class=\"fn\"><a href=\"https:\/\/stop-cyberbullying.eu\/fr\/author\/alice-chisin\/\" title=\"Articles par Alice Chisin\" rel=\"author\">Alice Chisin<\/a><\/span><\/span><span class=\"updated rich-snippet-hidden\">2022-07-06T17:14:21+01:00<\/span><div  class=\"fusion-image-wrapper\" aria-haspopup=\"true\">\n\t\t\t\t<img width=\"1200\" height=\"628\" src=\"https:\/\/stop-cyberbullying.eu\/wp-content\/uploads\/2022\/07\/cine-debat-paris-stop-cyberbullying-V1.jpg\" class=\"attachment-full size-full wp-post-image\" alt=\"\" loading=\"lazy\" srcset=\"https:\/\/stop-cyberbullying.eu\/wp-content\/uploads\/2022\/07\/cine-debat-paris-stop-cyberbullying-V1-200x105.jpg 200w, https:\/\/stop-cyberbullying.eu\/wp-content\/uploads\/2022\/07\/cine-debat-paris-stop-cyberbullying-V1-400x209.jpg 400w, https:\/\/stop-cyberbullying.eu\/wp-content\/uploads\/2022\/07\/cine-debat-paris-stop-cyberbullying-V1-600x314.jpg 600w, https:\/\/stop-cyberbullying.eu\/wp-content\/uploads\/2022\/07\/cine-debat-paris-stop-cyberbullying-V1-800x419.jpg 800w, https:\/\/stop-cyberbullying.eu\/wp-content\/uploads\/2022\/07\/cine-debat-paris-stop-cyberbullying-V1.jpg 1200w\" sizes=\"(min-width: 2200px) 100vw, (min-width: 784px) 380px, (min-width: 712px) 570px, (min-width: 640px) 712px, \" \/><div class=\"fusion-rollover\">\n\t<div class=\"fusion-rollover-content\">\n\n\t\t\t\t\t\t\t\t\t\t\t\t\t\t<a class=\"fusion-rollover-link\" href=\"https:\/\/stop-cyberbullying.eu\/fr\/portfolio-items\/echanger-une-rencontre-autour-du-cyberharcelement-a-paris-2\/?portfolioCats=32\">Echanger : une rencontre autour du Cyberharc\u00e8lement \u00e0 Paris<\/a>\n\t\t\t\n\t\t\t\t\t\t\t\t\t\t\t\t\t\t\n\t\t\t\t\t\t\t\t\n\t\t\t\t\t\t\t\t\t\t\t\t\t<div class=\"fusion-rollover-sep\"><\/div>\n\t\t\t\t\n\t\t\t\t\t\t\t\t\t\t\t\t\t\t\t\t\t\t<a class=\"fusion-rollover-gallery\" href=\"https:\/\/stop-cyberbullying.eu\/wp-content\/uploads\/2022\/07\/cine-debat-paris-stop-cyberbullying-V1.jpg\" data-id=\"399\" data-rel=\"iLightbox[gallery-rw-1]\" data-title=\"cine-debat-paris-stop-cyberbullying-V1\" data-caption=\"\">\n\t\t\t\t\t\tGalerie\t\t\t\t\t<\/a>\n\t\t\t\t\t\t\t\t\t\t\t\t\t\t\n\t\t\n\t\t\t\t\t\t\t\t\t\t\t\t<h4 class=\"fusion-rollover-title\">\n\t\t\t\t\t<a class=\"fusion-rollover-title-link\" href=\"https:\/\/stop-cyberbullying.eu\/fr\/portfolio-items\/echanger-une-rencontre-autour-du-cyberharcelement-a-paris-2\/?portfolioCats=32\">\n\t\t\t\t\t\tEchanger : une rencontre autour du Cyberharc\u00e8lement \u00e0 Paris\t\t\t\t\t<\/a>\n\t\t\t\t<\/h4>\n\t\t\t\n\t\t\t\t\t\t\t\t\t\t<div class=\"fusion-rollover-categories\"><a href=\"https:\/\/stop-cyberbullying.eu\/fr\/portfolio_category\/experiences\/\" rel=\"tag\">Experiences<\/a><\/div>\t\t\t\t\t\n\t\t\n\t\t\t\t\t\t<a class=\"fusion-link-wrapper\" href=\"https:\/\/stop-cyberbullying.eu\/fr\/portfolio-items\/echanger-une-rencontre-autour-du-cyberharcelement-a-paris-2\/?portfolioCats=32\" aria-label=\"Echanger : une rencontre autour du Cyberharc\u00e8lement \u00e0 Paris\"><\/a>\n\t<\/div>\n<\/div>\n<\/div>\n<div class=\"fusion-portfolio-content\"><h2 class=\"entry-title fusion-post-title\"><a href=\"https:\/\/stop-cyberbullying.eu\/fr\/portfolio-items\/echanger-une-rencontre-autour-du-cyberharcelement-a-paris-2\/?portfolioCats=32\">Echanger : une rencontre autour du Cyberharc\u00e8lement \u00e0 Paris<\/a><\/h2><div class=\"fusion-post-content\"><p>Lundi 11 avril 2022, l\u2019Association Nationale des Cem\u00e9a organisait une [...]<\/p><\/div><\/div><\/div><\/article><article id=\"portfolio-1-post-348\" class=\"fusion-portfolio-post experiences fusion-col-spacing post-348\"><div class=\"fusion-portfolio-content-wrapper\" style=\"border:none;\"><span class=\"vcard rich-snippet-hidden\"><span class=\"fn\"><a href=\"https:\/\/stop-cyberbullying.eu\/fr\/author\/alice-chisin\/\" title=\"Articles par Alice Chisin\" rel=\"author\">Alice Chisin<\/a><\/span><\/span><span class=\"updated rich-snippet-hidden\">2022-07-08T12:24:37+01:00<\/span><div  class=\"fusion-image-wrapper\" aria-haspopup=\"true\">\n\t\t\t\t<img width=\"2104\" height=\"708\" src=\"https:\/\/stop-cyberbullying.eu\/wp-content\/uploads\/2022\/07\/Capture-de\u0301cran-2022-07-05-a\u0300-18.03.30.png\" class=\"attachment-full size-full wp-post-image\" alt=\"\" loading=\"lazy\" srcset=\"https:\/\/stop-cyberbullying.eu\/wp-content\/uploads\/2022\/07\/Capture-de\u0301cran-2022-07-05-a\u0300-18.03.30-200x67.png 200w, https:\/\/stop-cyberbullying.eu\/wp-content\/uploads\/2022\/07\/Capture-de\u0301cran-2022-07-05-a\u0300-18.03.30-400x135.png 400w, https:\/\/stop-cyberbullying.eu\/wp-content\/uploads\/2022\/07\/Capture-de\u0301cran-2022-07-05-a\u0300-18.03.30-600x202.png 600w, https:\/\/stop-cyberbullying.eu\/wp-content\/uploads\/2022\/07\/Capture-de\u0301cran-2022-07-05-a\u0300-18.03.30-800x269.png 800w, https:\/\/stop-cyberbullying.eu\/wp-content\/uploads\/2022\/07\/Capture-de\u0301cran-2022-07-05-a\u0300-18.03.30-1200x404.png 1200w, https:\/\/stop-cyberbullying.eu\/wp-content\/uploads\/2022\/07\/Capture-de\u0301cran-2022-07-05-a\u0300-18.03.30.png 2104w\" sizes=\"(min-width: 2200px) 100vw, (min-width: 784px) 380px, (min-width: 712px) 570px, (min-width: 640px) 712px, \" \/><div class=\"fusion-rollover\">\n\t<div class=\"fusion-rollover-content\">\n\n\t\t\t\t\t\t\t\t\t\t\t\t\t\t<a class=\"fusion-rollover-link\" href=\"https:\/\/stop-cyberbullying.eu\/fr\/portfolio-items\/et-si-on-parlait-de-cyberharcelement\/?portfolioCats=32\">Et si on parlait de cyberharc\u00e8lement !<\/a>\n\t\t\t\n\t\t\t\t\t\t\t\t\t\t\t\t\t\t\n\t\t\t\t\t\t\t\t\n\t\t\t\t\t\t\t\t\t\t\t\t\t<div class=\"fusion-rollover-sep\"><\/div>\n\t\t\t\t\n\t\t\t\t\t\t\t\t\t\t\t\t\t\t\t\t\t\t<a class=\"fusion-rollover-gallery\" href=\"https:\/\/stop-cyberbullying.eu\/wp-content\/uploads\/2022\/07\/Capture-de\u0301cran-2022-07-05-a\u0300-18.03.30.png\" data-id=\"348\" data-rel=\"iLightbox[gallery-rw-1]\" data-title=\"Capture d\u2019e\u0301cran 2022-07-05 a\u0300 18.03.30\" data-caption=\"\">\n\t\t\t\t\t\tGalerie\t\t\t\t\t<\/a>\n\t\t\t\t\t\t\t\t\t\t\t\t\t\t\n\t\t\n\t\t\t\t\t\t\t\t\t\t\t\t<h4 class=\"fusion-rollover-title\">\n\t\t\t\t\t<a class=\"fusion-rollover-title-link\" href=\"https:\/\/stop-cyberbullying.eu\/fr\/portfolio-items\/et-si-on-parlait-de-cyberharcelement\/?portfolioCats=32\">\n\t\t\t\t\t\tEt si on parlait de cyberharc\u00e8lement !\t\t\t\t\t<\/a>\n\t\t\t\t<\/h4>\n\t\t\t\n\t\t\t\t\t\t\t\t\t\t<div class=\"fusion-rollover-categories\"><a href=\"https:\/\/stop-cyberbullying.eu\/fr\/portfolio_category\/experiences\/\" rel=\"tag\">Experiences<\/a><\/div>\t\t\t\t\t\n\t\t\n\t\t\t\t\t\t<a class=\"fusion-link-wrapper\" href=\"https:\/\/stop-cyberbullying.eu\/fr\/portfolio-items\/et-si-on-parlait-de-cyberharcelement\/?portfolioCats=32\" aria-label=\"Et si on parlait de cyberharc\u00e8lement !\"><\/a>\n\t<\/div>\n<\/div>\n<\/div>\n<div class=\"fusion-portfolio-content\"><h2 class=\"entry-title fusion-post-title\"><a href=\"https:\/\/stop-cyberbullying.eu\/fr\/portfolio-items\/et-si-on-parlait-de-cyberharcelement\/?portfolioCats=32\">Et si on parlait de cyberharc\u00e8lement !<\/a><\/h2><div class=\"fusion-post-content\"><p>En mars 2022, des jeunes de 6 pays europ\u00e9ens se [...]<\/p><\/div><\/div><\/div><\/article><article id=\"portfolio-1-post-280\" class=\"fusion-portfolio-post experiences experiences-2 fusion-col-spacing post-280\"><div class=\"fusion-portfolio-content-wrapper\" style=\"border:none;\"><span class=\"vcard rich-snippet-hidden\"><span class=\"fn\"><a href=\"https:\/\/stop-cyberbullying.eu\/fr\/author\/admin\/\" title=\"Articles par admin\" rel=\"author\">admin<\/a><\/span><\/span><span class=\"updated rich-snippet-hidden\">2022-07-04T15:38:11+01:00<\/span><div  class=\"fusion-image-wrapper\" aria-haspopup=\"true\">\n\t\t\t\t<img width=\"1200\" height=\"628\" src=\"https:\/\/stop-cyberbullying.eu\/wp-content\/uploads\/2022\/07\/cine-debat-paris-stop-cyberbullying-V1.jpg\" class=\"attachment-full size-full wp-post-image\" alt=\"\" loading=\"lazy\" srcset=\"https:\/\/stop-cyberbullying.eu\/wp-content\/uploads\/2022\/07\/cine-debat-paris-stop-cyberbullying-V1-200x105.jpg 200w, https:\/\/stop-cyberbullying.eu\/wp-content\/uploads\/2022\/07\/cine-debat-paris-stop-cyberbullying-V1-400x209.jpg 400w, https:\/\/stop-cyberbullying.eu\/wp-content\/uploads\/2022\/07\/cine-debat-paris-stop-cyberbullying-V1-600x314.jpg 600w, https:\/\/stop-cyberbullying.eu\/wp-content\/uploads\/2022\/07\/cine-debat-paris-stop-cyberbullying-V1-800x419.jpg 800w, https:\/\/stop-cyberbullying.eu\/wp-content\/uploads\/2022\/07\/cine-debat-paris-stop-cyberbullying-V1.jpg 1200w\" sizes=\"(min-width: 2200px) 100vw, (min-width: 784px) 380px, (min-width: 712px) 570px, (min-width: 640px) 712px, \" \/><div class=\"fusion-rollover\">\n\t<div class=\"fusion-rollover-content\">\n\n\t\t\t\t\t\t\t\t\t\t\t\t\t\t<a class=\"fusion-rollover-link\" href=\"https:\/\/stop-cyberbullying.eu\/fr\/portfolio-items\/echanger-une-rencontre-autour-du-cyberharcelement-a-paris\/?portfolioCats=32\">\u00c9changer : une rencontre autour du Cyberharc\u00e8lement \u00e0 Paris<\/a>\n\t\t\t\n\t\t\t\t\t\t\t\t\t\t\t\t\t\t\n\t\t\t\t\t\t\t\t\n\t\t\t\t\t\t\t\t\t\t\t\t\t<div class=\"fusion-rollover-sep\"><\/div>\n\t\t\t\t\n\t\t\t\t\t\t\t\t\t\t\t\t\t\t\t\t\t\t<a class=\"fusion-rollover-gallery\" href=\"https:\/\/stop-cyberbullying.eu\/wp-content\/uploads\/2022\/07\/cine-debat-paris-stop-cyberbullying-V1.jpg\" data-id=\"280\" data-rel=\"iLightbox[gallery-rw-1]\" data-title=\"cine-debat-paris-stop-cyberbullying-V1\" data-caption=\"\">\n\t\t\t\t\t\tGalerie\t\t\t\t\t<\/a>\n\t\t\t\t\t\t\t\t\t\t\t\t\t\t\n\t\t\n\t\t\t\t\t\t\t\t\t\t\t\t<h4 class=\"fusion-rollover-title\">\n\t\t\t\t\t<a class=\"fusion-rollover-title-link\" href=\"https:\/\/stop-cyberbullying.eu\/fr\/portfolio-items\/echanger-une-rencontre-autour-du-cyberharcelement-a-paris\/?portfolioCats=32\">\n\t\t\t\t\t\t\u00c9changer : une rencontre autour du Cyberharc\u00e8lement \u00e0 Paris\t\t\t\t\t<\/a>\n\t\t\t\t<\/h4>\n\t\t\t\n\t\t\t\t\t\t\t\t\t\t<div class=\"fusion-rollover-categories\"><a href=\"https:\/\/stop-cyberbullying.eu\/fr\/portfolio_category\/experiences\/\" rel=\"tag\">Experiences<\/a>, <a href=\"https:\/\/stop-cyberbullying.eu\/portfolio_category\/experiences-2\/\" rel=\"tag\">Experiences<\/a><\/div>\t\t\t\t\t\n\t\t\n\t\t\t\t\t\t<a class=\"fusion-link-wrapper\" href=\"https:\/\/stop-cyberbullying.eu\/fr\/portfolio-items\/echanger-une-rencontre-autour-du-cyberharcelement-a-paris\/?portfolioCats=32\" aria-label=\"\u00c9changer : une rencontre autour du Cyberharc\u00e8lement \u00e0 Paris\"><\/a>\n\t<\/div>\n<\/div>\n<\/div>\n<div class=\"fusion-portfolio-content\"><h2 class=\"entry-title fusion-post-title\"><a href=\"https:\/\/stop-cyberbullying.eu\/fr\/portfolio-items\/echanger-une-rencontre-autour-du-cyberharcelement-a-paris\/?portfolioCats=32\">\u00c9changer : une rencontre autour du Cyberharc\u00e8lement \u00e0 Paris<\/a><\/h2><div class=\"fusion-post-content\"><p>Lundi 11 avril 2022, l\u2019Association Nationale des Cem\u00e9a organisait une [...]<\/p><\/div><\/div><\/div><\/article><\/div><\/div><\/em><\/p>\n","protected":false},"excerpt":{"rendered":"","protected":false},"author":2,"featured_media":0,"parent":0,"menu_order":0,"comment_status":"closed","ping_status":"closed","template":"","meta":[],"_links":{"self":[{"href":"https:\/\/stop-cyberbullying.eu\/fr\/wp-json\/wp\/v2\/pages\/624"}],"collection":[{"href":"https:\/\/stop-cyberbullying.eu\/fr\/wp-json\/wp\/v2\/pages"}],"about":[{"href":"https:\/\/stop-cyberbullying.eu\/fr\/wp-json\/wp\/v2\/types\/page"}],"author":[{"embeddable":true,"href":"https:\/\/stop-cyberbullying.eu\/fr\/wp-json\/wp\/v2\/users\/2"}],"replies":[{"embeddable":true,"href":"https:\/\/stop-cyberbullying.eu\/fr\/wp-json\/wp\/v2\/comments?post=624"}],"version-history":[{"count":0,"href":"https:\/\/stop-cyberbullying.eu\/fr\/wp-json\/wp\/v2\/pages\/624\/revisions"}],"wp:attachment":[{"href":"https:\/\/stop-cyberbullying.eu\/fr\/wp-json\/wp\/v2\/media?parent=624"}],"curies":[{"name":"wp","href":"https:\/\/api.w.org\/{rel}","templated":true}]}}