{"id":509,"date":"2022-07-08T12:40:19","date_gmt":"2022-07-08T11:40:19","guid":{"rendered":"https:\/\/stop-cyberbullying.eu\/good-practices\/"},"modified":"2022-07-08T15:21:15","modified_gmt":"2022-07-08T14:21:15","slug":"good-practices","status":"publish","type":"page","link":"https:\/\/stop-cyberbullying.eu\/fr\/good-practices\/","title":{"rendered":"Bonnes pratiques"},"content":{"rendered":"<hr class=\"hr-title\">\n<h2 style=\"text-align: center; margin-bottom: 0;\">Comment agir ?<\/h2>\n<hr class=\"hr-title\">\n<h3 style=\"text-align: center;\"><img class=\"alignnone size-full wp-image-183\" src=\"https:\/\/stop-cyberbullying.eu\/wp-content\/uploads\/2022\/06\/stop-cyberbullying-victim.png\" alt=\"stop-cyberbullying-victim\" width=\"180\" height=\"180\" srcset=\"https:\/\/stop-cyberbullying.eu\/wp-content\/uploads\/2022\/06\/stop-cyberbullying-victim-66x66.png 66w, https:\/\/stop-cyberbullying.eu\/wp-content\/uploads\/2022\/06\/stop-cyberbullying-victim-150x150.png 150w, https:\/\/stop-cyberbullying.eu\/wp-content\/uploads\/2022\/06\/stop-cyberbullying-victim.png 180w\" sizes=\"(max-width: 180px) 100vw, 180px\" \/><br \/>\nJe suis une victime<\/h3>\n<p>5 conseils si vous \u00eates victime de Cyber-harc\u00e8lement :<\/p>\n<ul class=\"fusion-checklist fusion-checklist-1\" style=\"font-size:16px;line-height:27.2px;\"><li style=\"background-color:rgba(255,255,255,0);\" class=\"fusion-li-item\"><span style=\"height:27.2px;width:27.2px;margin-right:11.2px;\" class=\"icon-wrapper circle-no\"><i class=\"fusion-li-icon fa-arrow-right fas\" style=\"color:#43a047;\" aria-hidden=\"true\"><\/i><\/span><div class=\"fusion-li-item-content\" style=\"margin-left:38.4px;color:var(--awb-color8);\">Parlez-en \u00e0 des personnes de confiance (parents, ami.es, enseignant.es, etc.).<\/div><\/li><li style=\"background-color:rgba(255,255,255,0);\" class=\"fusion-li-item\"><span style=\"height:27.2px;width:27.2px;margin-right:11.2px;\" class=\"icon-wrapper circle-no\"><i class=\"fusion-li-icon fa-arrow-right fas\" style=\"color:#43a047;\" aria-hidden=\"true\"><\/i><\/span><div class=\"fusion-li-item-content\" style=\"margin-left:38.4px;color:var(--awb-color8);\">Modifiez vos param\u00e8tres : il est important de limiter l\u2019acc\u00e8s \u00e0 vos comptes sur les r\u00e9seaux sociaux. Des options de confidentialit\u00e9 existent pour masquer la liste de vos amis, vos photos, d\u00e9sactiver la g\u00e9olocalisation, restreindre vos publications \u00e0 certaines personnes, etc. Il est \u00e9galement possible de bloquer des personnes ind\u00e9sirables.<\/div><\/li><li style=\"background-color:rgba(255,255,255,0);\" class=\"fusion-li-item\"><span style=\"height:27.2px;width:27.2px;margin-right:11.2px;\" class=\"icon-wrapper circle-no\"><i class=\"fusion-li-icon fa-arrow-right fas\" style=\"color:#43a047;\" aria-hidden=\"true\"><\/i><\/span><div class=\"fusion-li-item-content\" style=\"margin-left:38.4px;color:var(--awb-color8);\">Ne tentez ni de r\u00e9pondre, ni de vous venger : il est pr\u00e9f\u00e9rable de bloquer l\u2019utilisateur\/ice, de le\/la signaler, ou de signaler le contenu aupr\u00e8s de la plateforme concern\u00e9e pour le faire supprimer.<\/div><\/li><li style=\"background-color:rgba(255,255,255,0);\" class=\"fusion-li-item\"><span style=\"height:27.2px;width:27.2px;margin-right:11.2px;\" class=\"icon-wrapper circle-no\"><i class=\"fusion-li-icon fa-arrow-right fas\" style=\"color:#43a047;\" aria-hidden=\"true\"><\/i><\/span><div class=\"fusion-li-item-content\" style=\"margin-left:38.4px;color:var(--awb-color8);\">Conservez autant de preuves que possible des contenus (captures d\u2019\u00e9cran, enregistrements,\u2026), qui vous seront utiles en cas de d\u00e9p\u00f4t de plainte<\/div><\/li><li style=\"background-color:rgba(255,255,255,0);\" class=\"fusion-li-item\"><span style=\"height:27.2px;width:27.2px;margin-right:11.2px;\" class=\"icon-wrapper circle-no\"><i class=\"fusion-li-icon fa-arrow-right fas\" style=\"color:#43a047;\" aria-hidden=\"true\"><\/i><\/span><div class=\"fusion-li-item-content\" style=\"margin-left:38.4px;color:var(--awb-color8);\">Contacter un dispositif d\u2019aide (NetEcoute : 3018 ; Num\u00e9ro national d\u2019aide aux victimes de harc\u00e8lement scolaire : 3020\u2026)<\/div><\/li>\n<\/ul>\n<h3 style=\"text-align: center;\"><img class=\"alignnone size-full wp-image-190\" src=\"https:\/\/stop-cyberbullying.eu\/wp-content\/uploads\/2022\/06\/stop-cyberbullying-witness.png\" alt=\"stop-cyberbullying-witness\" width=\"180\" height=\"223\"><br \/>\nJe suis t\u00e9moin<\/h3>\n<p>5 conseils si vous \u00eates t\u00e9moin de Cyber-harc\u00e8lement:<br \/>\n<ul class=\"fusion-checklist fusion-checklist-2\" style=\"font-size:16px;line-height:27.2px;\"><li style=\"background-color:rgba(255,255,255,0);\" class=\"fusion-li-item\"><span style=\"height:27.2px;width:27.2px;margin-right:11.2px;\" class=\"icon-wrapper circle-no\"><i class=\"fusion-li-icon fa-arrow-right fas\" style=\"color:#43a047;\" aria-hidden=\"true\"><\/i><\/span><div class=\"fusion-li-item-content\" style=\"margin-left:38.4px;color:var(--awb-color8);\">Ne partagez pas les contenus (m\u00eame pour les d\u00e9noncer), mais signalez-les! Attention, le fait de partager ou commenter un contenu engage votre responsabilit\u00e9 devant la loi. Ne faites jamais suivre de photos, vid\u00e9os ou messages \u00e0 caract\u00e8re haineux y compris pour d\u00e9noncer un acte de harc\u00e8lement.<\/div><\/li><li style=\"background-color:rgba(255,255,255,0);\" class=\"fusion-li-item\"><span style=\"height:27.2px;width:27.2px;margin-right:11.2px;\" class=\"icon-wrapper circle-no\"><i class=\"fusion-li-icon fa-arrow-right fas\" style=\"color:#43a047;\" aria-hidden=\"true\"><\/i><\/span><div class=\"fusion-li-item-content\" style=\"margin-left:38.4px;color:var(--awb-color8);\">Pr\u00e9venez la victime<\/div><\/li><li style=\"background-color:rgba(255,255,255,0);\" class=\"fusion-li-item\"><span style=\"height:27.2px;width:27.2px;margin-right:11.2px;\" class=\"icon-wrapper circle-no\"><i class=\"fusion-li-icon fa-arrow-right fas\" style=\"color:#43a047;\" aria-hidden=\"true\"><\/i><\/span><div class=\"fusion-li-item-content\" style=\"margin-left:38.4px;color:var(--awb-color8);\">Adoptez une attitude bienveillante: ne jugez pas le comportements de la victime et ne la culpabilisez pas.<\/div><\/li><li style=\"background-color:rgba(255,255,255,0);\" class=\"fusion-li-item\"><span style=\"height:27.2px;width:27.2px;margin-right:11.2px;\" class=\"icon-wrapper circle-no\"><i class=\"fusion-li-icon fa-arrow-right fas\" style=\"color:#43a047;\" aria-hidden=\"true\"><\/i><\/span><div class=\"fusion-li-item-content\" style=\"margin-left:38.4px;color:var(--awb-color8);\">Soutenez-la: aidez-la dans ses d\u00e9marches, en faisant par exemple des captures d\u2019\u00e9cran (si elle ne peut pas avoir acc\u00e8s aux publications), mais ne conservez les preuves que le temps n\u00e9cessaire. Si la victime ne souhaite pas entamer de d\u00e9marche, respectez sa d\u00e9cision et ne le faites pas pour elle.<\/div><\/li><li style=\"background-color:rgba(255,255,255,0);\" class=\"fusion-li-item\"><span style=\"height:27.2px;width:27.2px;margin-right:11.2px;\" class=\"icon-wrapper circle-no\"><i class=\"fusion-li-icon fa-arrow-right fas\" style=\"color:#43a047;\" aria-hidden=\"true\"><\/i><\/span><div class=\"fusion-li-item-content\" style=\"margin-left:38.4px;color:var(--awb-color8);\">Pr\u00e9venez des personnes de confiance (parents, enseignant.es, etc.) ou la police.<\/div><\/li>\n<\/ul><\/p>\n<hr class=\"hr-title\" style=\"margin-top: 32px;\">\n<h2 style=\"text-align: center; margin-bottom: 0;\">Comment vous prot\u00e9ger sur internet?<\/h2>\n<hr class=\"hr-title\" style=\"margin-bottom: 20px;\">\n<p style=\"text-align: center;\">Six r\u00e9flexes \u00e0 adopter sur internet<\/p>\n<div class=\"fusion-fullwidth fullwidth-box fusion-builder-row-1 fusion-flex-container nonhundred-percent-fullwidth non-hundred-percent-height-scrolling\" style=\"background-color: rgba(255,255,255,0);background-position: center center;background-repeat: no-repeat;border-width: 0px 0px 0px 0px;border-color:#e2e2e2;border-style:solid;\" ><div class=\"fusion-builder-row fusion-row fusion-flex-align-items-flex-start fusion-flex-justify-content-center\" style=\"max-width:1248px;margin-left: calc(-4% \/ 2 );margin-right: calc(-4% \/ 2 );\">\n<div class=\"fusion-builder-row fusion-builder-row-inner fusion-row fusion-flex-align-items-flex-start fusion-flex-justify-content-center\" style=\"width:104% !important;max-width:104% !important;margin-left: calc(-4% \/ 2 );margin-right: calc(-4% \/ 2 );\"><\/div><div class=\"fusion-layout-column fusion_builder_column_inner fusion-builder-nested-column-0 fusion_builder_column_inner_1_3 1_3 fusion-flex-column\"><div class=\"fusion-column-wrapper fusion-flex-justify-content-flex-start fusion-content-layout-column\" style=\"background-position:left top;background-repeat:no-repeat;-webkit-background-size:cover;-moz-background-size:cover;-o-background-size:cover;background-size:cover;padding: 0px 0px 0px 0px;\">\n<p style=\"text-align: center;\"><img class=\"alignnone size-full wp-image-204\" src=\"https:\/\/stop-cyberbullying.eu\/wp-content\/uploads\/2022\/06\/stop-cyberbullying-ask.png\" alt=\"\" width=\"180\" height=\"180\" srcset=\"https:\/\/stop-cyberbullying.eu\/wp-content\/uploads\/2022\/06\/stop-cyberbullying-ask-66x66.png 66w, https:\/\/stop-cyberbullying.eu\/wp-content\/uploads\/2022\/06\/stop-cyberbullying-ask-150x150.png 150w, https:\/\/stop-cyberbullying.eu\/wp-content\/uploads\/2022\/06\/stop-cyberbullying-ask.png 180w\" sizes=\"(max-width: 180px) 100vw, 180px\" \/><br \/>\nJe demande l&rsquo;accord de la personne avant de publier une photo ou une vid\u00e9o la concernant sur les r\u00e9seaux sociaux<\/p>\n<\/div><style type=\"text\/css\">.fusion-body .fusion-builder-nested-column-0{width:33.333333333333% !important;margin-top : 0px;margin-bottom : 20px;}.fusion-builder-nested-column-0 > .fusion-column-wrapper {padding-top : 0px !important;padding-right : 0px !important;margin-right : 5.76%;padding-bottom : 0px !important;padding-left : 0px !important;margin-left : 5.76%;}@media only screen and (max-width:1024px) {.fusion-body .fusion-builder-nested-column-0{width:33.333333333333% !important;order : 0;}.fusion-builder-nested-column-0 > .fusion-column-wrapper {margin-right : 5.76%;margin-left : 5.76%;}}@media only screen and (max-width:640px) {.fusion-body .fusion-builder-nested-column-0{width:100% !important;order : 0;}.fusion-builder-nested-column-0 > .fusion-column-wrapper {margin-right : 1.92%;margin-left : 1.92%;}}<\/style><\/div><div class=\"fusion-layout-column fusion_builder_column_inner fusion-builder-nested-column-1 fusion_builder_column_inner_1_3 1_3 fusion-flex-column\"><div class=\"fusion-column-wrapper fusion-flex-justify-content-flex-start fusion-content-layout-column\" style=\"background-position:left top;background-repeat:no-repeat;-webkit-background-size:cover;-moz-background-size:cover;-o-background-size:cover;background-size:cover;padding: 0px 0px 0px 0px;\">\n<p style=\"text-align: center;\"><img class=\"alignnone size-full wp-image-211\" src=\"https:\/\/stop-cyberbullying.eu\/wp-content\/uploads\/2022\/06\/stop-cyberbullying-think.png\" alt=\"\" width=\"180\" height=\"180\" srcset=\"https:\/\/stop-cyberbullying.eu\/wp-content\/uploads\/2022\/06\/stop-cyberbullying-think-66x66.png 66w, https:\/\/stop-cyberbullying.eu\/wp-content\/uploads\/2022\/06\/stop-cyberbullying-think-150x150.png 150w, https:\/\/stop-cyberbullying.eu\/wp-content\/uploads\/2022\/06\/stop-cyberbullying-think.png 180w\" sizes=\"(max-width: 180px) 100vw, 180px\" \/><br \/>\nJe r\u00e9fl\u00e9chis aux cons\u00e9quences pour moi et pour les autres avant de publier ou de liker un contenu en ligne<\/p>\n<\/div><style type=\"text\/css\">.fusion-body .fusion-builder-nested-column-1{width:33.333333333333% !important;margin-top : 0px;margin-bottom : 20px;}.fusion-builder-nested-column-1 > .fusion-column-wrapper {padding-top : 0px !important;padding-right : 0px !important;margin-right : 5.76%;padding-bottom : 0px !important;padding-left : 0px !important;margin-left : 5.76%;}@media only screen and (max-width:1024px) {.fusion-body .fusion-builder-nested-column-1{width:33.333333333333% !important;order : 0;}.fusion-builder-nested-column-1 > .fusion-column-wrapper {margin-right : 5.76%;margin-left : 5.76%;}}@media only screen and (max-width:640px) {.fusion-body .fusion-builder-nested-column-1{width:100% !important;order : 0;}.fusion-builder-nested-column-1 > .fusion-column-wrapper {margin-right : 1.92%;margin-left : 1.92%;}}<\/style><\/div><div class=\"fusion-layout-column fusion_builder_column_inner fusion-builder-nested-column-2 fusion_builder_column_inner_1_3 1_3 fusion-flex-column\"><div class=\"fusion-column-wrapper fusion-flex-justify-content-flex-start fusion-content-layout-column\" style=\"background-position:left top;background-repeat:no-repeat;-webkit-background-size:cover;-moz-background-size:cover;-o-background-size:cover;background-size:cover;padding: 0px 0px 0px 0px;\">\n<p style=\"text-align: center;\"><img class=\"alignnone size-full wp-image-218\" src=\"https:\/\/stop-cyberbullying.eu\/wp-content\/uploads\/2022\/06\/stop-cyberbullying-protect.png\" alt=\"\" width=\"180\" height=\"180\" srcset=\"https:\/\/stop-cyberbullying.eu\/wp-content\/uploads\/2022\/06\/stop-cyberbullying-protect-66x66.png 66w, https:\/\/stop-cyberbullying.eu\/wp-content\/uploads\/2022\/06\/stop-cyberbullying-protect-150x150.png 150w, https:\/\/stop-cyberbullying.eu\/wp-content\/uploads\/2022\/06\/stop-cyberbullying-protect.png 180w\" sizes=\"(max-width: 180px) 100vw, 180px\" \/><br \/>\nJe prot\u00e8ge mes donn\u00e9es personnelles (nom, photos, adresse mail&#8230;), en configurant les param\u00e8tres de confidentialit\u00e9 sur mes comptes, et en utilisant des mots de passe renforc\u00e9s.<\/p>\n<\/div><style type=\"text\/css\">.fusion-body .fusion-builder-nested-column-2{width:33.333333333333% !important;margin-top : 0px;margin-bottom : 20px;}.fusion-builder-nested-column-2 > .fusion-column-wrapper {padding-top : 0px !important;padding-right : 0px !important;margin-right : 5.76%;padding-bottom : 0px !important;padding-left : 0px !important;margin-left : 5.76%;}@media only screen and (max-width:1024px) {.fusion-body .fusion-builder-nested-column-2{width:33.333333333333% !important;order : 0;}.fusion-builder-nested-column-2 > .fusion-column-wrapper {margin-right : 5.76%;margin-left : 5.76%;}}@media only screen and (max-width:640px) {.fusion-body .fusion-builder-nested-column-2{width:100% !important;order : 0;}.fusion-builder-nested-column-2 > .fusion-column-wrapper {margin-right : 1.92%;margin-left : 1.92%;}}<\/style><\/div><div class=\"fusion-layout-column fusion_builder_column_inner fusion-builder-nested-column-3 fusion_builder_column_inner_1_3 1_3 fusion-flex-column\"><div class=\"fusion-column-wrapper fusion-flex-justify-content-flex-start fusion-content-layout-column\" style=\"background-position:left top;background-repeat:no-repeat;-webkit-background-size:cover;-moz-background-size:cover;-o-background-size:cover;background-size:cover;padding: 0px 0px 0px 0px;\">\n<p style=\"text-align: center;\"><img class=\"alignnone size-full wp-image-225\" src=\"https:\/\/stop-cyberbullying.eu\/wp-content\/uploads\/2022\/06\/stop-cyberbullying-dont-accept.png\" alt=\"\" width=\"180\" height=\"180\" srcset=\"https:\/\/stop-cyberbullying.eu\/wp-content\/uploads\/2022\/06\/stop-cyberbullying-dont-accept-66x66.png 66w, https:\/\/stop-cyberbullying.eu\/wp-content\/uploads\/2022\/06\/stop-cyberbullying-dont-accept-150x150.png 150w, https:\/\/stop-cyberbullying.eu\/wp-content\/uploads\/2022\/06\/stop-cyberbullying-dont-accept.png 180w\" sizes=\"(max-width: 180px) 100vw, 180px\" \/><br \/>\nJe n&rsquo;accepte pas les personnes que je ne connais pas! Il est important de ne pas accepter les demandes d&rsquo;ajout comme ami.e de personnes que vous ne connaissez pas. Param\u00e9trez vos comptes sur les r\u00e9seaux sociaux pour n&rsquo;accepter que les requ\u00eates provenant de vos contacts<\/p>\n<\/div><style type=\"text\/css\">.fusion-body .fusion-builder-nested-column-3{width:33.333333333333% !important;margin-top : 0px;margin-bottom : 20px;}.fusion-builder-nested-column-3 > .fusion-column-wrapper {padding-top : 0px !important;padding-right : 0px !important;margin-right : 5.76%;padding-bottom : 0px !important;padding-left : 0px !important;margin-left : 5.76%;}@media only screen and (max-width:1024px) {.fusion-body .fusion-builder-nested-column-3{width:33.333333333333% !important;order : 0;}.fusion-builder-nested-column-3 > .fusion-column-wrapper {margin-right : 5.76%;margin-left : 5.76%;}}@media only screen and (max-width:640px) {.fusion-body .fusion-builder-nested-column-3{width:100% !important;order : 0;}.fusion-builder-nested-column-3 > .fusion-column-wrapper {margin-right : 1.92%;margin-left : 1.92%;}}<\/style><\/div><div class=\"fusion-layout-column fusion_builder_column_inner fusion-builder-nested-column-4 fusion_builder_column_inner_1_3 1_3 fusion-flex-column\"><div class=\"fusion-column-wrapper fusion-flex-justify-content-flex-start fusion-content-layout-column\" style=\"background-position:left top;background-repeat:no-repeat;-webkit-background-size:cover;-moz-background-size:cover;-o-background-size:cover;background-size:cover;padding: 0px 0px 0px 0px;\">\n<p style=\"text-align: center;\"><img class=\"alignnone size-full wp-image-232\" src=\"https:\/\/stop-cyberbullying.eu\/wp-content\/uploads\/2022\/06\/stop-cyberbullying-refuse.png\" alt=\"\" width=\"180\" height=\"180\" srcset=\"https:\/\/stop-cyberbullying.eu\/wp-content\/uploads\/2022\/06\/stop-cyberbullying-refuse-66x66.png 66w, https:\/\/stop-cyberbullying.eu\/wp-content\/uploads\/2022\/06\/stop-cyberbullying-refuse-150x150.png 150w, https:\/\/stop-cyberbullying.eu\/wp-content\/uploads\/2022\/06\/stop-cyberbullying-refuse.png 180w\" sizes=\"(max-width: 180px) 100vw, 180px\" \/><br \/>\nJe refuse de partager des contenus qui humilient ou rabaissent d&rsquo;autres personnes<\/p>\n<\/div><style type=\"text\/css\">.fusion-body .fusion-builder-nested-column-4{width:33.333333333333% !important;margin-top : 0px;margin-bottom : 20px;}.fusion-builder-nested-column-4 > .fusion-column-wrapper {padding-top : 0px !important;padding-right : 0px !important;margin-right : 5.76%;padding-bottom : 0px !important;padding-left : 0px !important;margin-left : 5.76%;}@media only screen and (max-width:1024px) {.fusion-body .fusion-builder-nested-column-4{width:33.333333333333% !important;order : 0;}.fusion-builder-nested-column-4 > .fusion-column-wrapper {margin-right : 5.76%;margin-left : 5.76%;}}@media only screen and (max-width:640px) {.fusion-body .fusion-builder-nested-column-4{width:100% !important;order : 0;}.fusion-builder-nested-column-4 > .fusion-column-wrapper {margin-right : 1.92%;margin-left : 1.92%;}}<\/style><\/div><div class=\"fusion-layout-column fusion_builder_column_inner fusion-builder-nested-column-5 fusion_builder_column_inner_1_3 1_3 fusion-flex-column\"><div class=\"fusion-column-wrapper fusion-flex-justify-content-flex-start fusion-content-layout-column\" style=\"background-position:left top;background-repeat:no-repeat;-webkit-background-size:cover;-moz-background-size:cover;-o-background-size:cover;background-size:cover;padding: 0px 0px 0px 0px;\">\n<p style=\"text-align: center;\"><img class=\"alignnone size-full wp-image-239\" src=\"https:\/\/stop-cyberbullying.eu\/wp-content\/uploads\/2022\/06\/stop-cyberbullying-report.png\" alt=\"\" width=\"180\" height=\"180\" srcset=\"https:\/\/stop-cyberbullying.eu\/wp-content\/uploads\/2022\/06\/stop-cyberbullying-report-66x66.png 66w, https:\/\/stop-cyberbullying.eu\/wp-content\/uploads\/2022\/06\/stop-cyberbullying-report-150x150.png 150w, https:\/\/stop-cyberbullying.eu\/wp-content\/uploads\/2022\/06\/stop-cyberbullying-report.png 180w\" sizes=\"(max-width: 180px) 100vw, 180px\" \/><br \/>\nI signale tout contenu offensant ou haineux aupr\u00e8s de la plateforme concern\u00e9e<\/p>\n<\/div><style type=\"text\/css\">.fusion-body .fusion-builder-nested-column-5{width:33.333333333333% !important;margin-top : 0px;margin-bottom : 20px;}.fusion-builder-nested-column-5 > .fusion-column-wrapper {padding-top : 0px !important;padding-right : 0px !important;margin-right : 5.76%;padding-bottom : 0px !important;padding-left : 0px !important;margin-left : 5.76%;}@media only screen and (max-width:1024px) {.fusion-body .fusion-builder-nested-column-5{width:33.333333333333% !important;order : 0;}.fusion-builder-nested-column-5 > .fusion-column-wrapper {margin-right : 5.76%;margin-left : 5.76%;}}@media only screen and (max-width:640px) {.fusion-body .fusion-builder-nested-column-5{width:100% !important;order : 0;}.fusion-builder-nested-column-5 > .fusion-column-wrapper {margin-right : 1.92%;margin-left : 1.92%;}}<\/style><\/div><div class=\"fusion-layout-column fusion_builder_column_inner fusion-builder-nested-column-6 fusion_builder_column_inner_1_3 1_3 fusion-flex-column\"><div class=\"fusion-column-wrapper fusion-flex-justify-content-flex-start fusion-content-layout-column\" style=\"background-position:left top;background-repeat:no-repeat;-webkit-background-size:cover;-moz-background-size:cover;-o-background-size:cover;background-size:cover;padding: 0px 0px 0px 0px;\"><\/div><style type=\"text\/css\">.fusion-body .fusion-builder-nested-column-6{width:33.333333333333% !important;margin-top : 0px;margin-bottom : 20px;}.fusion-builder-nested-column-6 > .fusion-column-wrapper {padding-top : 0px !important;padding-right : 0px !important;margin-right : 5.76%;padding-bottom : 0px !important;padding-left : 0px !important;margin-left : 5.76%;}@media only screen and (max-width:1024px) {.fusion-body .fusion-builder-nested-column-6{width:33.333333333333% !important;order : 0;}.fusion-builder-nested-column-6 > .fusion-column-wrapper {margin-right : 5.76%;margin-left : 5.76%;}}@media only screen and (max-width:640px) {.fusion-body .fusion-builder-nested-column-6{width:100% !important;order : 0;}.fusion-builder-nested-column-6 > .fusion-column-wrapper {margin-right : 1.92%;margin-left : 1.92%;}}<\/style><\/div>\n<\/div><style type=\"text\/css\">.fusion-body .fusion-flex-container.fusion-builder-row-1{ padding-top : 0px;margin-top : 0px;padding-right : 0px;padding-bottom : 0px;margin-bottom : 0px;padding-left : 0px;}<\/style><\/div>\n","protected":false},"excerpt":{"rendered":"<p>Comment agir ? Je suis une victime 5 conseils si [&hellip;]<\/p>\n","protected":false},"author":2,"featured_media":0,"parent":0,"menu_order":0,"comment_status":"closed","ping_status":"closed","template":"","meta":[],"_links":{"self":[{"href":"https:\/\/stop-cyberbullying.eu\/fr\/wp-json\/wp\/v2\/pages\/509"}],"collection":[{"href":"https:\/\/stop-cyberbullying.eu\/fr\/wp-json\/wp\/v2\/pages"}],"about":[{"href":"https:\/\/stop-cyberbullying.eu\/fr\/wp-json\/wp\/v2\/types\/page"}],"author":[{"embeddable":true,"href":"https:\/\/stop-cyberbullying.eu\/fr\/wp-json\/wp\/v2\/users\/2"}],"replies":[{"embeddable":true,"href":"https:\/\/stop-cyberbullying.eu\/fr\/wp-json\/wp\/v2\/comments?post=509"}],"version-history":[{"count":14,"href":"https:\/\/stop-cyberbullying.eu\/fr\/wp-json\/wp\/v2\/pages\/509\/revisions"}],"predecessor-version":[{"id":588,"href":"https:\/\/stop-cyberbullying.eu\/fr\/wp-json\/wp\/v2\/pages\/509\/revisions\/588"}],"wp:attachment":[{"href":"https:\/\/stop-cyberbullying.eu\/fr\/wp-json\/wp\/v2\/media?parent=509"}],"curies":[{"name":"wp","href":"https:\/\/api.w.org\/{rel}","templated":true}]}}