{"id":266,"date":"2022-07-01T16:47:43","date_gmt":"2022-07-01T15:47:43","guid":{"rendered":"https:\/\/stop-cyberbullying.eu\/a-propos\/"},"modified":"2022-07-01T16:47:43","modified_gmt":"2022-07-01T15:47:43","slug":"a-propos","status":"publish","type":"page","link":"https:\/\/stop-cyberbullying.eu\/fr\/a-propos\/","title":{"rendered":"\u00c0 propos"},"content":{"rendered":"<h2 style=\"text-align: center;\">Un projet europ\u00e9en<\/h2>\n<p style=\"text-align: center;\"><em>Ce site a \u00e9t\u00e9 cr\u00e9\u00e9 dans le cadre du projet europ\u00e9en #YouthAgainstCyberbullying en 2021.<\/em><\/p>\n<p style=\"text-align: center;\"><em>Ce projet, qui r\u00e9unit 6 pays (France, Danemark, Serbie, Italie, Croatie et Hongrie), vise \u00e0 lutter contre les discours toxiques en ligne (discours de haine, discrimination, insultes, menaces, partage d&rsquo;images\/vid\u00e9os, etc.) et plus particuli\u00e8rement le cyberharc\u00e8lement. L&rsquo;objectif est de sensibiliser les jeunes Europ\u00e9ens \u00e0 adopter un meilleur comportement en ligne.<\/em><\/p>\n<hr>\n<h2 style=\"text-align: center;\">Partenaires :<\/h2>\n<h3 style=\"text-align: center;\"><img class=\"size-medium wp-image-122 aligncenter\" src=\"https:\/\/stop-cyberbullying.eu\/wp-content\/uploads\/2022\/06\/ARCI-Italia-300x152.png\" alt=\"ARCI-Italie\" width=\"300\" height=\"152\" srcset=\"https:\/\/stop-cyberbullying.eu\/wp-content\/uploads\/2022\/06\/ARCI-Italia-200x101.png 200w, https:\/\/stop-cyberbullying.eu\/wp-content\/uploads\/2022\/06\/ARCI-Italia-300x152.png 300w, https:\/\/stop-cyberbullying.eu\/wp-content\/uploads\/2022\/06\/ARCI-Italia.png 320w\" sizes=\"(max-width: 300px) 100vw, 300px\" \/><br \/>\nARCI (Italie)<\/h3>\n<p>ARCI Liguria est le comit\u00e9 r\u00e9gional d&rsquo;ARCI, une association nationale qui est, actuellement, la plus grande association ind\u00e9pendante pour la promotion des valeurs sociales, de la culture et des droits civils dans le pays gr\u00e2ce \u00e0 l&rsquo;\u00e9norme potentiel qui r\u00e9side dans les plus de 300 clubs et 50.000 membres affili\u00e9s. ARCI et ARCI Liguria repr\u00e9sentent donc un r\u00e9seau dont la structure bien ancr\u00e9e favorise la participation d\u00e9mocratique et l&rsquo;int\u00e9gration sociale \u00e0 de multiples niveaux.<br \/>\n<a href=\"https:\/\/www.arci.it\" target=\"_blank\" rel=\"noopener\">Pour en savoir plus sur Arci<\/a><\/p>\n<hr>\n<h3 style=\"text-align: center;\"><img class=\"alignnone size-medium wp-image-129 aligncenter\" src=\"https:\/\/stop-cyberbullying.eu\/wp-content\/uploads\/2022\/06\/CEMEA-France-300x118.jpg\" alt=\"CEMEA-France\" width=\"300\" height=\"118\" srcset=\"https:\/\/stop-cyberbullying.eu\/wp-content\/uploads\/2022\/06\/CEMEA-France-200x79.jpg 200w, https:\/\/stop-cyberbullying.eu\/wp-content\/uploads\/2022\/06\/CEMEA-France-300x118.jpg 300w, https:\/\/stop-cyberbullying.eu\/wp-content\/uploads\/2022\/06\/CEMEA-France.jpg 320w\" sizes=\"(max-width: 300px) 100vw, 300px\" \/><br \/>\nCem\u00e9a (France)<\/h3>\n<p>Les CEMEA (Centres d&rsquo;\u00e9ducation active et de formation aux m\u00e9thodes) sont une association engag\u00e9e dans l&rsquo;\u00e9ducation populaire depuis plus de 80 ans, dans tous les domaines de l&rsquo;\u00e9ducation et du travail social : loisirs \u00e9ducatifs, \u00e9ducation des jeunes enfants, scolarisation, int\u00e9gration des personnes handicap\u00e9es, pratiques culturelles, insertion sociale et professionnelle, \u00e9ducation \u00e0 l&rsquo;environnement, relations internationales en \u00e9ducation. Les CEMEA int\u00e8grent la formation dans les strat\u00e9gies g\u00e9n\u00e9rales de d\u00e9veloppement. Ils d\u00e9fendent une philosophie d&rsquo;\u00e9ducation progressive, dont les principes sont appliqu\u00e9s \u00e0 des situations o\u00f9 chaque enfant, adolescent ou adulte peut prendre conscience du monde qui l&rsquo;entoure et d\u00e9velopper ses propres comp\u00e9tences individuelles et sociales.<br \/>\n<a href=\"https:\/\/cemea.asso.fr\" target=\"_blank\" rel=\"noopener\">Pour en savoir plus sur les Cem\u00e9a<\/a><\/p>\n<hr>\n<h3 style=\"text-align: center;\"><img class=\"size-full wp-image-136 aligncenter\" src=\"https:\/\/stop-cyberbullying.eu\/wp-content\/uploads\/2022\/06\/FIC-Danemark.jpg\" alt=\"FIC-Danemark\" width=\"160\" height=\"226\"><br \/>\nFIC (Danmark)<\/h3>\n<p>Le Forum pour la coop\u00e9ration internationale est une organisation internationale \u00e0 but non lucratif (ONG) qui op\u00e8re au Danemark, en Europe et en Afrique de l&rsquo;Est (Tanzanie et Kenya) depuis 1995. Les projets port\u00e9s par FIC, sont ax\u00e9s sur le domaine de l\u2019\u00e9ducation, l\u2019am\u00e9lioration des conditions de travail et des droits pour tous.tes ; l\u2019emploi des jeunes et des s\u00e9niors, l\u2019int\u00e9gration des \u00e9migrants ; l\u2019\u00e9galit\u00e9 homme-femmes,etc. Ses valeurs sont fond\u00e9es sur les conventions des Nations unies et des droits de l&rsquo;homme, la Charte des droits fondamentaux de l&rsquo;UE et sur les droits du travail.<br \/>\n<a href=\"https:\/\/fic.dk\" target=\"_blank\" rel=\"noopener\">Pour en savoir plus sur FIC<\/a><\/p>\n<hr>\n<h3 style=\"text-align: center;\"><img class=\"size-medium wp-image-143 aligncenter\" src=\"https:\/\/stop-cyberbullying.eu\/wp-content\/uploads\/2022\/06\/IDC-Serbia-300x119.jpg\" alt=\"IDC-Serbie\" width=\"300\" height=\"119\" srcset=\"https:\/\/stop-cyberbullying.eu\/wp-content\/uploads\/2022\/06\/IDC-Serbia-200x79.jpg 200w, https:\/\/stop-cyberbullying.eu\/wp-content\/uploads\/2022\/06\/IDC-Serbia-300x119.jpg 300w, https:\/\/stop-cyberbullying.eu\/wp-content\/uploads\/2022\/06\/IDC-Serbia.jpg 320w\" sizes=\"(max-width: 300px) 100vw, 300px\" \/><br \/>\nIDC (Serbie)<\/h3>\n<p>IDC est un groupe de passionn\u00e9s anim\u00e9 par les principes de solidarit\u00e9, d&rsquo;inclusion active, d&rsquo;\u00e9galit\u00e9 des droits, d&#8217;emplois d\u00e9cents et de personnes satisfaites. Ces principes sont int\u00e9gr\u00e9s dans tous nos programmes et activit\u00e9s, que nous ne cessons d&rsquo;innover. IDC m\u00e8ne des projets dans 10 villes diff\u00e9rentes en Serbie, et travaille avec des groupes sociaux vuln\u00e9rables, principalement ceux qui sont en dessous du seuil de pauvret\u00e9 et avec lesquels nous essayons de lutter pour un plus haut degr\u00e9 d&rsquo;inclusion sociale. Depuis sa cr\u00e9ation, plus de plusieurs milliers de b\u00e9n\u00e9ficiaires sont pass\u00e9s par nos programmes, b\u00e9n\u00e9ficiaires qui ont particip\u00e9 \u00e0 certains de nos projets.<br \/>\n<a href=\"https:\/\/idcserbia.org\" target=\"_blank\" rel=\"noopener\">Pour en savoir plus sur IDC<\/a><\/p>\n<hr>\n<h3 style=\"text-align: center;\"><img class=\"size-medium wp-image-150 aligncenter\" src=\"https:\/\/stop-cyberbullying.eu\/wp-content\/uploads\/2022\/06\/Progessive-Hungary-300x140.png\" alt=\"Progessive-Hongrie\" width=\"300\" height=\"140\" srcset=\"https:\/\/stop-cyberbullying.eu\/wp-content\/uploads\/2022\/06\/Progessive-Hungary-200x93.png 200w, https:\/\/stop-cyberbullying.eu\/wp-content\/uploads\/2022\/06\/Progessive-Hungary-300x140.png 300w, https:\/\/stop-cyberbullying.eu\/wp-content\/uploads\/2022\/06\/Progessive-Hungary.png 320w\" sizes=\"(max-width: 300px) 100vw, 300px\" \/><br \/>\nProgressive (Hongrie)<\/h3>\n<p>La vision de l&rsquo;Institute for Transformation est celle d&rsquo;une soci\u00e9t\u00e9 juste et d&rsquo;une d\u00e9mocratie durable. Il vise \u00e0 catalyser le changement social en partenariat avec des mouvements innovants et des entrepreneurs sociaux.L&rsquo;Institute for Transformation &#8211; anciennement connu sous le nom de Progressive Economic Policy Foundation &#8211; est un groupe de r\u00e9flexion qui vise \u00e0 faire avancer la cause d&rsquo;une Hongrie juste, d\u00e9mocratique et durable gr\u00e2ce \u00e0 des visions audacieuses, des \u00e9v\u00e9nements, des campagnes et des projets pilotes. Leurs domaines d\u2019actions sont les suivants : affaires du travail, protection sociale, \u00e9ducation, migration, etc.<br \/>\n<a href=\"https:\/\/atalakulasintezet.hu\" target=\"_blank\" rel=\"noopener\">Pour en savoir plus sur Progressive<\/a><\/p>\n<hr>\n<h3 style=\"text-align: center;\"><img class=\"size-medium wp-image-157 aligncenter\" src=\"https:\/\/stop-cyberbullying.eu\/wp-content\/uploads\/2022\/06\/SOLIDAR-belgique-300x107.jpg\" alt=\"SOLIDAR-belgique\" width=\"300\" height=\"107\" srcset=\"https:\/\/stop-cyberbullying.eu\/wp-content\/uploads\/2022\/06\/SOLIDAR-belgique-200x71.jpg 200w, https:\/\/stop-cyberbullying.eu\/wp-content\/uploads\/2022\/06\/SOLIDAR-belgique-300x107.jpg 300w, https:\/\/stop-cyberbullying.eu\/wp-content\/uploads\/2022\/06\/SOLIDAR-belgique.jpg 320w\" sizes=\"(max-width: 300px) 100vw, 300px\" \/><br \/>\nSolidar (Belgique)<\/h3>\n<p>La Fondation SOLIDAR est la plateforme de coop\u00e9ration de SOLIDAR, un r\u00e9seau europ\u00e9en et mondial d&rsquo;ONG qui travaillent \u00e0 faire progresser la justice sociale en Europe et dans le monde. SOLIDAR rassemble 60 organisations membres bas\u00e9es dans 25 \u00c9tats membres de l&rsquo;UE et dans 6 pays candidats. Nous travaillons ensemble dans les domaines des affaires sociales, de la coop\u00e9ration internationale et de l&rsquo;\u00e9ducation et de la formation tout au long de la vie.<br \/>\n<a href=\"https:\/\/www.solidar.org\" target=\"_blank\" rel=\"noopener\">Pour en savoir plus sur SOLIDAR<\/a><\/p>\n<hr>\n<h3 style=\"text-align: center;\"><img class=\"size-medium wp-image-164 aligncenter\" src=\"https:\/\/stop-cyberbullying.eu\/wp-content\/uploads\/2022\/06\/Solidarna-Croatie-300x132.png\" alt=\"Solidarna-Croatie\" width=\"300\" height=\"132\" srcset=\"https:\/\/stop-cyberbullying.eu\/wp-content\/uploads\/2022\/06\/Solidarna-Croatie-200x88.png 200w, https:\/\/stop-cyberbullying.eu\/wp-content\/uploads\/2022\/06\/Solidarna-Croatie-300x132.png 300w, https:\/\/stop-cyberbullying.eu\/wp-content\/uploads\/2022\/06\/Solidarna-Croatie.png 320w\" sizes=\"(max-width: 300px) 100vw, 300px\" \/><br \/>\nSolidarna (Croatie)<\/h3>\n<p>SOLIDARNA, fondation Croate, pour les droits de l\u2019homme et la solidarit\u00e9, a \u00e9t\u00e9 cr\u00e9\u00e9e en 2015. Les fondateurs, sont convaincus que la promotion et la protection des droits de l&rsquo;homme &#8211; des libert\u00e9s d&rsquo;expression, de r\u00e9union et d&rsquo;association, le droit au travail, au domicile, \u00e0 un environnement sain et aux biens publics de base &#8211; exige des efforts durables, de la cr\u00e9ativit\u00e9 et une forte r\u00e9sistance \u00e0 toutes sortes de pressions.<br \/>\n<a href=\"https:\/\/solidarna.hr\" target=\"_blank\" rel=\"noopener\">Pour en savoir plus sur SOLIDARNA<\/a><\/p>\n","protected":false},"excerpt":{"rendered":"<p>Un projet europ\u00e9en Ce site a \u00e9t\u00e9 cr\u00e9\u00e9 dans le [&hellip;]<\/p>\n","protected":false},"author":2,"featured_media":0,"parent":0,"menu_order":0,"comment_status":"closed","ping_status":"closed","template":"","meta":[],"_links":{"self":[{"href":"https:\/\/stop-cyberbullying.eu\/fr\/wp-json\/wp\/v2\/pages\/266"}],"collection":[{"href":"https:\/\/stop-cyberbullying.eu\/fr\/wp-json\/wp\/v2\/pages"}],"about":[{"href":"https:\/\/stop-cyberbullying.eu\/fr\/wp-json\/wp\/v2\/types\/page"}],"author":[{"embeddable":true,"href":"https:\/\/stop-cyberbullying.eu\/fr\/wp-json\/wp\/v2\/users\/2"}],"replies":[{"embeddable":true,"href":"https:\/\/stop-cyberbullying.eu\/fr\/wp-json\/wp\/v2\/comments?post=266"}],"version-history":[{"count":0,"href":"https:\/\/stop-cyberbullying.eu\/fr\/wp-json\/wp\/v2\/pages\/266\/revisions"}],"wp:attachment":[{"href":"https:\/\/stop-cyberbullying.eu\/fr\/wp-json\/wp\/v2\/media?parent=266"}],"curies":[{"name":"wp","href":"https:\/\/api.w.org\/{rel}","templated":true}]}}