{"id":250,"date":"2022-07-01T10:26:36","date_gmt":"2022-07-01T09:26:36","guid":{"rendered":"https:\/\/stop-cyberbullying.eu\/accueil\/"},"modified":"2022-12-01T12:32:20","modified_gmt":"2022-12-01T11:32:20","slug":"accueil","status":"publish","type":"page","link":"https:\/\/stop-cyberbullying.eu\/fr\/","title":{"rendered":"Accueil"},"content":{"rendered":"<p style=\"text-align: center;\">Ce site a \u00e9t\u00e9 cr\u00e9\u00e9 dans le cadre du projet europ\u00e9en #YouthAgainstCyberbullying en 2021. Ce projet, qui r\u00e9unit 6 pays (France, Danemark, Serbie, Italie, Croatie et Hongrie), vise \u00e0 lutter contre les discours toxiques en ligne (discours de haine, discrimination, insultes, menaces, partage d&rsquo;images\/vid\u00e9os, etc.) et plus particuli\u00e8rement le cyberharc\u00e8lement. L&rsquo;objectif est de sensibiliser les jeunes Europ\u00e9ens \u00e0 adopter un meilleur comportement en ligne.<br \/>\n<a href=\"https:\/\/stop-cyberbullying.eu\/fr\/a-propos\/\">En savoir plus sur nous \u00bb<\/a><\/p>\n<hr \/>\n<div class=\"fusion-fullwidth fullwidth-box fusion-builder-row-1 fusion-flex-container nonhundred-percent-fullwidth non-hundred-percent-height-scrolling\" style=\"background-color: rgba(255,255,255,0);background-position: center center;background-repeat: no-repeat;border-width: 0px 0px 0px 0px;border-color:#e2e2e2;border-style:solid;\" ><\/p>\n<div class=\"fusion-builder-row fusion-row fusion-flex-align-items-flex-start\" style=\"max-width:1248px;margin-left: calc(-4% \/ 2 );margin-right: calc(-4% \/ 2 );\">\n<div class=\"fusion-layout-column fusion_builder_column fusion-builder-column-0 fusion_builder_column_1_3 1_3 fusion-flex-column\"><div class=\"fusion-column-wrapper fusion-flex-justify-content-flex-start fusion-content-layout-column\" style=\"background-position:left top;background-repeat:no-repeat;-webkit-background-size:cover;-moz-background-size:cover;-o-background-size:cover;background-size:cover;padding: 0px 0px 0px 0px;\">\n<h2>Exp\u00e9riences<\/h2>\n<style type=\"text\/css\">.fusion-portfolio-wrapper#fusion-portfolio-1 .fusion-portfolio-content{  text-align: left; }<\/style><div class=\"fusion-recent-works fusion-portfolio-element fusion-portfolio fusion-portfolio-1 fusion-portfolio-grid fusion-portfolio-paging-pagination fusion-portfolio-one fusion-portfolio-unboxed fusion-portfolio-text fusion-portfolio-rollover\" data-id=\"-rw-1\" data-columns=\"one\"><style type=\"text\/css\">.fusion-portfolio-1 .fusion-portfolio-wrapper .fusion-col-spacing{padding:15px;}<\/style><div class=\"fusion-portfolio-wrapper\" id=\"fusion-portfolio-1\" data-picturesize=\"auto\" data-pages=\"1\" style=\"margin:-15px;\"><article id=\"portfolio-1-post-399\" class=\"fusion-portfolio-post experiences fusion-col-spacing post-399\"><div class=\"fusion-portfolio-content-wrapper\" style=\"border:none;\"><span class=\"vcard rich-snippet-hidden\"><span class=\"fn\"><a href=\"https:\/\/stop-cyberbullying.eu\/fr\/author\/alice-chisin\/\" title=\"Articles par Alice Chisin\" rel=\"author\">Alice Chisin<\/a><\/span><\/span><span class=\"updated rich-snippet-hidden\">2022-07-06T17:14:21+01:00<\/span><div  class=\"fusion-image-wrapper\" aria-haspopup=\"true\">\n\t\t\t\t<img width=\"1200\" height=\"628\" src=\"https:\/\/stop-cyberbullying.eu\/wp-content\/uploads\/2022\/07\/cine-debat-paris-stop-cyberbullying-V1.jpg\" class=\"attachment-full size-full wp-post-image\" alt=\"\" loading=\"lazy\" srcset=\"https:\/\/stop-cyberbullying.eu\/wp-content\/uploads\/2022\/07\/cine-debat-paris-stop-cyberbullying-V1-200x105.jpg 200w, https:\/\/stop-cyberbullying.eu\/wp-content\/uploads\/2022\/07\/cine-debat-paris-stop-cyberbullying-V1-400x209.jpg 400w, https:\/\/stop-cyberbullying.eu\/wp-content\/uploads\/2022\/07\/cine-debat-paris-stop-cyberbullying-V1-600x314.jpg 600w, https:\/\/stop-cyberbullying.eu\/wp-content\/uploads\/2022\/07\/cine-debat-paris-stop-cyberbullying-V1-800x419.jpg 800w, https:\/\/stop-cyberbullying.eu\/wp-content\/uploads\/2022\/07\/cine-debat-paris-stop-cyberbullying-V1.jpg 1200w\" sizes=\"(min-width: 2200px) 100vw, (min-width: 640px) 1200px, \" \/><div class=\"fusion-rollover\">\n\t<div class=\"fusion-rollover-content\">\n\n\t\t\t\t\t\t\t\t\t\t\t\t\t\t<a class=\"fusion-rollover-link\" href=\"https:\/\/stop-cyberbullying.eu\/fr\/portfolio-items\/echanger-une-rencontre-autour-du-cyberharcelement-a-paris-2\/?portfolioCats=32%2C32\">Echanger : une rencontre autour du Cyberharc\u00e8lement \u00e0 Paris<\/a>\n\t\t\t\n\t\t\t\t\t\t\t\t\t\t\t\t\t\t\n\t\t\t\t\t\t\t\t\n\t\t\t\t\t\t\t\t\t\t\t\t\t<div class=\"fusion-rollover-sep\"><\/div>\n\t\t\t\t\n\t\t\t\t\t\t\t\t\t\t\t\t\t\t\t\t\t\t<a class=\"fusion-rollover-gallery\" href=\"https:\/\/stop-cyberbullying.eu\/wp-content\/uploads\/2022\/07\/cine-debat-paris-stop-cyberbullying-V1.jpg\" data-id=\"399\" data-rel=\"iLightbox[gallery-rw-1]\" data-title=\"cine-debat-paris-stop-cyberbullying-V1\" data-caption=\"\">\n\t\t\t\t\t\tGalerie\t\t\t\t\t<\/a>\n\t\t\t\t\t\t\t\t\t\t\t\t\t\t\n\t\t\n\t\t\t\t\t\t\t\t\t\t\t\t<h4 class=\"fusion-rollover-title\">\n\t\t\t\t\t<a class=\"fusion-rollover-title-link\" href=\"https:\/\/stop-cyberbullying.eu\/fr\/portfolio-items\/echanger-une-rencontre-autour-du-cyberharcelement-a-paris-2\/?portfolioCats=32%2C32\">\n\t\t\t\t\t\tEchanger : une rencontre autour du Cyberharc\u00e8lement \u00e0 Paris\t\t\t\t\t<\/a>\n\t\t\t\t<\/h4>\n\t\t\t\n\t\t\t\t\t\t\t\t\t\t<div class=\"fusion-rollover-categories\"><a href=\"https:\/\/stop-cyberbullying.eu\/fr\/portfolio_category\/experiences\/\" rel=\"tag\">Experiences<\/a><\/div>\t\t\t\t\t\n\t\t\n\t\t\t\t\t\t<a class=\"fusion-link-wrapper\" href=\"https:\/\/stop-cyberbullying.eu\/fr\/portfolio-items\/echanger-une-rencontre-autour-du-cyberharcelement-a-paris-2\/?portfolioCats=32%2C32\" aria-label=\"Echanger : une rencontre autour du Cyberharc\u00e8lement \u00e0 Paris\"><\/a>\n\t<\/div>\n<\/div>\n<\/div>\n<div class=\"fusion-portfolio-content\"><h2 class=\"entry-title fusion-post-title\"><a href=\"https:\/\/stop-cyberbullying.eu\/fr\/portfolio-items\/echanger-une-rencontre-autour-du-cyberharcelement-a-paris-2\/?portfolioCats=32%2C32\">Echanger : une rencontre autour du Cyberharc\u00e8lement \u00e0 Paris<\/a><\/h2><div class=\"fusion-post-content\"><p>Lundi 11 avril 2022, l\u2019Association Nationale des Cem\u00e9a organisait une [...]<\/p><div class=\"fusion-portfolio-buttons\"><a href=\"https:\/\/stop-cyberbullying.eu\/fr\/portfolio-items\/echanger-une-rencontre-autour-du-cyberharcelement-a-paris-2\/?portfolioCats=32%2C32\" class=\"fusion-button fusion-button-small fusion-button-default fusion-button-flat\">Learn More<\/a><\/div><\/div><\/div><\/div><div class=\"fusion-clearfix\"><\/div><div class=\"fusion-separator sep-double\"><\/div><\/article><article id=\"portfolio-1-post-348\" class=\"fusion-portfolio-post experiences fusion-col-spacing post-348\"><div class=\"fusion-portfolio-content-wrapper\" style=\"border:none;\"><span class=\"vcard rich-snippet-hidden\"><span class=\"fn\"><a href=\"https:\/\/stop-cyberbullying.eu\/fr\/author\/alice-chisin\/\" title=\"Articles par Alice Chisin\" rel=\"author\">Alice Chisin<\/a><\/span><\/span><span class=\"updated rich-snippet-hidden\">2022-07-08T12:24:37+01:00<\/span><div  class=\"fusion-image-wrapper\" aria-haspopup=\"true\">\n\t\t\t\t<img width=\"2104\" height=\"708\" src=\"https:\/\/stop-cyberbullying.eu\/wp-content\/uploads\/2022\/07\/Capture-de\u0301cran-2022-07-05-a\u0300-18.03.30.png\" class=\"attachment-full size-full wp-post-image\" alt=\"\" loading=\"lazy\" srcset=\"https:\/\/stop-cyberbullying.eu\/wp-content\/uploads\/2022\/07\/Capture-de\u0301cran-2022-07-05-a\u0300-18.03.30-200x67.png 200w, https:\/\/stop-cyberbullying.eu\/wp-content\/uploads\/2022\/07\/Capture-de\u0301cran-2022-07-05-a\u0300-18.03.30-400x135.png 400w, https:\/\/stop-cyberbullying.eu\/wp-content\/uploads\/2022\/07\/Capture-de\u0301cran-2022-07-05-a\u0300-18.03.30-600x202.png 600w, https:\/\/stop-cyberbullying.eu\/wp-content\/uploads\/2022\/07\/Capture-de\u0301cran-2022-07-05-a\u0300-18.03.30-800x269.png 800w, https:\/\/stop-cyberbullying.eu\/wp-content\/uploads\/2022\/07\/Capture-de\u0301cran-2022-07-05-a\u0300-18.03.30-1200x404.png 1200w, https:\/\/stop-cyberbullying.eu\/wp-content\/uploads\/2022\/07\/Capture-de\u0301cran-2022-07-05-a\u0300-18.03.30.png 2104w\" sizes=\"(min-width: 2200px) 100vw, (min-width: 640px) 1200px, \" \/><div class=\"fusion-rollover\">\n\t<div class=\"fusion-rollover-content\">\n\n\t\t\t\t\t\t\t\t\t\t\t\t\t\t<a class=\"fusion-rollover-link\" href=\"https:\/\/stop-cyberbullying.eu\/fr\/portfolio-items\/et-si-on-parlait-de-cyberharcelement\/?portfolioCats=32%2C32\">Et si on parlait de cyberharc\u00e8lement !<\/a>\n\t\t\t\n\t\t\t\t\t\t\t\t\t\t\t\t\t\t\n\t\t\t\t\t\t\t\t\n\t\t\t\t\t\t\t\t\t\t\t\t\t<div class=\"fusion-rollover-sep\"><\/div>\n\t\t\t\t\n\t\t\t\t\t\t\t\t\t\t\t\t\t\t\t\t\t\t<a class=\"fusion-rollover-gallery\" href=\"https:\/\/stop-cyberbullying.eu\/wp-content\/uploads\/2022\/07\/Capture-de\u0301cran-2022-07-05-a\u0300-18.03.30.png\" data-id=\"348\" data-rel=\"iLightbox[gallery-rw-1]\" data-title=\"Capture d\u2019e\u0301cran 2022-07-05 a\u0300 18.03.30\" data-caption=\"\">\n\t\t\t\t\t\tGalerie\t\t\t\t\t<\/a>\n\t\t\t\t\t\t\t\t\t\t\t\t\t\t\n\t\t\n\t\t\t\t\t\t\t\t\t\t\t\t<h4 class=\"fusion-rollover-title\">\n\t\t\t\t\t<a class=\"fusion-rollover-title-link\" href=\"https:\/\/stop-cyberbullying.eu\/fr\/portfolio-items\/et-si-on-parlait-de-cyberharcelement\/?portfolioCats=32%2C32\">\n\t\t\t\t\t\tEt si on parlait de cyberharc\u00e8lement !\t\t\t\t\t<\/a>\n\t\t\t\t<\/h4>\n\t\t\t\n\t\t\t\t\t\t\t\t\t\t<div class=\"fusion-rollover-categories\"><a href=\"https:\/\/stop-cyberbullying.eu\/fr\/portfolio_category\/experiences\/\" rel=\"tag\">Experiences<\/a><\/div>\t\t\t\t\t\n\t\t\n\t\t\t\t\t\t<a class=\"fusion-link-wrapper\" href=\"https:\/\/stop-cyberbullying.eu\/fr\/portfolio-items\/et-si-on-parlait-de-cyberharcelement\/?portfolioCats=32%2C32\" aria-label=\"Et si on parlait de cyberharc\u00e8lement !\"><\/a>\n\t<\/div>\n<\/div>\n<\/div>\n<div class=\"fusion-portfolio-content\"><h2 class=\"entry-title fusion-post-title\"><a href=\"https:\/\/stop-cyberbullying.eu\/fr\/portfolio-items\/et-si-on-parlait-de-cyberharcelement\/?portfolioCats=32%2C32\">Et si on parlait de cyberharc\u00e8lement !<\/a><\/h2><div class=\"fusion-post-content\"><p>En mars 2022, des jeunes de 6 pays europ\u00e9ens se [...]<\/p><div class=\"fusion-portfolio-buttons\"><a href=\"https:\/\/stop-cyberbullying.eu\/fr\/portfolio-items\/et-si-on-parlait-de-cyberharcelement\/?portfolioCats=32%2C32\" class=\"fusion-button fusion-button-small fusion-button-default fusion-button-flat\">Learn More<\/a><\/div><\/div><\/div><\/div><div class=\"fusion-clearfix\"><\/div><div class=\"fusion-separator sep-double\"><\/div><\/article><article id=\"portfolio-1-post-280\" class=\"fusion-portfolio-post experiences experiences-2 fusion-col-spacing post-280\"><div class=\"fusion-portfolio-content-wrapper\" style=\"border:none;\"><span class=\"vcard rich-snippet-hidden\"><span class=\"fn\"><a href=\"https:\/\/stop-cyberbullying.eu\/fr\/author\/admin\/\" title=\"Articles par admin\" rel=\"author\">admin<\/a><\/span><\/span><span class=\"updated rich-snippet-hidden\">2022-07-04T15:38:11+01:00<\/span><div  class=\"fusion-image-wrapper\" aria-haspopup=\"true\">\n\t\t\t\t<img width=\"1200\" height=\"628\" src=\"https:\/\/stop-cyberbullying.eu\/wp-content\/uploads\/2022\/07\/cine-debat-paris-stop-cyberbullying-V1.jpg\" class=\"attachment-full size-full wp-post-image\" alt=\"\" loading=\"lazy\" srcset=\"https:\/\/stop-cyberbullying.eu\/wp-content\/uploads\/2022\/07\/cine-debat-paris-stop-cyberbullying-V1-200x105.jpg 200w, https:\/\/stop-cyberbullying.eu\/wp-content\/uploads\/2022\/07\/cine-debat-paris-stop-cyberbullying-V1-400x209.jpg 400w, https:\/\/stop-cyberbullying.eu\/wp-content\/uploads\/2022\/07\/cine-debat-paris-stop-cyberbullying-V1-600x314.jpg 600w, https:\/\/stop-cyberbullying.eu\/wp-content\/uploads\/2022\/07\/cine-debat-paris-stop-cyberbullying-V1-800x419.jpg 800w, https:\/\/stop-cyberbullying.eu\/wp-content\/uploads\/2022\/07\/cine-debat-paris-stop-cyberbullying-V1.jpg 1200w\" sizes=\"(min-width: 2200px) 100vw, (min-width: 640px) 1200px, \" \/><div class=\"fusion-rollover\">\n\t<div class=\"fusion-rollover-content\">\n\n\t\t\t\t\t\t\t\t\t\t\t\t\t\t<a class=\"fusion-rollover-link\" href=\"https:\/\/stop-cyberbullying.eu\/fr\/portfolio-items\/echanger-une-rencontre-autour-du-cyberharcelement-a-paris\/?portfolioCats=32%2C32\">\u00c9changer : une rencontre autour du Cyberharc\u00e8lement \u00e0 Paris<\/a>\n\t\t\t\n\t\t\t\t\t\t\t\t\t\t\t\t\t\t\n\t\t\t\t\t\t\t\t\n\t\t\t\t\t\t\t\t\t\t\t\t\t<div class=\"fusion-rollover-sep\"><\/div>\n\t\t\t\t\n\t\t\t\t\t\t\t\t\t\t\t\t\t\t\t\t\t\t<a class=\"fusion-rollover-gallery\" href=\"https:\/\/stop-cyberbullying.eu\/wp-content\/uploads\/2022\/07\/cine-debat-paris-stop-cyberbullying-V1.jpg\" data-id=\"280\" data-rel=\"iLightbox[gallery-rw-1]\" data-title=\"cine-debat-paris-stop-cyberbullying-V1\" data-caption=\"\">\n\t\t\t\t\t\tGalerie\t\t\t\t\t<\/a>\n\t\t\t\t\t\t\t\t\t\t\t\t\t\t\n\t\t\n\t\t\t\t\t\t\t\t\t\t\t\t<h4 class=\"fusion-rollover-title\">\n\t\t\t\t\t<a class=\"fusion-rollover-title-link\" href=\"https:\/\/stop-cyberbullying.eu\/fr\/portfolio-items\/echanger-une-rencontre-autour-du-cyberharcelement-a-paris\/?portfolioCats=32%2C32\">\n\t\t\t\t\t\t\u00c9changer : une rencontre autour du Cyberharc\u00e8lement \u00e0 Paris\t\t\t\t\t<\/a>\n\t\t\t\t<\/h4>\n\t\t\t\n\t\t\t\t\t\t\t\t\t\t<div class=\"fusion-rollover-categories\"><a href=\"https:\/\/stop-cyberbullying.eu\/fr\/portfolio_category\/experiences\/\" rel=\"tag\">Experiences<\/a>, <a href=\"https:\/\/stop-cyberbullying.eu\/portfolio_category\/experiences-2\/\" rel=\"tag\">Experiences<\/a><\/div>\t\t\t\t\t\n\t\t\n\t\t\t\t\t\t<a class=\"fusion-link-wrapper\" href=\"https:\/\/stop-cyberbullying.eu\/fr\/portfolio-items\/echanger-une-rencontre-autour-du-cyberharcelement-a-paris\/?portfolioCats=32%2C32\" aria-label=\"\u00c9changer : une rencontre autour du Cyberharc\u00e8lement \u00e0 Paris\"><\/a>\n\t<\/div>\n<\/div>\n<\/div>\n<div class=\"fusion-portfolio-content\"><h2 class=\"entry-title fusion-post-title\"><a href=\"https:\/\/stop-cyberbullying.eu\/fr\/portfolio-items\/echanger-une-rencontre-autour-du-cyberharcelement-a-paris\/?portfolioCats=32%2C32\">\u00c9changer : une rencontre autour du Cyberharc\u00e8lement \u00e0 Paris<\/a><\/h2><div class=\"fusion-post-content\"><p>Lundi 11 avril 2022, l\u2019Association Nationale des Cem\u00e9a organisait une [...]<\/p><div class=\"fusion-portfolio-buttons\"><a href=\"https:\/\/stop-cyberbullying.eu\/fr\/portfolio-items\/echanger-une-rencontre-autour-du-cyberharcelement-a-paris\/?portfolioCats=32%2C32\" class=\"fusion-button fusion-button-small fusion-button-default fusion-button-flat\">Learn More<\/a><\/div><\/div><\/div><\/div><div class=\"fusion-clearfix\"><\/div><div class=\"fusion-separator sep-double\"><\/div><\/article><\/div><\/div>\n<\/div><style type=\"text\/css\">.fusion-body .fusion-builder-column-0{width:33.333333333333% !important;margin-top : 0px;margin-bottom : 20px;}.fusion-builder-column-0 > .fusion-column-wrapper {padding-top : 0px !important;padding-right : 0px !important;margin-right : 5.76%;padding-bottom : 0px !important;padding-left : 0px !important;margin-left : 5.76%;}@media only screen and (max-width:1024px) {.fusion-body .fusion-builder-column-0{width:33.333333333333% !important;order : 0;}.fusion-builder-column-0 > .fusion-column-wrapper {margin-right : 5.76%;margin-left : 5.76%;}}@media only screen and (max-width:640px) {.fusion-body .fusion-builder-column-0{width:100% !important;order : 0;}.fusion-builder-column-0 > .fusion-column-wrapper {margin-right : 1.92%;margin-left : 1.92%;}}<\/style><\/div>\n<div class=\"fusion-layout-column fusion_builder_column fusion-builder-column-1 fusion_builder_column_1_3 1_3 fusion-flex-column\"><div class=\"fusion-column-wrapper fusion-flex-justify-content-flex-start fusion-content-layout-column\" style=\"background-position:left top;background-repeat:no-repeat;-webkit-background-size:cover;-moz-background-size:cover;-o-background-size:cover;background-size:cover;padding: 0px 0px 0px 0px;\">\n<h2>Outils \u00e9ducatifs<\/h2>\n<style type=\"text\/css\">.fusion-portfolio-wrapper#fusion-portfolio-2 .fusion-portfolio-content{  text-align: left; }<\/style><div class=\"fusion-recent-works fusion-portfolio-element fusion-portfolio fusion-portfolio-2 fusion-portfolio-grid fusion-portfolio-paging-pagination fusion-portfolio-one fusion-portfolio-unboxed fusion-portfolio-text fusion-portfolio-rollover\" data-id=\"-rw-2\" data-columns=\"one\"><style type=\"text\/css\">.fusion-portfolio-2 .fusion-portfolio-wrapper .fusion-col-spacing{padding:15px;}<\/style><div class=\"fusion-portfolio-wrapper\" id=\"fusion-portfolio-2\" data-picturesize=\"auto\" data-pages=\"1\" style=\"margin:-15px;\"><article id=\"portfolio-2-post-472\" class=\"fusion-portfolio-post outils-educatifs fusion-col-spacing post-472\"><div class=\"fusion-portfolio-content-wrapper\" style=\"border:none;\"><span class=\"vcard rich-snippet-hidden\"><span class=\"fn\"><a href=\"https:\/\/stop-cyberbullying.eu\/fr\/author\/alice-chisin\/\" title=\"Articles par Alice Chisin\" rel=\"author\">Alice Chisin<\/a><\/span><\/span><span class=\"updated rich-snippet-hidden\">2022-07-06T17:15:07+01:00<\/span><div  class=\"fusion-image-wrapper\" aria-haspopup=\"true\">\n\t\t\t\t<img width=\"500\" height=\"268\" src=\"https:\/\/stop-cyberbullying.eu\/wp-content\/uploads\/2022\/07\/Capture-de\u0301cran-2022-07-06-a\u0300-17.31.09.png\" class=\"attachment-full size-full wp-post-image\" alt=\"\" loading=\"lazy\" srcset=\"https:\/\/stop-cyberbullying.eu\/wp-content\/uploads\/2022\/07\/Capture-de\u0301cran-2022-07-06-a\u0300-17.31.09-200x107.png 200w, https:\/\/stop-cyberbullying.eu\/wp-content\/uploads\/2022\/07\/Capture-de\u0301cran-2022-07-06-a\u0300-17.31.09-400x214.png 400w, https:\/\/stop-cyberbullying.eu\/wp-content\/uploads\/2022\/07\/Capture-de\u0301cran-2022-07-06-a\u0300-17.31.09.png 500w\" sizes=\"(min-width: 2200px) 100vw, (min-width: 640px) 1200px, \" \/><div class=\"fusion-rollover\">\n\t<div class=\"fusion-rollover-content\">\n\n\t\t\t\t\t\t\t\t\t\t\t\t\t\t<a class=\"fusion-rollover-link\" href=\"https:\/\/stop-cyberbullying.eu\/fr\/portfolio-items\/animer-un-cine-debat-pour-lutter-contre-le-cyberharcelement\/?portfolioCats=36%2C36\">Animer un cin\u00e9-d\u00e9bat pour lutter contre le cyberharc\u00e8lement<\/a>\n\t\t\t\n\t\t\t\t\t\t\t\t\t\t\t\t\t\t\n\t\t\t\t\t\t\t\t\n\t\t\t\t\t\t\t\t\t\t\t\t\t<div class=\"fusion-rollover-sep\"><\/div>\n\t\t\t\t\n\t\t\t\t\t\t\t\t\t\t\t\t\t\t\t\t\t\t<a class=\"fusion-rollover-gallery\" href=\"https:\/\/stop-cyberbullying.eu\/wp-content\/uploads\/2022\/07\/Capture-de\u0301cran-2022-07-06-a\u0300-17.31.09.png\" data-id=\"472\" data-rel=\"iLightbox[gallery-rw-2]\" data-title=\"Capture d\u2019e\u0301cran 2022-07-06 a\u0300 17.31.09\" data-caption=\"\">\n\t\t\t\t\t\tGalerie\t\t\t\t\t<\/a>\n\t\t\t\t\t\t\t\t\t\t\t\t\t\t\n\t\t\n\t\t\t\t\t\t\t\t\t\t\t\t<h4 class=\"fusion-rollover-title\">\n\t\t\t\t\t<a class=\"fusion-rollover-title-link\" href=\"https:\/\/stop-cyberbullying.eu\/fr\/portfolio-items\/animer-un-cine-debat-pour-lutter-contre-le-cyberharcelement\/?portfolioCats=36%2C36\">\n\t\t\t\t\t\tAnimer un cin\u00e9-d\u00e9bat pour lutter contre le cyberharc\u00e8lement\t\t\t\t\t<\/a>\n\t\t\t\t<\/h4>\n\t\t\t\n\t\t\t\t\t\t\t\t\t\t<div class=\"fusion-rollover-categories\"><a href=\"https:\/\/stop-cyberbullying.eu\/fr\/portfolio_category\/outils-educatifs\/\" rel=\"tag\">Outils \u00e9ducatifs<\/a><\/div>\t\t\t\t\t\n\t\t\n\t\t\t\t\t\t<a class=\"fusion-link-wrapper\" href=\"https:\/\/stop-cyberbullying.eu\/fr\/portfolio-items\/animer-un-cine-debat-pour-lutter-contre-le-cyberharcelement\/?portfolioCats=36%2C36\" aria-label=\"Animer un cin\u00e9-d\u00e9bat pour lutter contre le cyberharc\u00e8lement\"><\/a>\n\t<\/div>\n<\/div>\n<\/div>\n<div class=\"fusion-portfolio-content\"><h2 class=\"entry-title fusion-post-title\"><a href=\"https:\/\/stop-cyberbullying.eu\/fr\/portfolio-items\/animer-un-cine-debat-pour-lutter-contre-le-cyberharcelement\/?portfolioCats=36%2C36\">Animer un cin\u00e9-d\u00e9bat pour lutter contre le cyberharc\u00e8lement<\/a><\/h2><div class=\"fusion-post-content\"><p>Pr\u00e9sentation du Festival international du film d\u2019\u00e9ducation (FIFE) Le festival [...]<\/p><div class=\"fusion-portfolio-buttons\"><a href=\"https:\/\/stop-cyberbullying.eu\/fr\/portfolio-items\/animer-un-cine-debat-pour-lutter-contre-le-cyberharcelement\/?portfolioCats=36%2C36\" class=\"fusion-button fusion-button-small fusion-button-default fusion-button-flat\">Learn More<\/a><\/div><\/div><\/div><\/div><div class=\"fusion-clearfix\"><\/div><div class=\"fusion-separator sep-double\"><\/div><\/article><\/div><\/div>\n<\/div><style type=\"text\/css\">.fusion-body .fusion-builder-column-1{width:33.333333333333% !important;margin-top : 0px;margin-bottom : 20px;}.fusion-builder-column-1 > .fusion-column-wrapper {padding-top : 0px !important;padding-right : 0px !important;margin-right : 5.76%;padding-bottom : 0px !important;padding-left : 0px !important;margin-left : 5.76%;}@media only screen and (max-width:1024px) {.fusion-body .fusion-builder-column-1{width:33.333333333333% !important;order : 0;}.fusion-builder-column-1 > .fusion-column-wrapper {margin-right : 5.76%;margin-left : 5.76%;}}@media only screen and (max-width:640px) {.fusion-body .fusion-builder-column-1{width:100% !important;order : 0;}.fusion-builder-column-1 > .fusion-column-wrapper {margin-right : 1.92%;margin-left : 1.92%;}}<\/style><\/div>\n<div class=\"fusion-layout-column fusion_builder_column fusion-builder-column-2 fusion_builder_column_1_3 1_3 fusion-flex-column\"><div class=\"fusion-column-wrapper fusion-flex-justify-content-flex-start fusion-content-layout-column\" style=\"background-position:left top;background-repeat:no-repeat;-webkit-background-size:cover;-moz-background-size:cover;-o-background-size:cover;background-size:cover;padding: 0px 0px 0px 0px;\">\n<p><em>\/\/ here App download links<br \/>\n<\/em><\/p>\n<\/div><style type=\"text\/css\">.fusion-body .fusion-builder-column-2{width:33.333333333333% !important;margin-top : 0px;margin-bottom : 20px;}.fusion-builder-column-2 > .fusion-column-wrapper {padding-top : 0px !important;padding-right : 0px !important;margin-right : 5.76%;padding-bottom : 0px !important;padding-left : 0px !important;margin-left : 5.76%;}@media only screen and (max-width:1024px) {.fusion-body .fusion-builder-column-2{width:33.333333333333% !important;order : 0;}.fusion-builder-column-2 > .fusion-column-wrapper {margin-right : 5.76%;margin-left : 5.76%;}}@media only screen and (max-width:640px) {.fusion-body .fusion-builder-column-2{width:100% !important;order : 0;}.fusion-builder-column-2 > .fusion-column-wrapper {margin-right : 1.92%;margin-left : 1.92%;}}<\/style><\/div>\n<\/div><style type=\"text\/css\">.fusion-body .fusion-flex-container.fusion-builder-row-1{ padding-top : 0px;margin-top : 0px;padding-right : 0px;padding-bottom : 0px;margin-bottom : 0px;padding-left : 0px;}<\/style><\/div>\n","protected":false},"excerpt":{"rendered":"<p>Ce site a \u00e9t\u00e9 cr\u00e9\u00e9 dans le cadre du projet [&hellip;]<\/p>\n","protected":false},"author":2,"featured_media":0,"parent":0,"menu_order":0,"comment_status":"closed","ping_status":"closed","template":"","meta":[],"_links":{"self":[{"href":"https:\/\/stop-cyberbullying.eu\/fr\/wp-json\/wp\/v2\/pages\/250"}],"collection":[{"href":"https:\/\/stop-cyberbullying.eu\/fr\/wp-json\/wp\/v2\/pages"}],"about":[{"href":"https:\/\/stop-cyberbullying.eu\/fr\/wp-json\/wp\/v2\/types\/page"}],"author":[{"embeddable":true,"href":"https:\/\/stop-cyberbullying.eu\/fr\/wp-json\/wp\/v2\/users\/2"}],"replies":[{"embeddable":true,"href":"https:\/\/stop-cyberbullying.eu\/fr\/wp-json\/wp\/v2\/comments?post=250"}],"version-history":[{"count":12,"href":"https:\/\/stop-cyberbullying.eu\/fr\/wp-json\/wp\/v2\/pages\/250\/revisions"}],"predecessor-version":[{"id":640,"href":"https:\/\/stop-cyberbullying.eu\/fr\/wp-json\/wp\/v2\/pages\/250\/revisions\/640"}],"wp:attachment":[{"href":"https:\/\/stop-cyberbullying.eu\/fr\/wp-json\/wp\/v2\/media?parent=250"}],"curies":[{"name":"wp","href":"https:\/\/api.w.org\/{rel}","templated":true}]}}