{"id":119,"date":"2022-06-23T10:09:38","date_gmt":"2022-06-23T09:09:38","guid":{"rendered":"https:\/\/stop-cyberbullying.eu\/outils-educatifs\/"},"modified":"2022-07-10T17:08:48","modified_gmt":"2022-07-10T16:08:48","slug":"outils-educatifs","status":"publish","type":"page","link":"https:\/\/stop-cyberbullying.eu\/fr\/outils-educatifs\/","title":{"rendered":"Outils \u00e9ducatifs"},"content":{"rendered":"<style type=\"text\/css\">.fusion-portfolio-wrapper#fusion-portfolio-1 .fusion-portfolio-content{  text-align: left; }<\/style><div class=\"fusion-recent-works fusion-portfolio-element fusion-portfolio fusion-portfolio-1 fusion-portfolio-grid fusion-portfolio-paging-pagination fusion-portfolio-three fusion-portfolio-unboxed fusion-portfolio-text fusion-portfolio-rollover\" data-id=\"-rw-1\" data-columns=\"three\"><style type=\"text\/css\">.fusion-portfolio-1 .fusion-portfolio-wrapper .fusion-col-spacing{padding:15px;}<\/style><div class=\"fusion-portfolio-wrapper\" id=\"fusion-portfolio-1\" data-picturesize=\"auto\" data-pages=\"1\" style=\"margin:-15px;\"><article id=\"portfolio-1-post-472\" class=\"fusion-portfolio-post outils-educatifs fusion-col-spacing post-472\"><div class=\"fusion-portfolio-content-wrapper\" style=\"border:none;\"><span class=\"vcard rich-snippet-hidden\"><span class=\"fn\"><a href=\"https:\/\/stop-cyberbullying.eu\/fr\/author\/alice-chisin\/\" title=\"Articles par Alice Chisin\" rel=\"author\">Alice Chisin<\/a><\/span><\/span><span class=\"updated rich-snippet-hidden\">2022-07-06T17:15:07+01:00<\/span><div  class=\"fusion-image-wrapper\" aria-haspopup=\"true\">\n\t\t\t\t<img width=\"500\" height=\"268\" src=\"https:\/\/stop-cyberbullying.eu\/wp-content\/uploads\/2022\/07\/Capture-de\u0301cran-2022-07-06-a\u0300-17.31.09.png\" class=\"attachment-full size-full wp-post-image\" alt=\"\" loading=\"lazy\" srcset=\"https:\/\/stop-cyberbullying.eu\/wp-content\/uploads\/2022\/07\/Capture-de\u0301cran-2022-07-06-a\u0300-17.31.09-200x107.png 200w, https:\/\/stop-cyberbullying.eu\/wp-content\/uploads\/2022\/07\/Capture-de\u0301cran-2022-07-06-a\u0300-17.31.09-400x214.png 400w, https:\/\/stop-cyberbullying.eu\/wp-content\/uploads\/2022\/07\/Capture-de\u0301cran-2022-07-06-a\u0300-17.31.09.png 500w\" sizes=\"(min-width: 2200px) 100vw, (min-width: 784px) 380px, (min-width: 712px) 570px, (min-width: 640px) 712px, \" \/><div class=\"fusion-rollover\">\n\t<div class=\"fusion-rollover-content\">\n\n\t\t\t\t\t\t\t\t\t\t\t\t\t\t<a class=\"fusion-rollover-link\" href=\"https:\/\/stop-cyberbullying.eu\/fr\/portfolio-items\/animer-un-cine-debat-pour-lutter-contre-le-cyberharcelement\/?portfolioCats=36%2C36\">Animer un cin\u00e9-d\u00e9bat pour lutter contre le cyberharc\u00e8lement<\/a>\n\t\t\t\n\t\t\t\t\t\t\t\t\t\t\t\t\t\t\n\t\t\t\t\t\t\t\t\n\t\t\t\t\t\t\t\t\t\t\t\t\t<div class=\"fusion-rollover-sep\"><\/div>\n\t\t\t\t\n\t\t\t\t\t\t\t\t\t\t\t\t\t\t\t\t\t\t<a class=\"fusion-rollover-gallery\" href=\"https:\/\/stop-cyberbullying.eu\/wp-content\/uploads\/2022\/07\/Capture-de\u0301cran-2022-07-06-a\u0300-17.31.09.png\" data-id=\"472\" data-rel=\"iLightbox[gallery-rw-1]\" data-title=\"Capture d\u2019e\u0301cran 2022-07-06 a\u0300 17.31.09\" data-caption=\"\">\n\t\t\t\t\t\tGalerie\t\t\t\t\t<\/a>\n\t\t\t\t\t\t\t\t\t\t\t\t\t\t\n\t\t\n\t\t\t\t\t\t\t\t\t\t\t\t<h4 class=\"fusion-rollover-title\">\n\t\t\t\t\t<a class=\"fusion-rollover-title-link\" href=\"https:\/\/stop-cyberbullying.eu\/fr\/portfolio-items\/animer-un-cine-debat-pour-lutter-contre-le-cyberharcelement\/?portfolioCats=36%2C36\">\n\t\t\t\t\t\tAnimer un cin\u00e9-d\u00e9bat pour lutter contre le cyberharc\u00e8lement\t\t\t\t\t<\/a>\n\t\t\t\t<\/h4>\n\t\t\t\n\t\t\t\t\t\t\t\t\t\t<div class=\"fusion-rollover-categories\"><a href=\"https:\/\/stop-cyberbullying.eu\/fr\/portfolio_category\/outils-educatifs\/\" rel=\"tag\">Outils \u00e9ducatifs<\/a><\/div>\t\t\t\t\t\n\t\t\n\t\t\t\t\t\t<a class=\"fusion-link-wrapper\" href=\"https:\/\/stop-cyberbullying.eu\/fr\/portfolio-items\/animer-un-cine-debat-pour-lutter-contre-le-cyberharcelement\/?portfolioCats=36%2C36\" aria-label=\"Animer un cin\u00e9-d\u00e9bat pour lutter contre le cyberharc\u00e8lement\"><\/a>\n\t<\/div>\n<\/div>\n<\/div>\n<div class=\"fusion-portfolio-content\"><h2 class=\"entry-title fusion-post-title\"><a href=\"https:\/\/stop-cyberbullying.eu\/fr\/portfolio-items\/animer-un-cine-debat-pour-lutter-contre-le-cyberharcelement\/?portfolioCats=36%2C36\">Animer un cin\u00e9-d\u00e9bat pour lutter contre le cyberharc\u00e8lement<\/a><\/h2><div class=\"fusion-post-content\"><p>Pr\u00e9sentation du Festival international du film d\u2019\u00e9ducation (FIFE) Le festival [...]<\/p><\/div><\/div><\/div><\/article><\/div><\/div>\n<p>&nbsp;<\/p>\n","protected":false},"excerpt":{"rendered":"<p>&nbsp;<\/p>\n","protected":false},"author":2,"featured_media":0,"parent":0,"menu_order":0,"comment_status":"closed","ping_status":"closed","template":"","meta":[],"_links":{"self":[{"href":"https:\/\/stop-cyberbullying.eu\/fr\/wp-json\/wp\/v2\/pages\/119"}],"collection":[{"href":"https:\/\/stop-cyberbullying.eu\/fr\/wp-json\/wp\/v2\/pages"}],"about":[{"href":"https:\/\/stop-cyberbullying.eu\/fr\/wp-json\/wp\/v2\/types\/page"}],"author":[{"embeddable":true,"href":"https:\/\/stop-cyberbullying.eu\/fr\/wp-json\/wp\/v2\/users\/2"}],"replies":[{"embeddable":true,"href":"https:\/\/stop-cyberbullying.eu\/fr\/wp-json\/wp\/v2\/comments?post=119"}],"version-history":[{"count":1,"href":"https:\/\/stop-cyberbullying.eu\/fr\/wp-json\/wp\/v2\/pages\/119\/revisions"}],"predecessor-version":[{"id":617,"href":"https:\/\/stop-cyberbullying.eu\/fr\/wp-json\/wp\/v2\/pages\/119\/revisions\/617"}],"wp:attachment":[{"href":"https:\/\/stop-cyberbullying.eu\/fr\/wp-json\/wp\/v2\/media?parent=119"}],"curies":[{"name":"wp","href":"https:\/\/api.w.org\/{rel}","templated":true}]}}