{"id":116,"date":"2022-06-23T09:35:05","date_gmt":"2022-06-23T08:35:05","guid":{"rendered":"https:\/\/stop-cyberbullying.eu\/cyberharcelement\/"},"modified":"2022-07-11T17:38:00","modified_gmt":"2022-07-11T16:38:00","slug":"cyberharcelement","status":"publish","type":"page","link":"https:\/\/stop-cyberbullying.eu\/fr\/cyberharcelement\/","title":{"rendered":"Cyberharc\u00e8lement ?"},"content":{"rendered":"<p>Le cyberharc\u00e8lement est une forme de harc\u00e8lement moral men\u00e9 par le biais des outils num\u00e9riques. Il peut avoir lieu sur les r\u00e9seaux sociaux, les plateformes de messagerie, les plateformes de jeux en ligne, et les t\u00e9l\u00e9phones portables. Il s&rsquo;agit d&rsquo;un comportement r\u00e9p\u00e9t\u00e9, visant \u00e0 effrayer, pousser \u00e0 bout ou humilier ceux ou celles qui sont cibl\u00e9.es (d\u00e9finition \u00e9tablie par l\u2019Unicef : https:\/\/www.unicef.org\/eca\/cyberbullying-what-it-and-how-stop-it ).<\/p>\n<p>Quelques exemples de cyberharc\u00e8lement :<\/p>\n<p>&#8211; Publier des photos ou des vid\u00e9os embarrassantes, d\u00e9nud\u00e9es, ou \u00e0 caract\u00e8re sexuel d&rsquo;une personne sur les r\u00e9seaux sociaux<br \/>\n&#8211; Publier des commentaires haineux ou propager des rumeurs sur quelqu&rsquo;un<br \/>\n&#8211; Prof\u00e9rer des menaces<br \/>\n&#8211; Encourager l&rsquo;automutilation ou le suicide<br \/>\n&#8211; Se faire passer pour quelqu&rsquo;un et publier de fausses informations personnelles<br \/>\n&#8211; Cr\u00e9er une page comportant des contenus haineux, blessants, ou des informations fausses sur une personne<br \/>\n&#8211; Divulguer des donn\u00e9es personnelles<\/p>\n","protected":false},"excerpt":{"rendered":"<p>Le cyberharc\u00e8lement est une forme de harc\u00e8lement moral men\u00e9 par [&hellip;]<\/p>\n","protected":false},"author":2,"featured_media":0,"parent":0,"menu_order":0,"comment_status":"closed","ping_status":"closed","template":"","meta":[],"_links":{"self":[{"href":"https:\/\/stop-cyberbullying.eu\/fr\/wp-json\/wp\/v2\/pages\/116"}],"collection":[{"href":"https:\/\/stop-cyberbullying.eu\/fr\/wp-json\/wp\/v2\/pages"}],"about":[{"href":"https:\/\/stop-cyberbullying.eu\/fr\/wp-json\/wp\/v2\/types\/page"}],"author":[{"embeddable":true,"href":"https:\/\/stop-cyberbullying.eu\/fr\/wp-json\/wp\/v2\/users\/2"}],"replies":[{"embeddable":true,"href":"https:\/\/stop-cyberbullying.eu\/fr\/wp-json\/wp\/v2\/comments?post=116"}],"version-history":[{"count":2,"href":"https:\/\/stop-cyberbullying.eu\/fr\/wp-json\/wp\/v2\/pages\/116\/revisions"}],"predecessor-version":[{"id":631,"href":"https:\/\/stop-cyberbullying.eu\/fr\/wp-json\/wp\/v2\/pages\/116\/revisions\/631"}],"wp:attachment":[{"href":"https:\/\/stop-cyberbullying.eu\/fr\/wp-json\/wp\/v2\/media?parent=116"}],"curies":[{"name":"wp","href":"https:\/\/api.w.org\/{rel}","templated":true}]}}