{"id":623,"date":"2022-07-10T17:15:14","date_gmt":"2022-07-10T16:15:14","guid":{"rendered":"https:\/\/stop-cyberbullying.eu\/oplevelser\/"},"modified":"2022-07-10T17:15:14","modified_gmt":"2022-07-10T16:15:14","slug":"oplevelser","status":"publish","type":"page","link":"https:\/\/stop-cyberbullying.eu\/da\/oplevelser\/","title":{"rendered":"Oplevelser"},"content":{"rendered":"<p><em><style type=\"text\/css\">.fusion-portfolio-wrapper#fusion-portfolio-1 .fusion-portfolio-content{  text-align: left; }<\/style><div class=\"fusion-recent-works fusion-portfolio-element fusion-portfolio fusion-portfolio-1 fusion-portfolio-grid fusion-portfolio-paging-pagination fusion-portfolio-three fusion-portfolio-unboxed fusion-portfolio-text fusion-portfolio-rollover\" data-id=\"-rw-1\" data-columns=\"three\"><style type=\"text\/css\">.fusion-portfolio-1 .fusion-portfolio-wrapper .fusion-col-spacing{padding:15px;}<\/style><div class=\"fusion-portfolio-wrapper\" id=\"fusion-portfolio-1\" data-picturesize=\"auto\" data-pages=\"1\" style=\"margin:-15px;\"><article id=\"portfolio-1-post-454\" class=\"fusion-portfolio-post oplevelser fusion-col-spacing post-454\"><div class=\"fusion-portfolio-content-wrapper\" style=\"border:none;\"><span class=\"vcard rich-snippet-hidden\"><span class=\"fn\"><a href=\"https:\/\/stop-cyberbullying.eu\/da\/author\/alice-chisin\/\" title=\"Indl\u00e6g af Alice Chisin\" rel=\"author\">Alice Chisin<\/a><\/span><\/span><span class=\"updated rich-snippet-hidden\">2022-07-06T17:11:45+01:00<\/span><div  class=\"fusion-image-wrapper\" aria-haspopup=\"true\">\n\t\t\t\t<img width=\"2048\" height=\"1365\" src=\"https:\/\/stop-cyberbullying.eu\/wp-content\/uploads\/2022\/07\/IMG-20220323-WA0011.jpg\" class=\"attachment-full size-full wp-post-image\" alt=\"\" loading=\"lazy\" srcset=\"https:\/\/stop-cyberbullying.eu\/wp-content\/uploads\/2022\/07\/IMG-20220323-WA0011-200x133.jpg 200w, https:\/\/stop-cyberbullying.eu\/wp-content\/uploads\/2022\/07\/IMG-20220323-WA0011-400x267.jpg 400w, https:\/\/stop-cyberbullying.eu\/wp-content\/uploads\/2022\/07\/IMG-20220323-WA0011-600x400.jpg 600w, https:\/\/stop-cyberbullying.eu\/wp-content\/uploads\/2022\/07\/IMG-20220323-WA0011-800x533.jpg 800w, https:\/\/stop-cyberbullying.eu\/wp-content\/uploads\/2022\/07\/IMG-20220323-WA0011-1200x800.jpg 1200w, https:\/\/stop-cyberbullying.eu\/wp-content\/uploads\/2022\/07\/IMG-20220323-WA0011.jpg 2048w\" sizes=\"(min-width: 2200px) 100vw, (min-width: 784px) 380px, (min-width: 712px) 570px, (min-width: 640px) 712px, \" \/><div class=\"fusion-rollover\">\n\t<div class=\"fusion-rollover-content\">\n\n\t\t\t\t\t\t\t\t\t\t\t\t\t\t<a class=\"fusion-rollover-link\" href=\"https:\/\/stop-cyberbullying.eu\/da\/portfolio-items\/hvordan-man-bekaemper-cybermobning-nogle-ideer-fra-workshoppen-i-koebenhavn\/?portfolioCats=42%2C42\">Hvordan man bek\u00e6mper cybermobning &#8211; nogle id\u00e9er fra workshoppen i K\u00f8benhavn<\/a>\n\t\t\t\n\t\t\t\t\t\t\t\t\t\t\t\t\t\t\n\t\t\t\t\t\t\t\t\n\t\t\t\t\t\t\t\t\t\t\t\t\t<div class=\"fusion-rollover-sep\"><\/div>\n\t\t\t\t\n\t\t\t\t\t\t\t\t\t\t\t\t\t\t\t\t\t\t<a class=\"fusion-rollover-gallery\" href=\"https:\/\/stop-cyberbullying.eu\/wp-content\/uploads\/2022\/07\/IMG-20220323-WA0011.jpg\" data-id=\"454\" data-rel=\"iLightbox[gallery-rw-1]\" data-title=\"IMG-20220323-WA0011\" data-caption=\"\">\n\t\t\t\t\t\tGallery\t\t\t\t\t<\/a>\n\t\t\t\t\t\t\t\t\t\t\t\t\t\t\n\t\t\n\t\t\t\t\t\t\t\t\t\t\t\t<h4 class=\"fusion-rollover-title\">\n\t\t\t\t\t<a class=\"fusion-rollover-title-link\" href=\"https:\/\/stop-cyberbullying.eu\/da\/portfolio-items\/hvordan-man-bekaemper-cybermobning-nogle-ideer-fra-workshoppen-i-koebenhavn\/?portfolioCats=42%2C42\">\n\t\t\t\t\t\tHvordan man bek\u00e6mper cybermobning &#8211; nogle id\u00e9er fra workshoppen i K\u00f8benhavn\t\t\t\t\t<\/a>\n\t\t\t\t<\/h4>\n\t\t\t\n\t\t\t\t\t\t\t\t\t\t<div class=\"fusion-rollover-categories\"><a href=\"https:\/\/stop-cyberbullying.eu\/da\/portfolio_category\/oplevelser\/\" rel=\"tag\">Oplevelser<\/a><\/div>\t\t\t\t\t\n\t\t\n\t\t\t\t\t\t<a class=\"fusion-link-wrapper\" href=\"https:\/\/stop-cyberbullying.eu\/da\/portfolio-items\/hvordan-man-bekaemper-cybermobning-nogle-ideer-fra-workshoppen-i-koebenhavn\/?portfolioCats=42%2C42\" aria-label=\"Hvordan man bek\u00e6mper cybermobning &#8211; nogle id\u00e9er fra workshoppen i K\u00f8benhavn\"><\/a>\n\t<\/div>\n<\/div>\n<\/div>\n<div class=\"fusion-portfolio-content\"><h2 class=\"entry-title fusion-post-title\"><a href=\"https:\/\/stop-cyberbullying.eu\/da\/portfolio-items\/hvordan-man-bekaemper-cybermobning-nogle-ideer-fra-workshoppen-i-koebenhavn\/?portfolioCats=42%2C42\">Hvordan man bek\u00e6mper cybermobning &#8211; nogle id\u00e9er fra workshoppen i K\u00f8benhavn<\/a><\/h2><div class=\"fusion-post-content\"><p>I takt med at unge bliver mere og mere online [...]<\/p><\/div><\/div><\/div><\/article><article id=\"portfolio-1-post-366\" class=\"fusion-portfolio-post oplevelser fusion-col-spacing post-366\"><div class=\"fusion-portfolio-content-wrapper\" style=\"border:none;\"><span class=\"vcard rich-snippet-hidden\"><span class=\"fn\"><a href=\"https:\/\/stop-cyberbullying.eu\/da\/author\/alice-chisin\/\" title=\"Indl\u00e6g af Alice Chisin\" rel=\"author\">Alice Chisin<\/a><\/span><\/span><span class=\"updated rich-snippet-hidden\">2022-07-05T17:32:04+01:00<\/span><div  class=\"fusion-image-wrapper\" aria-haspopup=\"true\">\n\t\t\t\t<img width=\"768\" height=\"441\" src=\"https:\/\/stop-cyberbullying.eu\/wp-content\/uploads\/2022\/07\/Youth-against-Cyber-bulling-logo-768x441-1.jpg\" class=\"attachment-full size-full wp-post-image\" alt=\"\" loading=\"lazy\" srcset=\"https:\/\/stop-cyberbullying.eu\/wp-content\/uploads\/2022\/07\/Youth-against-Cyber-bulling-logo-768x441-1-200x115.jpg 200w, https:\/\/stop-cyberbullying.eu\/wp-content\/uploads\/2022\/07\/Youth-against-Cyber-bulling-logo-768x441-1-400x230.jpg 400w, https:\/\/stop-cyberbullying.eu\/wp-content\/uploads\/2022\/07\/Youth-against-Cyber-bulling-logo-768x441-1-600x345.jpg 600w, https:\/\/stop-cyberbullying.eu\/wp-content\/uploads\/2022\/07\/Youth-against-Cyber-bulling-logo-768x441-1.jpg 768w\" sizes=\"(min-width: 2200px) 100vw, (min-width: 784px) 380px, (min-width: 712px) 570px, (min-width: 640px) 712px, \" \/><div class=\"fusion-rollover\">\n\t<div class=\"fusion-rollover-content\">\n\n\t\t\t\t\t\t\t\t\t\t\t\t\t\t<a class=\"fusion-rollover-link\" href=\"https:\/\/stop-cyberbullying.eu\/da\/portfolio-items\/youthagainstcyberbullying-catherine-italia\/?portfolioCats=42%2C42\">#YouthAgainstCyberbullying &#8211; Catherine (Italia)<\/a>\n\t\t\t\n\t\t\t\t\t\t\t\t\t\t\t\t\t\t\n\t\t\t\t\t\t\t\t\n\t\t\t\t\t\t\t\t\t\t\t\t\t<div class=\"fusion-rollover-sep\"><\/div>\n\t\t\t\t\n\t\t\t\t\t\t\t\t\t\t\t\t\t\t\t\t\t\t<a class=\"fusion-rollover-gallery\" href=\"https:\/\/stop-cyberbullying.eu\/wp-content\/uploads\/2022\/07\/Youth-against-Cyber-bulling-logo-768x441-1.jpg\" data-id=\"366\" data-rel=\"iLightbox[gallery-rw-1]\" data-title=\"Youth-against-Cyber-bulling-logo-768x441\" data-caption=\"\">\n\t\t\t\t\t\tGallery\t\t\t\t\t<\/a>\n\t\t\t\t\t\t\t\t\t\t\t\t\t\t\n\t\t\n\t\t\t\t\t\t\t\t\t\t\t\t<h4 class=\"fusion-rollover-title\">\n\t\t\t\t\t<a class=\"fusion-rollover-title-link\" href=\"https:\/\/stop-cyberbullying.eu\/da\/portfolio-items\/youthagainstcyberbullying-catherine-italia\/?portfolioCats=42%2C42\">\n\t\t\t\t\t\t#YouthAgainstCyberbullying &#8211; Catherine (Italia)\t\t\t\t\t<\/a>\n\t\t\t\t<\/h4>\n\t\t\t\n\t\t\t\t\t\t\t\t\t\t<div class=\"fusion-rollover-categories\"><a href=\"https:\/\/stop-cyberbullying.eu\/da\/portfolio_category\/oplevelser\/\" rel=\"tag\">Oplevelser<\/a><\/div>\t\t\t\t\t\n\t\t\n\t\t\t\t\t\t<a class=\"fusion-link-wrapper\" href=\"https:\/\/stop-cyberbullying.eu\/da\/portfolio-items\/youthagainstcyberbullying-catherine-italia\/?portfolioCats=42%2C42\" aria-label=\"#YouthAgainstCyberbullying &#8211; Catherine (Italia)\"><\/a>\n\t<\/div>\n<\/div>\n<\/div>\n<div class=\"fusion-portfolio-content\"><h2 class=\"entry-title fusion-post-title\"><a href=\"https:\/\/stop-cyberbullying.eu\/da\/portfolio-items\/youthagainstcyberbullying-catherine-italia\/?portfolioCats=42%2C42\">#YouthAgainstCyberbullying &#8211; Catherine (Italia)<\/a><\/h2><div class=\"fusion-post-content\"><p>Fra den 21. til den 26. marts deltog jeg sammen [...]<\/p><\/div><\/div><\/div><\/article><article id=\"portfolio-1-post-350\" class=\"fusion-portfolio-post oplevelser fusion-col-spacing post-350\"><div class=\"fusion-portfolio-content-wrapper\" style=\"border:none;\"><span class=\"vcard rich-snippet-hidden\"><span class=\"fn\"><a href=\"https:\/\/stop-cyberbullying.eu\/da\/author\/alice-chisin\/\" title=\"Indl\u00e6g af Alice Chisin\" rel=\"author\">Alice Chisin<\/a><\/span><\/span><span class=\"updated rich-snippet-hidden\">2022-07-08T12:45:33+01:00<\/span><div  class=\"fusion-image-wrapper\" aria-haspopup=\"true\">\n\t\t\t\t<img width=\"2104\" height=\"708\" src=\"https:\/\/stop-cyberbullying.eu\/wp-content\/uploads\/2022\/07\/Capture-de\u0301cran-2022-07-05-a\u0300-18.03.30.png\" class=\"attachment-full size-full wp-post-image\" alt=\"\" loading=\"lazy\" srcset=\"https:\/\/stop-cyberbullying.eu\/wp-content\/uploads\/2022\/07\/Capture-de\u0301cran-2022-07-05-a\u0300-18.03.30-200x67.png 200w, https:\/\/stop-cyberbullying.eu\/wp-content\/uploads\/2022\/07\/Capture-de\u0301cran-2022-07-05-a\u0300-18.03.30-400x135.png 400w, https:\/\/stop-cyberbullying.eu\/wp-content\/uploads\/2022\/07\/Capture-de\u0301cran-2022-07-05-a\u0300-18.03.30-600x202.png 600w, https:\/\/stop-cyberbullying.eu\/wp-content\/uploads\/2022\/07\/Capture-de\u0301cran-2022-07-05-a\u0300-18.03.30-800x269.png 800w, https:\/\/stop-cyberbullying.eu\/wp-content\/uploads\/2022\/07\/Capture-de\u0301cran-2022-07-05-a\u0300-18.03.30-1200x404.png 1200w, https:\/\/stop-cyberbullying.eu\/wp-content\/uploads\/2022\/07\/Capture-de\u0301cran-2022-07-05-a\u0300-18.03.30.png 2104w\" sizes=\"(min-width: 2200px) 100vw, (min-width: 784px) 380px, (min-width: 712px) 570px, (min-width: 640px) 712px, \" \/><div class=\"fusion-rollover\">\n\t<div class=\"fusion-rollover-content\">\n\n\t\t\t\t\t\t\t\t\t\t\t\t\t\t<a class=\"fusion-rollover-link\" href=\"https:\/\/stop-cyberbullying.eu\/da\/portfolio-items\/lad-os-tale-om-cybermobning\/?portfolioCats=42%2C42\">Lad os tale om cybermobning!<\/a>\n\t\t\t\n\t\t\t\t\t\t\t\t\t\t\t\t\t\t\n\t\t\t\t\t\t\t\t\n\t\t\t\t\t\t\t\t\t\t\t\t\t<div class=\"fusion-rollover-sep\"><\/div>\n\t\t\t\t\n\t\t\t\t\t\t\t\t\t\t\t\t\t\t\t\t\t\t<a class=\"fusion-rollover-gallery\" href=\"https:\/\/stop-cyberbullying.eu\/wp-content\/uploads\/2022\/07\/Capture-de\u0301cran-2022-07-05-a\u0300-18.03.30.png\" data-id=\"350\" data-rel=\"iLightbox[gallery-rw-1]\" data-title=\"Capture d\u2019e\u0301cran 2022-07-05 a\u0300 18.03.30\" data-caption=\"\">\n\t\t\t\t\t\tGallery\t\t\t\t\t<\/a>\n\t\t\t\t\t\t\t\t\t\t\t\t\t\t\n\t\t\n\t\t\t\t\t\t\t\t\t\t\t\t<h4 class=\"fusion-rollover-title\">\n\t\t\t\t\t<a class=\"fusion-rollover-title-link\" href=\"https:\/\/stop-cyberbullying.eu\/da\/portfolio-items\/lad-os-tale-om-cybermobning\/?portfolioCats=42%2C42\">\n\t\t\t\t\t\tLad os tale om cybermobning!\t\t\t\t\t<\/a>\n\t\t\t\t<\/h4>\n\t\t\t\n\t\t\t\t\t\t\t\t\t\t<div class=\"fusion-rollover-categories\"><a href=\"https:\/\/stop-cyberbullying.eu\/da\/portfolio_category\/oplevelser\/\" rel=\"tag\">Oplevelser<\/a><\/div>\t\t\t\t\t\n\t\t\n\t\t\t\t\t\t<a class=\"fusion-link-wrapper\" href=\"https:\/\/stop-cyberbullying.eu\/da\/portfolio-items\/lad-os-tale-om-cybermobning\/?portfolioCats=42%2C42\" aria-label=\"Lad os tale om cybermobning!\"><\/a>\n\t<\/div>\n<\/div>\n<\/div>\n<div class=\"fusion-portfolio-content\"><h2 class=\"entry-title fusion-post-title\"><a href=\"https:\/\/stop-cyberbullying.eu\/da\/portfolio-items\/lad-os-tale-om-cybermobning\/?portfolioCats=42%2C42\">Lad os tale om cybermobning!<\/a><\/h2><div class=\"fusion-post-content\"><p>I marts 2022 blev der afholdt et seminar om cybermobning [...]<\/p><\/div><\/div><\/div><\/article><\/div><\/div><\/em><\/p>\n","protected":false},"excerpt":{"rendered":"","protected":false},"author":2,"featured_media":0,"parent":0,"menu_order":0,"comment_status":"closed","ping_status":"closed","template":"","meta":[],"_links":{"self":[{"href":"https:\/\/stop-cyberbullying.eu\/da\/wp-json\/wp\/v2\/pages\/623"}],"collection":[{"href":"https:\/\/stop-cyberbullying.eu\/da\/wp-json\/wp\/v2\/pages"}],"about":[{"href":"https:\/\/stop-cyberbullying.eu\/da\/wp-json\/wp\/v2\/types\/page"}],"author":[{"embeddable":true,"href":"https:\/\/stop-cyberbullying.eu\/da\/wp-json\/wp\/v2\/users\/2"}],"replies":[{"embeddable":true,"href":"https:\/\/stop-cyberbullying.eu\/da\/wp-json\/wp\/v2\/comments?post=623"}],"version-history":[{"count":0,"href":"https:\/\/stop-cyberbullying.eu\/da\/wp-json\/wp\/v2\/pages\/623\/revisions"}],"wp:attachment":[{"href":"https:\/\/stop-cyberbullying.eu\/da\/wp-json\/wp\/v2\/media?parent=623"}],"curies":[{"name":"wp","href":"https:\/\/api.w.org\/{rel}","templated":true}]}}