{"id":519,"date":"2022-07-08T12:42:25","date_gmt":"2022-07-08T11:42:25","guid":{"rendered":"https:\/\/stop-cyberbullying.eu\/god-praksis\/"},"modified":"2022-07-08T14:22:17","modified_gmt":"2022-07-08T13:22:17","slug":"god-praksis","status":"publish","type":"page","link":"https:\/\/stop-cyberbullying.eu\/da\/god-praksis\/","title":{"rendered":"God praksis"},"content":{"rendered":"<hr class=\"hr-title\">\n<h2 style=\"text-align: center; margin-bottom: 0;\">Hvordan skal man agere?<\/h2>\n<hr class=\"hr-title\">\n<h3 style=\"text-align: center;\"><img class=\"alignnone size-full wp-image-183\" src=\"https:\/\/stop-cyberbullying.eu\/wp-content\/uploads\/2022\/06\/stop-cyberbullying-victim.png\" alt=\"stop-cyberbullying-victim\" width=\"180\" height=\"180\" srcset=\"https:\/\/stop-cyberbullying.eu\/wp-content\/uploads\/2022\/06\/stop-cyberbullying-victim-66x66.png 66w, https:\/\/stop-cyberbullying.eu\/wp-content\/uploads\/2022\/06\/stop-cyberbullying-victim-150x150.png 150w, https:\/\/stop-cyberbullying.eu\/wp-content\/uploads\/2022\/06\/stop-cyberbullying-victim.png 180w\" sizes=\"(max-width: 180px) 100vw, 180px\" \/><br \/>\nJeg er et offer<\/h3>\n<p>5 tips hvis du er et offer for cybermobning:<\/p>\n<ul class=\"fusion-checklist fusion-checklist-1\" style=\"font-size:16px;line-height:27.2px;\"><li style=\"background-color:rgba(255,255,255,0);\" class=\"fusion-li-item\"><span style=\"height:27.2px;width:27.2px;margin-right:11.2px;\" class=\"icon-wrapper circle-no\"><i class=\"fusion-li-icon fa-arrow-right fas\" style=\"color:#43a047;\" aria-hidden=\"true\"><\/i><\/span><div class=\"fusion-li-item-content\" style=\"margin-left:38.4px;color:var(--awb-color8);\">Betro dig til personer, du stoler p\u00e5 (for\u00e6ldre, venner, l\u00e6rere osv.).<\/div><\/li><li style=\"background-color:rgba(255,255,255,0);\" class=\"fusion-li-item\"><span style=\"height:27.2px;width:27.2px;margin-right:11.2px;\" class=\"icon-wrapper circle-no\"><i class=\"fusion-li-icon fa-arrow-right fas\" style=\"color:#43a047;\" aria-hidden=\"true\"><\/i><\/span><div class=\"fusion-li-item-content\" style=\"margin-left:38.4px;color:var(--awb-color8);\">\u00c6ndre dine indstillinger: Det er vigtigt at begr\u00e6nse adgangen til dine sociale mediekonti. Der findes fortrolighedsmuligheder og indstillinger s\u00e5som at skjule listen over dine venner, deaktivere din lokation, skjule dine billeder, begr\u00e6nse dine opslag til bestemte personer osv. Det er ogs\u00e5 muligt at udelukke u\u00f8nskede personer.<\/div><\/li><li style=\"background-color:rgba(255,255,255,0);\" class=\"fusion-li-item\"><span style=\"height:27.2px;width:27.2px;margin-right:11.2px;\" class=\"icon-wrapper circle-no\"><i class=\"fusion-li-icon fa-arrow-right fas\" style=\"color:#43a047;\" aria-hidden=\"true\"><\/i><\/span><div class=\"fusion-li-item-content\" style=\"margin-left:38.4px;color:var(--awb-color8);\">Lad v\u00e6re med at svare\/reagerer eller at g\u00e5 til modangreb: I stedet for at fors\u00f8ge sig med at svare, er det bedre at blokere brugeren, anmelde dem, eller anmelde indholdet til sletning, direkte til den p\u00e5g\u00e6ldende platform.<\/div><\/li><li style=\"background-color:rgba(255,255,255,0);\" class=\"fusion-li-item\"><span style=\"height:27.2px;width:27.2px;margin-right:11.2px;\" class=\"icon-wrapper circle-no\"><i class=\"fusion-li-icon fa-arrow-right fas\" style=\"color:#43a047;\" aria-hidden=\"true\"><\/i><\/span><div class=\"fusion-li-item-content\" style=\"margin-left:38.4px;color:var(--awb-color8);\">Gem s\u00e5 mange beviser som muligt af indholdet (sk\u00e6rmbilleder, optagelser,&#8230;) dette vil v\u00e6re nyttigt, hvis\/n\u00e5r du indgiver en klage.<\/div><\/li><li style=\"background-color:rgba(255,255,255,0);\" class=\"fusion-li-item\"><span style=\"height:27.2px;width:27.2px;margin-right:11.2px;\" class=\"icon-wrapper circle-no\"><i class=\"fusion-li-icon fa-arrow-right fas\" style=\"color:#43a047;\" aria-hidden=\"true\"><\/i><\/span><div class=\"fusion-li-item-content\" style=\"margin-left:38.4px;color:var(--awb-color8);\">Kontakt en cybermobning-hotline.<\/div><\/li>\n<\/ul>\n<h3 style=\"text-align: center;\"><img class=\"alignnone size-full wp-image-190\" src=\"https:\/\/stop-cyberbullying.eu\/wp-content\/uploads\/2022\/06\/stop-cyberbullying-witness.png\" alt=\"stop-cyberbullying-witness\" width=\"180\" height=\"223\"><br \/>\nJeg er et vidne<\/h3>\n<p>5 tips hvis du er et vidne til cybermobning:<br \/>\n<ul class=\"fusion-checklist fusion-checklist-2\" style=\"font-size:16px;line-height:27.2px;\"><li style=\"background-color:rgba(255,255,255,0);\" class=\"fusion-li-item\"><span style=\"height:27.2px;width:27.2px;margin-right:11.2px;\" class=\"icon-wrapper circle-no\"><i class=\"fusion-li-icon fa-arrow-right fas\" style=\"color:#43a047;\" aria-hidden=\"true\"><\/i><\/span><div class=\"fusion-li-item-content\" style=\"margin-left:38.4px;color:var(--awb-color8);\">Del ikke indhold (selv for at ford\u00f8mme det), men anmeld det! V\u00e6r forsigtig, hvis du deler eller kommenterer, st\u00e5r du ogs\u00e5 til ansvar over for loven. Videresend aldrig billeder, videoer eller beskeder af hadefuld karakter, heller ikke for at anmelde chikane.<\/div><\/li><li style=\"background-color:rgba(255,255,255,0);\" class=\"fusion-li-item\"><span style=\"height:27.2px;width:27.2px;margin-right:11.2px;\" class=\"icon-wrapper circle-no\"><i class=\"fusion-li-icon fa-arrow-right fas\" style=\"color:#43a047;\" aria-hidden=\"true\"><\/i><\/span><div class=\"fusion-li-item-content\" style=\"margin-left:38.4px;color:var(--awb-color8);\">Advar offeret.<\/div><\/li><li style=\"background-color:rgba(255,255,255,0);\" class=\"fusion-li-item\"><span style=\"height:27.2px;width:27.2px;margin-right:11.2px;\" class=\"icon-wrapper circle-no\"><i class=\"fusion-li-icon fa-arrow-right fas\" style=\"color:#43a047;\" aria-hidden=\"true\"><\/i><\/span><div class=\"fusion-li-item-content\" style=\"margin-left:38.4px;color:var(--awb-color8);\">V\u00e6r omsorgsfuld: d\u00f8m ikke ofrets adf\u00e6rd og giv dem ikke d\u00e5rlig samvittighed.<\/div><\/li><li style=\"background-color:rgba(255,255,255,0);\" class=\"fusion-li-item\"><span style=\"height:27.2px;width:27.2px;margin-right:11.2px;\" class=\"icon-wrapper circle-no\"><i class=\"fusion-li-icon fa-arrow-right fas\" style=\"color:#43a047;\" aria-hidden=\"true\"><\/i><\/span><div class=\"fusion-li-item-content\" style=\"margin-left:38.4px;color:var(--awb-color8);\">St\u00f8t dem: hj\u00e6lp dem med deres indsats, for eksempel ved at tage sk\u00e6rmbilleder (hvis de ikke selv kan f\u00e5 adgang til opslagene), men opbevarer kun beviserne, s\u00e5 l\u00e6nge det er n\u00f8dvendigt. Hvis offeret ikke \u00f8nsker at handle, skal du respektere hans\/hendes beslutning og ikke g\u00f8re det for ham\/hende.<\/div><\/li><li style=\"background-color:rgba(255,255,255,0);\" class=\"fusion-li-item\"><span style=\"height:27.2px;width:27.2px;margin-right:11.2px;\" class=\"icon-wrapper circle-no\"><i class=\"fusion-li-icon fa-arrow-right fas\" style=\"color:#43a047;\" aria-hidden=\"true\"><\/i><\/span><div class=\"fusion-li-item-content\" style=\"margin-left:38.4px;color:var(--awb-color8);\">Informer personer, du stoler p\u00e5 (for\u00e6ldre, l\u00e6rere osv.) eller politiet.<\/div><\/li>\n<\/ul><\/p>\n<hr class=\"hr-title\" style=\"margin-top: 32px;\">\n<h2 style=\"text-align: center; margin-bottom: 0;\">S\u00e5dan beskytter du dig selv p\u00e5 internettet<\/h2>\n<hr class=\"hr-title\" style=\"margin-bottom: 20px;\">\n<p style=\"text-align: center;\">Seks metoder du kan bruge online:<\/p>\n<div class=\"fusion-fullwidth fullwidth-box fusion-builder-row-1 fusion-flex-container nonhundred-percent-fullwidth non-hundred-percent-height-scrolling\" style=\"background-color: rgba(255,255,255,0);background-position: center center;background-repeat: no-repeat;border-width: 0px 0px 0px 0px;border-color:#e2e2e2;border-style:solid;\" ><div class=\"fusion-builder-row fusion-row fusion-flex-align-items-flex-start fusion-flex-justify-content-center\" style=\"max-width:1248px;margin-left: calc(-4% \/ 2 );margin-right: calc(-4% \/ 2 );\">\n<div class=\"fusion-builder-row fusion-builder-row-inner fusion-row fusion-flex-align-items-flex-start fusion-flex-justify-content-center\" style=\"width:104% !important;max-width:104% !important;margin-left: calc(-4% \/ 2 );margin-right: calc(-4% \/ 2 );\"><\/div><div class=\"fusion-layout-column fusion_builder_column_inner fusion-builder-nested-column-0 fusion_builder_column_inner_1_3 1_3 fusion-flex-column\"><div class=\"fusion-column-wrapper fusion-flex-justify-content-flex-start fusion-content-layout-column\" style=\"background-position:left top;background-repeat:no-repeat;-webkit-background-size:cover;-moz-background-size:cover;-o-background-size:cover;background-size:cover;padding: 0px 0px 0px 0px;\">\n<p style=\"text-align: center;\"><img class=\"alignnone size-full wp-image-204\" src=\"https:\/\/stop-cyberbullying.eu\/wp-content\/uploads\/2022\/06\/stop-cyberbullying-ask.png\" alt=\"\" width=\"180\" height=\"180\" srcset=\"https:\/\/stop-cyberbullying.eu\/wp-content\/uploads\/2022\/06\/stop-cyberbullying-ask-66x66.png 66w, https:\/\/stop-cyberbullying.eu\/wp-content\/uploads\/2022\/06\/stop-cyberbullying-ask-150x150.png 150w, https:\/\/stop-cyberbullying.eu\/wp-content\/uploads\/2022\/06\/stop-cyberbullying-ask.png 180w\" sizes=\"(max-width: 180px) 100vw, 180px\" \/><br \/>\nJeg sp\u00f8rger om samtykke fra personen eller personerne inden jeg deler et billede eller en video med dem p\u00e5 sociale medier<\/p>\n<\/div><style type=\"text\/css\">.fusion-body .fusion-builder-nested-column-0{width:33.333333333333% !important;margin-top : 0px;margin-bottom : 20px;}.fusion-builder-nested-column-0 > .fusion-column-wrapper {padding-top : 0px !important;padding-right : 0px !important;margin-right : 5.76%;padding-bottom : 0px !important;padding-left : 0px !important;margin-left : 5.76%;}@media only screen and (max-width:1024px) {.fusion-body .fusion-builder-nested-column-0{width:33.333333333333% !important;order : 0;}.fusion-builder-nested-column-0 > .fusion-column-wrapper {margin-right : 5.76%;margin-left : 5.76%;}}@media only screen and (max-width:640px) {.fusion-body .fusion-builder-nested-column-0{width:100% !important;order : 0;}.fusion-builder-nested-column-0 > .fusion-column-wrapper {margin-right : 1.92%;margin-left : 1.92%;}}<\/style><\/div><div class=\"fusion-layout-column fusion_builder_column_inner fusion-builder-nested-column-1 fusion_builder_column_inner_1_3 1_3 fusion-flex-column\"><div class=\"fusion-column-wrapper fusion-flex-justify-content-flex-start fusion-content-layout-column\" style=\"background-position:left top;background-repeat:no-repeat;-webkit-background-size:cover;-moz-background-size:cover;-o-background-size:cover;background-size:cover;padding: 0px 0px 0px 0px;\">\n<p style=\"text-align: center;\"><img class=\"alignnone size-full wp-image-211\" src=\"https:\/\/stop-cyberbullying.eu\/wp-content\/uploads\/2022\/06\/stop-cyberbullying-think.png\" alt=\"\" width=\"180\" height=\"180\" srcset=\"https:\/\/stop-cyberbullying.eu\/wp-content\/uploads\/2022\/06\/stop-cyberbullying-think-66x66.png 66w, https:\/\/stop-cyberbullying.eu\/wp-content\/uploads\/2022\/06\/stop-cyberbullying-think-150x150.png 150w, https:\/\/stop-cyberbullying.eu\/wp-content\/uploads\/2022\/06\/stop-cyberbullying-think.png 180w\" sizes=\"(max-width: 180px) 100vw, 180px\" \/><br \/>\nJeg t\u00e6nker over konsekvenserne for mig og andre, f\u00f8r jeg laver et opslag eller liker et opslag p\u00e5 internettet<\/p>\n<\/div><style type=\"text\/css\">.fusion-body .fusion-builder-nested-column-1{width:33.333333333333% !important;margin-top : 0px;margin-bottom : 20px;}.fusion-builder-nested-column-1 > .fusion-column-wrapper {padding-top : 0px !important;padding-right : 0px !important;margin-right : 5.76%;padding-bottom : 0px !important;padding-left : 0px !important;margin-left : 5.76%;}@media only screen and (max-width:1024px) {.fusion-body .fusion-builder-nested-column-1{width:33.333333333333% !important;order : 0;}.fusion-builder-nested-column-1 > .fusion-column-wrapper {margin-right : 5.76%;margin-left : 5.76%;}}@media only screen and (max-width:640px) {.fusion-body .fusion-builder-nested-column-1{width:100% !important;order : 0;}.fusion-builder-nested-column-1 > .fusion-column-wrapper {margin-right : 1.92%;margin-left : 1.92%;}}<\/style><\/div><div class=\"fusion-layout-column fusion_builder_column_inner fusion-builder-nested-column-2 fusion_builder_column_inner_1_3 1_3 fusion-flex-column\"><div class=\"fusion-column-wrapper fusion-flex-justify-content-flex-start fusion-content-layout-column\" style=\"background-position:left top;background-repeat:no-repeat;-webkit-background-size:cover;-moz-background-size:cover;-o-background-size:cover;background-size:cover;padding: 0px 0px 0px 0px;\">\n<p style=\"text-align: center;\"><img class=\"alignnone size-full wp-image-218\" src=\"https:\/\/stop-cyberbullying.eu\/wp-content\/uploads\/2022\/06\/stop-cyberbullying-protect.png\" alt=\"\" width=\"180\" height=\"180\" srcset=\"https:\/\/stop-cyberbullying.eu\/wp-content\/uploads\/2022\/06\/stop-cyberbullying-protect-66x66.png 66w, https:\/\/stop-cyberbullying.eu\/wp-content\/uploads\/2022\/06\/stop-cyberbullying-protect-150x150.png 150w, https:\/\/stop-cyberbullying.eu\/wp-content\/uploads\/2022\/06\/stop-cyberbullying-protect.png 180w\" sizes=\"(max-width: 180px) 100vw, 180px\" \/><br \/>\nJeg beskytter mine personlige oplysninger (navn, billeder, e-mail&#8230;), ved at indstille mine privatlivsindstillinger p\u00e5 mine sociale medier og styrke mine adgangskoder.<\/p>\n<\/div><style type=\"text\/css\">.fusion-body .fusion-builder-nested-column-2{width:33.333333333333% !important;margin-top : 0px;margin-bottom : 20px;}.fusion-builder-nested-column-2 > .fusion-column-wrapper {padding-top : 0px !important;padding-right : 0px !important;margin-right : 5.76%;padding-bottom : 0px !important;padding-left : 0px !important;margin-left : 5.76%;}@media only screen and (max-width:1024px) {.fusion-body .fusion-builder-nested-column-2{width:33.333333333333% !important;order : 0;}.fusion-builder-nested-column-2 > .fusion-column-wrapper {margin-right : 5.76%;margin-left : 5.76%;}}@media only screen and (max-width:640px) {.fusion-body .fusion-builder-nested-column-2{width:100% !important;order : 0;}.fusion-builder-nested-column-2 > .fusion-column-wrapper {margin-right : 1.92%;margin-left : 1.92%;}}<\/style><\/div><div class=\"fusion-layout-column fusion_builder_column_inner fusion-builder-nested-column-3 fusion_builder_column_inner_1_3 1_3 fusion-flex-column\"><div class=\"fusion-column-wrapper fusion-flex-justify-content-flex-start fusion-content-layout-column\" style=\"background-position:left top;background-repeat:no-repeat;-webkit-background-size:cover;-moz-background-size:cover;-o-background-size:cover;background-size:cover;padding: 0px 0px 0px 0px;\">\n<p style=\"text-align: center;\"><img class=\"alignnone size-full wp-image-225\" src=\"https:\/\/stop-cyberbullying.eu\/wp-content\/uploads\/2022\/06\/stop-cyberbullying-dont-accept.png\" alt=\"\" width=\"180\" height=\"180\" srcset=\"https:\/\/stop-cyberbullying.eu\/wp-content\/uploads\/2022\/06\/stop-cyberbullying-dont-accept-66x66.png 66w, https:\/\/stop-cyberbullying.eu\/wp-content\/uploads\/2022\/06\/stop-cyberbullying-dont-accept-150x150.png 150w, https:\/\/stop-cyberbullying.eu\/wp-content\/uploads\/2022\/06\/stop-cyberbullying-dont-accept.png 180w\" sizes=\"(max-width: 180px) 100vw, 180px\" \/><br \/>\nJeg accepterer ikke fremmede! Det er vigtigt ikke at acceptere venneanmodninger fra folk du ikke kender. Indstil dine sociale medier til kun at acceptere anmodninger fra dine venner.<\/p>\n<\/div><style type=\"text\/css\">.fusion-body .fusion-builder-nested-column-3{width:33.333333333333% !important;margin-top : 0px;margin-bottom : 20px;}.fusion-builder-nested-column-3 > .fusion-column-wrapper {padding-top : 0px !important;padding-right : 0px !important;margin-right : 5.76%;padding-bottom : 0px !important;padding-left : 0px !important;margin-left : 5.76%;}@media only screen and (max-width:1024px) {.fusion-body .fusion-builder-nested-column-3{width:33.333333333333% !important;order : 0;}.fusion-builder-nested-column-3 > .fusion-column-wrapper {margin-right : 5.76%;margin-left : 5.76%;}}@media only screen and (max-width:640px) {.fusion-body .fusion-builder-nested-column-3{width:100% !important;order : 0;}.fusion-builder-nested-column-3 > .fusion-column-wrapper {margin-right : 1.92%;margin-left : 1.92%;}}<\/style><\/div><div class=\"fusion-layout-column fusion_builder_column_inner fusion-builder-nested-column-4 fusion_builder_column_inner_1_3 1_3 fusion-flex-column\"><div class=\"fusion-column-wrapper fusion-flex-justify-content-flex-start fusion-content-layout-column\" style=\"background-position:left top;background-repeat:no-repeat;-webkit-background-size:cover;-moz-background-size:cover;-o-background-size:cover;background-size:cover;padding: 0px 0px 0px 0px;\">\n<p style=\"text-align: center;\"><img class=\"alignnone size-full wp-image-232\" src=\"https:\/\/stop-cyberbullying.eu\/wp-content\/uploads\/2022\/06\/stop-cyberbullying-refuse.png\" alt=\"\" width=\"180\" height=\"180\" srcset=\"https:\/\/stop-cyberbullying.eu\/wp-content\/uploads\/2022\/06\/stop-cyberbullying-refuse-66x66.png 66w, https:\/\/stop-cyberbullying.eu\/wp-content\/uploads\/2022\/06\/stop-cyberbullying-refuse-150x150.png 150w, https:\/\/stop-cyberbullying.eu\/wp-content\/uploads\/2022\/06\/stop-cyberbullying-refuse.png 180w\" sizes=\"(max-width: 180px) 100vw, 180px\" \/><br \/>\nJeg n\u00e6gter at dele eller linke til opslag, som h\u00e5ner eller nedv\u00e6rdiger andre.<\/p>\n<\/div><style type=\"text\/css\">.fusion-body .fusion-builder-nested-column-4{width:33.333333333333% !important;margin-top : 0px;margin-bottom : 20px;}.fusion-builder-nested-column-4 > .fusion-column-wrapper {padding-top : 0px !important;padding-right : 0px !important;margin-right : 5.76%;padding-bottom : 0px !important;padding-left : 0px !important;margin-left : 5.76%;}@media only screen and (max-width:1024px) {.fusion-body .fusion-builder-nested-column-4{width:33.333333333333% !important;order : 0;}.fusion-builder-nested-column-4 > .fusion-column-wrapper {margin-right : 5.76%;margin-left : 5.76%;}}@media only screen and (max-width:640px) {.fusion-body .fusion-builder-nested-column-4{width:100% !important;order : 0;}.fusion-builder-nested-column-4 > .fusion-column-wrapper {margin-right : 1.92%;margin-left : 1.92%;}}<\/style><\/div><div class=\"fusion-layout-column fusion_builder_column_inner fusion-builder-nested-column-5 fusion_builder_column_inner_1_3 1_3 fusion-flex-column\"><div class=\"fusion-column-wrapper fusion-flex-justify-content-flex-start fusion-content-layout-column\" style=\"background-position:left top;background-repeat:no-repeat;-webkit-background-size:cover;-moz-background-size:cover;-o-background-size:cover;background-size:cover;padding: 0px 0px 0px 0px;\">\n<p style=\"text-align: center;\"><img class=\"alignnone size-full wp-image-239\" src=\"https:\/\/stop-cyberbullying.eu\/wp-content\/uploads\/2022\/06\/stop-cyberbullying-report.png\" alt=\"\" width=\"180\" height=\"180\" srcset=\"https:\/\/stop-cyberbullying.eu\/wp-content\/uploads\/2022\/06\/stop-cyberbullying-report-66x66.png 66w, https:\/\/stop-cyberbullying.eu\/wp-content\/uploads\/2022\/06\/stop-cyberbullying-report-150x150.png 150w, https:\/\/stop-cyberbullying.eu\/wp-content\/uploads\/2022\/06\/stop-cyberbullying-report.png 180w\" sizes=\"(max-width: 180px) 100vw, 180px\" \/><br \/>\nJeg anmelder st\u00f8dende og hadefulde opslag direkte p\u00e5 platformen.<\/p>\n<\/div><style type=\"text\/css\">.fusion-body .fusion-builder-nested-column-5{width:33.333333333333% !important;margin-top : 0px;margin-bottom : 20px;}.fusion-builder-nested-column-5 > .fusion-column-wrapper {padding-top : 0px !important;padding-right : 0px !important;margin-right : 5.76%;padding-bottom : 0px !important;padding-left : 0px !important;margin-left : 5.76%;}@media only screen and (max-width:1024px) {.fusion-body .fusion-builder-nested-column-5{width:33.333333333333% !important;order : 0;}.fusion-builder-nested-column-5 > .fusion-column-wrapper {margin-right : 5.76%;margin-left : 5.76%;}}@media only screen and (max-width:640px) {.fusion-body .fusion-builder-nested-column-5{width:100% !important;order : 0;}.fusion-builder-nested-column-5 > .fusion-column-wrapper {margin-right : 1.92%;margin-left : 1.92%;}}<\/style><\/div><div class=\"fusion-layout-column fusion_builder_column_inner fusion-builder-nested-column-6 fusion_builder_column_inner_1_3 1_3 fusion-flex-column\"><div class=\"fusion-column-wrapper fusion-flex-justify-content-flex-start fusion-content-layout-column\" style=\"background-position:left top;background-repeat:no-repeat;-webkit-background-size:cover;-moz-background-size:cover;-o-background-size:cover;background-size:cover;padding: 0px 0px 0px 0px;\"><\/div><style type=\"text\/css\">.fusion-body .fusion-builder-nested-column-6{width:33.333333333333% !important;margin-top : 0px;margin-bottom : 20px;}.fusion-builder-nested-column-6 > .fusion-column-wrapper {padding-top : 0px !important;padding-right : 0px !important;margin-right : 5.76%;padding-bottom : 0px !important;padding-left : 0px !important;margin-left : 5.76%;}@media only screen and (max-width:1024px) {.fusion-body .fusion-builder-nested-column-6{width:33.333333333333% !important;order : 0;}.fusion-builder-nested-column-6 > .fusion-column-wrapper {margin-right : 5.76%;margin-left : 5.76%;}}@media only screen and (max-width:640px) {.fusion-body .fusion-builder-nested-column-6{width:100% !important;order : 0;}.fusion-builder-nested-column-6 > .fusion-column-wrapper {margin-right : 1.92%;margin-left : 1.92%;}}<\/style><\/div>\n<\/div><style type=\"text\/css\">.fusion-body .fusion-flex-container.fusion-builder-row-1{ padding-top : 0px;margin-top : 0px;padding-right : 0px;padding-bottom : 0px;margin-bottom : 0px;padding-left : 0px;}<\/style><\/div>\n","protected":false},"excerpt":{"rendered":"<p>Hvordan skal man agere? Jeg er et offer 5 tips [&hellip;]<\/p>\n","protected":false},"author":2,"featured_media":0,"parent":0,"menu_order":0,"comment_status":"closed","ping_status":"closed","template":"","meta":[],"_links":{"self":[{"href":"https:\/\/stop-cyberbullying.eu\/da\/wp-json\/wp\/v2\/pages\/519"}],"collection":[{"href":"https:\/\/stop-cyberbullying.eu\/da\/wp-json\/wp\/v2\/pages"}],"about":[{"href":"https:\/\/stop-cyberbullying.eu\/da\/wp-json\/wp\/v2\/types\/page"}],"author":[{"embeddable":true,"href":"https:\/\/stop-cyberbullying.eu\/da\/wp-json\/wp\/v2\/users\/2"}],"replies":[{"embeddable":true,"href":"https:\/\/stop-cyberbullying.eu\/da\/wp-json\/wp\/v2\/comments?post=519"}],"version-history":[{"count":5,"href":"https:\/\/stop-cyberbullying.eu\/da\/wp-json\/wp\/v2\/pages\/519\/revisions"}],"predecessor-version":[{"id":573,"href":"https:\/\/stop-cyberbullying.eu\/da\/wp-json\/wp\/v2\/pages\/519\/revisions\/573"}],"wp:attachment":[{"href":"https:\/\/stop-cyberbullying.eu\/da\/wp-json\/wp\/v2\/media?parent=519"}],"curies":[{"name":"wp","href":"https:\/\/api.w.org\/{rel}","templated":true}]}}