{"id":329,"date":"2022-07-04T17:56:05","date_gmt":"2022-07-04T16:56:05","guid":{"rendered":"https:\/\/stop-cyberbullying.eu\/cybermobning\/"},"modified":"2022-07-04T17:56:05","modified_gmt":"2022-07-04T16:56:05","slug":"cybermobning","status":"publish","type":"page","link":"https:\/\/stop-cyberbullying.eu\/da\/cybermobning\/","title":{"rendered":"Cybermobning ?"},"content":{"rendered":"<p>Cybermobning er mobning, der sker online og ved brug af digitale teknologier. Det kan fx ske p\u00e5 de sociale medier, telefonerne, i computerspil og i chatprogrammer. Det er en gentagende adf\u00e6rd, der har til form\u00e5l at v\u00e6kke frygt, vrede eller skam blandt dem, der bliver udsat for den online chikane (https:\/\/unric.org\/da\/saadan-haandterer-du-cybermobning\/ ).<\/p>\n<p>Eksempler p\u00e5 cybermobning er:<\/p>\n<p>&#8211; Deling af pinlige og\/eller n\u00f8gen\/seksuelle billeder\/videoer af nogen p\u00e5 sociale medier<br \/>\n&#8211; Skrive onde kommentarer eller rygter om nogen<br \/>\n&#8211; True med at s\u00e5re nogen<br \/>\n&#8211; Tilskyndelse til selvskade eller selvmord<br \/>\n&#8211; Udgive sig for at v\u00e6re en anden og give falske personlige oplysninger<br \/>\n&#8211; Oprette en ond, s\u00e5rende og\/eller falsk side om nogen<br \/>\n&#8211; Doxing (offentligg\u00f8relse af tidligere private personlige oplysninger)<\/p>\n","protected":false},"excerpt":{"rendered":"<p>Cybermobning er mobning, der sker online og ved brug af [&hellip;]<\/p>\n","protected":false},"author":2,"featured_media":0,"parent":0,"menu_order":0,"comment_status":"closed","ping_status":"closed","template":"","meta":[],"_links":{"self":[{"href":"https:\/\/stop-cyberbullying.eu\/da\/wp-json\/wp\/v2\/pages\/329"}],"collection":[{"href":"https:\/\/stop-cyberbullying.eu\/da\/wp-json\/wp\/v2\/pages"}],"about":[{"href":"https:\/\/stop-cyberbullying.eu\/da\/wp-json\/wp\/v2\/types\/page"}],"author":[{"embeddable":true,"href":"https:\/\/stop-cyberbullying.eu\/da\/wp-json\/wp\/v2\/users\/2"}],"replies":[{"embeddable":true,"href":"https:\/\/stop-cyberbullying.eu\/da\/wp-json\/wp\/v2\/comments?post=329"}],"version-history":[{"count":0,"href":"https:\/\/stop-cyberbullying.eu\/da\/wp-json\/wp\/v2\/pages\/329\/revisions"}],"wp:attachment":[{"href":"https:\/\/stop-cyberbullying.eu\/da\/wp-json\/wp\/v2\/media?parent=329"}],"curies":[{"name":"wp","href":"https:\/\/api.w.org\/{rel}","templated":true}]}}