{"id":272,"date":"2022-07-04T12:34:55","date_gmt":"2022-07-04T11:34:55","guid":{"rendered":"https:\/\/stop-cyberbullying.eu\/om-os\/"},"modified":"2022-07-04T12:34:55","modified_gmt":"2022-07-04T11:34:55","slug":"om-os","status":"publish","type":"page","link":"https:\/\/stop-cyberbullying.eu\/da\/om-os\/","title":{"rendered":"Om os"},"content":{"rendered":"<h2 style=\"text-align: center;\">europ\u00e6isk projekt<\/h2>\n<p style=\"text-align: center;\"><em>Dette websted blev oprettet inden for rammerne af det europ\u00e6iske projekt #YouthAgainstCyberbullying i 2021.<\/em><\/p>\n<p style=\"text-align: center;\"><em>Dette projekt, som samler seks lande (Frankrig, Danmark, Serbien, Italien, Kroatien og Ungarn), har til form\u00e5l at bek\u00e6mpe giftig tale p\u00e5 nettet (hadefuld tale, diskrimination, forn\u00e6rmelser, trusler, billed- og videodeling osv.) og mere specifikt cybermobning. Form\u00e5let er at \u00f8ge bevidstheden blandt unge europ\u00e6ere om at f\u00e5 dem til at opf\u00f8re sig bedre p\u00e5 nettet.<\/em><\/p>\n<hr>\n<h2 style=\"text-align: center;\">Partnere<\/h2>\n<h3 style=\"text-align: center;\"><img class=\"size-medium wp-image-122 aligncenter\" src=\"https:\/\/stop-cyberbullying.eu\/wp-content\/uploads\/2022\/06\/ARCI-Italia-300x152.png\" alt=\"ARCI-Italien\" width=\"300\" height=\"152\" srcset=\"https:\/\/stop-cyberbullying.eu\/wp-content\/uploads\/2022\/06\/ARCI-Italia-200x101.png 200w, https:\/\/stop-cyberbullying.eu\/wp-content\/uploads\/2022\/06\/ARCI-Italia-300x152.png 300w, https:\/\/stop-cyberbullying.eu\/wp-content\/uploads\/2022\/06\/ARCI-Italia.png 320w\" sizes=\"(max-width: 300px) 100vw, 300px\" \/><br \/>\nARCI (Italien)<\/h3>\n<p>ARCI Liguria er den regionale komit\u00e9 for ARCI, en national forening, som pt. er Italien st\u00f8rste uafh\u00e6ngige forening som fremmer sociale v\u00e6rdier, kultur og borgerrettigheder, takket v\u00e6re det enorme potentiale, der ligger i de over 300 klubber og mere end 50.000 medlemmer. ARCI og ARCI Liguria repr\u00e6senterer et netv\u00e6rk, hvis struktur forbedrer demokratisk deltagelse og social integration p\u00e5 flere niveauer.<br \/>\n<a href=\"https:\/\/www.arci.it\" target=\"_blank\" rel=\"noopener\">Mere om ARCI<\/a><\/p>\n<hr>\n<h3 style=\"text-align: center;\"><img class=\"alignnone size-medium wp-image-129 aligncenter\" src=\"https:\/\/stop-cyberbullying.eu\/wp-content\/uploads\/2022\/06\/CEMEA-France-300x118.jpg\" alt=\"CEMEA-Frankrig\" width=\"300\" height=\"118\" srcset=\"https:\/\/stop-cyberbullying.eu\/wp-content\/uploads\/2022\/06\/CEMEA-France-200x79.jpg 200w, https:\/\/stop-cyberbullying.eu\/wp-content\/uploads\/2022\/06\/CEMEA-France-300x118.jpg 300w, https:\/\/stop-cyberbullying.eu\/wp-content\/uploads\/2022\/06\/CEMEA-France.jpg 320w\" sizes=\"(max-width: 300px) 100vw, 300px\" \/><br \/>\nCem\u00e9a (Frankrig)<\/h3>\n<p>CEMEA (Centers for Active Education Training Methods) er en forening som i over 80 \u00e5r har v\u00e6ret involveret i Popul\u00e6r Uddannelse, inden for alle omr\u00e5der af uddannelse og socialt arbejde: p\u00e6dagogisk fritid, undervisning for sm\u00e5 b\u00f8rn, skolegang, integration af handicappede, kulturelle praksis, social og faglig inds\u00e6ttelse, milj\u00f8uddannelse, internationalerelationer i uddannelse. CEMEA integrerer uddannelse i generelle udviklingsstrategier. CEMEA repr\u00e6senterer en filosofi om progressiv uddannelse, hvis principper anvendes til at et hvert barn, teenager eller voksen kan blive mere bevidst om omverdenen og udvikle deres egen individuelle og sociale kompetencer.<br \/>\n<a href=\"https:\/\/cemea.asso.fr\" target=\"_blank\" rel=\"noopener\">Mere om CEMEA<\/a><\/p>\n<hr>\n<h3 style=\"text-align: center;\"><img class=\"size-full wp-image-136 aligncenter\" src=\"https:\/\/stop-cyberbullying.eu\/wp-content\/uploads\/2022\/06\/FIC-Danemark.jpg\" alt=\"FIC-Danemark\" width=\"160\" height=\"226\"><br \/>\nFIC (Danmark)<\/h3>\n<p>Forum for International Cooperation (FIC) er en international nonprofitorganisation (NGO) som siden 1995, opererer i Danmark, Europa og \u00d8stafrika (Tanzania og Kenya). FIC arbejder mod at realisere global lighed og solidaritet ved at \u00f8ge og udvikle menneskers sociale, \u00f8konomiske og demokratiske rettigheder og fremme muligheder for et bedre liv, uanset deres baggrund eller oprindelse. FIC\u2019s projekter fokuserer p\u00e5 livslang l\u00e6ring; forbedring af arbejdsvilk\u00e5r og arbejdstagerrettigheder; ungdoms- og seniorbesk\u00e6ftigelse; integration af emigranter; inklusion af kvinder p\u00e5 arbejdsmarkedet; interkulturel dialog i Danmark, Europa og Afrika; samt at \u00f8ge bevidstheden om disse omr\u00e5der p\u00e5 nationalt og internationalt niveau. FIC\u2019s v\u00e6rdier er baseret p\u00e5 FN og menneskerettighedskonventioner, EU&#8217;s charter for grundl\u00e6ggende rettigheder og ILO&#8217;s konventioner om arbejdsrettigheder.<br \/>\n<a href=\"https:\/\/fic.dk\" target=\"_blank\" rel=\"noopener\">Mere om FIC<\/a><\/p>\n<hr>\n<h3 style=\"text-align: center;\"><img class=\"size-medium wp-image-143 aligncenter\" src=\"https:\/\/stop-cyberbullying.eu\/wp-content\/uploads\/2022\/06\/IDC-Serbia-300x119.jpg\" alt=\"IDC-Serbien\" width=\"300\" height=\"119\" srcset=\"https:\/\/stop-cyberbullying.eu\/wp-content\/uploads\/2022\/06\/IDC-Serbia-200x79.jpg 200w, https:\/\/stop-cyberbullying.eu\/wp-content\/uploads\/2022\/06\/IDC-Serbia-300x119.jpg 300w, https:\/\/stop-cyberbullying.eu\/wp-content\/uploads\/2022\/06\/IDC-Serbia.jpg 320w\" sizes=\"(max-width: 300px) 100vw, 300px\" \/><br \/>\nIDC (Serbien)<\/h3>\n<p>IDC er en gruppe af entusiaster drevet af principperne om solidaritet, aktiv inklusion, lige rettigheder, ordentlige job og tilfredse mennesker. Disse principper en integreret i alle vores programmer og aktiviteter, som vi hele tiden bliver ved med at udvikle. IDC gennemf\u00f8rer projekter i 10 forskellige byer i Serbien og arbejder med udsatte sociale grupper, hovedsagelig dem, der lever, under fattigdomst\u00e6rskelen og sammen fors\u00f8ger vi at k\u00e6mpe for mere social inklusion. Siden IDC\u2019s etablering har mere end flere tusinde gennemg\u00e5et vores programmer og projekter samt modtaget hj\u00e6lp.<br \/>\n<a href=\"https:\/\/idcserbia.org\" target=\"_blank\" rel=\"noopener\">Mere om IDC<\/a><\/p>\n<hr>\n<h3 style=\"text-align: center;\"><img class=\"size-medium wp-image-150 aligncenter\" src=\"https:\/\/stop-cyberbullying.eu\/wp-content\/uploads\/2022\/06\/Progessive-Hungary-300x140.png\" alt=\"Progessive - Ungarn\" width=\"300\" height=\"140\" srcset=\"https:\/\/stop-cyberbullying.eu\/wp-content\/uploads\/2022\/06\/Progessive-Hungary-200x93.png 200w, https:\/\/stop-cyberbullying.eu\/wp-content\/uploads\/2022\/06\/Progessive-Hungary-300x140.png 300w, https:\/\/stop-cyberbullying.eu\/wp-content\/uploads\/2022\/06\/Progessive-Hungary.png 320w\" sizes=\"(max-width: 300px) 100vw, 300px\" \/><br \/>\nProgressive (Ungarn)<\/h3>\n<p>Progressive Hungary Institute for Transformation\u2019s (PGA\u2019s) vision er et retf\u00e6rdigt samfund og et b\u00e6redygtigt demokrati. PGA &#8211; tidligere kendt som Progressive Economic Policy Foundation &#8211; er en t\u00e6nketank, der har til form\u00e5l at fremme et retf\u00e6rdigt, demokratisk og b\u00e6redygtigt Ungarn gennem dristige visioner, events, kampagner og pilotprojekter. PGA\u2019s indsatsomr\u00e5der er: arbejdsforhold, socialvelf\u00e6rd, uddannelse, migration mv.<br \/>\n<a href=\"https:\/\/atalakulasintezet.hu\" target=\"_blank\" rel=\"noopener\">Mere om Progressive<\/a><\/p>\n<hr>\n<h3 style=\"text-align: center;\"><img class=\"size-medium wp-image-157 aligncenter\" src=\"https:\/\/stop-cyberbullying.eu\/wp-content\/uploads\/2022\/06\/SOLIDAR-belgique-300x107.jpg\" alt=\"SOLIDAR-Belgien\" width=\"300\" height=\"107\" srcset=\"https:\/\/stop-cyberbullying.eu\/wp-content\/uploads\/2022\/06\/SOLIDAR-belgique-200x71.jpg 200w, https:\/\/stop-cyberbullying.eu\/wp-content\/uploads\/2022\/06\/SOLIDAR-belgique-300x107.jpg 300w, https:\/\/stop-cyberbullying.eu\/wp-content\/uploads\/2022\/06\/SOLIDAR-belgique.jpg 320w\" sizes=\"(max-width: 300px) 100vw, 300px\" \/><br \/>\nSolidar (Belgien)<\/h3>\n<p>SOLIDAR Foundation er SOLIDARs samarbejdsplatform; et europ\u00e6isk og verdensomsp\u00e6ndende netv\u00e6rk af NGO&#8217;er, som arbejder for at fremme social retf\u00e6rdighed i Europa og verden. SOLIDAR har 60 medlemsorganisationer baseret i 25 EU-medlemslande og i 6 kandidatlande. Vi samarbejder inden for Sociale Anliggender, Internationalt Samarbejde og Uddannelse og livslang l\u00e6ring.<br \/>\n<a href=\"https:\/\/www.solidar.org\" target=\"_blank\" rel=\"noopener\">Mere om SOLIDAR<\/a><\/p>\n<hr>\n<h3 style=\"text-align: center;\"><img class=\"size-medium wp-image-164 aligncenter\" src=\"https:\/\/stop-cyberbullying.eu\/wp-content\/uploads\/2022\/06\/Solidarna-Croatie-300x132.png\" alt=\"Solidarna-Kroatien\" width=\"300\" height=\"132\" srcset=\"https:\/\/stop-cyberbullying.eu\/wp-content\/uploads\/2022\/06\/Solidarna-Croatie-200x88.png 200w, https:\/\/stop-cyberbullying.eu\/wp-content\/uploads\/2022\/06\/Solidarna-Croatie-300x132.png 300w, https:\/\/stop-cyberbullying.eu\/wp-content\/uploads\/2022\/06\/Solidarna-Croatie.png 320w\" sizes=\"(max-width: 300px) 100vw, 300px\" \/><br \/>\nSolidarna (Kroatien)<\/h3>\n<p>SOLIDARNA, en kroatisk fond, etableret i 2015, som arbejder for menneskerettigheder og solidaritet. Grundl\u00e6ggerne er overbevist om at fremme og beskytte menneskerettigheder \u2013 ytringsfrihed, retten til fri forsamling og forening, retten til arbejde, retten til en bolig, retten til et sundt milj\u00f8 og retten til basale offentlige goder \u2013 kr\u00e6ver en vedvarende indsats, kreativitet og st\u00e6rk modstand mod alle former for pres.<br \/>\n<a href=\"https:\/\/solidarna.hr\" target=\"_blank\" rel=\"noopener\">Mere om SOLIDARNA<\/a><\/p>\n","protected":false},"excerpt":{"rendered":"<p>europ\u00e6isk projekt Dette websted blev oprettet inden for rammerne af [&hellip;]<\/p>\n","protected":false},"author":2,"featured_media":0,"parent":0,"menu_order":0,"comment_status":"closed","ping_status":"closed","template":"","meta":[],"_links":{"self":[{"href":"https:\/\/stop-cyberbullying.eu\/da\/wp-json\/wp\/v2\/pages\/272"}],"collection":[{"href":"https:\/\/stop-cyberbullying.eu\/da\/wp-json\/wp\/v2\/pages"}],"about":[{"href":"https:\/\/stop-cyberbullying.eu\/da\/wp-json\/wp\/v2\/types\/page"}],"author":[{"embeddable":true,"href":"https:\/\/stop-cyberbullying.eu\/da\/wp-json\/wp\/v2\/users\/2"}],"replies":[{"embeddable":true,"href":"https:\/\/stop-cyberbullying.eu\/da\/wp-json\/wp\/v2\/comments?post=272"}],"version-history":[{"count":0,"href":"https:\/\/stop-cyberbullying.eu\/da\/wp-json\/wp\/v2\/pages\/272\/revisions"}],"wp:attachment":[{"href":"https:\/\/stop-cyberbullying.eu\/da\/wp-json\/wp\/v2\/media?parent=272"}],"curies":[{"name":"wp","href":"https:\/\/api.w.org\/{rel}","templated":true}]}}