{"id":256,"date":"2022-07-01T10:30:52","date_gmt":"2022-07-01T09:30:52","guid":{"rendered":"https:\/\/stop-cyberbullying.eu\/home\/"},"modified":"2022-12-01T12:31:46","modified_gmt":"2022-12-01T11:31:46","slug":"home","status":"publish","type":"page","link":"https:\/\/stop-cyberbullying.eu\/da\/","title":{"rendered":"Home"},"content":{"rendered":"<p style=\"text-align: center;\">Dette websted blev oprettet inden for rammerne af det europ\u00e6iske projekt #YouthAgainstCyberbullying i 2021. Dette projekt, som samler seks lande (Frankrig, Danmark, Serbien, Italien, Kroatien og Ungarn), har til form\u00e5l at bek\u00e6mpe giftig tale p\u00e5 nettet (hadefuld tale, diskrimination, forn\u00e6rmelser, trusler, billed- og videodeling osv.) og mere specifikt cybermobning. Form\u00e5let er at \u00f8ge bevidstheden blandt unge europ\u00e6ere om at f\u00e5 dem til at opf\u00f8re sig bedre p\u00e5 nettet.<br \/>\n<a href=\"https:\/\/stop-cyberbullying.eu\/da\/om-os\/\">More about us \u00bb<\/a><\/p>\n<hr \/>\n<div class=\"fusion-fullwidth fullwidth-box fusion-builder-row-1 fusion-flex-container nonhundred-percent-fullwidth non-hundred-percent-height-scrolling\" style=\"background-color: rgba(255,255,255,0);background-position: center center;background-repeat: no-repeat;border-width: 0px 0px 0px 0px;border-color:#e2e2e2;border-style:solid;\" ><\/p>\n<div class=\"fusion-builder-row fusion-row fusion-flex-align-items-flex-start\" style=\"max-width:1248px;margin-left: calc(-4% \/ 2 );margin-right: calc(-4% \/ 2 );\">\n<div class=\"fusion-layout-column fusion_builder_column fusion-builder-column-0 fusion_builder_column_1_3 1_3 fusion-flex-column\"><div class=\"fusion-column-wrapper fusion-flex-justify-content-flex-start fusion-content-layout-column\" style=\"background-position:left top;background-repeat:no-repeat;-webkit-background-size:cover;-moz-background-size:cover;-o-background-size:cover;background-size:cover;padding: 0px 0px 0px 0px;\">\n<h2>Oplevelser<\/h2>\n<style type=\"text\/css\">.fusion-portfolio-wrapper#fusion-portfolio-1 .fusion-portfolio-content{  text-align: left; }<\/style><div class=\"fusion-recent-works fusion-portfolio-element fusion-portfolio fusion-portfolio-1 fusion-portfolio-grid fusion-portfolio-paging-pagination fusion-portfolio-one fusion-portfolio-unboxed fusion-portfolio-text fusion-portfolio-rollover\" data-id=\"-rw-1\" data-columns=\"one\"><style type=\"text\/css\">.fusion-portfolio-1 .fusion-portfolio-wrapper .fusion-col-spacing{padding:15px;}<\/style><div class=\"fusion-portfolio-wrapper\" id=\"fusion-portfolio-1\" data-picturesize=\"auto\" data-pages=\"1\" style=\"margin:-15px;\"><article id=\"portfolio-1-post-454\" class=\"fusion-portfolio-post oplevelser fusion-col-spacing post-454\"><div class=\"fusion-portfolio-content-wrapper\" style=\"border:none;\"><span class=\"vcard rich-snippet-hidden\"><span class=\"fn\"><a href=\"https:\/\/stop-cyberbullying.eu\/da\/author\/alice-chisin\/\" title=\"Indl\u00e6g af Alice Chisin\" rel=\"author\">Alice Chisin<\/a><\/span><\/span><span class=\"updated rich-snippet-hidden\">2022-07-06T17:11:45+01:00<\/span><div  class=\"fusion-image-wrapper\" aria-haspopup=\"true\">\n\t\t\t\t<img width=\"2048\" height=\"1365\" src=\"https:\/\/stop-cyberbullying.eu\/wp-content\/uploads\/2022\/07\/IMG-20220323-WA0011.jpg\" class=\"attachment-full size-full wp-post-image\" alt=\"\" loading=\"lazy\" srcset=\"https:\/\/stop-cyberbullying.eu\/wp-content\/uploads\/2022\/07\/IMG-20220323-WA0011-200x133.jpg 200w, https:\/\/stop-cyberbullying.eu\/wp-content\/uploads\/2022\/07\/IMG-20220323-WA0011-400x267.jpg 400w, https:\/\/stop-cyberbullying.eu\/wp-content\/uploads\/2022\/07\/IMG-20220323-WA0011-600x400.jpg 600w, https:\/\/stop-cyberbullying.eu\/wp-content\/uploads\/2022\/07\/IMG-20220323-WA0011-800x533.jpg 800w, https:\/\/stop-cyberbullying.eu\/wp-content\/uploads\/2022\/07\/IMG-20220323-WA0011-1200x800.jpg 1200w, https:\/\/stop-cyberbullying.eu\/wp-content\/uploads\/2022\/07\/IMG-20220323-WA0011.jpg 2048w\" sizes=\"(min-width: 2200px) 100vw, (min-width: 640px) 1200px, \" \/><div class=\"fusion-rollover\">\n\t<div class=\"fusion-rollover-content\">\n\n\t\t\t\t\t\t\t\t\t\t\t\t\t\t<a class=\"fusion-rollover-link\" href=\"https:\/\/stop-cyberbullying.eu\/da\/portfolio-items\/hvordan-man-bekaemper-cybermobning-nogle-ideer-fra-workshoppen-i-koebenhavn\/?portfolioCats=42%2C42\">Hvordan man bek\u00e6mper cybermobning &#8211; nogle id\u00e9er fra workshoppen i K\u00f8benhavn<\/a>\n\t\t\t\n\t\t\t\t\t\t\t\t\t\t\t\t\t\t\n\t\t\t\t\t\t\t\t\n\t\t\t\t\t\t\t\t\t\t\t\t\t<div class=\"fusion-rollover-sep\"><\/div>\n\t\t\t\t\n\t\t\t\t\t\t\t\t\t\t\t\t\t\t\t\t\t\t<a class=\"fusion-rollover-gallery\" href=\"https:\/\/stop-cyberbullying.eu\/wp-content\/uploads\/2022\/07\/IMG-20220323-WA0011.jpg\" data-id=\"454\" data-rel=\"iLightbox[gallery-rw-1]\" data-title=\"IMG-20220323-WA0011\" data-caption=\"\">\n\t\t\t\t\t\tGallery\t\t\t\t\t<\/a>\n\t\t\t\t\t\t\t\t\t\t\t\t\t\t\n\t\t\n\t\t\t\t\t\t\t\t\t\t\t\t<h4 class=\"fusion-rollover-title\">\n\t\t\t\t\t<a class=\"fusion-rollover-title-link\" href=\"https:\/\/stop-cyberbullying.eu\/da\/portfolio-items\/hvordan-man-bekaemper-cybermobning-nogle-ideer-fra-workshoppen-i-koebenhavn\/?portfolioCats=42%2C42\">\n\t\t\t\t\t\tHvordan man bek\u00e6mper cybermobning &#8211; nogle id\u00e9er fra workshoppen i K\u00f8benhavn\t\t\t\t\t<\/a>\n\t\t\t\t<\/h4>\n\t\t\t\n\t\t\t\t\t\t\t\t\t\t<div class=\"fusion-rollover-categories\"><a href=\"https:\/\/stop-cyberbullying.eu\/da\/portfolio_category\/oplevelser\/\" rel=\"tag\">Oplevelser<\/a><\/div>\t\t\t\t\t\n\t\t\n\t\t\t\t\t\t<a class=\"fusion-link-wrapper\" href=\"https:\/\/stop-cyberbullying.eu\/da\/portfolio-items\/hvordan-man-bekaemper-cybermobning-nogle-ideer-fra-workshoppen-i-koebenhavn\/?portfolioCats=42%2C42\" aria-label=\"Hvordan man bek\u00e6mper cybermobning &#8211; nogle id\u00e9er fra workshoppen i K\u00f8benhavn\"><\/a>\n\t<\/div>\n<\/div>\n<\/div>\n<div class=\"fusion-portfolio-content\"><h2 class=\"entry-title fusion-post-title\"><a href=\"https:\/\/stop-cyberbullying.eu\/da\/portfolio-items\/hvordan-man-bekaemper-cybermobning-nogle-ideer-fra-workshoppen-i-koebenhavn\/?portfolioCats=42%2C42\">Hvordan man bek\u00e6mper cybermobning &#8211; nogle id\u00e9er fra workshoppen i K\u00f8benhavn<\/a><\/h2><div class=\"fusion-post-content\"><p>I takt med at unge bliver mere og mere online [...]<\/p><div class=\"fusion-portfolio-buttons\"><a href=\"https:\/\/stop-cyberbullying.eu\/da\/portfolio-items\/hvordan-man-bekaemper-cybermobning-nogle-ideer-fra-workshoppen-i-koebenhavn\/?portfolioCats=42%2C42\" class=\"fusion-button fusion-button-small fusion-button-default fusion-button-flat\">Learn More<\/a><\/div><\/div><\/div><\/div><div class=\"fusion-clearfix\"><\/div><div class=\"fusion-separator sep-double\"><\/div><\/article><article id=\"portfolio-1-post-366\" class=\"fusion-portfolio-post oplevelser fusion-col-spacing post-366\"><div class=\"fusion-portfolio-content-wrapper\" style=\"border:none;\"><span class=\"vcard rich-snippet-hidden\"><span class=\"fn\"><a href=\"https:\/\/stop-cyberbullying.eu\/da\/author\/alice-chisin\/\" title=\"Indl\u00e6g af Alice Chisin\" rel=\"author\">Alice Chisin<\/a><\/span><\/span><span class=\"updated rich-snippet-hidden\">2022-07-05T17:32:04+01:00<\/span><div  class=\"fusion-image-wrapper\" aria-haspopup=\"true\">\n\t\t\t\t<img width=\"768\" height=\"441\" src=\"https:\/\/stop-cyberbullying.eu\/wp-content\/uploads\/2022\/07\/Youth-against-Cyber-bulling-logo-768x441-1.jpg\" class=\"attachment-full size-full wp-post-image\" alt=\"\" loading=\"lazy\" srcset=\"https:\/\/stop-cyberbullying.eu\/wp-content\/uploads\/2022\/07\/Youth-against-Cyber-bulling-logo-768x441-1-200x115.jpg 200w, https:\/\/stop-cyberbullying.eu\/wp-content\/uploads\/2022\/07\/Youth-against-Cyber-bulling-logo-768x441-1-400x230.jpg 400w, https:\/\/stop-cyberbullying.eu\/wp-content\/uploads\/2022\/07\/Youth-against-Cyber-bulling-logo-768x441-1-600x345.jpg 600w, https:\/\/stop-cyberbullying.eu\/wp-content\/uploads\/2022\/07\/Youth-against-Cyber-bulling-logo-768x441-1.jpg 768w\" sizes=\"(min-width: 2200px) 100vw, (min-width: 640px) 1200px, \" \/><div class=\"fusion-rollover\">\n\t<div class=\"fusion-rollover-content\">\n\n\t\t\t\t\t\t\t\t\t\t\t\t\t\t<a class=\"fusion-rollover-link\" href=\"https:\/\/stop-cyberbullying.eu\/da\/portfolio-items\/youthagainstcyberbullying-catherine-italia\/?portfolioCats=42%2C42\">#YouthAgainstCyberbullying &#8211; Catherine (Italia)<\/a>\n\t\t\t\n\t\t\t\t\t\t\t\t\t\t\t\t\t\t\n\t\t\t\t\t\t\t\t\n\t\t\t\t\t\t\t\t\t\t\t\t\t<div class=\"fusion-rollover-sep\"><\/div>\n\t\t\t\t\n\t\t\t\t\t\t\t\t\t\t\t\t\t\t\t\t\t\t<a class=\"fusion-rollover-gallery\" href=\"https:\/\/stop-cyberbullying.eu\/wp-content\/uploads\/2022\/07\/Youth-against-Cyber-bulling-logo-768x441-1.jpg\" data-id=\"366\" data-rel=\"iLightbox[gallery-rw-1]\" data-title=\"Youth-against-Cyber-bulling-logo-768x441\" data-caption=\"\">\n\t\t\t\t\t\tGallery\t\t\t\t\t<\/a>\n\t\t\t\t\t\t\t\t\t\t\t\t\t\t\n\t\t\n\t\t\t\t\t\t\t\t\t\t\t\t<h4 class=\"fusion-rollover-title\">\n\t\t\t\t\t<a class=\"fusion-rollover-title-link\" href=\"https:\/\/stop-cyberbullying.eu\/da\/portfolio-items\/youthagainstcyberbullying-catherine-italia\/?portfolioCats=42%2C42\">\n\t\t\t\t\t\t#YouthAgainstCyberbullying &#8211; Catherine (Italia)\t\t\t\t\t<\/a>\n\t\t\t\t<\/h4>\n\t\t\t\n\t\t\t\t\t\t\t\t\t\t<div class=\"fusion-rollover-categories\"><a href=\"https:\/\/stop-cyberbullying.eu\/da\/portfolio_category\/oplevelser\/\" rel=\"tag\">Oplevelser<\/a><\/div>\t\t\t\t\t\n\t\t\n\t\t\t\t\t\t<a class=\"fusion-link-wrapper\" href=\"https:\/\/stop-cyberbullying.eu\/da\/portfolio-items\/youthagainstcyberbullying-catherine-italia\/?portfolioCats=42%2C42\" aria-label=\"#YouthAgainstCyberbullying &#8211; Catherine (Italia)\"><\/a>\n\t<\/div>\n<\/div>\n<\/div>\n<div class=\"fusion-portfolio-content\"><h2 class=\"entry-title fusion-post-title\"><a href=\"https:\/\/stop-cyberbullying.eu\/da\/portfolio-items\/youthagainstcyberbullying-catherine-italia\/?portfolioCats=42%2C42\">#YouthAgainstCyberbullying &#8211; Catherine (Italia)<\/a><\/h2><div class=\"fusion-post-content\"><p>Fra den 21. til den 26. marts deltog jeg sammen [...]<\/p><div class=\"fusion-portfolio-buttons\"><a href=\"https:\/\/stop-cyberbullying.eu\/da\/portfolio-items\/youthagainstcyberbullying-catherine-italia\/?portfolioCats=42%2C42\" class=\"fusion-button fusion-button-small fusion-button-default fusion-button-flat\">Learn More<\/a><\/div><\/div><\/div><\/div><div class=\"fusion-clearfix\"><\/div><div class=\"fusion-separator sep-double\"><\/div><\/article><article id=\"portfolio-1-post-350\" class=\"fusion-portfolio-post oplevelser fusion-col-spacing post-350\"><div class=\"fusion-portfolio-content-wrapper\" style=\"border:none;\"><span class=\"vcard rich-snippet-hidden\"><span class=\"fn\"><a href=\"https:\/\/stop-cyberbullying.eu\/da\/author\/alice-chisin\/\" title=\"Indl\u00e6g af Alice Chisin\" rel=\"author\">Alice Chisin<\/a><\/span><\/span><span class=\"updated rich-snippet-hidden\">2022-07-08T12:45:33+01:00<\/span><div  class=\"fusion-image-wrapper\" aria-haspopup=\"true\">\n\t\t\t\t<img width=\"2104\" height=\"708\" src=\"https:\/\/stop-cyberbullying.eu\/wp-content\/uploads\/2022\/07\/Capture-de\u0301cran-2022-07-05-a\u0300-18.03.30.png\" class=\"attachment-full size-full wp-post-image\" alt=\"\" loading=\"lazy\" srcset=\"https:\/\/stop-cyberbullying.eu\/wp-content\/uploads\/2022\/07\/Capture-de\u0301cran-2022-07-05-a\u0300-18.03.30-200x67.png 200w, https:\/\/stop-cyberbullying.eu\/wp-content\/uploads\/2022\/07\/Capture-de\u0301cran-2022-07-05-a\u0300-18.03.30-400x135.png 400w, https:\/\/stop-cyberbullying.eu\/wp-content\/uploads\/2022\/07\/Capture-de\u0301cran-2022-07-05-a\u0300-18.03.30-600x202.png 600w, https:\/\/stop-cyberbullying.eu\/wp-content\/uploads\/2022\/07\/Capture-de\u0301cran-2022-07-05-a\u0300-18.03.30-800x269.png 800w, https:\/\/stop-cyberbullying.eu\/wp-content\/uploads\/2022\/07\/Capture-de\u0301cran-2022-07-05-a\u0300-18.03.30-1200x404.png 1200w, https:\/\/stop-cyberbullying.eu\/wp-content\/uploads\/2022\/07\/Capture-de\u0301cran-2022-07-05-a\u0300-18.03.30.png 2104w\" sizes=\"(min-width: 2200px) 100vw, (min-width: 640px) 1200px, \" \/><div class=\"fusion-rollover\">\n\t<div class=\"fusion-rollover-content\">\n\n\t\t\t\t\t\t\t\t\t\t\t\t\t\t<a class=\"fusion-rollover-link\" href=\"https:\/\/stop-cyberbullying.eu\/da\/portfolio-items\/lad-os-tale-om-cybermobning\/?portfolioCats=42%2C42\">Lad os tale om cybermobning!<\/a>\n\t\t\t\n\t\t\t\t\t\t\t\t\t\t\t\t\t\t\n\t\t\t\t\t\t\t\t\n\t\t\t\t\t\t\t\t\t\t\t\t\t<div class=\"fusion-rollover-sep\"><\/div>\n\t\t\t\t\n\t\t\t\t\t\t\t\t\t\t\t\t\t\t\t\t\t\t<a class=\"fusion-rollover-gallery\" href=\"https:\/\/stop-cyberbullying.eu\/wp-content\/uploads\/2022\/07\/Capture-de\u0301cran-2022-07-05-a\u0300-18.03.30.png\" data-id=\"350\" data-rel=\"iLightbox[gallery-rw-1]\" data-title=\"Capture d\u2019e\u0301cran 2022-07-05 a\u0300 18.03.30\" data-caption=\"\">\n\t\t\t\t\t\tGallery\t\t\t\t\t<\/a>\n\t\t\t\t\t\t\t\t\t\t\t\t\t\t\n\t\t\n\t\t\t\t\t\t\t\t\t\t\t\t<h4 class=\"fusion-rollover-title\">\n\t\t\t\t\t<a class=\"fusion-rollover-title-link\" href=\"https:\/\/stop-cyberbullying.eu\/da\/portfolio-items\/lad-os-tale-om-cybermobning\/?portfolioCats=42%2C42\">\n\t\t\t\t\t\tLad os tale om cybermobning!\t\t\t\t\t<\/a>\n\t\t\t\t<\/h4>\n\t\t\t\n\t\t\t\t\t\t\t\t\t\t<div class=\"fusion-rollover-categories\"><a href=\"https:\/\/stop-cyberbullying.eu\/da\/portfolio_category\/oplevelser\/\" rel=\"tag\">Oplevelser<\/a><\/div>\t\t\t\t\t\n\t\t\n\t\t\t\t\t\t<a class=\"fusion-link-wrapper\" href=\"https:\/\/stop-cyberbullying.eu\/da\/portfolio-items\/lad-os-tale-om-cybermobning\/?portfolioCats=42%2C42\" aria-label=\"Lad os tale om cybermobning!\"><\/a>\n\t<\/div>\n<\/div>\n<\/div>\n<div class=\"fusion-portfolio-content\"><h2 class=\"entry-title fusion-post-title\"><a href=\"https:\/\/stop-cyberbullying.eu\/da\/portfolio-items\/lad-os-tale-om-cybermobning\/?portfolioCats=42%2C42\">Lad os tale om cybermobning!<\/a><\/h2><div class=\"fusion-post-content\"><p>I marts 2022 blev der afholdt et seminar om cybermobning [...]<\/p><div class=\"fusion-portfolio-buttons\"><a href=\"https:\/\/stop-cyberbullying.eu\/da\/portfolio-items\/lad-os-tale-om-cybermobning\/?portfolioCats=42%2C42\" class=\"fusion-button fusion-button-small fusion-button-default fusion-button-flat\">Learn More<\/a><\/div><\/div><\/div><\/div><div class=\"fusion-clearfix\"><\/div><div class=\"fusion-separator sep-double\"><\/div><\/article><\/div><\/div>\n<\/div><style type=\"text\/css\">.fusion-body .fusion-builder-column-0{width:33.333333333333% !important;margin-top : 0px;margin-bottom : 20px;}.fusion-builder-column-0 > .fusion-column-wrapper {padding-top : 0px !important;padding-right : 0px !important;margin-right : 5.76%;padding-bottom : 0px !important;padding-left : 0px !important;margin-left : 5.76%;}@media only screen and (max-width:1024px) {.fusion-body .fusion-builder-column-0{width:33.333333333333% !important;order : 0;}.fusion-builder-column-0 > .fusion-column-wrapper {margin-right : 5.76%;margin-left : 5.76%;}}@media only screen and (max-width:640px) {.fusion-body .fusion-builder-column-0{width:100% !important;order : 0;}.fusion-builder-column-0 > .fusion-column-wrapper {margin-right : 1.92%;margin-left : 1.92%;}}<\/style><\/div>\n<div class=\"fusion-layout-column fusion_builder_column fusion-builder-column-1 fusion_builder_column_1_3 1_3 fusion-flex-column\"><div class=\"fusion-column-wrapper fusion-flex-justify-content-flex-start fusion-content-layout-column\" style=\"background-position:left top;background-repeat:no-repeat;-webkit-background-size:cover;-moz-background-size:cover;-o-background-size:cover;background-size:cover;padding: 0px 0px 0px 0px;\">\n<h2>Uddannelsesv\u00e6rkt\u00f8jer<\/h2>\n\n<\/div><style type=\"text\/css\">.fusion-body .fusion-builder-column-1{width:33.333333333333% !important;margin-top : 0px;margin-bottom : 20px;}.fusion-builder-column-1 > .fusion-column-wrapper {padding-top : 0px !important;padding-right : 0px !important;margin-right : 5.76%;padding-bottom : 0px !important;padding-left : 0px !important;margin-left : 5.76%;}@media only screen and (max-width:1024px) {.fusion-body .fusion-builder-column-1{width:33.333333333333% !important;order : 0;}.fusion-builder-column-1 > .fusion-column-wrapper {margin-right : 5.76%;margin-left : 5.76%;}}@media only screen and (max-width:640px) {.fusion-body .fusion-builder-column-1{width:100% !important;order : 0;}.fusion-builder-column-1 > .fusion-column-wrapper {margin-right : 1.92%;margin-left : 1.92%;}}<\/style><\/div>\n<div class=\"fusion-layout-column fusion_builder_column fusion-builder-column-2 fusion_builder_column_1_3 1_3 fusion-flex-column\"><div class=\"fusion-column-wrapper fusion-flex-justify-content-flex-start fusion-content-layout-column\" style=\"background-position:left top;background-repeat:no-repeat;-webkit-background-size:cover;-moz-background-size:cover;-o-background-size:cover;background-size:cover;padding: 0px 0px 0px 0px;\">\n<p><em>\/\/ here App download links<br \/>\n<\/em><\/p>\n<\/div><style type=\"text\/css\">.fusion-body .fusion-builder-column-2{width:33.333333333333% !important;margin-top : 0px;margin-bottom : 20px;}.fusion-builder-column-2 > .fusion-column-wrapper {padding-top : 0px !important;padding-right : 0px !important;margin-right : 5.76%;padding-bottom : 0px !important;padding-left : 0px !important;margin-left : 5.76%;}@media only screen and (max-width:1024px) {.fusion-body .fusion-builder-column-2{width:33.333333333333% !important;order : 0;}.fusion-builder-column-2 > .fusion-column-wrapper {margin-right : 5.76%;margin-left : 5.76%;}}@media only screen and (max-width:640px) {.fusion-body .fusion-builder-column-2{width:100% !important;order : 0;}.fusion-builder-column-2 > .fusion-column-wrapper {margin-right : 1.92%;margin-left : 1.92%;}}<\/style><\/div>\n<\/div><style type=\"text\/css\">.fusion-body .fusion-flex-container.fusion-builder-row-1{ padding-top : 0px;margin-top : 0px;padding-right : 0px;padding-bottom : 0px;margin-bottom : 0px;padding-left : 0px;}<\/style><\/div>\n","protected":false},"excerpt":{"rendered":"<p>Dette websted blev oprettet inden for rammerne af det europ\u00e6iske [&hellip;]<\/p>\n","protected":false},"author":2,"featured_media":0,"parent":0,"menu_order":0,"comment_status":"closed","ping_status":"closed","template":"","meta":[],"_links":{"self":[{"href":"https:\/\/stop-cyberbullying.eu\/da\/wp-json\/wp\/v2\/pages\/256"}],"collection":[{"href":"https:\/\/stop-cyberbullying.eu\/da\/wp-json\/wp\/v2\/pages"}],"about":[{"href":"https:\/\/stop-cyberbullying.eu\/da\/wp-json\/wp\/v2\/types\/page"}],"author":[{"embeddable":true,"href":"https:\/\/stop-cyberbullying.eu\/da\/wp-json\/wp\/v2\/users\/2"}],"replies":[{"embeddable":true,"href":"https:\/\/stop-cyberbullying.eu\/da\/wp-json\/wp\/v2\/comments?post=256"}],"version-history":[{"count":8,"href":"https:\/\/stop-cyberbullying.eu\/da\/wp-json\/wp\/v2\/pages\/256\/revisions"}],"predecessor-version":[{"id":639,"href":"https:\/\/stop-cyberbullying.eu\/da\/wp-json\/wp\/v2\/pages\/256\/revisions\/639"}],"wp:attachment":[{"href":"https:\/\/stop-cyberbullying.eu\/da\/wp-json\/wp\/v2\/media?parent=256"}],"curies":[{"name":"wp","href":"https:\/\/api.w.org\/{rel}","templated":true}]}}